{"id":833,"date":"2021-01-23T16:44:17","date_gmt":"2021-01-23T15:44:17","guid":{"rendered":"https:\/\/kiplweb.fjfi.cvut.cz\/wordpress\/?page_id=833"},"modified":"2026-04-13T20:44:38","modified_gmt":"2026-04-13T18:44:38","slug":"neutron","status":"publish","type":"page","link":"https:\/\/kiplweb.fjfi.cvut.cz\/web\/neutron\/","title":{"rendered":"Neutronov\u00e1 difrakce"},"content":{"rendered":"\t\t<div data-elementor-type=\"wp-page\" data-elementor-id=\"833\" class=\"elementor elementor-833\">\n\t\t\t\t\t\t<section class=\"elementor-section elementor-top-section elementor-element elementor-element-d442a7c elementor-section-boxed elementor-section-height-default elementor-section-height-default\" data-id=\"d442a7c\" data-element_type=\"section\">\n\t\t\t\t\t\t<div class=\"elementor-container elementor-column-gap-default\">\n\t\t\t\t\t<div class=\"elementor-column elementor-col-50 elementor-top-column elementor-element elementor-element-df67519\" data-id=\"df67519\" data-element_type=\"column\">\n\t\t\t<div class=\"elementor-widget-wrap elementor-element-populated\">\n\t\t\t\t\t\t<div class=\"elementor-element elementor-element-a4f90b5 elementor-widget elementor-widget-heading\" data-id=\"a4f90b5\" data-element_type=\"widget\" data-widget_type=\"heading.default\">\n\t\t\t\t<div class=\"elementor-widget-container\">\n\t\t\t<h4 class=\"elementor-heading-title elementor-size-default\"><big style=\"color: rgb(0, 0, 0); font-family: Verdana, Arial, Helvetica, sans-serif; font-weight: 400; text-align: center; white-space: normal;\"><big><strong>Neutronov\u00e1 difrakce<\/strong><\/big><\/big><\/h4>\t\t<\/div>\n\t\t\t\t<\/div>\n\t\t\t\t<div class=\"elementor-element elementor-element-6a1159a elementor-widget elementor-widget-text-editor\" data-id=\"6a1159a\" data-element_type=\"widget\" data-widget_type=\"text-editor.default\">\n\t\t\t\t<div class=\"elementor-widget-container\">\n\t\t\t\t\t\t\t<p><strong>Vedouc\u00ed laborato\u0159e: <a href=\"https:\/\/kiplweb.fjfi.cvut.cz\/wordpress\/monika-kucerakova\/\">Monika Ku\u010der\u00e1kov\u00e1 <\/a><br \/>Pracovn\u00edci: <\/strong><span style=\"color: #336699;\"><a href=\"https:\/\/kiplweb.fjfi.cvut.cz\/wordpress\/kalvoda\/\">Ladislav Kalvoda<\/a><\/span><span style=\"color: #000000;\"><strong>,\u00a0 <\/strong><\/span><span style=\"color: #336699;\"><a href=\"https:\/\/kiplweb.fjfi.cvut.cz\/wordpress\/drab\/\">Martin Dr\u00e1b<\/a><\/span><strong>, Miroslav Plenninger<br \/>Studenti: <\/strong><b>Ji\u0159\u00ed Zelenka<br \/><\/b><\/p><ul><li><span style=\"color: #000000;\"><strong>Oblasti v\u00fdzkumu<br \/><\/strong><\/span><\/li><li><span style=\"color: #000000;\"><strong>Hlavn\u00ed vybaven\u00ed<br \/><\/strong><\/span><\/li><li><span style=\"color: #000000;\"><strong>Granty a v\u00fdzkumn\u00e9 z\u00e1m\u011bry<\/strong><\/span><\/li><\/ul>\t\t\t\t\t\t<\/div>\n\t\t\t\t<\/div>\n\t\t\t\t\t<\/div>\n\t\t<\/div>\n\t\t\t\t<div class=\"elementor-column elementor-col-50 elementor-top-column elementor-element elementor-element-c7ce757\" data-id=\"c7ce757\" data-element_type=\"column\">\n\t\t\t<div class=\"elementor-widget-wrap elementor-element-populated\">\n\t\t\t\t\t\t<div class=\"elementor-element elementor-element-23e1888 elementor-widget elementor-widget-heading\" data-id=\"23e1888\" data-element_type=\"widget\" data-widget_type=\"heading.default\">\n\t\t\t\t<div class=\"elementor-widget-container\">\n\t\t\t<h6 class=\"elementor-heading-title elementor-size-default\"><br>Pracovi\u0161t\u011b a laborato\u0159e<\/h6>\t\t<\/div>\n\t\t\t\t<\/div>\n\t\t\t\t<div class=\"elementor-element elementor-element-f1a7522 elementor-widget-divider--view-line elementor-widget elementor-widget-divider\" data-id=\"f1a7522\" data-element_type=\"widget\" data-widget_type=\"divider.default\">\n\t\t\t\t<div class=\"elementor-widget-container\">\n\t\t\t\t\t<div class=\"elementor-divider\">\n\t\t\t<span class=\"elementor-divider-separator\">\n\t\t\t\t\t\t<\/span>\n\t\t<\/div>\n\t\t\t\t<\/div>\n\t\t\t\t<\/div>\n\t\t\t\t<div class=\"elementor-element elementor-element-fb572e5 elementor-widget elementor-widget-text-editor\" data-id=\"fb572e5\" data-element_type=\"widget\" data-widget_type=\"text-editor.default\">\n\t\t\t\t<div class=\"elementor-widget-container\">\n\t\t\t\t\t\t\t<ol>\n \t<li><span style=\"color: #336699;\"><a style=\"font-weight: bold; color: #336699;\" title=\"\" href=\"https:\/\/kiplweb.fjfi.cvut.cz\/wordpress\/fotonika\/\">Aplikovan\u00e1 fotonika a kvantov\u00e9 technologie<\/span><\/a><\/span><\/li>\n \t<li><span style=\"color: #336699;\"><a style=\"color: #336699;\" href=\"https:\/\/kiplweb.fjfi.cvut.cz\/wordpress\/modelovani\/\"><strong>Materi\u00e1lov\u00e9 modelov\u00e1n\u00ed<\/strong><\/a><\/span><\/li>\n \t<li><strong><span style=\"color: #000000;\">&#8211;&gt; Neutronov\u00e1 difrakce<\/span><\/strong><\/li>\n \t<li><a href=\"https:\/\/kiplweb.fjfi.cvut.cz\/wordpress\/spektroskopie\/\"><span style=\"color: #336699;\"><strong>Optick\u00e1 spektroskopie<\/strong><\/span><\/a><\/li>\n \t<li><span style=\"color: #336699;\"><strong><a style=\"color: #336699;\" href=\"https:\/\/kiplweb.fjfi.cvut.cz\/wordpress\/rizeni-experiment\/\">\u0158\u00edzen\u00ed experimentu<\/a><\/strong><\/span><\/li>\n \t<li><span style=\"color: #336699;\"><strong><a style=\"color: #336699;\" href=\"https:\/\/kiplweb.fjfi.cvut.cz\/wordpress\/struktura-biologie\/\">Strukturn\u00ed biologie<\/a><\/strong><\/span><\/li>\n \t<li><span style=\"color: #336699;\"><strong><a style=\"color: #336699;\" href=\"https:\/\/kiplweb.fjfi.cvut.cz\/web\/xrd\/\">Strukturn\u00ed rentgenografie<\/a><\/strong><\/span><\/li>\n<\/ol>\t\t\t\t\t\t<\/div>\n\t\t\t\t<\/div>\n\t\t\t\t<div class=\"elementor-element elementor-element-9e03532 elementor-widget-divider--view-line elementor-widget elementor-widget-divider\" data-id=\"9e03532\" data-element_type=\"widget\" data-widget_type=\"divider.default\">\n\t\t\t\t<div class=\"elementor-widget-container\">\n\t\t\t\t\t<div class=\"elementor-divider\">\n\t\t\t<span class=\"elementor-divider-separator\">\n\t\t\t\t\t\t<\/span>\n\t\t<\/div>\n\t\t\t\t<\/div>\n\t\t\t\t<\/div>\n\t\t\t\t\t<\/div>\n\t\t<\/div>\n\t\t\t\t\t<\/div>\n\t\t<\/section>\n\t\t\t\t<section class=\"elementor-section elementor-inner-section elementor-element elementor-element-ae5ddb1 elementor-section-boxed elementor-section-height-default elementor-section-height-default\" data-id=\"ae5ddb1\" data-element_type=\"section\">\n\t\t\t\t\t\t<div class=\"elementor-container elementor-column-gap-default\">\n\t\t\t\t\t<div class=\"elementor-column elementor-col-100 elementor-inner-column elementor-element elementor-element-bc3064b elementor-hidden-desktop elementor-hidden-phone\" data-id=\"bc3064b\" data-element_type=\"column\">\n\t\t\t<div class=\"elementor-widget-wrap elementor-element-populated\">\n\t\t\t\t\t\t<div class=\"elementor-element elementor-element-34ed084 elementor-widget elementor-widget-heading\" data-id=\"34ed084\" data-element_type=\"widget\" data-widget_type=\"heading.default\">\n\t\t\t\t<div class=\"elementor-widget-container\">\n\t\t\t<h3 class=\"elementor-heading-title elementor-size-default\">Oblasti v\u00fdzkumu\n<\/h3>\t\t<\/div>\n\t\t\t\t<\/div>\n\t\t\t\t<div class=\"elementor-element elementor-element-514221b elementor-widget elementor-widget-text-editor\" data-id=\"514221b\" data-element_type=\"widget\" data-widget_type=\"text-editor.default\">\n\t\t\t\t<div class=\"elementor-widget-container\">\n\t\t\t\t\t\t\t<p>Laborato\u0159 neutronov\u00e9 difrakce katedry in\u017een\u00fdrstv\u00ed pevn\u00fdch l\u00e1tek FJFI \u010cVUT (LND) vyu\u017e\u00edv\u00e1 difrak\u010dn\u00edch vlastnost\u00ed tepeln\u00fdch neutron\u016f k aplikac\u00edm ve strukturn\u00ed a texturn\u00ed anal\u00fdze i materi\u00e1lov\u00e9m v\u00fdzkumu.<\/p>\t\t\t\t\t\t<\/div>\n\t\t\t\t<\/div>\n\t\t\t\t<div class=\"elementor-element elementor-element-a4a8248 elementor-widget elementor-widget-text-editor\" data-id=\"a4a8248\" data-element_type=\"widget\" data-widget_type=\"text-editor.default\">\n\t\t\t\t<div class=\"elementor-widget-container\">\n\t\t\t\t\t\t\t<p>Pou\u017eit\u00e9 metodiky rozptylu tepeln\u00fdch neutron\u016f poskytuj\u00ed \u0159adu poznatk\u016f, kter\u00e9 jsou vyu\u017e\u00edv\u00e1ny v z\u00e1kladn\u00edm i aplikovan\u00e9m v\u00fdzkumu. Zde se nap\u0159. uplatn\u00ed kvantitativn\u00ed texturn\u00ed neutronografick\u00e1 anal\u00fdza, kter\u00e1 je schopna poskytovat rozhoduj\u00edc\u00ed informace pro v\u00fdvoj technologi\u00ed p\u0159\u00edpravy orientovan\u00fdch ocelov\u00fdch transform\u00e1torov\u00fdch plech\u016f a minimalizovat tak ztr\u00e1ty p\u0159i provozu motor\u016f, transform\u00e1tor\u016f a podobn\u00fdch elektrotechnick\u00fdch za\u0159\u00edzen\u00ed.<\/p>\t\t\t\t\t\t<\/div>\n\t\t\t\t<\/div>\n\t\t\t\t\t<\/div>\n\t\t<\/div>\n\t\t\t\t\t<\/div>\n\t\t<\/section>\n\t\t\t\t<section class=\"elementor-section elementor-top-section elementor-element elementor-element-8bc324c elementor-section-boxed elementor-section-height-default elementor-section-height-default\" data-id=\"8bc324c\" data-element_type=\"section\">\n\t\t\t\t\t\t<div class=\"elementor-container elementor-column-gap-default\">\n\t\t\t\t\t<div class=\"elementor-column elementor-col-100 elementor-top-column elementor-element elementor-element-2f5ed09\" data-id=\"2f5ed09\" data-element_type=\"column\">\n\t\t\t<div class=\"elementor-widget-wrap elementor-element-populated\">\n\t\t\t\t\t\t<div class=\"elementor-element elementor-element-1c661c9 elementor-widget-divider--view-line elementor-widget elementor-widget-divider\" data-id=\"1c661c9\" data-element_type=\"widget\" data-widget_type=\"divider.default\">\n\t\t\t\t<div class=\"elementor-widget-container\">\n\t\t\t\t\t<div class=\"elementor-divider\">\n\t\t\t<span class=\"elementor-divider-separator\">\n\t\t\t\t\t\t<\/span>\n\t\t<\/div>\n\t\t\t\t<\/div>\n\t\t\t\t<\/div>\n\t\t\t\t<section class=\"elementor-section elementor-inner-section elementor-element elementor-element-5b8817f elementor-hidden-tablet elementor-section-boxed elementor-section-height-default elementor-section-height-default\" data-id=\"5b8817f\" data-element_type=\"section\">\n\t\t\t\t\t\t<div class=\"elementor-container elementor-column-gap-default\">\n\t\t\t\t\t<div class=\"elementor-column elementor-col-100 elementor-inner-column elementor-element elementor-element-d33b9b4\" data-id=\"d33b9b4\" data-element_type=\"column\">\n\t\t\t<div class=\"elementor-widget-wrap elementor-element-populated\">\n\t\t\t\t\t\t<div class=\"elementor-element elementor-element-2f03bd8 elementor-widget elementor-widget-heading\" data-id=\"2f03bd8\" data-element_type=\"widget\" data-widget_type=\"heading.default\">\n\t\t\t\t<div class=\"elementor-widget-container\">\n\t\t\t<h3 class=\"elementor-heading-title elementor-size-default\">Oblasti v\u00fdzkumu<\/h3>\t\t<\/div>\n\t\t\t\t<\/div>\n\t\t\t\t<div class=\"elementor-element elementor-element-e63d284 elementor-widget elementor-widget-text-editor\" data-id=\"e63d284\" data-element_type=\"widget\" data-widget_type=\"text-editor.default\">\n\t\t\t\t<div class=\"elementor-widget-container\">\n\t\t\t\t\t\t\t<p>Laborato\u0159 neutronov\u00e9 difrakce katedry in\u017een\u00fdrstv\u00ed pevn\u00fdch l\u00e1tek FJFI \u010cVUT (LND) vyu\u017e\u00edv\u00e1 difrak\u010dn\u00edch vlastnost\u00ed tepeln\u00fdch neutron\u016f k aplikac\u00edm ve strukturn\u00ed a texturn\u00ed anal\u00fdze i materi\u00e1lov\u00e9m v\u00fdzkumu.<\/p><p>Pou\u017eit\u00e9 metodiky rozptylu tepeln\u00fdch neutron\u016f poskytuj\u00ed \u0159adu poznatk\u016f, kter\u00e9 jsou vyu\u017e\u00edv\u00e1ny v z\u00e1kladn\u00edm i aplikovan\u00e9m v\u00fdzkumu. Zde se nap\u0159. uplatn\u00ed kvantitativn\u00ed texturn\u00ed neutronografick\u00e1 anal\u00fdza, kter\u00e1 je schopna poskytovat rozhoduj\u00edc\u00ed informace pro v\u00fdvoj technologi\u00ed p\u0159\u00edpravy orientovan\u00fdch ocelov\u00fdch transform\u00e1torov\u00fdch plech\u016f a minimalizovat tak ztr\u00e1ty p\u0159i provozu motor\u016f, transform\u00e1tor\u016f a podobn\u00fdch elektrotechnick\u00fdch za\u0159\u00edzen\u00ed.<\/p>\t\t\t\t\t\t<\/div>\n\t\t\t\t<\/div>\n\t\t\t\t\t<\/div>\n\t\t<\/div>\n\t\t\t\t\t<\/div>\n\t\t<\/section>\n\t\t\t\t<div class=\"elementor-element elementor-element-5477ca4 elementor-widget elementor-widget-text-editor\" data-id=\"5477ca4\" data-element_type=\"widget\" data-widget_type=\"text-editor.default\">\n\t\t\t\t<div class=\"elementor-widget-container\">\n\t\t\t\t\t\t\t<p>Vyu\u017eit\u00ed v\u00fdsledk\u016f z\u00edskan\u00fdch p\u0159i studiu chemisorbovan\u00fdch zeolit\u016f je spojeno s pr\u016fmyslovou chemi\u00ed, kde tyto nov\u00e9 syntetick\u00e9 materi\u00e1ly nach\u00e1zej\u00ed uplatn\u011bn\u00ed jako katalyz\u00e1tory nebo molekul\u00e1rn\u00ed s\u00edta. Laborato\u0159 se \u0159adu let zab\u00fdv\u00e1 v\u00fdzkumem vlastnost\u00ed technicky perspektivn\u00edch materi\u00e1l\u016f (syntetick\u00e9 zeolity, perovskity, vysokoteplotn\u00ed supravodi\u010de, rychl\u00e9 iontov\u00e9 vodi\u010de). V\u00a0posledn\u00edch letech \u00a0se pozornost laborato\u0159e zam\u011b\u0159uje na p\u0159ednostn\u00ed orientaci geologick\u00fdch vzork\u016f (nap\u0159\u00edklad v\u00e1penc\u016f) a biologick\u00fdch materi\u00e1l\u016f, konkr\u00e9tn\u011b lastur sladkovodn\u00edch ml\u017e\u016f sesb\u00edran\u00fdch v\u00a0toc\u00edch v\u00a0\u010cR.<\/p><p>Jde o jedin\u00e9 pracovi\u0161t\u011b tohoto druhu v \u010cR. O aktu\u00e1lnosti \u0159e\u0161en\u00e9 problematiky sv\u011bd\u010d\u00ed z\u00edskan\u00e1 grantov\u00e1 podpora od Grantov\u00e9 agentury \u010cR, M\u0160MT a dal\u0161\u00edch instituc\u00ed. V neposledn\u00ed \u0159ad\u011b je t\u0159eba uv\u00e9st \u0159adu spole\u010dn\u00fdch projekt\u016f v r\u00e1mci tuzemsk\u00e9 i zahrani\u010dn\u00ed spolupr\u00e1ce, kde m\u016f\u017eeme jmenovat \u00daJF AV \u010cR, Fz\u00da AV \u010cR, \u00daFCH JH AV \u010cR, University of Barcelona, ILL Grenoble nebo Univerzitu v Sofii.<\/p><p>Ned\u00edlnou sou\u010d\u00e1st\u00ed \u010dinnosti laborato\u0159e neutronov\u00e9 difrakce je zapojen\u00ed do pedagogick\u00e9ho programu nejen katedry in\u017een\u00fdrstv\u00ed pevn\u00fdch l\u00e1tek, ale i dal\u0161\u00edch vysok\u00fdch \u0161kol v \u010cR. V\u00a0laborato\u0159i prob\u00edhaj\u00ed praktick\u00e1 cvi\u010den\u00ed a semin\u00e1\u0159e zam\u011b\u0159en\u00e9 na problematiku vyu\u017eit\u00ed metodik neutronov\u00e9 difrakce ve fyzice pevn\u00fdch l\u00e1tek a v\u00a0materi\u00e1lov\u00e9m v\u00fdzkumu.<\/p>\t\t\t\t\t\t<\/div>\n\t\t\t\t<\/div>\n\t\t\t\t<div class=\"elementor-element elementor-element-f604004 elementor-widget-divider--view-line elementor-widget elementor-widget-divider\" data-id=\"f604004\" data-element_type=\"widget\" data-widget_type=\"divider.default\">\n\t\t\t\t<div class=\"elementor-widget-container\">\n\t\t\t\t\t<div class=\"elementor-divider\">\n\t\t\t<span class=\"elementor-divider-separator\">\n\t\t\t\t\t\t<\/span>\n\t\t<\/div>\n\t\t\t\t<\/div>\n\t\t\t\t<\/div>\n\t\t\t\t<div class=\"elementor-element elementor-element-7914cff elementor-widget elementor-widget-heading\" data-id=\"7914cff\" data-element_type=\"widget\" data-widget_type=\"heading.default\">\n\t\t\t\t<div class=\"elementor-widget-container\">\n\t\t\t<h3 class=\"elementor-heading-title elementor-size-default\">Hlavn\u00ed vybaven\u00ed<\/h3>\t\t<\/div>\n\t\t\t\t<\/div>\n\t\t\t\t<div class=\"elementor-element elementor-element-b4f8a68 elementor-widget elementor-widget-text-editor\" data-id=\"b4f8a68\" data-element_type=\"widget\" data-widget_type=\"text-editor.default\">\n\t\t\t\t<div class=\"elementor-widget-container\">\n\t\t\t\t\t\t\t<ul><li>Neutronov\u00fd difraktometr KSN-2 je instalov\u00e1n u \u00fast\u00ed kan\u00e1lu HK-2 reaktoru LVR-15.<\/li><li>Monochrom\u00e1tor-monokrystal pro produkci monochromatick\u00e9ho svazku tepeln\u00fdch neutron\u016f. Je um\u00edst\u011bn v\u00a0oto\u010dn\u00e9m st\u00edn\u011bn\u00ed, kter\u00e9 umo\u017e\u0148uje m\u011bnit rozptylov\u00fd \u00fahel monochrom\u00e1toru od 0 do 45\u00b0.<\/li><li>Neutronov\u00fd texturn\u00ed goniometr HUBER, typ EULERIAN CRADLE 511.5<\/li><li>Kryostat s uzav\u0159en\u00fdm heliov\u00fdm okruhem typu CP-62-ST\/5 (pro teploty od 8 K, regulace teploty s p\u0159esnost\u00ed 0.1 K, maxim\u00e1ln\u00ed rozm\u011br vzorku: pr\u016fm\u011br 20 mm, v\u00fd\u0161ka 60 mm).<\/li><li>Odporov\u00e1 pec do teplot 1000 K (regulace teploty s p\u0159esnost\u00ed 0.1 K, maxim\u00e1ln\u00ed rozm\u011br vzorku: pr\u016fm\u011br 20 mm, v\u00fd\u0161ka 60 mm)<\/li><\/ul><p><strong>SOFTWARE<\/strong><\/p><ul><li><a href=\"https:\/\/kiplweb.fjfi.cvut.cz\/wordpress\/gonioc\/\">GonioC klient<\/a><\/li><li><a href=\"https:\/\/kiplweb.fjfi.cvut.cz\/wordpress\/linux-ovladac\/\">Linuxov\u00fd ovlada\u010d pro ADLink PCI-9812 vyu\u017e\u00edvaj\u00edc\u00ed mechanismus Q-Buf<\/a><\/li><\/ul>\t\t\t\t\t\t<\/div>\n\t\t\t\t<\/div>\n\t\t\t\t<div class=\"elementor-element elementor-element-dd580c3 elementor-widget-divider--view-line elementor-widget elementor-widget-divider\" data-id=\"dd580c3\" data-element_type=\"widget\" data-widget_type=\"divider.default\">\n\t\t\t\t<div class=\"elementor-widget-container\">\n\t\t\t\t\t<div class=\"elementor-divider\">\n\t\t\t<span class=\"elementor-divider-separator\">\n\t\t\t\t\t\t<\/span>\n\t\t<\/div>\n\t\t\t\t<\/div>\n\t\t\t\t<\/div>\n\t\t\t\t<div class=\"elementor-element elementor-element-eb7921d elementor-widget elementor-widget-heading\" data-id=\"eb7921d\" data-element_type=\"widget\" data-widget_type=\"heading.default\">\n\t\t\t\t<div class=\"elementor-widget-container\">\n\t\t\t<h3 class=\"elementor-heading-title elementor-size-default\">Granty a v\u00fdzkumn\u00e9 z\u00e1m\u011bry<\/h3>\t\t<\/div>\n\t\t\t\t<\/div>\n\t\t\t\t<div class=\"elementor-element elementor-element-995443e elementor-widget elementor-widget-text-editor\" data-id=\"995443e\" data-element_type=\"widget\" data-widget_type=\"text-editor.default\">\n\t\t\t\t<div class=\"elementor-widget-container\">\n\t\t\t\t\t\t\t<ul><li>2025 &#8211; 2028 Grant <strong>CZ.01.01.01\/01\/24_063\/0006143 \u201eVysokoteplotn\u00ed supravodiv\u00e9 materi\u00e1ly nejen pro udr\u017eitelnou energetiku\u201c. <\/strong>P\u0159\u00edjemce\u00a0 <a href=\"https:\/\/www.can-superconductors.com\/\">CAN Superconductors, s.r.o<\/a>., spolu\u0159e\u0161itel\u00e9 Noivion Coating, s.r.o. a KIPL FJFI \u010cVUT v Praze, doba \u0159e\u0161en\u00ed 1. 7. 2025 \u2013 30.6. 2028. Anotace: Projekt c\u00edl\u00ed prim\u00e1rn\u011b do oblasti v\u00fdzkumu a v\u00fdvoje pokro\u010dil\u00fdch materi\u00e1l\u016f \u2013 supravodi\u010d\u016f a podstatn\u011b rozv\u00edj\u00ed Strategick\u00e9 t\u00e9ma DS01VVI20 Nov\u00e9 pokro\u010dil\u00e9 nekovov\u00e9 materi\u00e1ly pro pr\u016fmyslov\u00e9 a spot\u0159ebn\u00ed u\u017eit\u00ed strategie NRIS3 a kl\u00ed\u010dov\u00e9 technologie DS01KET02, DS01KET03. Projekt z\u00e1sadn\u011b posouv\u00e1 hranice pozn\u00e1n\u00ed v oblasti Deep tech Pokro\u010dil\u00e9 materi\u00e1ly a Udr\u017eiteln\u00e1 energie a \u010dist\u00e9 technologie \u2013 cirkul\u00e1rn\u00ed v\u00fdroba.<\/li><li>\u00a02025 &#8211; 2027 Grant <strong>CZ.01.01.01\/08\/25_079\/0008375 \u201ePr\u016fmyslov\u00fd syst\u00e9m pro nan\u00e1\u0161en\u00ed nanovrstev \u2013 ov\u011b\u0159en\u00ed technologie v provozn\u00edch podm\u00ednk\u00e1ch\u201c<\/strong>. P\u0159\u00edjemce <a href=\"https:\/\/noivion.com\/\">Noivion Coating s.r.o<\/a>., spolu\u0159e\u0161itel KIPL FJFI \u010cVUT v Praze, doba \u0159e\u0161en\u00ed 1.9.2025 \u2013 30.6. 2027. Anotace: Projekt se zam\u011b\u0159uje na testov\u00e1n\u00ed a validaci fin\u00e1ln\u00edho prototypu stroje \u2013 univerz\u00e1ln\u00edho syst\u00e9mu pro nan\u00e1\u0161en\u00ed nanovrstev v provozn\u00edch podm\u00ednk\u00e1ch. Syst\u00e9m vyu\u017e\u00edv\u00e1 inovativn\u00ed propriet\u00e1rn\u00ed technologii depozice tenk\u00fdch vrstev materi\u00e1l\u016f, konkr\u00e9tn\u011b metody Ionized Jet Deposition (IJD), s c\u00edlem komercionalizace prototypu, tj. komer\u010dn\u00ed produkce pr\u016fmyslov\u00fdch stroj\u016f \u2013 syst\u00e9m\u016f pro nan\u00e1\u0161en\u00ed prakticky libovoln\u00fdch nanovrstev.<\/li><li>2022-2024:\u00a0\u00a0\u00a0\u00a0\u00a0\u00a0\u00a0\u00a0\u00a0\u00a0\u00a0 GA\u010cR 22-12828S, spolu\u0159e\u0161itel<\/li><li>2022-2024:\u00a0\u00a0\u00a0\u00a0\u00a0 \u00a0 \u00a0 \u00a0 GA\u010cR 22-03474S, \u010dlen t\u00fdmu<\/li><li>2021-2023:\u00a0\u00a0\u00a0\u00a0\u00a0\u00a0\u00a0\u00a0\u00a0\u00a0\u00a0 GA\u010cR 21-09093S, \u010dlen t\u00fdmu<\/li><li>2018 \u2013 2023: \u00a0\u00a0\u00a0\u00a0\u00a0\u00a0 CAAS OP VVV CZ.02.1.01\/0.0\/0.0\/16-019\/0000778, \u010dlen t\u00fdmu<\/li><li>\u00a0\u00a0\u00a0\u00a0\u00a0\u00a0\u00a0\u00a0\u00a0\u00a0\u00a0\u00a0\u00a0\u00a0\u00a0\u00a0\u00a0\u00a0\u00a0\u00a0\u00a0\u00a0\u00a0\u00a0\u00a0\u00a0\u00a0\u00a0\u00a0\u00a0\u00a0 AdMat GA\u010cR 14-36566G, \u010dlen t\u00fdmu<\/li><li>\u00a02009 \u2013 2012:\u00a0\u00a0\u00a0\u00a0\u00a0\u00a0 FR \u2013 Tll\/378, spolu\u0159e\u0161itel<\/li><li>2009 \u2013 2014:\u00a0\u00a0\u00a0\u00a0\u00a0\u00a0 JINR Dubna: 04\u20134 -1069\u20142009\/2014, spolu\u0159e\u0161itel<\/li><li>1999-2004: \u00a0 \u00a0 \u00a0 \u00a0 \u00a0 VZ MSM210000021<\/li><li>1999-2004:\u00a0\u00a0\u00a0\u00a0\u00a0\u00a0\u00a0\u00a0\u00a0\u00a0 VZ MSM210000019<\/li><li>2005\u20132011:\u00a0\u00a0\u00a0\u00a0\u00a0\u00a0\u00a0\u00a0 VZ MSM6840770021<\/li><li>2007\u20132012: \u00a0 \u00a0 \u00a0 \u00a0 VZ MSM6840770040<\/li><li>2000-2002:\u00a0\u00a0\u00a0\u00a0\u00a0\u00a0\u00a0\u00a0\u00a0 MPO FB-C3\/64<\/li><li>1997-2002:\u00a0\u00a0\u00a0\u00a0\u00a0\u00a0\u00a0\u00a0\u00a0 GA\u010cR 202\/97\/K038 komplexn\u00ed grant<\/li><li>2000-2002:\u00a0\u00a0\u00a0\u00a0\u00a0\u00a0\u00a0\u00a0\u00a0 GA\u010cR 106\/00\/1426<\/li><li>2000-2002:\u00a0\u00a0\u00a0\u00a0\u00a0\u00a0\u00a0\u00a0\u00a0 GA\u010cR 202\/00\/1427<\/li><li>2003\u20132005\u00a0\u00a0\u00a0\u00a0\u00a0\u00a0\u00a0\u00a0 GA\u010cR 202\/03\/0891<\/li><li>2006\u20132008:\u00a0\u00a0\u00a0\u00a0\u00a0\u00a0\u00a0 GAAV IAA100100611<\/li><\/ul>\t\t\t\t\t\t<\/div>\n\t\t\t\t<\/div>\n\t\t\t\t\t<\/div>\n\t\t<\/div>\n\t\t\t\t\t<\/div>\n\t\t<\/section>\n\t\t\t\t<\/div>\n\t\t","protected":false},"excerpt":{"rendered":"<p>Neutronov\u00e1 difrakce Vedouc\u00ed laborato\u0159e: Monika Ku\u010der\u00e1kov\u00e1 Pracovn\u00edci: Ladislav Kalvoda,\u00a0 Martin Dr\u00e1b, Miroslav PlenningerStudenti: Ji\u0159\u00ed Zelenka Oblasti v\u00fdzkumu Hlavn\u00ed vybaven\u00ed Granty a v\u00fdzkumn\u00e9 z\u00e1m\u011bry Pracovi\u0161t\u011b a laborato\u0159e Aplikovan\u00e1 fotonika a kvantov\u00e9 technologie Materi\u00e1lov\u00e9 modelov\u00e1n\u00ed &#8211;&gt; Neutronov\u00e1 difrakce Optick\u00e1 spektroskopie \u0158\u00edzen\u00ed experimentu [&hellip;]<\/p>\n","protected":false},"author":2,"featured_media":0,"parent":0,"menu_order":0,"comment_status":"closed","ping_status":"closed","template":"elementor_header_footer","meta":{"footnotes":""},"folder":[10],"class_list":["post-833","page","type-page","status-publish","hentry"],"_links":{"self":[{"href":"https:\/\/kiplweb.fjfi.cvut.cz\/web\/wp-json\/wp\/v2\/pages\/833","targetHints":{"allow":["GET"]}}],"collection":[{"href":"https:\/\/kiplweb.fjfi.cvut.cz\/web\/wp-json\/wp\/v2\/pages"}],"about":[{"href":"https:\/\/kiplweb.fjfi.cvut.cz\/web\/wp-json\/wp\/v2\/types\/page"}],"author":[{"embeddable":true,"href":"https:\/\/kiplweb.fjfi.cvut.cz\/web\/wp-json\/wp\/v2\/users\/2"}],"replies":[{"embeddable":true,"href":"https:\/\/kiplweb.fjfi.cvut.cz\/web\/wp-json\/wp\/v2\/comments?post=833"}],"version-history":[{"count":139,"href":"https:\/\/kiplweb.fjfi.cvut.cz\/web\/wp-json\/wp\/v2\/pages\/833\/revisions"}],"predecessor-version":[{"id":6681,"href":"https:\/\/kiplweb.fjfi.cvut.cz\/web\/wp-json\/wp\/v2\/pages\/833\/revisions\/6681"}],"wp:attachment":[{"href":"https:\/\/kiplweb.fjfi.cvut.cz\/web\/wp-json\/wp\/v2\/media?parent=833"}],"wp:term":[{"taxonomy":"folder","embeddable":true,"href":"https:\/\/kiplweb.fjfi.cvut.cz\/web\/wp-json\/wp\/v2\/folder?post=833"}],"curies":[{"name":"wp","href":"https:\/\/api.w.org\/{rel}","templated":true}]}}