{"id":6383,"date":"2024-08-02T16:01:16","date_gmt":"2024-08-02T14:01:16","guid":{"rendered":"https:\/\/kiplweb.fjfi.cvut.cz\/web\/?page_id=6383"},"modified":"2024-08-02T17:50:18","modified_gmt":"2024-08-02T15:50:18","slug":"jaroslav-hamrle","status":"publish","type":"page","link":"https:\/\/kiplweb.fjfi.cvut.cz\/web\/jaroslav-hamrle\/","title":{"rendered":"Jaroslav Hamrle"},"content":{"rendered":"\t\t<div data-elementor-type=\"wp-page\" data-elementor-id=\"6383\" class=\"elementor elementor-6383\">\n\t\t\t\t\t\t<section class=\"elementor-section elementor-top-section elementor-element elementor-element-4407ef2 elementor-section-boxed elementor-section-height-default elementor-section-height-default\" data-id=\"4407ef2\" data-element_type=\"section\">\n\t\t\t\t\t\t<div class=\"elementor-container elementor-column-gap-default\">\n\t\t\t\t\t<div class=\"elementor-column elementor-col-100 elementor-top-column elementor-element elementor-element-2dabfb7\" data-id=\"2dabfb7\" data-element_type=\"column\">\n\t\t\t<div class=\"elementor-widget-wrap elementor-element-populated\">\n\t\t\t\t\t\t<section class=\"elementor-section elementor-inner-section elementor-element elementor-element-3164ccb elementor-section-boxed elementor-section-height-default elementor-section-height-default\" data-id=\"3164ccb\" data-element_type=\"section\">\n\t\t\t\t\t\t<div class=\"elementor-container elementor-column-gap-default\">\n\t\t\t\t\t<div class=\"elementor-column elementor-col-100 elementor-inner-column elementor-element elementor-element-86aa0f3\" data-id=\"86aa0f3\" data-element_type=\"column\">\n\t\t\t<div class=\"elementor-widget-wrap elementor-element-populated\">\n\t\t\t\t\t\t<div class=\"elementor-element elementor-element-a2f238c elementor-widget elementor-widget-heading\" data-id=\"a2f238c\" data-element_type=\"widget\" data-widget_type=\"heading.default\">\n\t\t\t\t<div class=\"elementor-widget-container\">\n\t\t\t<h3 class=\"elementor-heading-title elementor-size-default\">Mgr. Jaroslav Hamrle, Ph.D.<\/h3>\t\t<\/div>\n\t\t\t\t<\/div>\n\t\t\t\t\t<\/div>\n\t\t<\/div>\n\t\t\t\t\t<\/div>\n\t\t<\/section>\n\t\t\t\t<section class=\"elementor-section elementor-inner-section elementor-element elementor-element-3e15632 elementor-section-boxed elementor-section-height-default elementor-section-height-default\" data-id=\"3e15632\" data-element_type=\"section\">\n\t\t\t\t\t\t<div class=\"elementor-container elementor-column-gap-default\">\n\t\t\t\t\t<div class=\"elementor-column elementor-col-50 elementor-inner-column elementor-element elementor-element-9d508e3\" data-id=\"9d508e3\" data-element_type=\"column\">\n\t\t\t<div class=\"elementor-widget-wrap elementor-element-populated\">\n\t\t\t\t\t\t<div class=\"elementor-element elementor-element-06040c0 elementor-widget elementor-widget-image\" data-id=\"06040c0\" data-element_type=\"widget\" data-widget_type=\"image.default\">\n\t\t\t\t<div class=\"elementor-widget-container\">\n\t\t\t\t\t\t\t\t\t\t\t\t\t<img fetchpriority=\"high\" decoding=\"async\" width=\"930\" height=\"1024\" src=\"https:\/\/kiplweb.fjfi.cvut.cz\/web\/wp-content\/uploads\/2024\/08\/20240530_154845_cut-930x1024.jpg\" class=\"attachment-large size-large wp-image-6406\" alt=\"\" srcset=\"https:\/\/kiplweb.fjfi.cvut.cz\/web\/wp-content\/uploads\/2024\/08\/20240530_154845_cut-930x1024.jpg 930w, https:\/\/kiplweb.fjfi.cvut.cz\/web\/wp-content\/uploads\/2024\/08\/20240530_154845_cut-272x300.jpg 272w, https:\/\/kiplweb.fjfi.cvut.cz\/web\/wp-content\/uploads\/2024\/08\/20240530_154845_cut-768x846.jpg 768w, https:\/\/kiplweb.fjfi.cvut.cz\/web\/wp-content\/uploads\/2024\/08\/20240530_154845_cut-1394x1536.jpg 1394w, https:\/\/kiplweb.fjfi.cvut.cz\/web\/wp-content\/uploads\/2024\/08\/20240530_154845_cut-1859x2048.jpg 1859w, https:\/\/kiplweb.fjfi.cvut.cz\/web\/wp-content\/uploads\/2024\/08\/20240530_154845_cut-11x12.jpg 11w, https:\/\/kiplweb.fjfi.cvut.cz\/web\/wp-content\/uploads\/2024\/08\/20240530_154845_cut-1000x1102.jpg 1000w, https:\/\/kiplweb.fjfi.cvut.cz\/web\/wp-content\/uploads\/2024\/08\/20240530_154845_cut-230x253.jpg 230w, https:\/\/kiplweb.fjfi.cvut.cz\/web\/wp-content\/uploads\/2024\/08\/20240530_154845_cut-350x386.jpg 350w, https:\/\/kiplweb.fjfi.cvut.cz\/web\/wp-content\/uploads\/2024\/08\/20240530_154845_cut-480x529.jpg 480w\" sizes=\"(max-width: 930px) 100vw, 930px\" \/>\t\t\t\t\t\t\t\t\t\t\t\t\t<\/div>\n\t\t\t\t<\/div>\n\t\t\t\t\t<\/div>\n\t\t<\/div>\n\t\t\t\t<div class=\"elementor-column elementor-col-50 elementor-inner-column elementor-element elementor-element-9fead07\" data-id=\"9fead07\" data-element_type=\"column\">\n\t\t\t<div class=\"elementor-widget-wrap elementor-element-populated\">\n\t\t\t\t\t\t<div class=\"elementor-element elementor-element-6b0935d elementor-widget elementor-widget-text-editor\" data-id=\"6b0935d\" data-element_type=\"widget\" data-widget_type=\"text-editor.default\">\n\t\t\t\t<div class=\"elementor-widget-container\">\n\t\t\t\t\t\t\t<p><strong>Adresa:<\/strong> <br \/><a href=\"https:\/\/goo.gl\/maps\/XPzHD4bwQwVx7KxJ8\">KIPL, FJFI, \u010cVUT v Praze<\/a><br \/><strong>M\u00edstnost:<\/strong><br \/>383<br \/><strong>Telefon:<\/strong><br \/>+420 770 129 919<br \/><strong>e-mail:<\/strong> <br \/><a title=\"nikolaj.ganev@fjfi.cvut.cz\" href=\"mailto:nikolaj.ganev@fjfi.cvut.cz\">jaroslav.hamrle@fjfi.cvut.cz<\/a><\/p>\t\t\t\t\t\t<\/div>\n\t\t\t\t<\/div>\n\t\t\t\t\t<\/div>\n\t\t<\/div>\n\t\t\t\t\t<\/div>\n\t\t<\/section>\n\t\t\t\t\t<\/div>\n\t\t<\/div>\n\t\t\t\t<div class=\"elementor-column elementor-col-100 elementor-top-column elementor-element elementor-element-4831bce\" data-id=\"4831bce\" data-element_type=\"column\">\n\t\t\t<div class=\"elementor-widget-wrap elementor-element-populated\">\n\t\t\t\t\t\t<div class=\"elementor-element elementor-element-71401a0 elementor-widget elementor-widget-heading\" data-id=\"71401a0\" data-element_type=\"widget\" data-widget_type=\"heading.default\">\n\t\t\t\t<div class=\"elementor-widget-container\">\n\t\t\t<h6 class=\"elementor-heading-title elementor-size-default\"><br>Intern\u00ed pracovn\u00edci<\/h6>\t\t<\/div>\n\t\t\t\t<\/div>\n\t\t\t\t<div class=\"elementor-element elementor-element-9e98f54 elementor-widget-divider--view-line elementor-widget elementor-widget-divider\" data-id=\"9e98f54\" data-element_type=\"widget\" data-widget_type=\"divider.default\">\n\t\t\t\t<div class=\"elementor-widget-container\">\n\t\t\t\t\t<div class=\"elementor-divider\">\n\t\t\t<span class=\"elementor-divider-separator\">\n\t\t\t\t\t\t<\/span>\n\t\t<\/div>\n\t\t\t\t<\/div>\n\t\t\t\t<\/div>\n\t\t\t\t<div class=\"elementor-element elementor-element-b3de541 elementor-widget elementor-widget-text-editor\" data-id=\"b3de541\" data-element_type=\"widget\" data-widget_type=\"text-editor.default\">\n\t\t\t\t<div class=\"elementor-widget-container\">\n\t\t\t\t\t\t\t<ol><li><span style=\"color: #336699;\"><a style=\"color: #336699;\" href=\"https:\/\/kiplweb.fjfi.cvut.cz\/wordpress\/pracovnici\/#vedeni\"><b>Veden\u00ed katedry<\/b><\/a><\/span><\/li><li><span style=\"color: #336699;\"><a style=\"color: #336699;\" href=\"https:\/\/kiplweb.fjfi.cvut.cz\/wordpress\/pracovnici\/#sekretariat\"><b>Sekretari\u00e1t<\/b><\/a><\/span><\/li><li><span style=\"color: #000000;\"><a style=\"color: #000000;\" href=\"https:\/\/kiplweb.fjfi.cvut.cz\/wordpress\/pracovnici\/#akademicti-pracovnici\"><b>&#8211;&gt; Akademi\u010dt\u00ed pracovn\u00edci<\/b><\/a><\/span><\/li><li><a href=\"https:\/\/kiplweb.fjfi.cvut.cz\/wordpress\/pracovnici\/#odborni-pracovnici\"><span style=\"color: #336699;\"><strong>Odborn\u00ed pracovn\u00edci<\/strong><\/span><\/a><\/li><li><a href=\"https:\/\/kiplweb.fjfi.cvut.cz\/wordpress\/pracovnici\/#technicti-pracovnici\"><span style=\"color: #336699;\"><b>Techn<span style=\"color: #336699;\">i\u010dt\u00ed pracovn\u00edci<\/span><\/b><\/span><\/a><\/li><\/ol>\t\t\t\t\t\t<\/div>\n\t\t\t\t<\/div>\n\t\t\t\t<div class=\"elementor-element elementor-element-d0e1980 elementor-widget-divider--view-line elementor-widget elementor-widget-divider\" data-id=\"d0e1980\" data-element_type=\"widget\" data-widget_type=\"divider.default\">\n\t\t\t\t<div class=\"elementor-widget-container\">\n\t\t\t\t\t<div class=\"elementor-divider\">\n\t\t\t<span class=\"elementor-divider-separator\">\n\t\t\t\t\t\t<\/span>\n\t\t<\/div>\n\t\t\t\t<\/div>\n\t\t\t\t<\/div>\n\t\t\t\t\t<\/div>\n\t\t<\/div>\n\t\t\t\t\t<\/div>\n\t\t<\/section>\n\t\t\t\t<section class=\"elementor-section elementor-top-section elementor-element elementor-element-9d7b282 elementor-section-boxed elementor-section-height-default elementor-section-height-default\" data-id=\"9d7b282\" data-element_type=\"section\">\n\t\t\t\t\t\t<div class=\"elementor-container elementor-column-gap-default\">\n\t\t\t\t\t<div class=\"elementor-column elementor-col-100 elementor-top-column elementor-element elementor-element-79fdf77\" data-id=\"79fdf77\" data-element_type=\"column\">\n\t\t\t<div class=\"elementor-widget-wrap elementor-element-populated\">\n\t\t\t\t\t\t<div class=\"elementor-element elementor-element-627c95c elementor-widget-divider--view-line elementor-widget elementor-widget-divider\" data-id=\"627c95c\" data-element_type=\"widget\" data-widget_type=\"divider.default\">\n\t\t\t\t<div class=\"elementor-widget-container\">\n\t\t\t\t\t<div class=\"elementor-divider\">\n\t\t\t<span class=\"elementor-divider-separator\">\n\t\t\t\t\t\t<\/span>\n\t\t<\/div>\n\t\t\t\t<\/div>\n\t\t\t\t<\/div>\n\t\t\t\t<section class=\"elementor-section elementor-inner-section elementor-element elementor-element-9a652f8 elementor-section-boxed elementor-section-height-default elementor-section-height-default\" data-id=\"9a652f8\" data-element_type=\"section\">\n\t\t\t\t\t\t<div class=\"elementor-container elementor-column-gap-default\">\n\t\t\t\t\t<div class=\"elementor-column elementor-col-50 elementor-inner-column elementor-element elementor-element-d9b1d45\" data-id=\"d9b1d45\" data-element_type=\"column\">\n\t\t\t<div class=\"elementor-widget-wrap elementor-element-populated\">\n\t\t\t\t\t\t<div class=\"elementor-element elementor-element-e09e42b elementor-widget elementor-widget-text-editor\" data-id=\"e09e42b\" data-element_type=\"widget\" data-widget_type=\"text-editor.default\">\n\t\t\t\t<div class=\"elementor-widget-container\">\n\t\t\t\t\t\t\t<p><strong>Pracovn\u00ed za\u0159azen\u00ed a funkce:<br \/><\/strong>Akademick\u00fd pracovn\u00edk<br \/><br \/><\/p>\t\t\t\t\t\t<\/div>\n\t\t\t\t<\/div>\n\t\t\t\t\t<\/div>\n\t\t<\/div>\n\t\t\t\t<div class=\"elementor-column elementor-col-50 elementor-inner-column elementor-element elementor-element-4520520\" data-id=\"4520520\" data-element_type=\"column\">\n\t\t\t<div class=\"elementor-widget-wrap elementor-element-populated\">\n\t\t\t\t\t\t<div class=\"elementor-element elementor-element-451559a elementor-widget elementor-widget-text-editor\" data-id=\"451559a\" data-element_type=\"widget\" data-widget_type=\"text-editor.default\">\n\t\t\t\t<div class=\"elementor-widget-container\">\n\t\t\t\t\t\t\t<p><strong>Odborn\u00e9 zam\u011b\u0159en\u00ed:<\/strong><\/p><ul><li>line\u00e1rn\u00ed a kvadratick\u00fd magneto-optick\u00fd Kerr\u016fv jev, spektr\u00e1ln\u00ed elipsometrie, Brillouin\u016fv rozptyl<\/li><li>ab-initio popis elektronov\u00e9 struktury v pevn\u00fdch l\u00e1tk\u00e1ch<\/li><li>Berryho k\u0159ivost, anom\u00e1ln\u00ed transport, topologck\u00e9 vlastnosti pevn\u00fdch l\u00e1tek<\/li><li>Heuslerovy slitiny, half-metallic Co2-based Heusler compounds<\/li><li>spinov\u00fd proud v nanostruktur\u00e1ch<\/li><\/ul>\t\t\t\t\t\t<\/div>\n\t\t\t\t<\/div>\n\t\t\t\t\t<\/div>\n\t\t<\/div>\n\t\t\t\t\t<\/div>\n\t\t<\/section>\n\t\t\t\t<section class=\"elementor-section elementor-inner-section elementor-element elementor-element-38a5d0a elementor-section-boxed elementor-section-height-default elementor-section-height-default\" data-id=\"38a5d0a\" data-element_type=\"section\">\n\t\t\t\t\t\t<div class=\"elementor-container elementor-column-gap-default\">\n\t\t\t\t\t<div class=\"elementor-column elementor-col-50 elementor-inner-column elementor-element elementor-element-1973e0b\" data-id=\"1973e0b\" data-element_type=\"column\">\n\t\t\t<div class=\"elementor-widget-wrap elementor-element-populated\">\n\t\t\t\t\t\t<div class=\"elementor-element elementor-element-5c362f5 elementor-widget elementor-widget-text-editor\" data-id=\"5c362f5\" data-element_type=\"widget\" data-widget_type=\"text-editor.default\">\n\t\t\t\t<div class=\"elementor-widget-container\">\n\t\t\t\t\t\t\t<p><strong>Vyu\u010dovan\u00e9 p\u0159edm\u011bty:<br \/><\/strong>11TPL1, 11TPLQ1 &#8211; Teorie pevn\u00fdch l\u00e1tek 1<br \/>11TPL2, 11TPLQ2 &#8211; Teorie pevn\u00fdch l\u00e1tek 2<br \/>11FMGL &#8211; Fyzika magnetick\u00fdch l\u00e1tek<\/p>\t\t\t\t\t\t<\/div>\n\t\t\t\t<\/div>\n\t\t\t\t\t<\/div>\n\t\t<\/div>\n\t\t\t\t<div class=\"elementor-column elementor-col-50 elementor-inner-column elementor-element elementor-element-52b89ae\" data-id=\"52b89ae\" data-element_type=\"column\">\n\t\t\t<div class=\"elementor-widget-wrap elementor-element-populated\">\n\t\t\t\t\t\t<div class=\"elementor-element elementor-element-80f3ee4 elementor-widget elementor-widget-text-editor\" data-id=\"80f3ee4\" data-element_type=\"widget\" data-widget_type=\"text-editor.default\">\n\t\t\t\t<div class=\"elementor-widget-container\">\n\t\t\t\t\t\t\t<p><strong>Publikace: <a href=\"https:\/\/www.scopus.com\/authid\/detail.uri?authorId=15122046700\" target=\"_blank\" rel=\"noopener\">&#8211;&gt; Scopus &lt;&#8211;\u00a0<\/a><\/strong><\/p>\t\t\t\t\t\t<\/div>\n\t\t\t\t<\/div>\n\t\t\t\t\t<\/div>\n\t\t<\/div>\n\t\t\t\t\t<\/div>\n\t\t<\/section>\n\t\t\t\t<section class=\"elementor-section elementor-inner-section elementor-element elementor-element-09e3710 elementor-section-boxed elementor-section-height-default elementor-section-height-default\" data-id=\"09e3710\" data-element_type=\"section\">\n\t\t\t\t\t\t<div class=\"elementor-container elementor-column-gap-default\">\n\t\t\t\t\t<div class=\"elementor-column elementor-col-100 elementor-inner-column elementor-element elementor-element-c435c9f\" data-id=\"c435c9f\" data-element_type=\"column\">\n\t\t\t<div class=\"elementor-widget-wrap elementor-element-populated\">\n\t\t\t\t\t\t<div class=\"elementor-element elementor-element-b4f7d31 elementor-widget__width-initial elementor-widget elementor-widget-text-editor\" data-id=\"b4f7d31\" data-element_type=\"widget\" data-widget_type=\"text-editor.default\">\n\t\t\t\t<div class=\"elementor-widget-container\">\n\t\t\t\t\t\t\t<p><strong>Studijn\u00ed a pracovn\u00ed pozice:<br><\/strong>od 2018:&nbsp;&nbsp; FJFI, \u010cVUT, Praha<br>od 2016:&nbsp;&nbsp; MFF, Univerzita Karlova, Praha<br>2010 \u2013 2016:&nbsp;&nbsp;&nbsp; V\u0160B \u2013 Technick\u00e1 univerzita Ostrava <br>2005 \u2013 2010:&nbsp;&nbsp;&nbsp; Technische Universit\u00e4t Kaiserslautern, N\u011bmecko<br>2003 \u2013 2005:&nbsp;&nbsp;&nbsp; Institute of Physical and Chemical Research (RIKEN), Tokyo, Japonsko<br>1999 \u2013 2003:&nbsp;&nbsp;&nbsp; sd\u00edlen\u00e9 PhD studium mezi Universit\u00e9 Paris-XI, Orsay, Francie a MFF, Univerzita Karlova, Praha<br>1999 and 2001:&nbsp; dva v\u011bdeck\u00e9 pobyty na Dublin City University, Irsko<br>1994 \u2013 1999:&nbsp;&nbsp;&nbsp; Mgr. studium na MFF, Univerzita Karlova, Praha<\/p>\t\t\t\t\t\t<\/div>\n\t\t\t\t<\/div>\n\t\t\t\t\t<\/div>\n\t\t<\/div>\n\t\t\t\t\t<\/div>\n\t\t<\/section>\n\t\t\t\t<section class=\"elementor-section elementor-inner-section elementor-element elementor-element-d34a3af elementor-section-boxed elementor-section-height-default elementor-section-height-default\" data-id=\"d34a3af\" data-element_type=\"section\">\n\t\t\t\t\t\t<div class=\"elementor-container elementor-column-gap-default\">\n\t\t\t\t\t<div class=\"elementor-column elementor-col-50 elementor-inner-column elementor-element elementor-element-61a9393\" data-id=\"61a9393\" data-element_type=\"column\">\n\t\t\t<div class=\"elementor-widget-wrap elementor-element-populated\">\n\t\t\t\t\t\t<div class=\"elementor-element elementor-element-ef54615 elementor-widget__width-initial elementor-widget elementor-widget-text-editor\" data-id=\"ef54615\" data-element_type=\"widget\" data-widget_type=\"text-editor.default\">\n\t\t\t\t<div class=\"elementor-widget-container\">\n\t\t\t\t\t\t\t<p><b>Ocen\u011bn\u00ed:<br \/><\/b><\/p><ul><li>ocen\u011bn\u00ed v\u00fduky na z\u00e1klad\u011b studentsk\u00e9 ankety na MFF, Univerzita Karlova (2018)<\/li><li>\u010dlen v\u011bdeck\u00e9ho v\u00fdboru konference: Nanophotonics and Micro\/Nano Optics (Nanop) (od 2015)<\/li><li>\u010dlen hodnot\u00edc\u00edho panelu GA\u010cR panelu P204 (2013-2015)<\/li><li>cena Milana Odehnala (1. m\u00edsto) (2004)<\/li><\/ul><p><strong>\u00a0<\/strong><\/p>\t\t\t\t\t\t<\/div>\n\t\t\t\t<\/div>\n\t\t\t\t\t<\/div>\n\t\t<\/div>\n\t\t\t\t<div class=\"elementor-column elementor-col-50 elementor-inner-column elementor-element elementor-element-4196c5e\" data-id=\"4196c5e\" data-element_type=\"column\">\n\t\t\t<div class=\"elementor-widget-wrap elementor-element-populated\">\n\t\t\t\t\t\t<div class=\"elementor-element elementor-element-f059ef4 elementor-widget__width-initial elementor-widget elementor-widget-text-editor\" data-id=\"f059ef4\" data-element_type=\"widget\" data-widget_type=\"text-editor.default\">\n\t\t\t\t<div class=\"elementor-widget-container\">\n\t\t\t\t\t\t\t<div><b>Pozv\u00e1n\u00ed:<\/b><\/div><ul><li>zvan\u00e1 p\u0159edn\u00e1\u0161ka: J. Hamrle, <i>Magnetooptics of higher order in magnetization, Intermag conference<\/i>, Sendai, kv\u011bten 15-19 (2023)<\/li><li>zvan\u00fd spoluautor v review \u201c<i>The 2022 Magneto-Optics Roadmap<\/i>\u201d, s kapitolou \u201c<i>Higher order Magneto-Optics effect<\/i>\u201d (2022)<\/li><li>zvan\u00e1 p\u0159edn\u00e1\u0161ka: J. Hamrle, <i>Linear and quadratic magnetooptic spectroscopy on bcc Fe<\/i>, Magnetics and Optics Research International Symposium (MORIS), Praha, \u010derven 23-26 (2019)<\/li><li>hostuj\u00edc\u00ed profesor na Kyushu University, Japonsko (leden 2017, \u00fanor 2018, leden 2020)<\/li><\/ul><p><strong>\u00a0<\/strong><\/p><p><strong>\u00a0<\/strong><\/p>\t\t\t\t\t\t<\/div>\n\t\t\t\t<\/div>\n\t\t\t\t\t<\/div>\n\t\t<\/div>\n\t\t\t\t\t<\/div>\n\t\t<\/section>\n\t\t\t\t\t<\/div>\n\t\t<\/div>\n\t\t\t\t\t<\/div>\n\t\t<\/section>\n\t\t\t\t<section class=\"elementor-section elementor-top-section elementor-element elementor-element-3de1eea elementor-section-boxed elementor-section-height-default elementor-section-height-default\" data-id=\"3de1eea\" data-element_type=\"section\">\n\t\t\t\t\t\t<div class=\"elementor-container elementor-column-gap-default\">\n\t\t\t\t\t<div class=\"elementor-column elementor-col-100 elementor-top-column elementor-element elementor-element-52b6761\" data-id=\"52b6761\" data-element_type=\"column\">\n\t\t\t<div class=\"elementor-widget-wrap\">\n\t\t\t\t\t\t\t<\/div>\n\t\t<\/div>\n\t\t\t\t\t<\/div>\n\t\t<\/section>\n\t\t\t\t<\/div>\n\t\t","protected":false},"excerpt":{"rendered":"<p>Mgr. Jaroslav Hamrle, Ph.D. Adresa: KIPL, FJFI, \u010cVUT v PrazeM\u00edstnost:383Telefon:+420 770 129 919e-mail: jaroslav.hamrle@fjfi.cvut.cz Intern\u00ed pracovn\u00edci Veden\u00ed katedry Sekretari\u00e1t &#8211;&gt; Akademi\u010dt\u00ed pracovn\u00edci Odborn\u00ed pracovn\u00edci Techni\u010dt\u00ed pracovn\u00edci Pracovn\u00ed za\u0159azen\u00ed a funkce:Akademick\u00fd pracovn\u00edk Odborn\u00e9 zam\u011b\u0159en\u00ed: line\u00e1rn\u00ed a kvadratick\u00fd magneto-optick\u00fd Kerr\u016fv jev, spektr\u00e1ln\u00ed [&hellip;]<\/p>\n","protected":false},"author":12,"featured_media":0,"parent":0,"menu_order":0,"comment_status":"closed","ping_status":"closed","template":"elementor_header_footer","meta":{"footnotes":""},"folder":[8],"class_list":["post-6383","page","type-page","status-publish","hentry"],"_links":{"self":[{"href":"https:\/\/kiplweb.fjfi.cvut.cz\/web\/wp-json\/wp\/v2\/pages\/6383","targetHints":{"allow":["GET"]}}],"collection":[{"href":"https:\/\/kiplweb.fjfi.cvut.cz\/web\/wp-json\/wp\/v2\/pages"}],"about":[{"href":"https:\/\/kiplweb.fjfi.cvut.cz\/web\/wp-json\/wp\/v2\/types\/page"}],"author":[{"embeddable":true,"href":"https:\/\/kiplweb.fjfi.cvut.cz\/web\/wp-json\/wp\/v2\/users\/12"}],"replies":[{"embeddable":true,"href":"https:\/\/kiplweb.fjfi.cvut.cz\/web\/wp-json\/wp\/v2\/comments?post=6383"}],"version-history":[{"count":41,"href":"https:\/\/kiplweb.fjfi.cvut.cz\/web\/wp-json\/wp\/v2\/pages\/6383\/revisions"}],"predecessor-version":[{"id":6450,"href":"https:\/\/kiplweb.fjfi.cvut.cz\/web\/wp-json\/wp\/v2\/pages\/6383\/revisions\/6450"}],"wp:attachment":[{"href":"https:\/\/kiplweb.fjfi.cvut.cz\/web\/wp-json\/wp\/v2\/media?parent=6383"}],"wp:term":[{"taxonomy":"folder","embeddable":true,"href":"https:\/\/kiplweb.fjfi.cvut.cz\/web\/wp-json\/wp\/v2\/folder?post=6383"}],"curies":[{"name":"wp","href":"https:\/\/api.w.org\/{rel}","templated":true}]}}