{"id":4622,"date":"2021-12-15T07:36:32","date_gmt":"2021-12-15T06:36:32","guid":{"rendered":"https:\/\/kiplweb.fjfi.cvut.cz\/web\/?page_id=4622"},"modified":"2023-08-01T12:36:09","modified_gmt":"2023-08-01T10:36:09","slug":"sscsspm-11-uvod","status":"publish","type":"page","link":"https:\/\/kiplweb.fjfi.cvut.cz\/web\/sscsspm-11-uvod\/","title":{"rendered":"SSCSSPM-11 \u00davod"},"content":{"rendered":"\t\t<div data-elementor-type=\"wp-page\" data-elementor-id=\"4622\" class=\"elementor elementor-4622\">\n\t\t\t\t\t\t<section class=\"elementor-section elementor-top-section elementor-element elementor-element-d442a7c elementor-section-boxed elementor-section-height-default elementor-section-height-default\" data-id=\"d442a7c\" data-element_type=\"section\">\n\t\t\t\t\t\t<div class=\"elementor-container elementor-column-gap-default\">\n\t\t\t\t\t<div class=\"elementor-column elementor-col-50 elementor-top-column elementor-element elementor-element-df67519\" data-id=\"df67519\" data-element_type=\"column\">\n\t\t\t<div class=\"elementor-widget-wrap elementor-element-populated\">\n\t\t\t\t\t\t<div class=\"elementor-element elementor-element-4250db3 elementor-align-justify elementor-widget__width-inherit elementor-widget elementor-widget-button\" data-id=\"4250db3\" data-element_type=\"widget\" data-widget_type=\"button.default\">\n\t\t\t\t<div class=\"elementor-widget-container\">\n\t\t\t\t\t<div class=\"elementor-button-wrapper\">\n\t\t\t<a class=\"elementor-button elementor-button-link elementor-size-xs\" href=\"https:\/\/kiplweb.fjfi.cvut.cz\/wordpress\/sscssp\/\">\n\t\t\t\t\t\t<span class=\"elementor-button-content-wrapper\">\n\t\t\t\t\t\t\t\t\t<span class=\"elementor-button-text\">SSCSSP<\/span>\n\t\t\t\t\t<\/span>\n\t\t\t\t\t<\/a>\n\t\t<\/div>\n\t\t\t\t<\/div>\n\t\t\t\t<\/div>\n\t\t\t\t<div class=\"elementor-element elementor-element-843c8f4 elementor-widget elementor-widget-heading\" data-id=\"843c8f4\" data-element_type=\"widget\" data-widget_type=\"heading.default\">\n\t\t\t\t<div class=\"elementor-widget-container\">\n\t\t\t<h2 class=\"elementor-heading-title elementor-size-default\">11. Studentsk\u00e1 v\u011bdeck\u00e1 konference fyziky pevn\u00fdch l\u00e1tek a materi\u00e1l\u016f<\/h2>\t\t<\/div>\n\t\t\t\t<\/div>\n\t\t\t\t\t<\/div>\n\t\t<\/div>\n\t\t\t\t<div class=\"elementor-column elementor-col-50 elementor-top-column elementor-element elementor-element-c7ce757\" data-id=\"c7ce757\" data-element_type=\"column\">\n\t\t\t<div class=\"elementor-widget-wrap elementor-element-populated\">\n\t\t\t\t\t\t<div class=\"elementor-element elementor-element-23e1888 elementor-widget elementor-widget-heading\" data-id=\"23e1888\" data-element_type=\"widget\" data-widget_type=\"heading.default\">\n\t\t\t\t<div class=\"elementor-widget-container\">\n\t\t\t<h6 class=\"elementor-heading-title elementor-size-default\"><br>SSCSSPM-11<\/h6>\t\t<\/div>\n\t\t\t\t<\/div>\n\t\t\t\t<div class=\"elementor-element elementor-element-9e03532 elementor-widget-divider--view-line elementor-widget elementor-widget-divider\" data-id=\"9e03532\" data-element_type=\"widget\" data-widget_type=\"divider.default\">\n\t\t\t\t<div class=\"elementor-widget-container\">\n\t\t\t\t\t<div class=\"elementor-divider\">\n\t\t\t<span class=\"elementor-divider-separator\">\n\t\t\t\t\t\t<\/span>\n\t\t<\/div>\n\t\t\t\t<\/div>\n\t\t\t\t<\/div>\n\t\t\t\t<div class=\"elementor-element elementor-element-fb572e5 elementor-widget elementor-widget-text-editor\" data-id=\"fb572e5\" data-element_type=\"widget\" data-widget_type=\"text-editor.default\">\n\t\t\t\t<div class=\"elementor-widget-container\">\n\t\t\t\t\t\t\t<ol><li><span style=\"color: #000000;\"><b>&#8211;&gt; <a href=\"https:\/\/kiplweb.fjfi.cvut.cz\/web\/sscsspm-11-uvod\/\">\u00davod<\/a><\/b><\/span><\/li><li><span style=\"color: #000000;\"><strong>M\u00edsto a zp\u016fsob kon\u00e1n\u00ed &#8211; hybridn\u00ed<\/strong><\/span><span style=\"color: #336699;\"><span style=\"color: #000000;\"><strong> \ud83d\ude42<br \/><\/strong><\/span><\/span><\/li><li><span style=\"color: #336699;\"><a style=\"font-weight: bold; color: #336699;\" title=\"\" href=\"https:\/\/kipl-indico.fjfi.cvut.cz\/event\/9\/\">Registrace<\/a><\/span><\/li><li><span style=\"color: #336699;\"><a style=\"font-weight: bold; color: #336699;\" title=\"\" href=\"https:\/\/kiplweb.fjfi.cvut.cz\/web\/sscsspm-10-pokyny-pro-prednasejici\/\">Pokyny pro p\u0159edn\u00e1\u0161ej\u00edc\u00ed<\/a><\/span><\/li><li><strong style=\"color: #336699;\">Program<\/strong><\/li><li><a href=\"https:\/\/kiplweb.fjfi.cvut.cz\/files\/SSCSSPM11-2022-sbornik.pdf\"><strong style=\"color: #336699;\">Sborn\u00edk<\/strong><\/a><\/li><\/ol>\t\t\t\t\t\t<\/div>\n\t\t\t\t<\/div>\n\t\t\t\t\t<\/div>\n\t\t<\/div>\n\t\t\t\t\t<\/div>\n\t\t<\/section>\n\t\t\t\t<section class=\"elementor-section elementor-top-section elementor-element elementor-element-8bc324c elementor-section-boxed elementor-section-height-default elementor-section-height-default\" data-id=\"8bc324c\" data-element_type=\"section\">\n\t\t\t\t\t\t<div class=\"elementor-container elementor-column-gap-default\">\n\t\t\t\t\t<div class=\"elementor-column elementor-col-100 elementor-top-column elementor-element elementor-element-2f5ed09\" data-id=\"2f5ed09\" data-element_type=\"column\">\n\t\t\t<div class=\"elementor-widget-wrap elementor-element-populated\">\n\t\t\t\t\t\t<div class=\"elementor-element elementor-element-1c661c9 elementor-widget-divider--view-line elementor-widget elementor-widget-divider\" data-id=\"1c661c9\" data-element_type=\"widget\" data-widget_type=\"divider.default\">\n\t\t\t\t<div class=\"elementor-widget-container\">\n\t\t\t\t\t<div class=\"elementor-divider\">\n\t\t\t<span class=\"elementor-divider-separator\">\n\t\t\t\t\t\t<\/span>\n\t\t<\/div>\n\t\t\t\t<\/div>\n\t\t\t\t<\/div>\n\t\t\t\t<div class=\"elementor-element elementor-element-b4f8a68 elementor-widget elementor-widget-text-editor\" data-id=\"b4f8a68\" data-element_type=\"widget\" data-widget_type=\"text-editor.default\">\n\t\t\t\t<div class=\"elementor-widget-container\">\n\t\t\t\t\t\t\t<h2><span style=\"color: #ff0000;\">Term\u00edn: 12. &#8211; 15. z\u00e1\u0159\u00ed 2022<\/span><\/h2><h3>Zp\u016fsob kon\u00e1n\u00ed &#8211; &#8222;hybridn\u00ed&#8220;:<\/h3><p>Prezen\u010dn\u00ed \u00fa\u010dast bude mo\u017en\u00e1 v prostor\u00e1ch budovy FJFI v Trojanov\u011b ulici (Semin\u00e1rn\u00ed m\u00edstnost S021 ve v\u00fdchodn\u00ed v\u011b\u017ei budovy), sou\u010dasn\u011b bude t\u00e9\u017e mo\u017en\u00e1 on-line \u00fa\u010dast s vyu\u017eit\u00edm MS Teams.<\/p><h3><b>T\u00e9mata:<\/b><\/h3><p>Konference je z velk\u00e9 \u010d\u00e1sti p\u0159ehl\u00eddkou studentsk\u00fdch prac\u00ed p\u0159edev\u0161\u00edm z kateder In\u017een\u00fdrstv\u00ed pevn\u00fdch l\u00e1tek, Materi\u00e1l\u016f a Fyzik\u00e1ln\u00ed elektroniky (ale nejen z nich;) zab\u00fdvaj\u00edc\u00edch se t\u00e9maty a probl\u00e9my z oblasti fyziky pevn\u00fdch l\u00e1tek, krystalografie, fyziky materi\u00e1l\u016f, fyziky povrch\u016f, tenk\u00fdch vrstev a nanotechnologi\u00ed, aplikovan\u00e9 optiky,\u00a0 fotoniky,\u00a0 a dal\u0161\u00edch p\u0159\u00edbuzn\u00fdch obor\u016f studovan\u00fdch \u0159adou experiment\u00e1ln\u00edch a teoretick\u00fdch metod.<\/p><p>Studentsk\u00e9 p\u0159\u00edsp\u011bvky jsou tradi\u010dn\u011b dopln\u011bny \u0159adou lektorsk\u00fdch p\u0159edn\u00e1\u0161ek v\u011bnovan\u00fdch p\u0159ehledu aktu\u00e1ln\u00edch probl\u00e9m\u016f v uveden\u00fdch v\u011bdn\u00edch oblastech, prezentovan\u00fdch p\u0159edn\u00edmi odborn\u00edky.<\/p><p>C\u00edlem konference je poskytnout student\u016fm mo\u017enost p\u0159edn\u00e9st sv\u00e9 p\u0159\u00edsp\u011bvky v \u0161ir\u0161\u00edm, otev\u0159en\u00e9m f\u00f3ru, rozv\u00edjet schopnosti odborn\u00e9 komunikace, roz\u0161\u00ed\u0159it odborn\u00fd rozhled o t\u00e9mata prezentovan\u00e1 ostatn\u00edmi \u00fa\u010dastn\u00edky konference, t\u0159\u00edbit sv\u00e9 n\u00e1zory v neform\u00e1ln\u00edch diskuz\u00edch a nav\u00e1zat \u0159adu nov\u00fdch osobn\u00edch i profesion\u00e1ln\u00edch vztah\u016f.<\/p><p>Studentsk\u00e9 p\u0159\u00edsp\u011bvky jsou publikov\u00e1ny ve sborn\u00edku konference.<\/p><h2>D\u016fle\u017eit\u00e1 data:<\/h2><p><strong><span style=\"color: #ff0000;\"><u>!!! Deadline<\/u> <\/span>pro registraci do syst\u00e9mu a zasl\u00e1n\u00ed abstraktu prodlou\u017eena do<span style=\"color: #ff0000;\"> 9. z\u00e1\u0159\u00ed 2022, 12:00 !!!<\/span><\/strong><br \/><br \/>Deadline pro odevzd\u00e1n\u00ed roz\u0161\u00ed\u0159en\u00e9ho abstraktu do Sborn\u00edku: <span style=\"color: red;\"><b>14. z\u00e1\u0159\u00ed 2022<\/b><\/span><\/p><h3>Registrace<\/h3><div>Registrace bude spu\u0161t\u011bna 11.7.2022 v 8:00 dopoledne, registrovat se m\u016f\u017eete <a href=\"https:\/\/kipl-indico.fjfi.cvut.cz\/event\/9\/\"><strong><span style=\"color: #ff0000;\">zde<\/span><\/strong><\/a><\/div><h3>Organiza\u010dn\u00ed t\u00fdm:<\/h3><p><b><a href=\"https:\/\/kiplweb.fjfi.cvut.cz\/wordpress\/kalvoda\/\">doc. Ing. Ladislav Kalvoda, CSc.<\/a>, p\u0159edseda organiza\u010dn\u00edho v\u00fdboru<a href=\"https:\/\/kiplweb.fjfi.cvut.cz\/wordpress\/sedlak-2\/\"><br \/><\/a>Ing. Monika Ku\u010der\u00e1kov\u00e1, Ph.D.<a href=\"https:\/\/kiplweb.fjfi.cvut.cz\/wordpress\/sedlak-2\/\"><br \/>Ing. Petr Sedl\u00e1k, Ph.D.<\/a><br \/><a href=\"https:\/\/kiplweb.fjfi.cvut.cz\/wordpress\/drab\/\">Ing. Martin Dr\u00e1b, Ph.D.<\/a><br \/><a href=\"https:\/\/kiplweb.fjfi.cvut.cz\/wordpress\/kolenko\/\">doc. Ing. Petr Kolenko, Ph.D.<\/a><br \/>Ing. Lucie Celbov\u00e1,<\/b><b> <\/b><strong>Bc. Tibor Ko\u0161\u0165\u00e1l<\/strong><\/p>\t\t\t\t\t\t<\/div>\n\t\t\t\t<\/div>\n\t\t\t\t\t<\/div>\n\t\t<\/div>\n\t\t\t\t\t<\/div>\n\t\t<\/section>\n\t\t\t\t<\/div>\n\t\t","protected":false},"excerpt":{"rendered":"<p>SSCSSP 11. Studentsk\u00e1 v\u011bdeck\u00e1 konference fyziky pevn\u00fdch l\u00e1tek a materi\u00e1l\u016f SSCSSPM-11 &#8211;&gt; \u00davod M\u00edsto a zp\u016fsob kon\u00e1n\u00ed &#8211; hybridn\u00ed \ud83d\ude42 Registrace Pokyny pro p\u0159edn\u00e1\u0161ej\u00edc\u00ed Program Sborn\u00edk Term\u00edn: 12. &#8211; 15. z\u00e1\u0159\u00ed 2022 Zp\u016fsob kon\u00e1n\u00ed &#8211; &#8222;hybridn\u00ed&#8220;: Prezen\u010dn\u00ed \u00fa\u010dast bude mo\u017en\u00e1 [&hellip;]<\/p>\n","protected":false},"author":3,"featured_media":0,"parent":0,"menu_order":0,"comment_status":"closed","ping_status":"closed","template":"elementor_header_footer","meta":{"footnotes":""},"folder":[51],"class_list":["post-4622","page","type-page","status-publish","hentry"],"_links":{"self":[{"href":"https:\/\/kiplweb.fjfi.cvut.cz\/web\/wp-json\/wp\/v2\/pages\/4622","targetHints":{"allow":["GET"]}}],"collection":[{"href":"https:\/\/kiplweb.fjfi.cvut.cz\/web\/wp-json\/wp\/v2\/pages"}],"about":[{"href":"https:\/\/kiplweb.fjfi.cvut.cz\/web\/wp-json\/wp\/v2\/types\/page"}],"author":[{"embeddable":true,"href":"https:\/\/kiplweb.fjfi.cvut.cz\/web\/wp-json\/wp\/v2\/users\/3"}],"replies":[{"embeddable":true,"href":"https:\/\/kiplweb.fjfi.cvut.cz\/web\/wp-json\/wp\/v2\/comments?post=4622"}],"version-history":[{"count":65,"href":"https:\/\/kiplweb.fjfi.cvut.cz\/web\/wp-json\/wp\/v2\/pages\/4622\/revisions"}],"predecessor-version":[{"id":6623,"href":"https:\/\/kiplweb.fjfi.cvut.cz\/web\/wp-json\/wp\/v2\/pages\/4622\/revisions\/6623"}],"wp:attachment":[{"href":"https:\/\/kiplweb.fjfi.cvut.cz\/web\/wp-json\/wp\/v2\/media?parent=4622"}],"wp:term":[{"taxonomy":"folder","embeddable":true,"href":"https:\/\/kiplweb.fjfi.cvut.cz\/web\/wp-json\/wp\/v2\/folder?post=4622"}],"curies":[{"name":"wp","href":"https:\/\/api.w.org\/{rel}","templated":true}]}}