{"id":39,"date":"2021-01-19T13:08:12","date_gmt":"2021-01-19T12:08:12","guid":{"rendered":"https:\/\/kiplweb.fjfi.cvut.cz\/wordpress\/?page_id=39"},"modified":"2021-04-06T14:47:56","modified_gmt":"2021-04-06T12:47:56","slug":"vsechny-zpravy","status":"publish","type":"page","link":"https:\/\/kiplweb.fjfi.cvut.cz\/web\/vsechny-zpravy\/","title":{"rendered":"V\u0161echny zpr\u00e1vy"},"content":{"rendered":"\t\t<div data-elementor-type=\"wp-page\" data-elementor-id=\"39\" class=\"elementor elementor-39\">\n\t\t\t\t\t\t<section class=\"elementor-section elementor-top-section elementor-element elementor-element-f632fbd elementor-section-boxed elementor-section-height-default elementor-section-height-default\" data-id=\"f632fbd\" data-element_type=\"section\">\n\t\t\t\t\t\t<div class=\"elementor-container elementor-column-gap-default\">\n\t\t\t\t\t<div class=\"elementor-column elementor-col-100 elementor-top-column elementor-element elementor-element-9045b09\" data-id=\"9045b09\" data-element_type=\"column\">\n\t\t\t<div class=\"elementor-widget-wrap elementor-element-populated\">\n\t\t\t\t\t\t<section class=\"elementor-section elementor-inner-section elementor-element elementor-element-d47c217 elementor-section-boxed elementor-section-height-default elementor-section-height-default\" data-id=\"d47c217\" data-element_type=\"section\">\n\t\t\t\t\t\t<div class=\"elementor-container elementor-column-gap-default\">\n\t\t\t\t\t<div class=\"elementor-column elementor-col-100 elementor-inner-column elementor-element elementor-element-8eec4dd\" data-id=\"8eec4dd\" data-element_type=\"column\">\n\t\t\t<div class=\"elementor-widget-wrap elementor-element-populated\">\n\t\t\t\t\t\t<div class=\"elementor-element elementor-element-a377a5d elementor-widget elementor-widget-heading\" data-id=\"a377a5d\" data-element_type=\"widget\" data-widget_type=\"heading.default\">\n\t\t\t\t<div class=\"elementor-widget-container\">\n\t\t\t<h3 class=\"elementor-heading-title elementor-size-default\">Aktuality<\/h3>\t\t<\/div>\n\t\t\t\t<\/div>\n\t\t\t\t<div class=\"elementor-element elementor-element-31d9ea8 elementor-widget-divider--view-line elementor-widget elementor-widget-divider\" data-id=\"31d9ea8\" data-element_type=\"widget\" data-widget_type=\"divider.default\">\n\t\t\t\t<div class=\"elementor-widget-container\">\n\t\t\t\t\t<div class=\"elementor-divider\">\n\t\t\t<span class=\"elementor-divider-separator\">\n\t\t\t\t\t\t<\/span>\n\t\t<\/div>\n\t\t\t\t<\/div>\n\t\t\t\t<\/div>\n\t\t\t\t<div class=\"elementor-element elementor-element-3d8888b elementor-widget elementor-widget-shortcode\" data-id=\"3d8888b\" data-element_type=\"widget\" data-widget_type=\"shortcode.default\">\n\t\t\t\t<div class=\"elementor-widget-container\">\n\t\t\t\t\t<div class=\"elementor-shortcode\"><div class=\"display-posts-listing grid\"><div class=\"listing-item\"><a class=\"image\" href=\"https:\/\/kiplweb.fjfi.cvut.cz\/web\/2025\/08\/21\/obhajoba-vyzkumnych-ukolu-studentu-magisterskeho-studiniho-programu-inzenyrstvi-pevnych-latek-srpen-2025-research-project-defense-of-master-study-program-solid-state-engineering-2025\/\"><img fetchpriority=\"high\" decoding=\"async\" width=\"300\" height=\"215\" src=\"https:\/\/kiplweb.fjfi.cvut.cz\/web\/wp-content\/uploads\/2021\/07\/SZZ-Vyz-prace_nahled-300x215.jpg\" class=\"attachment-medium size-medium wp-post-image\" alt=\"\" srcset=\"https:\/\/kiplweb.fjfi.cvut.cz\/web\/wp-content\/uploads\/2021\/07\/SZZ-Vyz-prace_nahled-300x215.jpg 300w, https:\/\/kiplweb.fjfi.cvut.cz\/web\/wp-content\/uploads\/2021\/07\/SZZ-Vyz-prace_nahled-16x12.jpg 16w, https:\/\/kiplweb.fjfi.cvut.cz\/web\/wp-content\/uploads\/2021\/07\/SZZ-Vyz-prace_nahled-230x165.jpg 230w, https:\/\/kiplweb.fjfi.cvut.cz\/web\/wp-content\/uploads\/2021\/07\/SZZ-Vyz-prace_nahled-350x251.jpg 350w, https:\/\/kiplweb.fjfi.cvut.cz\/web\/wp-content\/uploads\/2021\/07\/SZZ-Vyz-prace_nahled-480x344.jpg 480w, https:\/\/kiplweb.fjfi.cvut.cz\/web\/wp-content\/uploads\/2021\/07\/SZZ-Vyz-prace_nahled.jpg 489w\" sizes=\"(max-width: 300px) 100vw, 300px\" \/><\/a> <a class=\"title\" href=\"https:\/\/kiplweb.fjfi.cvut.cz\/web\/2025\/08\/21\/obhajoba-vyzkumnych-ukolu-studentu-magisterskeho-studiniho-programu-inzenyrstvi-pevnych-latek-srpen-2025-research-project-defense-of-master-study-program-solid-state-engineering-2025\/\">Obhajoba V\u00fdzkumn\u00fdch \u00fakol\u016f student\u016f magistersk\u00e9ho studijn\u00edho programu In\u017een\u00fdrstv\u00ed pevn\u00fdch l\u00e1tek, srpen 2025 \/ Research Project Defense of Master Study Program Solid State Engineering 2025<\/a> <span class=\"date\">21. 8. 2025<\/span> <span class=\"excerpt-dash\">-<\/span> <span class=\"excerpt\">Obhajoby V\u00da student\u016f magistersk\u00e9ho studia oboru IPL se budou konat ve st\u0159edu 27. srpna 2025 v Semin\u00e1rn\u00ed m\u00edstnosti KIPL T386&hellip; <a class=\"excerpt-more\" href=\"https:\/\/kiplweb.fjfi.cvut.cz\/web\/2025\/08\/21\/obhajoba-vyzkumnych-ukolu-studentu-magisterskeho-studiniho-programu-inzenyrstvi-pevnych-latek-srpen-2025-research-project-defense-of-master-study-program-solid-state-engineering-2025\/\">---><\/a><\/span><\/div><div class=\"listing-item\"><a class=\"image\" href=\"https:\/\/kiplweb.fjfi.cvut.cz\/web\/2025\/08\/21\/obhajoba-dp-a-magisterske-szz-programu-inzenyrstvi-pevnych-latek-zari-2025\/\"><img decoding=\"async\" width=\"300\" height=\"215\" src=\"https:\/\/kiplweb.fjfi.cvut.cz\/web\/wp-content\/uploads\/2021\/07\/SZZ-Bakprace_nahled-300x215.jpg\" class=\"attachment-medium size-medium wp-post-image\" alt=\"\" srcset=\"https:\/\/kiplweb.fjfi.cvut.cz\/web\/wp-content\/uploads\/2021\/07\/SZZ-Bakprace_nahled-300x215.jpg 300w, https:\/\/kiplweb.fjfi.cvut.cz\/web\/wp-content\/uploads\/2021\/07\/SZZ-Bakprace_nahled-16x12.jpg 16w, https:\/\/kiplweb.fjfi.cvut.cz\/web\/wp-content\/uploads\/2021\/07\/SZZ-Bakprace_nahled-230x165.jpg 230w, https:\/\/kiplweb.fjfi.cvut.cz\/web\/wp-content\/uploads\/2021\/07\/SZZ-Bakprace_nahled-350x251.jpg 350w, https:\/\/kiplweb.fjfi.cvut.cz\/web\/wp-content\/uploads\/2021\/07\/SZZ-Bakprace_nahled-480x344.jpg 480w, https:\/\/kiplweb.fjfi.cvut.cz\/web\/wp-content\/uploads\/2021\/07\/SZZ-Bakprace_nahled.jpg 489w\" sizes=\"(max-width: 300px) 100vw, 300px\" \/><\/a> <a class=\"title\" href=\"https:\/\/kiplweb.fjfi.cvut.cz\/web\/2025\/08\/21\/obhajoba-dp-a-magisterske-szz-programu-inzenyrstvi-pevnych-latek-zari-2025\/\">Obhajoba DP a magistersk\u00e9 SZZ programu  In\u017een\u00fdrstv\u00ed pevn\u00fdch l\u00e1tek, z\u00e1\u0159\u00ed 2025<\/a> <span class=\"date\">21. 8. 2025<\/span> <span class=\"excerpt-dash\">-<\/span> <span class=\"excerpt\">Obhajoba DP a SZZ magistersk\u00e9ho studia programu IPL se bude konat v \u00fater\u00fd 26. 8.\u00a0 2025 v Semin\u00e1rn\u00ed m\u00edstnosti\u00a0 T386&hellip; <a class=\"excerpt-more\" href=\"https:\/\/kiplweb.fjfi.cvut.cz\/web\/2025\/08\/21\/obhajoba-dp-a-magisterske-szz-programu-inzenyrstvi-pevnych-latek-zari-2025\/\">---><\/a><\/span><\/div><div class=\"listing-item\"><a class=\"image\" href=\"https:\/\/kiplweb.fjfi.cvut.cz\/web\/2025\/08\/21\/obhajoba-bp-a-bakalarske-szz-programu-fyzikalni-inzenyrstvi-specializace-inzenyrstvi-pevnych-latek-srpen-2025\/\"><img decoding=\"async\" width=\"300\" height=\"215\" src=\"https:\/\/kiplweb.fjfi.cvut.cz\/web\/wp-content\/uploads\/2021\/07\/SZZ-Bakprace_nahled-300x215.jpg\" class=\"attachment-medium size-medium wp-post-image\" alt=\"\" srcset=\"https:\/\/kiplweb.fjfi.cvut.cz\/web\/wp-content\/uploads\/2021\/07\/SZZ-Bakprace_nahled-300x215.jpg 300w, https:\/\/kiplweb.fjfi.cvut.cz\/web\/wp-content\/uploads\/2021\/07\/SZZ-Bakprace_nahled-16x12.jpg 16w, https:\/\/kiplweb.fjfi.cvut.cz\/web\/wp-content\/uploads\/2021\/07\/SZZ-Bakprace_nahled-230x165.jpg 230w, https:\/\/kiplweb.fjfi.cvut.cz\/web\/wp-content\/uploads\/2021\/07\/SZZ-Bakprace_nahled-350x251.jpg 350w, https:\/\/kiplweb.fjfi.cvut.cz\/web\/wp-content\/uploads\/2021\/07\/SZZ-Bakprace_nahled-480x344.jpg 480w, https:\/\/kiplweb.fjfi.cvut.cz\/web\/wp-content\/uploads\/2021\/07\/SZZ-Bakprace_nahled.jpg 489w\" sizes=\"(max-width: 300px) 100vw, 300px\" \/><\/a> <a class=\"title\" href=\"https:\/\/kiplweb.fjfi.cvut.cz\/web\/2025\/08\/21\/obhajoba-bp-a-bakalarske-szz-programu-fyzikalni-inzenyrstvi-specializace-inzenyrstvi-pevnych-latek-srpen-2025\/\">Obhajoba BP a bakal\u00e1\u0159sk\u00e9 SZZ programu Fyzik\u00e1ln\u00ed in\u017een\u00fdrstv\u00ed, specializace In\u017een\u00fdrstv\u00ed pevn\u00fdch l\u00e1tek, srpen 2025<\/a> <span class=\"date\">21. 8. 2025<\/span> <span class=\"excerpt-dash\">-<\/span> <span class=\"excerpt\">Obhajoby BP a SZZ student\u016f bakal\u00e1\u0159sk\u00e9ho studia programu Fyzik\u00e1ln\u00ed in\u017een\u00fdrstv\u00ed, specializace IPL se budou konat v \u00fater\u00fd 26. srpna 2025\u00a0v&hellip; <a class=\"excerpt-more\" href=\"https:\/\/kiplweb.fjfi.cvut.cz\/web\/2025\/08\/21\/obhajoba-bp-a-bakalarske-szz-programu-fyzikalni-inzenyrstvi-specializace-inzenyrstvi-pevnych-latek-srpen-2025\/\">---><\/a><\/span><\/div><div class=\"listing-item\"><a class=\"image\" href=\"https:\/\/kiplweb.fjfi.cvut.cz\/web\/2025\/06\/01\/magisterske-szz-programu-inzenyrstvi-pevnych-latek\/\"><img decoding=\"async\" width=\"300\" height=\"215\" src=\"https:\/\/kiplweb.fjfi.cvut.cz\/web\/wp-content\/uploads\/2021\/07\/SZZ-Bakprace_nahled-300x215.jpg\" class=\"attachment-medium size-medium wp-post-image\" alt=\"\" srcset=\"https:\/\/kiplweb.fjfi.cvut.cz\/web\/wp-content\/uploads\/2021\/07\/SZZ-Bakprace_nahled-300x215.jpg 300w, https:\/\/kiplweb.fjfi.cvut.cz\/web\/wp-content\/uploads\/2021\/07\/SZZ-Bakprace_nahled-16x12.jpg 16w, https:\/\/kiplweb.fjfi.cvut.cz\/web\/wp-content\/uploads\/2021\/07\/SZZ-Bakprace_nahled-230x165.jpg 230w, https:\/\/kiplweb.fjfi.cvut.cz\/web\/wp-content\/uploads\/2021\/07\/SZZ-Bakprace_nahled-350x251.jpg 350w, https:\/\/kiplweb.fjfi.cvut.cz\/web\/wp-content\/uploads\/2021\/07\/SZZ-Bakprace_nahled-480x344.jpg 480w, https:\/\/kiplweb.fjfi.cvut.cz\/web\/wp-content\/uploads\/2021\/07\/SZZ-Bakprace_nahled.jpg 489w\" sizes=\"(max-width: 300px) 100vw, 300px\" \/><\/a> <a class=\"title\" href=\"https:\/\/kiplweb.fjfi.cvut.cz\/web\/2025\/06\/01\/magisterske-szz-programu-inzenyrstvi-pevnych-latek\/\">Magistersk\u00e9 SZZ programu  In\u017een\u00fdrstv\u00ed pevn\u00fdch l\u00e1tek<\/a> <span class=\"date\">1. 6. 2025<\/span> <span class=\"excerpt-dash\">-<\/span> <span class=\"excerpt\">SZZ magistersk\u00e9ho studia programu IPL se budou konat 12. a 13. 6.\u00a0 2025 v Semin\u00e1rn\u00ed m\u00edstnosti\u00a0 T386 Katedry in\u017een\u00fdrstv\u00ed pevn\u00fdch&hellip; <a class=\"excerpt-more\" href=\"https:\/\/kiplweb.fjfi.cvut.cz\/web\/2025\/06\/01\/magisterske-szz-programu-inzenyrstvi-pevnych-latek\/\">---><\/a><\/span><\/div><div class=\"listing-item\"><a class=\"image\" href=\"https:\/\/kiplweb.fjfi.cvut.cz\/web\/2025\/05\/03\/exkurze-v-onsemi-roznov\/\"><img decoding=\"async\" width=\"300\" height=\"225\" src=\"https:\/\/kiplweb.fjfi.cvut.cz\/web\/wp-content\/uploads\/2025\/05\/Obrazek-z-exkurze-OnSemi-1-300x225.jpg\" class=\"attachment-medium size-medium wp-post-image\" alt=\"\" srcset=\"https:\/\/kiplweb.fjfi.cvut.cz\/web\/wp-content\/uploads\/2025\/05\/Obrazek-z-exkurze-OnSemi-1-300x225.jpg 300w, https:\/\/kiplweb.fjfi.cvut.cz\/web\/wp-content\/uploads\/2025\/05\/Obrazek-z-exkurze-OnSemi-1-1024x768.jpg 1024w, https:\/\/kiplweb.fjfi.cvut.cz\/web\/wp-content\/uploads\/2025\/05\/Obrazek-z-exkurze-OnSemi-1-768x576.jpg 768w, https:\/\/kiplweb.fjfi.cvut.cz\/web\/wp-content\/uploads\/2025\/05\/Obrazek-z-exkurze-OnSemi-1-16x12.jpg 16w, https:\/\/kiplweb.fjfi.cvut.cz\/web\/wp-content\/uploads\/2025\/05\/Obrazek-z-exkurze-OnSemi-1-1000x750.jpg 1000w, https:\/\/kiplweb.fjfi.cvut.cz\/web\/wp-content\/uploads\/2025\/05\/Obrazek-z-exkurze-OnSemi-1-230x173.jpg 230w, https:\/\/kiplweb.fjfi.cvut.cz\/web\/wp-content\/uploads\/2025\/05\/Obrazek-z-exkurze-OnSemi-1-350x263.jpg 350w, https:\/\/kiplweb.fjfi.cvut.cz\/web\/wp-content\/uploads\/2025\/05\/Obrazek-z-exkurze-OnSemi-1-480x360.jpg 480w, https:\/\/kiplweb.fjfi.cvut.cz\/web\/wp-content\/uploads\/2025\/05\/Obrazek-z-exkurze-OnSemi-1.jpg 1280w\" sizes=\"(max-width: 300px) 100vw, 300px\" \/><\/a> <a class=\"title\" href=\"https:\/\/kiplweb.fjfi.cvut.cz\/web\/2025\/05\/03\/exkurze-v-onsemi-roznov\/\">Exkurze v onsemi Ro\u017enov<\/a> <span class=\"date\">3. 5. 2025<\/span> <span class=\"excerpt-dash\">-<\/span> <span class=\"excerpt\">Dne 7.4. 2025 prob\u011bhla exkurze student\u016f a pracovn\u00edk\u016f (nejen) KIPLu ve firm\u011b onsemi Ro\u017enov zam\u011b\u0159en\u00e1 na nov\u00e9 technologick\u00e9 z\u00e1zem\u00ed v\u00fdroby&hellip; <a class=\"excerpt-more\" href=\"https:\/\/kiplweb.fjfi.cvut.cz\/web\/2025\/05\/03\/exkurze-v-onsemi-roznov\/\">---><\/a><\/span><\/div><div class=\"listing-item\"><a class=\"title\" href=\"https:\/\/kiplweb.fjfi.cvut.cz\/web\/2025\/04\/28\/14-studentska-vedecka-konference-fyziky-pevnych-latek-fotoniky-a-materialu-s2pam14\/\">14. Studentsk\u00e1 v\u011bdeck\u00e1 konference fyziky pevn\u00fdch l\u00e1tek, fotoniky a materi\u00e1l\u016f S2PAM14<\/a> <span class=\"date\">28. 4. 2025<\/span> <span class=\"excerpt-dash\">-<\/span> <span class=\"excerpt\">Dal\u0161\u00ed ro\u010dn\u00edk \u00fasp\u011b\u0161n\u00e9 konference je tady! Tentokr\u00e1t se na V\u00e1s organiza\u010dn\u00ed v\u00fdbor bude t\u011b\u0161it v kv\u011btnu!!! !! OPRAVA!! Term\u00edn kon\u00e1n\u00ed&hellip; <a class=\"excerpt-more\" href=\"https:\/\/kiplweb.fjfi.cvut.cz\/web\/2025\/04\/28\/14-studentska-vedecka-konference-fyziky-pevnych-latek-fotoniky-a-materialu-s2pam14\/\">---><\/a><\/span><\/div><div class=\"listing-item\"><a class=\"image\" href=\"https:\/\/kiplweb.fjfi.cvut.cz\/web\/2025\/03\/10\/bramborakiada-2025\/\"><img loading=\"lazy\" decoding=\"async\" width=\"208\" height=\"300\" src=\"https:\/\/kiplweb.fjfi.cvut.cz\/web\/wp-content\/uploads\/2025\/03\/letak-bramborakiada2025-1-208x300.jpg\" class=\"attachment-medium size-medium wp-post-image\" alt=\"\" srcset=\"https:\/\/kiplweb.fjfi.cvut.cz\/web\/wp-content\/uploads\/2025\/03\/letak-bramborakiada2025-1-208x300.jpg 208w, https:\/\/kiplweb.fjfi.cvut.cz\/web\/wp-content\/uploads\/2025\/03\/letak-bramborakiada2025-1-709x1024.jpg 709w, https:\/\/kiplweb.fjfi.cvut.cz\/web\/wp-content\/uploads\/2025\/03\/letak-bramborakiada2025-1-8x12.jpg 8w, https:\/\/kiplweb.fjfi.cvut.cz\/web\/wp-content\/uploads\/2025\/03\/letak-bramborakiada2025-1-230x332.jpg 230w, https:\/\/kiplweb.fjfi.cvut.cz\/web\/wp-content\/uploads\/2025\/03\/letak-bramborakiada2025-1-350x506.jpg 350w, https:\/\/kiplweb.fjfi.cvut.cz\/web\/wp-content\/uploads\/2025\/03\/letak-bramborakiada2025-1-480x693.jpg 480w, https:\/\/kiplweb.fjfi.cvut.cz\/web\/wp-content\/uploads\/2025\/03\/letak-bramborakiada2025-1.jpg 720w\" sizes=\"(max-width: 208px) 100vw, 208px\" \/><\/a> <a class=\"title\" href=\"https:\/\/kiplweb.fjfi.cvut.cz\/web\/2025\/03\/10\/bramborakiada-2025\/\">Brambor\u00e1ki\u00e1da 2025<\/a> <span class=\"date\">10. 3. 2025<\/span> <span class=\"excerpt-dash\">-<\/span> <span class=\"excerpt\"> <a class=\"excerpt-more\" href=\"https:\/\/kiplweb.fjfi.cvut.cz\/web\/2025\/03\/10\/bramborakiada-2025\/\">---><\/a><\/span><\/div><div class=\"listing-item\"><a class=\"image\" href=\"https:\/\/kiplweb.fjfi.cvut.cz\/web\/2025\/01\/15\/magisterske-szz-programu-inzenyrstvi-pevnych-latek-srpen-2024-2\/\"><img decoding=\"async\" width=\"300\" height=\"215\" src=\"https:\/\/kiplweb.fjfi.cvut.cz\/web\/wp-content\/uploads\/2021\/07\/SZZ-Bakprace_nahled-300x215.jpg\" class=\"attachment-medium size-medium wp-post-image\" alt=\"\" srcset=\"https:\/\/kiplweb.fjfi.cvut.cz\/web\/wp-content\/uploads\/2021\/07\/SZZ-Bakprace_nahled-300x215.jpg 300w, https:\/\/kiplweb.fjfi.cvut.cz\/web\/wp-content\/uploads\/2021\/07\/SZZ-Bakprace_nahled-16x12.jpg 16w, https:\/\/kiplweb.fjfi.cvut.cz\/web\/wp-content\/uploads\/2021\/07\/SZZ-Bakprace_nahled-230x165.jpg 230w, https:\/\/kiplweb.fjfi.cvut.cz\/web\/wp-content\/uploads\/2021\/07\/SZZ-Bakprace_nahled-350x251.jpg 350w, https:\/\/kiplweb.fjfi.cvut.cz\/web\/wp-content\/uploads\/2021\/07\/SZZ-Bakprace_nahled-480x344.jpg 480w, https:\/\/kiplweb.fjfi.cvut.cz\/web\/wp-content\/uploads\/2021\/07\/SZZ-Bakprace_nahled.jpg 489w\" sizes=\"(max-width: 300px) 100vw, 300px\" \/><\/a> <a class=\"title\" href=\"https:\/\/kiplweb.fjfi.cvut.cz\/web\/2025\/01\/15\/magisterske-szz-programu-inzenyrstvi-pevnych-latek-srpen-2024-2\/\">Magistersk\u00e9 SZZ programu  In\u017een\u00fdrstv\u00ed pevn\u00fdch l\u00e1tek<\/a> <span class=\"date\">15. 1. 2025<\/span> <span class=\"excerpt-dash\">-<\/span> <span class=\"excerpt\">SZZ magistersk\u00e9ho studia programu Fyzik\u00e1ln\u00ed in\u017een\u00fdrstv\u00ed, specializace IPL se budou konat ve \u00fater\u00fd 28. ledna 2025 v Semin\u00e1rn\u00ed m\u00edstnosti\u00a0 T386&hellip; <a class=\"excerpt-more\" href=\"https:\/\/kiplweb.fjfi.cvut.cz\/web\/2025\/01\/15\/magisterske-szz-programu-inzenyrstvi-pevnych-latek-srpen-2024-2\/\">---><\/a><\/span><\/div><\/div><\/div>\n\t\t\t\t<\/div>\n\t\t\t\t<\/div>\n\t\t\t\t\t<\/div>\n\t\t<\/div>\n\t\t\t\t\t<\/div>\n\t\t<\/section>\n\t\t\t\t\t<\/div>\n\t\t<\/div>\n\t\t\t\t\t<\/div>\n\t\t<\/section>\n\t\t\t\t<section class=\"elementor-section elementor-top-section elementor-element elementor-element-d91bf93 elementor-section-boxed elementor-section-height-default elementor-section-height-default\" data-id=\"d91bf93\" data-element_type=\"section\">\n\t\t\t\t\t\t<div class=\"elementor-container elementor-column-gap-default\">\n\t\t\t\t\t<div class=\"elementor-column elementor-col-100 elementor-top-column elementor-element elementor-element-72b5fa2\" data-id=\"72b5fa2\" data-element_type=\"column\">\n\t\t\t<div class=\"elementor-widget-wrap elementor-element-populated\">\n\t\t\t\t\t\t<div class=\"elementor-element elementor-element-ae59700 elementor-widget elementor-widget-shortcode\" data-id=\"ae59700\" data-element_type=\"widget\" data-widget_type=\"shortcode.default\">\n\t\t\t\t<div class=\"elementor-widget-container\">\n\t\t\t\t\t<div class=\"elementor-shortcode\"><h2 class=\"display-posts-title\">V\u0161echny zpr\u00e1vy<\/h2>\n<ul class=\"display-posts-listing\"><li class=\"listing-item\"><a class=\"title\" href=\"https:\/\/kiplweb.fjfi.cvut.cz\/web\/2025\/08\/21\/obhajoba-vyzkumnych-ukolu-studentu-magisterskeho-studiniho-programu-inzenyrstvi-pevnych-latek-srpen-2025-research-project-defense-of-master-study-program-solid-state-engineering-2025\/\">Obhajoba V\u00fdzkumn\u00fdch \u00fakol\u016f student\u016f magistersk\u00e9ho studijn\u00edho programu In\u017een\u00fdrstv\u00ed pevn\u00fdch l\u00e1tek, srpen 2025 \/ Research Project Defense of Master Study Program Solid State Engineering 2025<\/a> <span class=\"date\">21 srpna, 2025<\/span> <span class=\"excerpt-dash\">-<\/span> <span class=\"excerpt\">Obhajoby V\u00da student\u016f magistersk\u00e9ho studia oboru IPL se budou konat ve st\u0159edu 27. srpna 2025&hellip; <span class=\"excerpt-more\"><\/span><\/span><\/li><li class=\"listing-item\"><a class=\"title\" href=\"https:\/\/kiplweb.fjfi.cvut.cz\/web\/2025\/08\/21\/obhajoba-dp-a-magisterske-szz-programu-inzenyrstvi-pevnych-latek-zari-2025\/\">Obhajoba DP a magistersk\u00e9 SZZ programu  In\u017een\u00fdrstv\u00ed pevn\u00fdch l\u00e1tek, z\u00e1\u0159\u00ed 2025<\/a> <span class=\"date\">21 srpna, 2025<\/span> <span class=\"excerpt-dash\">-<\/span> <span class=\"excerpt\">Obhajoba DP a SZZ magistersk\u00e9ho studia programu IPL se bude konat v \u00fater\u00fd 26. 8.\u00a0&hellip; <span class=\"excerpt-more\"><\/span><\/span><\/li><li class=\"listing-item\"><a class=\"title\" href=\"https:\/\/kiplweb.fjfi.cvut.cz\/web\/2025\/08\/21\/obhajoba-bp-a-bakalarske-szz-programu-fyzikalni-inzenyrstvi-specializace-inzenyrstvi-pevnych-latek-srpen-2025\/\">Obhajoba BP a bakal\u00e1\u0159sk\u00e9 SZZ programu Fyzik\u00e1ln\u00ed in\u017een\u00fdrstv\u00ed, specializace In\u017een\u00fdrstv\u00ed pevn\u00fdch l\u00e1tek, srpen 2025<\/a> <span class=\"date\">21 srpna, 2025<\/span> <span class=\"excerpt-dash\">-<\/span> <span class=\"excerpt\">Obhajoby BP a SZZ student\u016f bakal\u00e1\u0159sk\u00e9ho studia programu Fyzik\u00e1ln\u00ed in\u017een\u00fdrstv\u00ed, specializace IPL se budou konat&hellip; <span class=\"excerpt-more\"><\/span><\/span><\/li><li class=\"listing-item\"><a class=\"title\" href=\"https:\/\/kiplweb.fjfi.cvut.cz\/web\/2025\/06\/01\/magisterske-szz-programu-inzenyrstvi-pevnych-latek\/\">Magistersk\u00e9 SZZ programu  In\u017een\u00fdrstv\u00ed pevn\u00fdch l\u00e1tek<\/a> <span class=\"date\">1 \u010dervna, 2025<\/span> <span class=\"excerpt-dash\">-<\/span> <span class=\"excerpt\">SZZ magistersk\u00e9ho studia programu IPL se budou konat 12. a 13. 6.\u00a0 2025 v Semin\u00e1rn\u00ed&hellip; <span class=\"excerpt-more\"><\/span><\/span><\/li><li class=\"listing-item\"><a class=\"title\" href=\"https:\/\/kiplweb.fjfi.cvut.cz\/web\/2025\/05\/03\/exkurze-v-onsemi-roznov\/\">Exkurze v onsemi Ro\u017enov<\/a> <span class=\"date\">3 kv\u011btna, 2025<\/span> <span class=\"excerpt-dash\">-<\/span> <span class=\"excerpt\">Dne 7.4. 2025 prob\u011bhla exkurze student\u016f a pracovn\u00edk\u016f (nejen) KIPLu ve firm\u011b onsemi Ro\u017enov zam\u011b\u0159en\u00e1&hellip; <span class=\"excerpt-more\"><\/span><\/span><\/li><li class=\"listing-item\"><a class=\"title\" href=\"https:\/\/kiplweb.fjfi.cvut.cz\/web\/2025\/04\/28\/14-studentska-vedecka-konference-fyziky-pevnych-latek-fotoniky-a-materialu-s2pam14\/\">14. Studentsk\u00e1 v\u011bdeck\u00e1 konference fyziky pevn\u00fdch l\u00e1tek, fotoniky a materi\u00e1l\u016f S2PAM14<\/a> <span class=\"date\">28 dubna, 2025<\/span> <span class=\"excerpt-dash\">-<\/span> <span class=\"excerpt\">Dal\u0161\u00ed ro\u010dn\u00edk \u00fasp\u011b\u0161n\u00e9 konference je tady! Tentokr\u00e1t se na V\u00e1s organiza\u010dn\u00ed v\u00fdbor bude t\u011b\u0161it v&hellip; <span class=\"excerpt-more\"><\/span><\/span><\/li><li class=\"listing-item\"><a class=\"title\" href=\"https:\/\/kiplweb.fjfi.cvut.cz\/web\/2025\/03\/10\/bramborakiada-2025\/\">Brambor\u00e1ki\u00e1da 2025<\/a> <span class=\"date\">10 b\u0159ezna, 2025<\/span> <span class=\"excerpt-dash\">-<\/span> <span class=\"excerpt\"> <span class=\"excerpt-more\"><\/span><\/span><\/li><li class=\"listing-item\"><a class=\"title\" href=\"https:\/\/kiplweb.fjfi.cvut.cz\/web\/2025\/01\/15\/magisterske-szz-programu-inzenyrstvi-pevnych-latek-srpen-2024-2\/\">Magistersk\u00e9 SZZ programu  In\u017een\u00fdrstv\u00ed pevn\u00fdch l\u00e1tek<\/a> <span class=\"date\">15 ledna, 2025<\/span> <span class=\"excerpt-dash\">-<\/span> <span class=\"excerpt\">SZZ magistersk\u00e9ho studia programu Fyzik\u00e1ln\u00ed in\u017een\u00fdrstv\u00ed, specializace IPL se budou konat ve \u00fater\u00fd 28. ledna&hellip; <span class=\"excerpt-more\"><\/span><\/span><\/li><li class=\"listing-item\"><a class=\"title\" href=\"https:\/\/kiplweb.fjfi.cvut.cz\/web\/2024\/07\/08\/magisterske-szz-programu-inzenyrstvi-pevnych-latek-srpen-2024\/\">Magistersk\u00e9 SZZ programu  In\u017een\u00fdrstv\u00ed pevn\u00fdch l\u00e1tek, srpen 2024<\/a> <span class=\"date\">8 \u010dervence, 2024<\/span> <span class=\"excerpt-dash\">-<\/span> <span class=\"excerpt\">SZZ magistersk\u00e9ho studia programu Fyzik\u00e1ln\u00ed in\u017een\u00fdrstv\u00ed, specializace IPL se budou konat ve st\u0159edu 28. srpna&hellip; <span class=\"excerpt-more\"><\/span><\/span><\/li><li class=\"listing-item\"><a class=\"title\" href=\"https:\/\/kiplweb.fjfi.cvut.cz\/web\/2024\/06\/17\/obhajoba-vyzkumnych-ukolu-studentu-magisterskeho-studiniho-programu-inzenyrstvi-pevnych-latek-srpen-2024\/\">Obhajoba V\u00fdzkumn\u00fdch \u00fakol\u016f student\u016f magistersk\u00e9ho studin\u00edho programu In\u017een\u00fdrstv\u00ed pevn\u00fdch l\u00e1tek, srpen 2024<\/a> <span class=\"date\">17 \u010dervna, 2024<\/span> <span class=\"excerpt-dash\">-<\/span> <span class=\"excerpt\">Obhajoby V\u00da student\u016f magistersk\u00e9ho studia oboru IPL se budou konat ve \u010dtvrtek 29. srpna 2024&hellip; <span class=\"excerpt-more\"><\/span><\/span><\/li><\/ul>\n<\/div>\n\t\t\t\t<\/div>\n\t\t\t\t<\/div>\n\t\t\t\t\t<\/div>\n\t\t<\/div>\n\t\t\t\t\t<\/div>\n\t\t<\/section>\n\t\t\t\t<\/div>\n\t\t","protected":false},"excerpt":{"rendered":"<p>Aktuality<\/p>\n","protected":false},"author":2,"featured_media":300,"parent":0,"menu_order":0,"comment_status":"closed","ping_status":"closed","template":"elementor_header_footer","meta":{"footnotes":""},"folder":[],"class_list":["post-39","page","type-page","status-publish","has-post-thumbnail","hentry"],"_links":{"self":[{"href":"https:\/\/kiplweb.fjfi.cvut.cz\/web\/wp-json\/wp\/v2\/pages\/39","targetHints":{"allow":["GET"]}}],"collection":[{"href":"https:\/\/kiplweb.fjfi.cvut.cz\/web\/wp-json\/wp\/v2\/pages"}],"about":[{"href":"https:\/\/kiplweb.fjfi.cvut.cz\/web\/wp-json\/wp\/v2\/types\/page"}],"author":[{"embeddable":true,"href":"https:\/\/kiplweb.fjfi.cvut.cz\/web\/wp-json\/wp\/v2\/users\/2"}],"replies":[{"embeddable":true,"href":"https:\/\/kiplweb.fjfi.cvut.cz\/web\/wp-json\/wp\/v2\/comments?post=39"}],"version-history":[{"count":38,"href":"https:\/\/kiplweb.fjfi.cvut.cz\/web\/wp-json\/wp\/v2\/pages\/39\/revisions"}],"predecessor-version":[{"id":3971,"href":"https:\/\/kiplweb.fjfi.cvut.cz\/web\/wp-json\/wp\/v2\/pages\/39\/revisions\/3971"}],"wp:featuredmedia":[{"embeddable":true,"href":"https:\/\/kiplweb.fjfi.cvut.cz\/web\/wp-json\/wp\/v2\/media\/300"}],"wp:attachment":[{"href":"https:\/\/kiplweb.fjfi.cvut.cz\/web\/wp-json\/wp\/v2\/media?parent=39"}],"wp:term":[{"taxonomy":"folder","embeddable":true,"href":"https:\/\/kiplweb.fjfi.cvut.cz\/web\/wp-json\/wp\/v2\/folder?post=39"}],"curies":[{"name":"wp","href":"https:\/\/api.w.org\/{rel}","templated":true}]}}