{"id":3614,"date":"2021-03-17T09:41:24","date_gmt":"2021-03-17T08:41:24","guid":{"rendered":"https:\/\/kiplweb.fjfi.cvut.cz\/wordpress\/?page_id=3614"},"modified":"2026-02-15T19:50:33","modified_gmt":"2026-02-15T18:50:33","slug":"granty","status":"publish","type":"page","link":"https:\/\/kiplweb.fjfi.cvut.cz\/web\/granty\/","title":{"rendered":"Granty"},"content":{"rendered":"\t\t<div data-elementor-type=\"wp-page\" data-elementor-id=\"3614\" class=\"elementor elementor-3614\">\n\t\t\t\t\t\t<section class=\"elementor-section elementor-top-section elementor-element elementor-element-d442a7c elementor-section-boxed elementor-section-height-default elementor-section-height-default\" data-id=\"d442a7c\" data-element_type=\"section\">\n\t\t\t\t\t\t<div class=\"elementor-container elementor-column-gap-default\">\n\t\t\t\t\t<div class=\"elementor-column elementor-col-100 elementor-top-column elementor-element elementor-element-df67519\" data-id=\"df67519\" data-element_type=\"column\">\n\t\t\t<div class=\"elementor-widget-wrap elementor-element-populated\">\n\t\t\t\t\t\t<div class=\"elementor-element elementor-element-1c661c9 elementor-widget-divider--view-line elementor-widget elementor-widget-divider\" data-id=\"1c661c9\" data-element_type=\"widget\" data-widget_type=\"divider.default\">\n\t\t\t\t<div class=\"elementor-widget-container\">\n\t\t\t\t\t<div class=\"elementor-divider\">\n\t\t\t<span class=\"elementor-divider-separator\">\n\t\t\t\t\t\t<\/span>\n\t\t<\/div>\n\t\t\t\t<\/div>\n\t\t\t\t<\/div>\n\t\t\t\t\t<\/div>\n\t\t<\/div>\n\t\t\t\t\t<\/div>\n\t\t<\/section>\n\t\t\t\t<section class=\"elementor-section elementor-top-section elementor-element elementor-element-8bc324c elementor-section-boxed elementor-section-height-default elementor-section-height-default\" data-id=\"8bc324c\" data-element_type=\"section\">\n\t\t\t\t\t\t<div class=\"elementor-container elementor-column-gap-default\">\n\t\t\t\t\t<div class=\"elementor-column elementor-col-100 elementor-top-column elementor-element elementor-element-2f5ed09\" data-id=\"2f5ed09\" data-element_type=\"column\">\n\t\t\t<div class=\"elementor-widget-wrap elementor-element-populated\">\n\t\t\t\t\t\t<div class=\"elementor-element elementor-element-e1e54c0 elementor-widget elementor-widget-text-editor\" data-id=\"e1e54c0\" data-element_type=\"widget\" data-widget_type=\"text-editor.default\">\n\t\t\t\t<div class=\"elementor-widget-container\">\n\t\t\t\t\t\t\t<h4>Opera\u010dn\u00ed program Jan Amos Komensk\u00fd (OP JAK)<\/h4><div class=\"tabs\"><strong>Prob\u00edhaj\u00edc\u00ed:<\/strong><\/div><div class=\"region region-content\"><div id=\"block-system-main\" class=\"block block-system\"><div class=\"content\"><div id=\"node-205\" class=\"node node-page clearfix\"><div class=\"content\"><div class=\"field field-name-body field-type-text-with-summary field-label-hidden\"><div class=\"field-items\"><div class=\"field-item even\"><ul><li>Grant <strong>CZ.02.01.01\/00\/23_021\/0009004 &#8222;FerrMion: Feroick\u00e9 multifunkcionality&#8220;<\/strong> (2024\u20132028) \u0159e\u0161en\u00fd konsorciem pod veden\u00edm <span data-processed=\"true\"><a class=\"H23r4e\" href=\"https:\/\/www.it.cas.cz\/7884-2\/\" target=\"_blank\" rel=\"noopener\" data-sb=\"\/url?sa=i&amp;source=web&amp;rct=j&amp;url=https:\/\/www.it.cas.cz\/7884-2\/&amp;ved=2ahUKEwjZq-CsjtySAxWo9LsIHaCgBkUQy_kOegQIARAC&amp;opi=89978449&amp;cd&amp;psig=AOvVaw1z4cebmW_ecIs7_QPXwycg&amp;ust=1771266045343000\" data-processed=\"true\">\u00dastavu termomechaniky AV \u010cR<\/a><\/span> (ve spolupr\u00e1ci s \u00daJF, FZU, MFF UK, FJFI \u010cVUT). Anotace: projekt je zam\u011b\u0159en na je \u0161pi\u010dkov\u00fd v\u011bdeck\u00fd v\u00fdzkum zam\u011b\u0159en\u00fd na v\u00fdvoj pokro\u010dil\u00fdch materi\u00e1l\u016f s jedine\u010dn\u00fdmi elektrick\u00fdmi, magnetick\u00fdmi a mechanick\u00fdmi vlastnostmi (feroelastick\u00e9 slitiny a multiferoika) pro aplikace v energetice, robotice a l\u00e9ka\u0159stv\u00ed.\u00a0<\/li><\/ul><\/div><\/div><\/div><\/div><\/div><\/div><\/div><\/div>\t\t\t\t\t\t<\/div>\n\t\t\t\t<\/div>\n\t\t\t\t<div class=\"elementor-element elementor-element-8a08d80 elementor-widget elementor-widget-text-editor\" data-id=\"8a08d80\" data-element_type=\"widget\" data-widget_type=\"text-editor.default\">\n\t\t\t\t<div class=\"elementor-widget-container\">\n\t\t\t\t\t\t\t<h4><strong>Opera\u010dn\u00ed program Technologie a Aplikace pro Konkurenceschopnost (OP TAK)<\/strong><\/h4><div class=\"tabs\"><strong>Prob\u00edhaj\u00edc\u00ed:<\/strong><\/div><div class=\"region region-content\"><div id=\"block-system-main\" class=\"block block-system\"><div class=\"content\"><div id=\"node-205\" class=\"node node-page clearfix\"><div class=\"content\"><div class=\"field field-name-body field-type-text-with-summary field-label-hidden\"><div class=\"field-items\"><div class=\"field-item even\"><ul><li>Grant <strong>CZ.01.01.01\/01\/24_063\/0006143 &#8222;Vysokoteplotn\u00ed supravodiv\u00e9 materi\u00e1ly nejen pro udr\u017eitelnou energetiku&#8220;. <\/strong>P\u0159\u00edjemce\u00a0 <a href=\"https:\/\/www.can-superconductors.com\/\">CAN Superconductors, s.r.o<\/a>., spolu\u0159e\u0161itel\u00e9 Noivion Coating, s.r.o. a KIPL FJFI \u010cVUT v Praze, doba \u0159e\u0161en\u00ed 1. 7. 2025 &#8211; 30.6. 2028. Anotace: Projekt c\u00edl\u00ed prim\u00e1rn\u011b do oblasti v\u00fdzkumu a v\u00fdvoje pokro\u010dil\u00fdch materi\u00e1l\u016f \u2013 supravodi\u010d\u016f a podstatn\u011b rozv\u00edj\u00ed Strategick\u00e9 t\u00e9ma DS01VVI20 Nov\u00e9 pokro\u010dil\u00e9 nekovov\u00e9 materi\u00e1ly pro pr\u016fmyslov\u00e9 a spot\u0159ebn\u00ed u\u017eit\u00ed strategie NRIS3 a kl\u00ed\u010dov\u00e9 technologie DS01KET02, DS01KET03. Projekt z\u00e1sadn\u011b posouv\u00e1 hranice pozn\u00e1n\u00ed v oblasti Deep tech Pokro\u010dil\u00e9 materi\u00e1ly a Udr\u017eiteln\u00e1 energie a \u010dist\u00e9 technologie \u2013 cirkul\u00e1rn\u00ed v\u00fdroba.<\/li><li>\u00a0Grant <strong>CZ.01.01.01\/08\/25_079\/0008375 &#8222;Pr\u016fmyslov\u00fd syst\u00e9m pro nan\u00e1\u0161en\u00ed nanovrstev &#8211; ov\u011b\u0159en\u00ed technologie v provozn\u00edch podm\u00ednk\u00e1ch&#8220;<\/strong>. P\u0159\u00edjemce <a href=\"https:\/\/noivion.com\/\">Noivion Coating s.r.o<\/a>., spolu\u0159e\u0161itel KIPL FJFI \u010cVUT v Praze, doba \u0159e\u0161en\u00ed 1.9.2025 &#8211; 30.6. 2027. Anotace: Projekt se zam\u011b\u0159uje na testov\u00e1n\u00ed a validaci fin\u00e1ln\u00edho prototypu stroje &#8211; univerz\u00e1ln\u00edho syst\u00e9mu pro nan\u00e1\u0161en\u00ed nanovrstev v provozn\u00edch podm\u00ednk\u00e1ch. Syst\u00e9m vyu\u017e\u00edv\u00e1 inovativn\u00ed propriet\u00e1rn\u00ed technologii depozice tenk\u00fdch vrstev materi\u00e1l\u016f, konkr\u00e9tn\u011b metody Ionized Jet Deposition (IJD), s c\u00edlem komercionalizace prototypu, tj. komer\u010dn\u00ed produkce pr\u016fmyslov\u00fdch stroj\u016f \u2013 syst\u00e9m\u016f pro nan\u00e1\u0161en\u00ed prakticky libovoln\u00fdch nanovrstev.<\/li><\/ul><\/div><\/div><\/div><\/div><\/div><\/div><\/div><\/div>\t\t\t\t\t\t<\/div>\n\t\t\t\t<\/div>\n\t\t\t\t<div class=\"elementor-element elementor-element-8552675 elementor-widget elementor-widget-text-editor\" data-id=\"8552675\" data-element_type=\"widget\" data-widget_type=\"text-editor.default\">\n\t\t\t\t<div class=\"elementor-widget-container\">\n\t\t\t\t\t\t\t<h4><strong>Projekty Studentsk\u00e9 grantov\u00e9 sout\u011b\u017ee \u010cVUT (SGS) \u0159e\u0161en\u00e9 na\u00a0 KIPL<\/strong><\/h4><div class=\"tabs\"><strong>Prob\u00edhaj\u00edc\u00ed:<\/strong><\/div><div class=\"region region-content\"><div id=\"block-system-main\" class=\"block block-system\"><div class=\"content\"><div id=\"node-205\" class=\"node node-page clearfix\"><div class=\"content\"><div class=\"field field-name-body field-type-text-with-summary field-label-hidden\"><div class=\"field-items\"><div class=\"field-item even\"><ul><li>Grant\u00a0<strong>SGS16\/245\/OHK4\/3T\/14 <\/strong>(Vysoce strukturn\u011b organizovan\u00e9 materi\u00e1ly pro pokro\u010dil\u00e9 aplikace)<\/li><li>Grant <strong><span class=\"bold\">SGS24\/146\/OHK4\/3T\/14 <\/span><\/strong>(Teoretick\u00fd popis materi\u00e1l\u016f ab-initio metodou)<\/li><li>Grant <strong>SGS25\/166\/OHK4\/3T\/14<\/strong> (P\u0159\u00edprava a vlastnosti nov\u00fdch dielektrick\u00fdch a polovodi\u010dov\u00fdch vrstev perspekivn\u00edch pro aplikace)<\/li><li>Grant <strong>SGS25\/167\/OHK4\/3T\/14<\/strong> (<span class=\"bold\">Kvantov\u00e9 modely pro dynamick\u00e9 rozhodov\u00e1n\u00ed)<\/span><\/li><\/ul><p><strong>Ukon\u010den\u00e9:<\/strong><\/p><ul><li>Grant\u00a0SGS13\/219\/OHK4\/3T\/14<br \/>(Vysoce strukturn\u011b organizovan\u00e9 materi\u00e1ly pro pokro\u010dil\u00e9 aplikace)<\/li><li>Grant SGS13\/218\/OHK4\/3T\/14<br \/>(P\u0159\u00edprava a vlastnosti nov\u00fdch dielektrick\u00fdch a polovodi\u010dov\u00fdch materi\u00e1l\u016f a struktur perspektivn\u00edch pro aplikace)<\/li><li>Grant SGS10\/296\/OHK4\/3T\/14<br \/>(Vysoce strukturn\u011b organizovan\u00e9 materi\u00e1ly pro pokro\u010dil\u00e9 aplikace)<\/li><li>Grant SGS10\/297\/OHK4\/3T\/14<br \/>(P\u0159\u00edprava a vlastnosti nov\u00fdch dielektrick\u00fdch a polovodi\u010dov\u00fdch materi\u00e1l\u016f a struktur perspektivn\u00edch pro aplikace)<\/li><\/ul><\/div><\/div><\/div><\/div><\/div><\/div><\/div><\/div>\t\t\t\t\t\t<\/div>\n\t\t\t\t<\/div>\n\t\t\t\t<div class=\"elementor-element elementor-element-dd580c3 elementor-widget-divider--view-line elementor-widget elementor-widget-divider\" data-id=\"dd580c3\" data-element_type=\"widget\" data-widget_type=\"divider.default\">\n\t\t\t\t<div class=\"elementor-widget-container\">\n\t\t\t\t\t<div class=\"elementor-divider\">\n\t\t\t<span class=\"elementor-divider-separator\">\n\t\t\t\t\t\t<\/span>\n\t\t<\/div>\n\t\t\t\t<\/div>\n\t\t\t\t<\/div>\n\t\t\t\t\t<\/div>\n\t\t<\/div>\n\t\t\t\t\t<\/div>\n\t\t<\/section>\n\t\t\t\t<\/div>\n\t\t","protected":false},"excerpt":{"rendered":"<p>Opera\u010dn\u00ed program Jan Amos Komensk\u00fd (OP JAK) Prob\u00edhaj\u00edc\u00ed: Grant CZ.02.01.01\/00\/23_021\/0009004 &#8222;FerrMion: Feroick\u00e9 multifunkcionality&#8220; (2024\u20132028) \u0159e\u0161en\u00fd konsorciem pod veden\u00edm \u00dastavu termomechaniky AV \u010cR (ve spolupr\u00e1ci s \u00daJF, FZU, MFF UK, FJFI \u010cVUT). Anotace: projekt je zam\u011b\u0159en na je \u0161pi\u010dkov\u00fd v\u011bdeck\u00fd v\u00fdzkum [&hellip;]<\/p>\n","protected":false},"author":3,"featured_media":0,"parent":0,"menu_order":0,"comment_status":"closed","ping_status":"closed","template":"elementor_header_footer","meta":{"footnotes":""},"folder":[46],"class_list":["post-3614","page","type-page","status-publish","hentry"],"_links":{"self":[{"href":"https:\/\/kiplweb.fjfi.cvut.cz\/web\/wp-json\/wp\/v2\/pages\/3614","targetHints":{"allow":["GET"]}}],"collection":[{"href":"https:\/\/kiplweb.fjfi.cvut.cz\/web\/wp-json\/wp\/v2\/pages"}],"about":[{"href":"https:\/\/kiplweb.fjfi.cvut.cz\/web\/wp-json\/wp\/v2\/types\/page"}],"author":[{"embeddable":true,"href":"https:\/\/kiplweb.fjfi.cvut.cz\/web\/wp-json\/wp\/v2\/users\/3"}],"replies":[{"embeddable":true,"href":"https:\/\/kiplweb.fjfi.cvut.cz\/web\/wp-json\/wp\/v2\/comments?post=3614"}],"version-history":[{"count":16,"href":"https:\/\/kiplweb.fjfi.cvut.cz\/web\/wp-json\/wp\/v2\/pages\/3614\/revisions"}],"predecessor-version":[{"id":6639,"href":"https:\/\/kiplweb.fjfi.cvut.cz\/web\/wp-json\/wp\/v2\/pages\/3614\/revisions\/6639"}],"wp:attachment":[{"href":"https:\/\/kiplweb.fjfi.cvut.cz\/web\/wp-json\/wp\/v2\/media?parent=3614"}],"wp:term":[{"taxonomy":"folder","embeddable":true,"href":"https:\/\/kiplweb.fjfi.cvut.cz\/web\/wp-json\/wp\/v2\/folder?post=3614"}],"curies":[{"name":"wp","href":"https:\/\/api.w.org\/{rel}","templated":true}]}}