{"id":3289,"date":"2021-03-03T09:44:24","date_gmt":"2021-03-03T08:44:24","guid":{"rendered":"https:\/\/kiplweb.fjfi.cvut.cz\/wordpress\/?page_id=3289"},"modified":"2021-03-05T12:06:34","modified_gmt":"2021-03-05T11:06:34","slug":"souteze-3d-kalendare","status":"publish","type":"page","link":"https:\/\/kiplweb.fjfi.cvut.cz\/web\/souteze-3d-kalendare\/","title":{"rendered":"Sout\u011b\u017ee &#8211; 3D kalend\u00e1\u0159e"},"content":{"rendered":"\t\t<div data-elementor-type=\"wp-page\" data-elementor-id=\"3289\" class=\"elementor elementor-3289\">\n\t\t\t\t\t\t<section class=\"elementor-section elementor-top-section elementor-element elementor-element-e983a75 elementor-section-boxed elementor-section-height-default elementor-section-height-default\" data-id=\"e983a75\" data-element_type=\"section\">\n\t\t\t\t\t\t<div class=\"elementor-container elementor-column-gap-default\">\n\t\t\t\t\t<div class=\"elementor-column elementor-col-50 elementor-top-column elementor-element elementor-element-a491950\" data-id=\"a491950\" data-element_type=\"column\">\n\t\t\t<div class=\"elementor-widget-wrap elementor-element-populated\">\n\t\t\t\t\t\t<div class=\"elementor-element elementor-element-9a1445a elementor-widget elementor-widget-heading\" data-id=\"9a1445a\" data-element_type=\"widget\" data-widget_type=\"heading.default\">\n\t\t\t\t<div class=\"elementor-widget-container\">\n\t\t\t<h4 class=\"elementor-heading-title elementor-size-default\"><big style=\"color: rgb(0, 0, 0); font-family: Verdana, Arial, Helvetica, sans-serif; font-weight: 400; text-align: center; white-space: normal;\"><big><strong>3D kalend\u00e1\u0159e<\/strong><\/big><\/big><\/h4>\t\t<\/div>\n\t\t\t\t<\/div>\n\t\t\t\t<div class=\"elementor-element elementor-element-e65b70c elementor-widget__width-initial elementor-widget elementor-widget-text-editor\" data-id=\"e65b70c\" data-element_type=\"widget\" data-widget_type=\"text-editor.default\">\n\t\t\t\t<div class=\"elementor-widget-container\">\n\t\t\t\t\t\t\t<h3><a href=\"https:\/\/kiplweb.fjfi.cvut.cz\/wordpress\/zajac\/\">doc. Ing. \u0160tefan Zajac, CSc.<\/a><\/h3>\t\t\t\t\t\t<\/div>\n\t\t\t\t<\/div>\n\t\t\t\t\t<\/div>\n\t\t<\/div>\n\t\t\t\t<div class=\"elementor-column elementor-col-50 elementor-top-column elementor-element elementor-element-649ae6b\" data-id=\"649ae6b\" data-element_type=\"column\">\n\t\t\t<div class=\"elementor-widget-wrap elementor-element-populated\">\n\t\t\t\t\t\t<div class=\"elementor-element elementor-element-2aafa9a elementor-widget elementor-widget-heading\" data-id=\"2aafa9a\" data-element_type=\"widget\" data-widget_type=\"heading.default\">\n\t\t\t\t<div class=\"elementor-widget-container\">\n\t\t\t<h6 class=\"elementor-heading-title elementor-size-default\">3D kalend\u00e1\u0159e - rok 2021<\/h6>\t\t<\/div>\n\t\t\t\t<\/div>\n\t\t\t\t<div class=\"elementor-element elementor-element-136d02b elementor-widget-divider--view-line elementor-widget elementor-widget-divider\" data-id=\"136d02b\" data-element_type=\"widget\" data-widget_type=\"divider.default\">\n\t\t\t\t<div class=\"elementor-widget-container\">\n\t\t\t\t\t<div class=\"elementor-divider\">\n\t\t\t<span class=\"elementor-divider-separator\">\n\t\t\t\t\t\t<\/span>\n\t\t<\/div>\n\t\t\t\t<\/div>\n\t\t\t\t<\/div>\n\t\t\t\t<div class=\"elementor-element elementor-element-aaf5f52 elementor-widget elementor-widget-text-editor\" data-id=\"aaf5f52\" data-element_type=\"widget\" data-widget_type=\"text-editor.default\">\n\t\t\t\t<div class=\"elementor-widget-container\">\n\t\t\t\t\t\t\t<ol><li><span style=\"color: #000000;\"><strong>&#8211;&gt; \u00davod<\/strong><\/span><\/li><li><span style=\"color: #336699;\"><a style=\"color: #336699;\" href=\"https:\/\/kiplweb.fjfi.cvut.cz\/wordpress\/wp-content\/uploads\/2021\/03\/calendar2021-MU-cz.pdf\"><strong>\u0160ablony 3D kalend\u00e1\u0159\u016f 2021 (CZ)<\/strong><\/a><\/span><\/li><li><span style=\"color: #336699;\"><a style=\"color: #336699;\" href=\"https:\/\/kiplweb.fjfi.cvut.cz\/wordpress\/wp-content\/uploads\/2021\/03\/calendar2021-MU-en.pdf\"><strong>\u0160ablony 3D kalend\u00e1\u0159\u016f 2021 (EN)<\/strong><\/a><\/span><\/li><li><span style=\"color: #336699;\"><a style=\"color: #336699;\" href=\"https:\/\/kiplweb.fjfi.cvut.cz\/wordpress\/wp-content\/uploads\/2021\/03\/IPTT-I_2017-3D_inov_kal.pdf\"><strong>Publikovan\u00fd \u010dl\u00e1nek k 3D kalend\u00e1\u0159\u016fm<\/strong><\/a><\/span><\/li><\/ol>\t\t\t\t\t\t<\/div>\n\t\t\t\t<\/div>\n\t\t\t\t<div class=\"elementor-element elementor-element-23d0e33 elementor-widget-divider--view-line elementor-widget elementor-widget-divider\" data-id=\"23d0e33\" data-element_type=\"widget\" data-widget_type=\"divider.default\">\n\t\t\t\t<div class=\"elementor-widget-container\">\n\t\t\t\t\t<div class=\"elementor-divider\">\n\t\t\t<span class=\"elementor-divider-separator\">\n\t\t\t\t\t\t<\/span>\n\t\t<\/div>\n\t\t\t\t<\/div>\n\t\t\t\t<\/div>\n\t\t\t\t\t<\/div>\n\t\t<\/div>\n\t\t\t\t\t<\/div>\n\t\t<\/section>\n\t\t\t\t<section class=\"elementor-section elementor-top-section elementor-element elementor-element-e4eb5d1 elementor-section-boxed elementor-section-height-default elementor-section-height-default\" data-id=\"e4eb5d1\" data-element_type=\"section\">\n\t\t\t\t\t\t<div class=\"elementor-container elementor-column-gap-default\">\n\t\t\t\t\t<div class=\"elementor-column elementor-col-100 elementor-top-column elementor-element elementor-element-d64956a\" data-id=\"d64956a\" data-element_type=\"column\">\n\t\t\t<div class=\"elementor-widget-wrap elementor-element-populated\">\n\t\t\t\t\t\t<div class=\"elementor-element elementor-element-8735af9 elementor-widget-divider--view-line elementor-widget elementor-widget-divider\" data-id=\"8735af9\" data-element_type=\"widget\" data-widget_type=\"divider.default\">\n\t\t\t\t<div class=\"elementor-widget-container\">\n\t\t\t\t\t<div class=\"elementor-divider\">\n\t\t\t<span class=\"elementor-divider-separator\">\n\t\t\t\t\t\t<\/span>\n\t\t<\/div>\n\t\t\t\t<\/div>\n\t\t\t\t<\/div>\n\t\t\t\t\t<\/div>\n\t\t<\/div>\n\t\t\t\t\t<\/div>\n\t\t<\/section>\n\t\t\t\t<section class=\"elementor-section elementor-top-section elementor-element elementor-element-c3c3716 elementor-section-boxed elementor-section-height-default elementor-section-height-default\" data-id=\"c3c3716\" data-element_type=\"section\">\n\t\t\t\t\t\t<div class=\"elementor-container elementor-column-gap-default\">\n\t\t\t\t\t<div class=\"elementor-column elementor-col-100 elementor-top-column elementor-element elementor-element-6a5de5b\" data-id=\"6a5de5b\" data-element_type=\"column\">\n\t\t\t<div class=\"elementor-widget-wrap elementor-element-populated\">\n\t\t\t\t\t\t<div class=\"elementor-element elementor-element-ebd5dc8 elementor-widget elementor-widget-text-editor\" data-id=\"ebd5dc8\" data-element_type=\"widget\" data-widget_type=\"text-editor.default\">\n\t\t\t\t<div class=\"elementor-widget-container\">\n\t\t\t\t\t\t\t<h4><strong>SOUT\u011a\u017d TVORBY 3D kalend\u00e1\u0159\u016f &#8211; ROK 2021<\/strong><\/h4><p><img fetchpriority=\"high\" decoding=\"async\" class=\"wp-image-3251 alignnone\" src=\"https:\/\/kiplweb.fjfi.cvut.cz\/wordpress\/wp-content\/uploads\/2021\/02\/Uvod_kalendare-e1614942213481.jpg\" alt=\"\" width=\"450\" height=\"338\" srcset=\"https:\/\/kiplweb.fjfi.cvut.cz\/web\/wp-content\/uploads\/2021\/02\/Uvod_kalendare-e1614942213481.jpg 1280w, https:\/\/kiplweb.fjfi.cvut.cz\/web\/wp-content\/uploads\/2021\/02\/Uvod_kalendare-e1614942213481-300x225.jpg 300w, https:\/\/kiplweb.fjfi.cvut.cz\/web\/wp-content\/uploads\/2021\/02\/Uvod_kalendare-e1614942213481-1024x768.jpg 1024w, https:\/\/kiplweb.fjfi.cvut.cz\/web\/wp-content\/uploads\/2021\/02\/Uvod_kalendare-e1614942213481-768x576.jpg 768w, https:\/\/kiplweb.fjfi.cvut.cz\/web\/wp-content\/uploads\/2021\/02\/Uvod_kalendare-e1614942213481-16x12.jpg 16w, https:\/\/kiplweb.fjfi.cvut.cz\/web\/wp-content\/uploads\/2021\/02\/Uvod_kalendare-e1614942213481-830x623.jpg 830w, https:\/\/kiplweb.fjfi.cvut.cz\/web\/wp-content\/uploads\/2021\/02\/Uvod_kalendare-e1614942213481-230x173.jpg 230w, https:\/\/kiplweb.fjfi.cvut.cz\/web\/wp-content\/uploads\/2021\/02\/Uvod_kalendare-e1614942213481-350x263.jpg 350w, https:\/\/kiplweb.fjfi.cvut.cz\/web\/wp-content\/uploads\/2021\/02\/Uvod_kalendare-e1614942213481-480x360.jpg 480w\" sizes=\"(max-width: 450px) 100vw, 450px\" \/><\/p><p>Od roku 2017 [1] jsme v\u017edy v 1. \u010d\u00edsle dan\u00e9ho ro\u010dn\u00edku \u010dasopisu <strong>In<\/strong><b>ova\u010dn\u00ed podnik\u00e1n\u00ed a transfer technologi\u00ed<\/b> \u00a0na p\u0159edposledn\u00ed stran\u011b jeho ob\u00e1lky publikovali ur\u010dit\u00fd <strong>trojdimenzion\u00e1ln\u00ed (3D) model mezin\u00e1rodn\u00edho Gregori\u00e1nsk\u00e9ho kalend\u00e1\u0159e<\/strong> pro dan\u00fd rok. Pro rok 2021 uv\u00e1d\u00edme na ji\u017e tradi\u010dn\u00edm m\u00edst\u011b zase jin\u00fd model.\u00a0\u00a0\u00a0\u00a0\u00a0\u00a0\u00a0\u00a0\u00a0\u00a0\u00a0\u00a0\u00a0\u00a0\u00a0\u00a0\u00a0\u00a0\u00a0\u00a0\u00a0\u00a0\u00a0\u00a0\u00a0\u00a0\u00a0\u00a0\u00a0\u00a0\u00a0\u00a0\u00a0\u00a0\u00a0\u00a0\u00a0\u00a0\u00a0\u00a0\u00a0\u00a0\u00a0\u00a0\u00a0\u00a0\u00a0\u00a0\u00a0\u00a0\u00a0\u00a0\u00a0\u00a0\u00a0\u00a0\u00a0\u00a0\u00a0\u00a0\u00a0\u00a0\u00a0\u00a0\u00a0\u00a0\u00a0\u00a0\u00a0\u00a0\u00a0\u00a0\u00a0\u00a0\u00a0\u00a0\u00a0\u00a0\u00a0\u00a0\u00a0\u00a0\u00a0\u00a0\u00a0\u00a0\u00a0\u00a0\u00a0\u00a0\u00a0\u00a0\u00a0\u00a0\u00a0\u00a0\u00a0\u00a0\u00a0\u00a0\u00a0\u00a0\u00a0\u00a0\u00a0\u00a0\u00a0\u00a0\u00a0\u00a0\u00a0\u00a0\u00a0\u00a0\u00a0\u00a0\u00a0\u00a0\u00a0\u00a0\u00a0\u00a0\u00a0\u00a0\u00a0\u00a0\u00a0\u00a0\u00a0\u00a0\u00a0\u00a0\u00a0\u00a0\u00a0\u00a0\u00a0\u00a0\u00a0\u00a0\u00a0\u00a0\u00a0\u00a0\u00a0<\/p><p>Dvan\u00e1ct m\u011bs\u00edc\u016f v\u00a0roce je mo\u017eno zobrazit pomoc\u00ed dvoudimenzion\u00e1ln\u00ed (2D) s\u00edt\u011b alespo\u0148 12 mnoho\u00faheln\u00edk\u016f z\u00a0nich\u017e je pak mo\u017eno zkonstruovat dvan\u00e1ctist\u011bn pomoc\u00ed vyzna\u010den\u00ed hran a z\u00e1lo\u017eek pro pot\u0159ebn\u00e9 spojov\u00e1n\u00ed mnoho\u00faheln\u00edk\u016f ve 3D geometrii. Ji\u017e z\u00a0antick\u00e9 geometrie je zn\u00e1mo, \u017ee jedin\u00fdm pravideln\u00fdm (konvexn\u00edm) dvan\u00e1ctist\u011bnem je pentagon\u00e1ln\u00ed dodekaedr [2] z\u00a0celkem p\u011bti tzv. plat\u00f3nsk\u00fdch t\u011bles. \u00a0Lze pokra\u010dovat v\u00a0tvorb\u011b polopravideln\u00fdch mnohost\u011bn\u016f, speci\u00e1ln\u011b tzv. archim\u00e9dovsk\u00fdch t\u011bles [3]. Vyu\u017e\u00edt p\u0159itom je mo\u017eno i v\u00edce ne\u017e dvan\u00e1ctist\u011bn, bu\u010f jen k\u00a0vypln\u011bn\u00ed prostoru, anebo k\u00a0n\u00e1pisu nap\u0159. \u201epour felicit\u00e9r\u201c. \u00a0<\/p><p>Je mo\u017eno vhodn\u00e9 mnohost\u011bny i p\u0159\u00edmo vytv\u00e1\u0159et ve 3D geometrii z\u00a0nejr\u016fzn\u011bj\u0161\u00edch materi\u00e1l\u016f. Programy pro r\u016fzn\u00e9 s\u00edt\u011b \u0159adu let p\u0159ipravoval dlouholet\u00fd v\u011bdeck\u00fd pracovn\u00edk Matematick\u00e9ho \u00fastavu AV \u010cR a velmi v\u00fdkonn\u00fd \u010dlen Jednoty \u010desk\u00fdch matematik\u016f a fyzik\u016f RNDr. Karel Hor\u00e1k, CSc. kter\u00fd, bohu\u017eel, 22.\u00a0srpna 2020 zem\u0159el ve v\u011bku 66 let. Programov\u00e1n\u00ed 3D kalend\u00e1\u0159e po n\u011bm p\u0159evzal Matematick\u00fd \u00fastav AV \u010cR.<\/p><p>Na kated\u0159e in\u017een\u00fdrstv\u00ed pevn\u00fdch l\u00e1tek (KIPL) Fakulty jadern\u00e9 a fyzik\u00e1ln\u011b in\u017een\u00fdrsk\u00e9 \u010cVUT v\u00a0Praze jsme v\u00a0z\u00e1v\u011bru roku 2020 vyhl\u00e1sili sout\u011b\u017e ke konstrukc\u00edm 3D Gregori\u00e1nsk\u00fdch kalend\u00e1\u0159\u016f ve form\u011b polopravideln\u00fdch mnohost\u011bn\u016f. 3D geometrie takov\u00e9ho \u00fakolu m\u00e1 p\u0159\u00edmou souvislost se symetri\u00ed krystalick\u00fdch pevn\u00fdch l\u00e1tek a s\u00a0jejich odpov\u00eddaj\u00edc\u00edmi mikroskopick\u00fdmi a makroskopick\u00fdmi vlastnostmi. Je zn\u00e1mo, \u017ee v\u00a0p\u0159\u00edm\u00e9m 3D prostoru existuje 14 Bravaisov\u00fdch m\u0159\u00ed\u017eek. V\u00a0nich je mo\u017eno zav\u00e9st 14 element\u00e1rn\u00edch bun\u011bk [4].\u00a0 Jejich ur\u010den\u00ed a stanoven\u00ed cel\u00e9 krystalick\u00e9 struktury je p\u0159edm\u011btem strukturn\u00ed difraktografie, prov\u00e1d\u011bn\u00e9 pomoc\u00ed extern\u00edho rentgenov\u00e9ho, neutronov\u00e9ho anebo elektronov\u00e9ho z\u00e1\u0159en\u00ed. Mikroskopick\u00e9 vlastnosti pevn\u00fdch l\u00e1tek jsou ur\u010deny elektronovou strukturou valen\u010dn\u00edch elektron\u016f jejich atom\u016f. Vzhledem ke korpuskul\u00e1rn\u011b-vlnov\u00e9mu dualismu mikro\u010d\u00e1stic je tato struktura studov\u00e1na a zobrazov\u00e1na v\u00a0reciprok\u00e9m prostoru vlnov\u00fdch vektor\u016f t\u011bchto mikro\u010d\u00e1stic. V\u00a0tomto prostoru zvolen\u00fdmi element\u00e1rn\u00edmi bu\u0148kami jsou tzv. Brillouinovy z\u00f3ny. V\u00a0nich se zobrazuje p\u00e1sov\u00e1 elektronov\u00e1 struktura dan\u00fdch krystalick\u00fdch pevn\u00fdch l\u00e1tek. Z\u00a0n\u00ed pak vypl\u00fdvaj\u00ed makroskopick\u00e9 vlastnosti pevn\u00fdch l\u00e1tek \u2013 mechanick\u00e9, tepeln\u00e9, elektrick\u00e9, magnetick\u00e9, optick\u00e9 a dal\u0161\u00ed. Velk\u00fdmi v\u00fdkony, ocen\u011bn\u00fdmi Nobelov\u00fdmi cenami\u00a0\u00a0 v z\u00e1v\u011bru 20.stolet\u00ed, byly objevy zji\u0161t\u011bn\u00e9 pomoc\u00ed difraktografie v\u00a0p\u0159\u00edm\u00e9m 3D prostoru, a to p\u0159edev\u0161\u00edm <strong>fullereny<\/strong> [5] \u2013 -velk\u00e9 molekuly kulovit\u00e9ho nebo elipsoid\u00e1ln\u00edho tvaru, tvo\u0159en\u00e9 vysok\u00fdm po\u010dtem atom\u016f uhl\u00edku a maj\u00edc\u00ed dostatek prostoru k um\u00edst\u011bn\u00ed jin\u00fdch atom\u016f nebo mal\u00fdch molekul ve sv\u00fdch dutin\u00e1ch. Jsou mimo\u0159\u00e1dn\u011b odoln\u00e9 v\u016f\u010di vn\u011bj\u0161\u00edm vliv\u016fm. D\u00e1le to jsou \u00a0\u00a0<strong>kvazikrystaly<\/strong> [6], ve kter\u00fdch p\u0159ekvapiv\u011b byla zji\u0161t\u011bna p\u0159\u00edtomnost d\u0159\u00edve teoreticky nep\u0159\u00edpustn\u00e1 5-\u010detn\u00e1 rota\u010dn\u00ed osa symetrie. Kvazikrystalick\u00e9 materi\u00e1ly maj\u00ed neobvykl\u00e9 kombinace fyzik\u00e1ln\u00edch vlastnost\u00ed a speci\u00e1ln\u00ed uplatn\u011bn\u00ed . Ve 21. stolet\u00ed byly na z\u00e1klad\u011b detailn\u00edch teoretick\u00fdch studi\u00ed elektronov\u00fdch struktur formulov\u00e1ny <strong>topologick\u00e9 f\u00e1zov\u00e9 p\u0159echody<\/strong> a jsou zkoum\u00e1ny <strong>nov\u00e9 topologick\u00e9 f\u00e1ze l\u00e1tek, <\/strong>roz\u0161i\u0159uj\u00edc\u00ed klasick\u00e9 t\u0159\u00edd\u011bn\u00ed l\u00e1tek podle elektrick\u00e9ho chov\u00e1n\u00ed na izol\u00e1tory, polovodi\u010de, vodi\u010de a supravodi\u010de o dal\u0161\u00ed mo\u017enosti.<\/p><p>S\u00a0danou motivac\u00ed prob\u011bhla na kated\u0159e in\u017een\u00fdrstv\u00ed pevn\u00fdch l\u00e1tek FJFI \u010cVUT vyhl\u00e1\u0161en\u00e1 <strong>sout\u011b\u017e tvorby 3D kalend\u00e1\u0159\u016f<\/strong> a byla zavr\u0161ena s t\u011bmito v\u00fdsledky:<\/p><p><u>3. cenu<\/u> z\u00edskali <strong>poslucha\u010di KIPL<\/strong>, kte\u0159\u00ed sestavili jednodu\u0161\u0161\u00ed modely 3D kalend\u00e1\u0159e 2021 z celkem 17 nab\u00eddnut\u00fdch (Na obr\u00e1zku model vlevo naho\u0159e) &#8211; uplatniteln\u00e9 v krystalografii.<\/p><p><u>2. cenu<\/u> z\u00edskala <strong>Ing.A.Nov\u00e1kov\u00e1<\/strong> za konstrukci modelu 3D kalend\u00e1\u0159e \u201ena d\u00e1lku\u201c, a elektronick\u00e9 zasl\u00e1n\u00ed jeho fotografie komisi sout\u011b\u017ee.(Model uprost\u0159ed obr\u00e1zku).<\/p><p><u>1. cenu<\/u> z\u00edskala <strong>Ing. L.Celbov\u00e1<\/strong> za konstrukci modelu 3D kalend\u00e1\u0159e s \u201eprom\u011bnlivou topologii\u201c \u2013 p\u0159\u00edtomnost\u00ed nebo absenc\u00ed st\u0159edn\u00edho otvoru ve 3D objektu, a to konk\u00e1vn\u00edm nebo konvexn\u00edm zp\u016fsobem pro jednotliv\u00e1 ro\u010dn\u00ed obdob\u00ed. Model p\u0159ipom\u00edn\u00e1 skl\u00e1da\u010dku kaleidocyklus, a je velmi inspirativn\u00ed pro nov\u00e9 topologick\u00e9 materi\u00e1ly intenzivn\u011b zkoum\u00e1ny v sou\u010dasn\u00fdch sv\u011btov\u00fdch laborato\u0159\u00edch a prezentov\u00e1ny na mezin\u00e1rodn\u00edch konferenc\u00edch (Model na obr\u00e1zku vlevo dole).<\/p><p><u>0. cenu<\/u> z\u00edskal <strong>Ing. Martin Dr\u00e1b, PhD<\/strong>. za konstrukci r\u016fzn\u00fdch model\u016f 3D kalend\u00e1\u0159\u016f s\u00a0pou\u017eit\u00edm technologie 3D tisku, vymykaj\u00edc\u00ed se z\u00a0p\u016fvodn\u00edho zad\u00e1n\u00ed sout\u011b\u017ee, a s\u00a0uplatn\u011bn\u00edm obecn\u011bj\u0161\u00edch rota\u010dn\u00edch symetri\u00ed \u2013 vedouc\u00edch k\u00a0nov\u00fdm mo\u017en\u00fdm struktur\u00e1m fulleren\u016f a fullerit\u016f (Na obr\u00e1zku modely vpravo naho\u0159e a dole).<\/p><h4><b><span style=\"color: #8000ff;\">Va\u0161e event. zapojen\u00ed do dan\u00e9 tvorby i po uz\u00e1v\u011brce sout\u011b\u017ee je nad\u00e1le mo\u017en\u00e9 a v\u00edtan\u00e9.<\/span><\/b><\/h4><p><strong>Reference<\/strong><\/p><p>[1] \u0160. Zajac: \u201e3D \u2013 Inovace kalend\u00e1\u0159e\u201c, ip&amp;tt XXV-1(2017), 12.<\/p><p>[2] D. J. Struik: <em>D\u011bjiny matematiky<\/em>, Orbis, Praha 1963.<\/p><p>[3] M. K\u0159\u00ed\u017eek, L. Somer, A. \u0160olcov\u00e1: <em>Kouzlo \u010d\u00edsel<\/em>, Academia, Praha 2009.<\/p><p>[4] Ch. Kittel: <em>\u00davod do fyziky pevn\u00fdch l\u00e1tek<\/em>, Academia, Praha 1985.<\/p><p>[5] R. Curl, H. Kroto, R. Smalley: Nobelova cena za chemii za rok 1996.<\/p><p>[6] D. Shechtman: Nobelova cena za chemii za rok 2011.<\/p><p>[7] D.J. Thouless, F.D.M. Haldane, J.M. Kosterliz: Nobelova cena za fyziku za rok 2016.<\/p><p style=\"text-align: left;\">\u00a0\u00a0\u00a0\u00a0\u00a0\u00a0\u00a0\u00a0\u00a0\u00a0\u00a0\u00a0\u00a0\u00a0\u00a0\u00a0\u00a0\u00a0\u00a0\u00a0\u00a0\u00a0\u00a0\u00a0\u00a0\u00a0\u00a0\u00a0\u00a0\u00a0\u00a0\u00a0\u00a0\u00a0\u00a0\u00a0\u00a0\u00a0\u00a0\u00a0\u00a0\u00a0\u00a0\u00a0\u00a0\u00a0\u00a0\u00a0\u00a0\u00a0\u00a0\u00a0\u00a0\u00a0\u00a0\u00a0\u00a0\u00a0\u00a0\u00a0\u00a0\u00a0\u00a0\u00a0\u00a0\u00a0\u00a0\u00a0 \u0160tefan Zajac<\/p><p style=\"text-align: left;\">\u00a0\u00a0\u00a0\u00a0\u00a0\u00a0\u00a0\u00a0\u00a0\u00a0\u00a0\u00a0\u00a0\u00a0\u00a0\u00a0\u00a0\u00a0\u00a0\u00a0\u00a0\u00a0\u00a0\u00a0\u00a0\u00a0\u00a0\u00a0\u00a0\u00a0\u00a0 Fakulta jadern\u00e1 a fyzik\u00e1ln\u011b in\u017een\u00fdrsk\u00e1 \u010cVUT v Praze<\/p><p style=\"text-align: left;\">\u00a0\u00a0\u00a0\u00a0\u00a0\u00a0\u00a0\u00a0\u00a0\u00a0\u00a0\u00a0\u00a0\u00a0\u00a0\u00a0\u00a0\u00a0\u00a0\u00a0\u00a0\u00a0\u00a0\u00a0\u00a0\u00a0\u00a0\u00a0\u00a0\u00a0\u00a0\u00a0\u00a0\u00a0\u00a0\u00a0\u00a0\u00a0\u00a0\u00a0\u00a0\u00a0\u00a0\u00a0\u00a0\u00a0\u00a0\u00a0\u00a0\u00a0\u00a0\u00a0\u00a0\u00a0\u00a0\u00a0\u00a0\u00a0\u00a0 stefan.zajac@fjfi.cvut.cz<\/p>\t\t\t\t\t\t<\/div>\n\t\t\t\t<\/div>\n\t\t\t\t\t<\/div>\n\t\t<\/div>\n\t\t\t\t\t<\/div>\n\t\t<\/section>\n\t\t\t\t<\/div>\n\t\t","protected":false},"excerpt":{"rendered":"<p>3D kalend\u00e1\u0159e doc. Ing. \u0160tefan Zajac, CSc. 3D kalend\u00e1\u0159e &#8211; rok 2021 &#8211;&gt; \u00davod \u0160ablony 3D kalend\u00e1\u0159\u016f 2021 (CZ) \u0160ablony 3D kalend\u00e1\u0159\u016f 2021 (EN) Publikovan\u00fd \u010dl\u00e1nek k 3D kalend\u00e1\u0159\u016fm SOUT\u011a\u017d TVORBY 3D kalend\u00e1\u0159\u016f &#8211; ROK 2021 Od roku 2017 [1] [&hellip;]<\/p>\n","protected":false},"author":3,"featured_media":536,"parent":0,"menu_order":0,"comment_status":"closed","ping_status":"closed","template":"elementor_header_footer","meta":{"footnotes":""},"folder":[42],"class_list":["post-3289","page","type-page","status-publish","has-post-thumbnail","hentry"],"_links":{"self":[{"href":"https:\/\/kiplweb.fjfi.cvut.cz\/web\/wp-json\/wp\/v2\/pages\/3289","targetHints":{"allow":["GET"]}}],"collection":[{"href":"https:\/\/kiplweb.fjfi.cvut.cz\/web\/wp-json\/wp\/v2\/pages"}],"about":[{"href":"https:\/\/kiplweb.fjfi.cvut.cz\/web\/wp-json\/wp\/v2\/types\/page"}],"author":[{"embeddable":true,"href":"https:\/\/kiplweb.fjfi.cvut.cz\/web\/wp-json\/wp\/v2\/users\/3"}],"replies":[{"embeddable":true,"href":"https:\/\/kiplweb.fjfi.cvut.cz\/web\/wp-json\/wp\/v2\/comments?post=3289"}],"version-history":[{"count":19,"href":"https:\/\/kiplweb.fjfi.cvut.cz\/web\/wp-json\/wp\/v2\/pages\/3289\/revisions"}],"predecessor-version":[{"id":3572,"href":"https:\/\/kiplweb.fjfi.cvut.cz\/web\/wp-json\/wp\/v2\/pages\/3289\/revisions\/3572"}],"wp:featuredmedia":[{"embeddable":true,"href":"https:\/\/kiplweb.fjfi.cvut.cz\/web\/wp-json\/wp\/v2\/media\/536"}],"wp:attachment":[{"href":"https:\/\/kiplweb.fjfi.cvut.cz\/web\/wp-json\/wp\/v2\/media?parent=3289"}],"wp:term":[{"taxonomy":"folder","embeddable":true,"href":"https:\/\/kiplweb.fjfi.cvut.cz\/web\/wp-json\/wp\/v2\/folder?post=3289"}],"curies":[{"name":"wp","href":"https:\/\/api.w.org\/{rel}","templated":true}]}}