{"id":3137,"date":"2021-02-14T21:45:47","date_gmt":"2021-02-14T20:45:47","guid":{"rendered":"https:\/\/kiplweb.fjfi.cvut.cz\/wordpress\/?page_id=3137"},"modified":"2021-05-01T20:35:38","modified_gmt":"2021-05-01T18:35:38","slug":"zaverecne-prace","status":"publish","type":"page","link":"https:\/\/kiplweb.fjfi.cvut.cz\/web\/zaverecne-prace\/","title":{"rendered":"Z\u00e1v\u011bre\u010dn\u00e9 pr\u00e1ce"},"content":{"rendered":"\t\t<div data-elementor-type=\"wp-page\" data-elementor-id=\"3137\" class=\"elementor elementor-3137\">\n\t\t\t\t\t\t<section class=\"elementor-section elementor-top-section elementor-element elementor-element-e4eb5d1 elementor-section-boxed elementor-section-height-default elementor-section-height-default\" data-id=\"e4eb5d1\" data-element_type=\"section\">\n\t\t\t\t\t\t<div class=\"elementor-container elementor-column-gap-default\">\n\t\t\t\t\t<div class=\"elementor-column elementor-col-100 elementor-top-column elementor-element elementor-element-d64956a\" data-id=\"d64956a\" data-element_type=\"column\">\n\t\t\t<div class=\"elementor-widget-wrap elementor-element-populated\">\n\t\t\t\t\t\t<div class=\"elementor-element elementor-element-9984a05 elementor-widget elementor-widget-heading\" data-id=\"9984a05\" data-element_type=\"widget\" data-widget_type=\"heading.default\">\n\t\t\t\t<div class=\"elementor-widget-container\">\n\t\t\t<h3 class=\"elementor-heading-title elementor-size-default\"><br>T\u00e9mata bakal\u00e1\u0159sk\u00fdch, diplomov\u00fdch a doktorsk\u00fdch prac\u00ed<\/h3>\t\t<\/div>\n\t\t\t\t<\/div>\n\t\t\t\t<div class=\"elementor-element elementor-element-d7cddc7 elementor-hidden-phone elementor-widget elementor-widget-text-editor\" data-id=\"d7cddc7\" data-element_type=\"widget\" data-widget_type=\"text-editor.default\">\n\t\t\t\t<div class=\"elementor-widget-container\">\n\t\t\t\t\t\t\t<p><span style=\"color: #336699;\"><a style=\"color: #336699;\" href=\"https:\/\/kiplweb.fjfi.cvut.cz\/wordpress\/rozcestnik\/\"><strong>Pro studenty<\/strong><\/a><\/span><\/p>\t\t\t\t\t\t<\/div>\n\t\t\t\t<\/div>\n\t\t\t\t<div class=\"elementor-element elementor-element-8735af9 elementor-widget-divider--view-line elementor-widget elementor-widget-divider\" data-id=\"8735af9\" data-element_type=\"widget\" data-widget_type=\"divider.default\">\n\t\t\t\t<div class=\"elementor-widget-container\">\n\t\t\t\t\t<div class=\"elementor-divider\">\n\t\t\t<span class=\"elementor-divider-separator\">\n\t\t\t\t\t\t<\/span>\n\t\t<\/div>\n\t\t\t\t<\/div>\n\t\t\t\t<\/div>\n\t\t\t\t<section class=\"elementor-section elementor-inner-section elementor-element elementor-element-56952c5 elementor-section-boxed elementor-section-height-default elementor-section-height-default\" data-id=\"56952c5\" data-element_type=\"section\">\n\t\t\t\t\t\t<div class=\"elementor-container elementor-column-gap-default\">\n\t\t\t\t\t<div class=\"elementor-column elementor-col-100 elementor-inner-column elementor-element elementor-element-116e69f\" data-id=\"116e69f\" data-element_type=\"column\">\n\t\t\t<div class=\"elementor-widget-wrap elementor-element-populated\">\n\t\t\t\t\t\t<div class=\"elementor-element elementor-element-cfb7777 elementor-widget elementor-widget-text-editor\" data-id=\"cfb7777\" data-element_type=\"widget\" data-widget_type=\"text-editor.default\">\n\t\t\t\t<div class=\"elementor-widget-container\">\n\t\t\t\t\t\t\t<ol><li><a href=\"https:\/\/kiplweb.fjfi.cvut.cz\/wordpress\/zaverecne-prace-laboratore-kipl\/\"><span style=\"color: #336699;\"><b>T\u00e9mata <span style=\"color: #336699;\">z\u00e1v\u011bre\u010dn\u00fdch<\/span> prac\u00ed: Laborato\u0159e KIPL<\/b><\/span><\/a><\/li><li><a href=\"https:\/\/kiplweb.fjfi.cvut.cz\/wordpress\/zaverecne-prace-spolupracujici-pracoviste\/\"><span style=\"color: #336699;\"><strong>T\u00e9mata z\u00e1v\u011bre\u010dn\u00fdch prac\u00ed: Partnersk\u00e1 <span style=\"color: #336699;\">pracovi\u0161t\u011b<\/span>\u00a0<\/strong><\/span><\/a><\/li><\/ol>\t\t\t\t\t\t<\/div>\n\t\t\t\t<\/div>\n\t\t\t\t\t<\/div>\n\t\t<\/div>\n\t\t\t\t\t<\/div>\n\t\t<\/section>\n\t\t\t\t<div class=\"elementor-element elementor-element-42c1a5a elementor-widget-divider--view-line elementor-widget elementor-widget-divider\" data-id=\"42c1a5a\" data-element_type=\"widget\" data-widget_type=\"divider.default\">\n\t\t\t\t<div class=\"elementor-widget-container\">\n\t\t\t\t\t<div class=\"elementor-divider\">\n\t\t\t<span class=\"elementor-divider-separator\">\n\t\t\t\t\t\t<\/span>\n\t\t<\/div>\n\t\t\t\t<\/div>\n\t\t\t\t<\/div>\n\t\t\t\t\t<\/div>\n\t\t<\/div>\n\t\t\t\t\t<\/div>\n\t\t<\/section>\n\t\t\t\t<\/div>\n\t\t","protected":false},"excerpt":{"rendered":"<p>T\u00e9mata bakal\u00e1\u0159sk\u00fdch, diplomov\u00fdch a doktorsk\u00fdch prac\u00ed Pro studenty T\u00e9mata z\u00e1v\u011bre\u010dn\u00fdch prac\u00ed: Laborato\u0159e KIPL T\u00e9mata z\u00e1v\u011bre\u010dn\u00fdch prac\u00ed: Partnersk\u00e1 pracovi\u0161t\u011b\u00a0<\/p>\n","protected":false},"author":3,"featured_media":536,"parent":0,"menu_order":0,"comment_status":"closed","ping_status":"closed","template":"elementor_header_footer","meta":{"footnotes":""},"folder":[37],"class_list":["post-3137","page","type-page","status-publish","has-post-thumbnail","hentry"],"_links":{"self":[{"href":"https:\/\/kiplweb.fjfi.cvut.cz\/web\/wp-json\/wp\/v2\/pages\/3137","targetHints":{"allow":["GET"]}}],"collection":[{"href":"https:\/\/kiplweb.fjfi.cvut.cz\/web\/wp-json\/wp\/v2\/pages"}],"about":[{"href":"https:\/\/kiplweb.fjfi.cvut.cz\/web\/wp-json\/wp\/v2\/types\/page"}],"author":[{"embeddable":true,"href":"https:\/\/kiplweb.fjfi.cvut.cz\/web\/wp-json\/wp\/v2\/users\/3"}],"replies":[{"embeddable":true,"href":"https:\/\/kiplweb.fjfi.cvut.cz\/web\/wp-json\/wp\/v2\/comments?post=3137"}],"version-history":[{"count":7,"href":"https:\/\/kiplweb.fjfi.cvut.cz\/web\/wp-json\/wp\/v2\/pages\/3137\/revisions"}],"predecessor-version":[{"id":4072,"href":"https:\/\/kiplweb.fjfi.cvut.cz\/web\/wp-json\/wp\/v2\/pages\/3137\/revisions\/4072"}],"wp:featuredmedia":[{"embeddable":true,"href":"https:\/\/kiplweb.fjfi.cvut.cz\/web\/wp-json\/wp\/v2\/media\/536"}],"wp:attachment":[{"href":"https:\/\/kiplweb.fjfi.cvut.cz\/web\/wp-json\/wp\/v2\/media?parent=3137"}],"wp:term":[{"taxonomy":"folder","embeddable":true,"href":"https:\/\/kiplweb.fjfi.cvut.cz\/web\/wp-json\/wp\/v2\/folder?post=3137"}],"curies":[{"name":"wp","href":"https:\/\/api.w.org\/{rel}","templated":true}]}}