{"id":2767,"date":"2021-02-13T17:58:36","date_gmt":"2021-02-13T16:58:36","guid":{"rendered":"https:\/\/kiplweb.fjfi.cvut.cz\/wordpress\/?page_id=2767"},"modified":"2023-04-26T11:34:48","modified_gmt":"2023-04-26T09:34:48","slug":"sscsspm-9-uvod","status":"publish","type":"page","link":"https:\/\/kiplweb.fjfi.cvut.cz\/web\/sscsspm-9-uvod\/","title":{"rendered":"SSCSSPM-9 \u00davod"},"content":{"rendered":"\t\t<div data-elementor-type=\"wp-page\" data-elementor-id=\"2767\" class=\"elementor elementor-2767\">\n\t\t\t\t\t\t<section class=\"elementor-section elementor-top-section elementor-element elementor-element-d442a7c elementor-section-boxed elementor-section-height-default elementor-section-height-default\" data-id=\"d442a7c\" data-element_type=\"section\">\n\t\t\t\t\t\t<div class=\"elementor-container elementor-column-gap-default\">\n\t\t\t\t\t<div class=\"elementor-column elementor-col-50 elementor-top-column elementor-element elementor-element-df67519\" data-id=\"df67519\" data-element_type=\"column\">\n\t\t\t<div class=\"elementor-widget-wrap elementor-element-populated\">\n\t\t\t\t\t\t<div class=\"elementor-element elementor-element-4250db3 elementor-align-justify elementor-widget__width-inherit elementor-widget elementor-widget-button\" data-id=\"4250db3\" data-element_type=\"widget\" data-widget_type=\"button.default\">\n\t\t\t\t<div class=\"elementor-widget-container\">\n\t\t\t\t\t<div class=\"elementor-button-wrapper\">\n\t\t\t<a class=\"elementor-button elementor-button-link elementor-size-xs\" href=\"https:\/\/kiplweb.fjfi.cvut.cz\/wordpress\/sscssp\/\">\n\t\t\t\t\t\t<span class=\"elementor-button-content-wrapper\">\n\t\t\t\t\t\t\t\t\t<span class=\"elementor-button-text\">SSCSSP<\/span>\n\t\t\t\t\t<\/span>\n\t\t\t\t\t<\/a>\n\t\t<\/div>\n\t\t\t\t<\/div>\n\t\t\t\t<\/div>\n\t\t\t\t<div class=\"elementor-element elementor-element-843c8f4 elementor-widget elementor-widget-heading\" data-id=\"843c8f4\" data-element_type=\"widget\" data-widget_type=\"heading.default\">\n\t\t\t\t<div class=\"elementor-widget-container\">\n\t\t\t<h2 class=\"elementor-heading-title elementor-size-default\">9. Studentsk\u00e1 v\u011bdeck\u00e1 konference fyziky pevn\u00fdch l\u00e1tek a materi\u00e1l\u016f - SSCSSMP-9 (2020)<\/h2>\t\t<\/div>\n\t\t\t\t<\/div>\n\t\t\t\t\t<\/div>\n\t\t<\/div>\n\t\t\t\t<div class=\"elementor-column elementor-col-50 elementor-top-column elementor-element elementor-element-c7ce757\" data-id=\"c7ce757\" data-element_type=\"column\">\n\t\t\t<div class=\"elementor-widget-wrap elementor-element-populated\">\n\t\t\t\t\t\t<div class=\"elementor-element elementor-element-23e1888 elementor-widget elementor-widget-heading\" data-id=\"23e1888\" data-element_type=\"widget\" data-widget_type=\"heading.default\">\n\t\t\t\t<div class=\"elementor-widget-container\">\n\t\t\t<h6 class=\"elementor-heading-title elementor-size-default\"><br>SSCSSPM-9<\/h6>\t\t<\/div>\n\t\t\t\t<\/div>\n\t\t\t\t<div class=\"elementor-element elementor-element-9e03532 elementor-widget-divider--view-line elementor-widget elementor-widget-divider\" data-id=\"9e03532\" data-element_type=\"widget\" data-widget_type=\"divider.default\">\n\t\t\t\t<div class=\"elementor-widget-container\">\n\t\t\t\t\t<div class=\"elementor-divider\">\n\t\t\t<span class=\"elementor-divider-separator\">\n\t\t\t\t\t\t<\/span>\n\t\t<\/div>\n\t\t\t\t<\/div>\n\t\t\t\t<\/div>\n\t\t\t\t<div class=\"elementor-element elementor-element-fb572e5 elementor-widget elementor-widget-text-editor\" data-id=\"fb572e5\" data-element_type=\"widget\" data-widget_type=\"text-editor.default\">\n\t\t\t\t<div class=\"elementor-widget-container\">\n\t\t\t\t\t\t\t<ol><li><span style=\"color: #000000;\"><b>&#8211;&gt; \u00davod<\/b><\/span><\/li><li><span style=\"color: #000000;\"><strong>M\u00edsto kon\u00e1n\u00ed &#8211; <del>Zahr\u00e1dka v Sedli\u0161ti<\/del><\/strong><\/span><span style=\"color: #336699;\"><span style=\"color: #000000;\"><strong> online<\/strong><\/span><\/span><\/li><li><span style=\"color: #336699;\"><a style=\"font-weight: bold; color: #336699;\" title=\"\" href=\"https:\/\/kipl-indico.fjfi.cvut.cz\/\">Registrace <\/a><span style=\"color: #000000;\"><strong>&#8211; uzav\u0159ena<\/strong><\/span><\/span><\/li><li><span style=\"color: #336699;\"><a style=\"font-weight: bold; color: #336699;\" title=\"\" href=\"https:\/\/kiplweb.fjfi.cvut.cz\/wordpress\/sscsspm-9-pokyny-pro-prednasejici\/\">Pokyny pro p\u0159edn\u00e1\u0161ej\u00ed<\/a><\/span><\/li><li><a href=\"https:\/\/kiplweb.fjfi.cvut.cz\/wordpress\/sscsspm-9-harmonogram\/\"><strong style=\"color: #336699;\">Harmonogram<\/strong><\/a><\/li><li><strong style=\"color: #336699;\"><a style=\"color: #336699;\" href=\"https:\/\/kiplweb.fjfi.cvut.cz\/files\/SSCSSPM9-2020-sbornik.pdf\">Sborn\u00edk<\/a><\/strong><\/li><\/ol>\t\t\t\t\t\t<\/div>\n\t\t\t\t<\/div>\n\t\t\t\t\t<\/div>\n\t\t<\/div>\n\t\t\t\t\t<\/div>\n\t\t<\/section>\n\t\t\t\t<section class=\"elementor-section elementor-top-section elementor-element elementor-element-8bc324c elementor-section-boxed elementor-section-height-default elementor-section-height-default\" data-id=\"8bc324c\" data-element_type=\"section\">\n\t\t\t\t\t\t<div class=\"elementor-container elementor-column-gap-default\">\n\t\t\t\t\t<div class=\"elementor-column elementor-col-100 elementor-top-column elementor-element elementor-element-2f5ed09\" data-id=\"2f5ed09\" data-element_type=\"column\">\n\t\t\t<div class=\"elementor-widget-wrap elementor-element-populated\">\n\t\t\t\t\t\t<div class=\"elementor-element elementor-element-1c661c9 elementor-widget-divider--view-line elementor-widget elementor-widget-divider\" data-id=\"1c661c9\" data-element_type=\"widget\" data-widget_type=\"divider.default\">\n\t\t\t\t<div class=\"elementor-widget-container\">\n\t\t\t\t\t<div class=\"elementor-divider\">\n\t\t\t<span class=\"elementor-divider-separator\">\n\t\t\t\t\t\t<\/span>\n\t\t<\/div>\n\t\t\t\t<\/div>\n\t\t\t\t<\/div>\n\t\t\t\t<div class=\"elementor-element elementor-element-b4f8a68 elementor-widget elementor-widget-text-editor\" data-id=\"b4f8a68\" data-element_type=\"widget\" data-widget_type=\"text-editor.default\">\n\t\t\t\t<div class=\"elementor-widget-container\">\n\t\t\t\t\t\t\t<h2>Term\u00edn:<\/h2><p>6. &#8211; 9. \u0159\u00edjen 2020<\/p><h3>M\u00edsto:<\/h3><p>penzion Zahr\u00e1dka v Sedli\u0161ti (<a href=\"http:\/\/www.kbssped.cz\/\">http:\/\/www.kbssped.cz\/<\/a>)<br \/><span style=\"color: red;\"><b>**** Zm\u011bna: z d\u016fvodu opat\u0159en\u00ed Ministerstva zdravotnictv\u00ed a vl\u00e1dy \u010cR se bude konference konat ONLINE v prost\u0159ed\u00ed MS Teams!<br \/>Detaily sd\u011bl\u00ed organiza\u010dn\u00ed v\u00fdbor mailem.***<\/b><\/span><br \/>Pro v\u0161echny prezentuj\u00edc\u00ed studenty \u010cVUT jsou ubytovac\u00ed v\u00fddaje zcela hrazeny z grantu SGS \u010cVUT.<\/p><p><b>T\u00e9mata:<\/b>\u00a0Konference je z velk\u00e9 \u010d\u00e1sti p\u0159ehl\u00eddkou studentsk\u00fdch prac\u00ed konan\u00fdch na katedr\u00e1ch in\u017een\u00fdrstv\u00ed pevn\u00fdch l\u00e1tek, materi\u00e1l\u016f a fyzik\u00e1ln\u00ed elektroniky. Konkr\u00e9tn\u011b se jedn\u00e1 o strukturn\u00ed anal\u00fdzu, fyziku biomater\u00e1l\u016f, polymer\u016f, termoelektrik, kovov\u00fdch slitin, funk\u010dn\u00edch materi\u00e1l\u016f, multiferroik a nanoplasmonika studovan\u00e1 \u0159adou experiment\u00e1ln\u00edch a teoretick\u00fdch metod zam\u011b\u0159en\u00fdch na morfologii, mechanick\u00e9, optick\u00e9, elektrick\u00e9 a magnetick\u00e9 vlastnosti.<\/p><p>C\u00edlem konference je poskytnout student\u016fm mo\u017enost prezentovat sv\u00e9 p\u0159\u00edsp\u011bvky v \u0161ir\u0161\u00edm, otev\u0159en\u00e9m f\u00f3ru, d\u00e1le rozv\u00edjet schopnosti odborn\u00e9 komunikace, roz\u0161\u00ed\u0159it odborn\u00fd rozhled o t\u00e9mata prezentovan\u00e1 ostatn\u00edmi \u00fa\u010dastn\u00edky konference, t\u0159\u00edbit sv\u00e9 n\u00e1zory v neform\u00e1ln\u00edch diskuz\u00edch a nav\u00e1zat \u0159adu nov\u00fdch profesion\u00e1ln\u00edch vztah\u016f.<br \/>Studentsk\u00e9 p\u0159\u00edsp\u011bvky jsou jako ka\u017ed\u00fd rok publikov\u00e1ny ve sborn\u00edku konference.<\/p><h2>D\u016fle\u017eit\u00e1 data:<\/h2><p>Deadline pro registraci do syst\u00e9mu:\u00a0<span style=\"color: red;\"><b>14.9. 2020<\/b><\/span><br \/>Deadline pro odesl\u00e1n\u00ed abstraktu:\u00a0<span style=\"color: red;\"><b>25.9. 2020<\/b><\/span><br \/>Deadline pro odevzd\u00e1n\u00ed roz\u0161\u00ed\u0159en\u00e9ho abstraktu do Sborn\u00edku:\u00a0<span style=\"color: red;\"><b>6.11. 2020<\/b><\/span><\/p><h3>Organiza\u010dn\u00ed t\u00fdm:<\/h3><p><b><a href=\"https:\/\/kiplweb.fjfi.cvut.cz\/wordpress\/kalvoda\/\">doc. Ing. Ladislav Kalvoda, CSc.<\/a>, p\u0159edseda organiza\u010dn\u00edho v\u00fdboru<br \/><a href=\"https:\/\/kiplweb.fjfi.cvut.cz\/wordpress\/dragounova\/\">Ing. Kate\u0159ina Aubrechtov\u00e1 Dragounov\u00e1, Ph.D.<\/a><br \/><a href=\"https:\/\/kiplweb.fjfi.cvut.cz\/wordpress\/sedlak-2\/\">Ing. Petr Sedl\u00e1k, Ph.D.<\/a><br \/><a href=\"https:\/\/kiplweb.fjfi.cvut.cz\/wordpress\/drab\/\">Ing. Martin Dr\u00e1b, Ph.D.<\/a><br \/><a href=\"https:\/\/kiplweb.fjfi.cvut.cz\/wordpress\/kolenko\/\">doc. Ing. Petr Kolenko, Ph.D.<\/a><br \/><a href=\"https:\/\/kiplweb.fjfi.cvut.cz\/wordpress\/skocdopole\/\">Ing. Jakub Sko\u010ddopole<\/a><\/b><\/p><div id=\"gtx-trans\" style=\"position: absolute; left: -34px; top: 891.497px;\"><div class=\"gtx-trans-icon\">\u00a0<\/div><\/div>\t\t\t\t\t\t<\/div>\n\t\t\t\t<\/div>\n\t\t\t\t\t<\/div>\n\t\t<\/div>\n\t\t\t\t\t<\/div>\n\t\t<\/section>\n\t\t\t\t<\/div>\n\t\t","protected":false},"excerpt":{"rendered":"<p>SSCSSP 9. Studentsk\u00e1 v\u011bdeck\u00e1 konference fyziky pevn\u00fdch l\u00e1tek a materi\u00e1l\u016f &#8211; SSCSSMP-9 (2020) SSCSSPM-9 &#8211;&gt; \u00davod M\u00edsto kon\u00e1n\u00ed &#8211; Zahr\u00e1dka v Sedli\u0161ti online Registrace &#8211; uzav\u0159ena Pokyny pro p\u0159edn\u00e1\u0161ej\u00ed Harmonogram Sborn\u00edk Term\u00edn: 6. &#8211; 9. \u0159\u00edjen 2020 M\u00edsto: penzion Zahr\u00e1dka [&hellip;]<\/p>\n","protected":false},"author":3,"featured_media":0,"parent":0,"menu_order":0,"comment_status":"closed","ping_status":"closed","template":"elementor_header_footer","meta":{"footnotes":""},"folder":[35],"class_list":["post-2767","page","type-page","status-publish","hentry"],"_links":{"self":[{"href":"https:\/\/kiplweb.fjfi.cvut.cz\/web\/wp-json\/wp\/v2\/pages\/2767","targetHints":{"allow":["GET"]}}],"collection":[{"href":"https:\/\/kiplweb.fjfi.cvut.cz\/web\/wp-json\/wp\/v2\/pages"}],"about":[{"href":"https:\/\/kiplweb.fjfi.cvut.cz\/web\/wp-json\/wp\/v2\/types\/page"}],"author":[{"embeddable":true,"href":"https:\/\/kiplweb.fjfi.cvut.cz\/web\/wp-json\/wp\/v2\/users\/3"}],"replies":[{"embeddable":true,"href":"https:\/\/kiplweb.fjfi.cvut.cz\/web\/wp-json\/wp\/v2\/comments?post=2767"}],"version-history":[{"count":11,"href":"https:\/\/kiplweb.fjfi.cvut.cz\/web\/wp-json\/wp\/v2\/pages\/2767\/revisions"}],"predecessor-version":[{"id":5756,"href":"https:\/\/kiplweb.fjfi.cvut.cz\/web\/wp-json\/wp\/v2\/pages\/2767\/revisions\/5756"}],"wp:attachment":[{"href":"https:\/\/kiplweb.fjfi.cvut.cz\/web\/wp-json\/wp\/v2\/media?parent=2767"}],"wp:term":[{"taxonomy":"folder","embeddable":true,"href":"https:\/\/kiplweb.fjfi.cvut.cz\/web\/wp-json\/wp\/v2\/folder?post=2767"}],"curies":[{"name":"wp","href":"https:\/\/api.w.org\/{rel}","templated":true}]}}