{"id":2759,"date":"2021-02-13T17:55:56","date_gmt":"2021-02-13T16:55:56","guid":{"rendered":"https:\/\/kiplweb.fjfi.cvut.cz\/wordpress\/?page_id=2759"},"modified":"2021-04-03T11:38:43","modified_gmt":"2021-04-03T09:38:43","slug":"sscsspm-9-pokyny-pro-prednasejici","status":"publish","type":"page","link":"https:\/\/kiplweb.fjfi.cvut.cz\/web\/sscsspm-9-pokyny-pro-prednasejici\/","title":{"rendered":"SSCSSPM-9 Pokyny pro p\u0159edn\u00e1\u0161ej\u00edc\u00ed"},"content":{"rendered":"\t\t<div data-elementor-type=\"wp-page\" data-elementor-id=\"2759\" class=\"elementor elementor-2759\">\n\t\t\t\t\t\t<section class=\"elementor-section elementor-top-section elementor-element elementor-element-d442a7c elementor-section-boxed elementor-section-height-default elementor-section-height-default\" data-id=\"d442a7c\" data-element_type=\"section\">\n\t\t\t\t\t\t<div class=\"elementor-container elementor-column-gap-default\">\n\t\t\t\t\t<div class=\"elementor-column elementor-col-50 elementor-top-column elementor-element elementor-element-df67519\" data-id=\"df67519\" data-element_type=\"column\">\n\t\t\t<div class=\"elementor-widget-wrap elementor-element-populated\">\n\t\t\t\t\t\t<div class=\"elementor-element elementor-element-4250db3 elementor-align-justify elementor-widget__width-inherit elementor-widget elementor-widget-button\" data-id=\"4250db3\" data-element_type=\"widget\" data-widget_type=\"button.default\">\n\t\t\t\t<div class=\"elementor-widget-container\">\n\t\t\t\t\t<div class=\"elementor-button-wrapper\">\n\t\t\t<a class=\"elementor-button elementor-button-link elementor-size-xs\" href=\"https:\/\/kiplweb.fjfi.cvut.cz\/wordpress\/sscssp\/\">\n\t\t\t\t\t\t<span class=\"elementor-button-content-wrapper\">\n\t\t\t\t\t\t\t\t\t<span class=\"elementor-button-text\">SSCSSP<\/span>\n\t\t\t\t\t<\/span>\n\t\t\t\t\t<\/a>\n\t\t<\/div>\n\t\t\t\t<\/div>\n\t\t\t\t<\/div>\n\t\t\t\t<div class=\"elementor-element elementor-element-843c8f4 elementor-widget elementor-widget-heading\" data-id=\"843c8f4\" data-element_type=\"widget\" data-widget_type=\"heading.default\">\n\t\t\t\t<div class=\"elementor-widget-container\">\n\t\t\t<h2 class=\"elementor-heading-title elementor-size-default\">Pokyny pro p\u0159edn\u00e1\u0161ej\u00edc\u00ed<\/h2>\t\t<\/div>\n\t\t\t\t<\/div>\n\t\t\t\t\t<\/div>\n\t\t<\/div>\n\t\t\t\t<div class=\"elementor-column elementor-col-50 elementor-top-column elementor-element elementor-element-c7ce757\" data-id=\"c7ce757\" data-element_type=\"column\">\n\t\t\t<div class=\"elementor-widget-wrap elementor-element-populated\">\n\t\t\t\t\t\t<div class=\"elementor-element elementor-element-23e1888 elementor-widget elementor-widget-heading\" data-id=\"23e1888\" data-element_type=\"widget\" data-widget_type=\"heading.default\">\n\t\t\t\t<div class=\"elementor-widget-container\">\n\t\t\t<h6 class=\"elementor-heading-title elementor-size-default\"><br>SSCSSPM-9<\/h6>\t\t<\/div>\n\t\t\t\t<\/div>\n\t\t\t\t<div class=\"elementor-element elementor-element-9e03532 elementor-widget-divider--view-line elementor-widget elementor-widget-divider\" data-id=\"9e03532\" data-element_type=\"widget\" data-widget_type=\"divider.default\">\n\t\t\t\t<div class=\"elementor-widget-container\">\n\t\t\t\t\t<div class=\"elementor-divider\">\n\t\t\t<span class=\"elementor-divider-separator\">\n\t\t\t\t\t\t<\/span>\n\t\t<\/div>\n\t\t\t\t<\/div>\n\t\t\t\t<\/div>\n\t\t\t\t<div class=\"elementor-element elementor-element-fb572e5 elementor-widget elementor-widget-text-editor\" data-id=\"fb572e5\" data-element_type=\"widget\" data-widget_type=\"text-editor.default\">\n\t\t\t\t<div class=\"elementor-widget-container\">\n\t\t\t\t\t\t\t<ol><li><span style=\"color: #336699;\"><a style=\"color: #336699;\" href=\"https:\/\/kiplweb.fjfi.cvut.cz\/wordpress\/sscsspm-9-uvod\/\"><b>\u00davod<\/b><\/a><\/span><\/li><li><span style=\"color: #000000;\"><strong>M\u00edsto kon\u00e1n\u00ed &#8211; <del>Zahr\u00e1dka v Sedli\u0161ti<\/del><\/strong><\/span><span style=\"color: #336699;\"><span style=\"color: #000000;\"><strong> online<\/strong><\/span><\/span><\/li><li><span style=\"color: #336699;\"><a style=\"font-weight: bold; color: #336699;\" title=\"\" href=\"https:\/\/kipl-indico.fjfi.cvut.cz\/\">Registrace <\/a><span style=\"color: #000000;\"><strong>&#8211; uzav\u0159ena<\/strong><\/span><\/span><\/li><li><strong>&#8211;&gt; Pokyny pro p\u0159edn\u00e1\u0161ej\u00ed<\/strong><\/li><li><span style=\"color: #336699;\"><a style=\"color: #336699;\" href=\"https:\/\/kiplweb.fjfi.cvut.cz\/wordpress\/sscsspm-9-harmonogram\/\"><strong>Harmonogram<\/strong><\/a><\/span><\/li><li><a href=\"https:\/\/kiplweb.fjfi.cvut.cz\/web\/sscsspm-9-sbornik-2\/\"><strong style=\"color: #336699;\">Sborn\u00edk<\/strong><\/a><\/li><\/ol>\t\t\t\t\t\t<\/div>\n\t\t\t\t<\/div>\n\t\t\t\t\t<\/div>\n\t\t<\/div>\n\t\t\t\t\t<\/div>\n\t\t<\/section>\n\t\t\t\t<section class=\"elementor-section elementor-top-section elementor-element elementor-element-8bc324c elementor-section-boxed elementor-section-height-default elementor-section-height-default\" data-id=\"8bc324c\" data-element_type=\"section\">\n\t\t\t\t\t\t<div class=\"elementor-container elementor-column-gap-default\">\n\t\t\t\t\t<div class=\"elementor-column elementor-col-100 elementor-top-column elementor-element elementor-element-2f5ed09\" data-id=\"2f5ed09\" data-element_type=\"column\">\n\t\t\t<div class=\"elementor-widget-wrap elementor-element-populated\">\n\t\t\t\t\t\t<div class=\"elementor-element elementor-element-1c661c9 elementor-widget-divider--view-line elementor-widget elementor-widget-divider\" data-id=\"1c661c9\" data-element_type=\"widget\" data-widget_type=\"divider.default\">\n\t\t\t\t<div class=\"elementor-widget-container\">\n\t\t\t\t\t<div class=\"elementor-divider\">\n\t\t\t<span class=\"elementor-divider-separator\">\n\t\t\t\t\t\t<\/span>\n\t\t<\/div>\n\t\t\t\t<\/div>\n\t\t\t\t<\/div>\n\t\t\t\t<div class=\"elementor-element elementor-element-c0eaa22 elementor-widget elementor-widget-text-editor\" data-id=\"c0eaa22\" data-element_type=\"widget\" data-widget_type=\"text-editor.default\">\n\t\t\t\t<div class=\"elementor-widget-container\">\n\t\t\t\t\t\t\t<p><span class=\"file\"><img decoding=\"async\" class=\"file-icon\" title=\"application\/pdf\" src=\"https:\/\/kiplwww.fjfi.cvut.cz\/drupal7\/modules\/file\/icons\/application-pdf.png\" alt=\"PDF icon\" \/>\u00a0<a href=\"https:\/\/kiplwww.fjfi.cvut.cz\/drupal7\/sites\/default\/files\/RozsirenyAbstrakt_Template2016_LaTeX.pdf\" type=\"application\/pdf; length=146965\">RozsirenyAbstrakt_Template2016_LaTeX.pdf<\/a><\/span>143.52 KB<\/p><p><span class=\"file\"><img decoding=\"async\" class=\"file-icon\" title=\"application\/zip\" src=\"https:\/\/kiplwww.fjfi.cvut.cz\/drupal7\/modules\/file\/icons\/package-x-generic.png\" alt=\"Package icon\" \/>\u00a0<a href=\"https:\/\/kiplwww.fjfi.cvut.cz\/drupal7\/sites\/default\/files\/RozsirenyAbstrakt_Template2016_LaTeX.zip\" type=\"application\/zip; length=190638\">RozsirenyAbstrakt_Template2016_LaTeX.zip<\/a><\/span>186.17 KB<\/p><p><span class=\"file\">\u00a0<a href=\"https:\/\/kiplwww.fjfi.cvut.cz\/drupal7\/sites\/default\/files\/RozsirenyAbstrakt_Template2016_Word.zip\" type=\"application\/zip; length=26291\">RozsirenyAbstrakt_Template2016_Word.zip<\/a><\/span>25.67 KB<\/p><div class=\"tabs\"><p><span style=\"color: #000000;\"><strong><strong><a style=\"color: #000000;\" href=\"https:\/\/ojs.cvut.cz\/ojs\/index.php\/APP\/index\">Zasl\u00e1n\u00ed abstraktu a roz\u0161\u00ed\u0159en\u00e9ho abstraktu do sborn\u00edku je povinn\u00e9 pro v\u0161echny studenty \u010cVUT!<\/a><\/strong><\/strong><\/span><\/p><p><span style=\"color: #000000;\">Abstrakt:<\/span><\/p><ul><li><span style=\"color: #000000;\">Abstrakty o\u010dek\u00e1v\u00e1me napsan\u00e9 anglicky, \u010desky nebo slovensky (angli\u010dtina je preferovan\u00e1).<\/span><\/li><li><span style=\"color: #000000;\">Rozsah abstraktu maxim\u00e1ln\u011b 500 znak\u016f (v\u010detn\u011b mezer), bez obr\u00e1zk\u016f.<\/span><\/li><li><span style=\"color: #000000;\">Zaslan\u00e9 p\u0159\u00edsp\u011bvky budou publikov\u00e1ny ve sborn\u00edku abstrakt\u016f, kter\u00fd obdr\u017e\u00ed v\u0161ichni \u00fa\u010dastn\u00edci v den konference p\u0159ed jej\u00edm zah\u00e1jen\u00edm.<\/span><\/li><\/ul><p><span style=\"color: #000000;\"><strong><strong><a style=\"color: #000000;\" href=\"https:\/\/ojs.cvut.cz\/ojs\/index.php\/APP\/index\">Abstrakty pros\u00edm nahr\u00e1vejte do syst\u00e9mu pot\u00e9, co provedete registraci (p\u0159ihla\u0161ovac\u00ed \u00fadaje do syst\u00e9mu INDICO jsou toto\u017en\u00e9 s p\u0159ihla\u0161ovac\u00edmi \u00fadaji do webmailu). Z\u00e1jemci z ostatn\u00edch fakult \u010cVUT nech\u0165 pros\u00edm nejd\u0159\u00edve kontaktuj\u00ed mailem Ing. Kate\u0159inu Aubrechtovou, (<\/a><a style=\"color: #000000;\" href=\"mailto:katerina.aubrechtova@fjfi.cvut.cz\">katerina.aubrechtova@fjfi.cvut.cz<\/a><a style=\"color: #000000;\" href=\"https:\/\/ojs.cvut.cz\/ojs\/index.php\/APP\/index\">).<\/a><\/strong><\/strong><\/span><\/p><p>Roz\u0161\u00ed\u0159en\u00fd abstrakt do sborn\u00edku:<\/p><ul><li style=\"list-style-type: none;\"><ul><li><span style=\"color: #000000;\">P\u0159\u00edsp\u011bvky o\u010dek\u00e1v\u00e1me napsan\u00e9 anglicky, \u010desky nebo slovensky\u00a0<strong>(angli\u010dtina je preferovan\u00e1)<\/strong>, vytvo\u0159en\u00e9 s pomoc\u00ed aktu\u00e1ln\u00edho templatu (template bude brzy zve\u0159ejn\u011bn).<\/span><\/li><li><span style=\"color: #000000;\">Rozsah je stanoven na 6 stran.<\/span><\/li><li><span style=\"color: #000000;\">P\u0159\u00edsp\u011bvky mus\u00ed m\u00edt strukturu v\u011bdeck\u00e9ho \u010dl\u00e1nku a obsahovat anglick\u00e1 kl\u00ed\u010dov\u00e1 slova a anglick\u00fd abstrakt (strukturou se m\u00edn\u00ed nap\u0159. Introduction; Experimental; Discussion; Conclusions; References).<\/span><\/li><li><span style=\"color: #000000;\">P\u0159\u00edsp\u011bvky by m\u011bly obsahovat dostatek origin\u00e1ln\u00edch informac\u00ed v\u010detn\u011b v\u00fdsledk\u016f!<\/span><\/li><\/ul><\/li><\/ul><p>P\u0159\u00edsp\u011bvky budou publikov\u00e1ny ve sborn\u00edku konference (bude m\u00edt p\u0159id\u011bleno ISBN), kter\u00fd obdr\u017e\u00ed v\u0161ichni \u00fa\u010dastn\u00edci.<\/p><p><span style=\"color: #000000;\"><strong><a style=\"color: #000000;\" href=\"https:\/\/ojs.cvut.cz\/ojs\/index.php\/APP\/index\"><br \/>Pln\u00fd v\u011bdeck\u00fd \u010dl\u00e1nek v Acta Polytechnica CTU Proceedings z d\u016fvodu mal\u00e9ho z\u00e1jmu v minul\u00fdch letech nebude organizov\u00e1n.<\/a><\/strong><\/span><\/p><\/div>\t\t\t\t\t\t<\/div>\n\t\t\t\t<\/div>\n\t\t\t\t\t<\/div>\n\t\t<\/div>\n\t\t\t\t\t<\/div>\n\t\t<\/section>\n\t\t\t\t<\/div>\n\t\t","protected":false},"excerpt":{"rendered":"<p>SSCSSP Pokyny pro p\u0159edn\u00e1\u0161ej\u00edc\u00ed SSCSSPM-9 \u00davod M\u00edsto kon\u00e1n\u00ed &#8211; Zahr\u00e1dka v Sedli\u0161ti online Registrace &#8211; uzav\u0159ena &#8211;&gt; Pokyny pro p\u0159edn\u00e1\u0161ej\u00ed Harmonogram Sborn\u00edk \u00a0RozsirenyAbstrakt_Template2016_LaTeX.pdf143.52 KB \u00a0RozsirenyAbstrakt_Template2016_LaTeX.zip186.17 KB \u00a0RozsirenyAbstrakt_Template2016_Word.zip25.67 KB Zasl\u00e1n\u00ed abstraktu a roz\u0161\u00ed\u0159en\u00e9ho abstraktu do sborn\u00edku je povinn\u00e9 pro v\u0161echny studenty [&hellip;]<\/p>\n","protected":false},"author":3,"featured_media":0,"parent":0,"menu_order":0,"comment_status":"closed","ping_status":"closed","template":"elementor_header_footer","meta":{"footnotes":""},"folder":[35],"class_list":["post-2759","page","type-page","status-publish","hentry"],"_links":{"self":[{"href":"https:\/\/kiplweb.fjfi.cvut.cz\/web\/wp-json\/wp\/v2\/pages\/2759","targetHints":{"allow":["GET"]}}],"collection":[{"href":"https:\/\/kiplweb.fjfi.cvut.cz\/web\/wp-json\/wp\/v2\/pages"}],"about":[{"href":"https:\/\/kiplweb.fjfi.cvut.cz\/web\/wp-json\/wp\/v2\/types\/page"}],"author":[{"embeddable":true,"href":"https:\/\/kiplweb.fjfi.cvut.cz\/web\/wp-json\/wp\/v2\/users\/3"}],"replies":[{"embeddable":true,"href":"https:\/\/kiplweb.fjfi.cvut.cz\/web\/wp-json\/wp\/v2\/comments?post=2759"}],"version-history":[{"count":13,"href":"https:\/\/kiplweb.fjfi.cvut.cz\/web\/wp-json\/wp\/v2\/pages\/2759\/revisions"}],"predecessor-version":[{"id":3869,"href":"https:\/\/kiplweb.fjfi.cvut.cz\/web\/wp-json\/wp\/v2\/pages\/2759\/revisions\/3869"}],"wp:attachment":[{"href":"https:\/\/kiplweb.fjfi.cvut.cz\/web\/wp-json\/wp\/v2\/media?parent=2759"}],"wp:term":[{"taxonomy":"folder","embeddable":true,"href":"https:\/\/kiplweb.fjfi.cvut.cz\/web\/wp-json\/wp\/v2\/folder?post=2759"}],"curies":[{"name":"wp","href":"https:\/\/api.w.org\/{rel}","templated":true}]}}