{"id":2655,"date":"2021-02-13T17:12:30","date_gmt":"2021-02-13T16:12:30","guid":{"rendered":"https:\/\/kiplweb.fjfi.cvut.cz\/wordpress\/?page_id=2655"},"modified":"2023-04-26T11:31:08","modified_gmt":"2023-04-26T09:31:08","slug":"sscsspm-8-uvod","status":"publish","type":"page","link":"https:\/\/kiplweb.fjfi.cvut.cz\/web\/sscsspm-8-uvod\/","title":{"rendered":"SSCSSPM-8 \u00davod"},"content":{"rendered":"\t\t<div data-elementor-type=\"wp-page\" data-elementor-id=\"2655\" class=\"elementor elementor-2655\">\n\t\t\t\t\t\t<section class=\"elementor-section elementor-top-section elementor-element elementor-element-d442a7c elementor-section-boxed elementor-section-height-default elementor-section-height-default\" data-id=\"d442a7c\" data-element_type=\"section\">\n\t\t\t\t\t\t<div class=\"elementor-container elementor-column-gap-default\">\n\t\t\t\t\t<div class=\"elementor-column elementor-col-50 elementor-top-column elementor-element elementor-element-df67519\" data-id=\"df67519\" data-element_type=\"column\">\n\t\t\t<div class=\"elementor-widget-wrap elementor-element-populated\">\n\t\t\t\t\t\t<div class=\"elementor-element elementor-element-4250db3 elementor-align-justify elementor-widget__width-inherit elementor-widget elementor-widget-button\" data-id=\"4250db3\" data-element_type=\"widget\" data-widget_type=\"button.default\">\n\t\t\t\t<div class=\"elementor-widget-container\">\n\t\t\t\t\t<div class=\"elementor-button-wrapper\">\n\t\t\t<a class=\"elementor-button elementor-button-link elementor-size-xs\" href=\"https:\/\/kiplweb.fjfi.cvut.cz\/wordpress\/sscssp\/\">\n\t\t\t\t\t\t<span class=\"elementor-button-content-wrapper\">\n\t\t\t\t\t\t\t\t\t<span class=\"elementor-button-text\">SSCSSP<\/span>\n\t\t\t\t\t<\/span>\n\t\t\t\t\t<\/a>\n\t\t<\/div>\n\t\t\t\t<\/div>\n\t\t\t\t<\/div>\n\t\t\t\t<div class=\"elementor-element elementor-element-843c8f4 elementor-widget elementor-widget-heading\" data-id=\"843c8f4\" data-element_type=\"widget\" data-widget_type=\"heading.default\">\n\t\t\t\t<div class=\"elementor-widget-container\">\n\t\t\t<h2 class=\"elementor-heading-title elementor-size-default\">8. Studentsk\u00e1 v\u011bdeck\u00e1 konference fyziky pevn\u00fdch l\u00e1tek a materi\u00e1l\u016f - SSCSSMP-8 (2018)<\/h2>\t\t<\/div>\n\t\t\t\t<\/div>\n\t\t\t\t\t<\/div>\n\t\t<\/div>\n\t\t\t\t<div class=\"elementor-column elementor-col-50 elementor-top-column elementor-element elementor-element-c7ce757\" data-id=\"c7ce757\" data-element_type=\"column\">\n\t\t\t<div class=\"elementor-widget-wrap elementor-element-populated\">\n\t\t\t\t\t\t<div class=\"elementor-element elementor-element-23e1888 elementor-widget elementor-widget-heading\" data-id=\"23e1888\" data-element_type=\"widget\" data-widget_type=\"heading.default\">\n\t\t\t\t<div class=\"elementor-widget-container\">\n\t\t\t<h6 class=\"elementor-heading-title elementor-size-default\"><br>SSCSSPM-8<\/h6>\t\t<\/div>\n\t\t\t\t<\/div>\n\t\t\t\t<div class=\"elementor-element elementor-element-9e03532 elementor-widget-divider--view-line elementor-widget elementor-widget-divider\" data-id=\"9e03532\" data-element_type=\"widget\" data-widget_type=\"divider.default\">\n\t\t\t\t<div class=\"elementor-widget-container\">\n\t\t\t\t\t<div class=\"elementor-divider\">\n\t\t\t<span class=\"elementor-divider-separator\">\n\t\t\t\t\t\t<\/span>\n\t\t<\/div>\n\t\t\t\t<\/div>\n\t\t\t\t<\/div>\n\t\t\t\t<div class=\"elementor-element elementor-element-fb572e5 elementor-widget elementor-widget-text-editor\" data-id=\"fb572e5\" data-element_type=\"widget\" data-widget_type=\"text-editor.default\">\n\t\t\t\t<div class=\"elementor-widget-container\">\n\t\t\t\t\t\t\t<ol><li><span style=\"color: #000000;\"><b>&#8211;&gt; \u00davod<\/b><\/span><\/li><li><span style=\"color: #336699;\"><a style=\"font-weight: bold; color: #336699;\" title=\"\" href=\"http:\/\/www.kbssped.cz\/\">M\u00edsto kon\u00e1n\u00ed &#8211; Zahr\u00e1dka v Sedli\u0161ti<\/a><\/span><\/li><li><span style=\"color: #336699;\"><a style=\"font-weight: bold; color: #336699;\" title=\"\" href=\"https:\/\/kipl-indico.fjfi.cvut.cz\/\">Registrace <\/a><span style=\"color: #000000;\"><strong>&#8211; uzav\u0159ena<\/strong><\/span><\/span><\/li><li><span style=\"color: #336699;\"><a style=\"font-weight: bold; color: #336699;\" title=\"\" href=\"https:\/\/kiplweb.fjfi.cvut.cz\/wordpress\/sscsspm-8-pokyny-pro-prednasejici\/\">Pokyny pro p\u0159edn\u00e1\u0161ej\u00ed<\/a><\/span><\/li><li><a href=\"https:\/\/kiplweb.fjfi.cvut.cz\/wordpress\/sscsspm-8-harmonogram\/\"><strong style=\"color: #336699;\">Harmonogram<\/strong><\/a><\/li><li><a href=\"https:\/\/kiplweb.fjfi.cvut.cz\/wordpress\/sscsspm-8-fotogalerie\/\"><strong style=\"color: #336699;\">Fotogalerie<\/strong><\/a><\/li><li><strong style=\"color: #336699;\"><a style=\"color: #336699;\" href=\"https:\/\/kiplweb.fjfi.cvut.cz\/files\/SSCSSPM8-2018-sbornik.pdf\">Sborn\u00edk<\/a><\/strong><\/li><\/ol>\t\t\t\t\t\t<\/div>\n\t\t\t\t<\/div>\n\t\t\t\t\t<\/div>\n\t\t<\/div>\n\t\t\t\t\t<\/div>\n\t\t<\/section>\n\t\t\t\t<section class=\"elementor-section elementor-top-section elementor-element elementor-element-8bc324c elementor-section-boxed elementor-section-height-default elementor-section-height-default\" data-id=\"8bc324c\" data-element_type=\"section\">\n\t\t\t\t\t\t<div class=\"elementor-container elementor-column-gap-default\">\n\t\t\t\t\t<div class=\"elementor-column elementor-col-100 elementor-top-column elementor-element elementor-element-2f5ed09\" data-id=\"2f5ed09\" data-element_type=\"column\">\n\t\t\t<div class=\"elementor-widget-wrap elementor-element-populated\">\n\t\t\t\t\t\t<div class=\"elementor-element elementor-element-1c661c9 elementor-widget-divider--view-line elementor-widget elementor-widget-divider\" data-id=\"1c661c9\" data-element_type=\"widget\" data-widget_type=\"divider.default\">\n\t\t\t\t<div class=\"elementor-widget-container\">\n\t\t\t\t\t<div class=\"elementor-divider\">\n\t\t\t<span class=\"elementor-divider-separator\">\n\t\t\t\t\t\t<\/span>\n\t\t<\/div>\n\t\t\t\t<\/div>\n\t\t\t\t<\/div>\n\t\t\t\t<div class=\"elementor-element elementor-element-b4f8a68 elementor-widget elementor-widget-text-editor\" data-id=\"b4f8a68\" data-element_type=\"widget\" data-widget_type=\"text-editor.default\">\n\t\t\t\t<div class=\"elementor-widget-container\">\n\t\t\t\t\t\t\t<p>Ve dnech <strong>17. a\u017e 21.9.2018<\/strong>\u00a0se pod z\u00e1\u0161titou Katedry in\u017een\u00fdrstv\u00ed pevn\u00fdch l\u00e1tek a Katedry materi\u00e1l\u016f FJFI za laskav\u00e9 grantov\u00e9 podpory ze strany SGS \u010cVUT v Praze uskute\u010dnila\u00a0<strong>8. Studentsk\u00e1 v\u011bdeck\u00e1 konference fyziky pevn\u00fdch l\u00e1tek a materi\u00e1l\u016f<\/strong>\u00a0(8th Student Scientific Conference on Solid State Physics and Materials, SSCSSPM-8). Pro v\u0161echny prezentuj\u00edc\u00ed studenty \u010cVUT, kte\u0159\u00ed publikuj\u00ed roz\u0161\u00ed\u0159en\u00fd abstrakt do sborn\u00edku konference, jsou ubytovac\u00ed v\u00fddaje zcela hrazeny z grantu SGS \u010cVUT.<\/p><p><strong>M\u00edsto kon\u00e1n\u00ed: penzion Zahr\u00e1dka v Sedli\u0161ti (<a href=\"http:\/\/www.kbssped.cz\/\">http:\/\/www.kbssped.cz\/<\/a>)<\/strong><\/p><p>T\u00e9matick\u00fd z\u00e1b\u011br konference byl \u0161irok\u00fd \u2013 v n\u00e1vaznosti na magistersk\u00e9 a doktorsk\u00e9 studijn\u00ed obory v\u011bnovan\u00e9 kvantov\u00fdm technologi\u00edm, kter\u00e9 jsou v sou\u010dasnosti p\u0159ipravov\u00e1ny pracovn\u00edky kateder fyziky, fyzik\u00e1ln\u00ed elektroniky, in\u017een\u00fdrstv\u00ed pevn\u00fdch l\u00e1tek, matematiky a materi\u00e1l\u016f FJFI CVUT v Praze. Konkr\u00e9tn\u011b byly odborn\u00e9 p\u0159\u00edsp\u011bvky v\u011bnov\u00e1ny probl\u00e9m\u016fm fyziky biomater\u00e1l\u016f, polymer\u016f, termoelektrik, kovov\u00fdch slitin, funk\u010dn\u00edch materi\u00e1l\u016f, multiferroik a nanoplasmoniky studovan\u00fdm \u0159adou experiment\u00e1ln\u00edch a teoretick\u00fdch metod zam\u011b\u0159en\u00fdch na morfologii, re\u00e1lnou krystalovou strukturu, mechanick\u00e9, optick\u00e9, elektrick\u00e9 a magnetick\u00e9 vlastnosti. V r\u00e1mci doprovodn\u00e9ho programu prob\u011bhl ve\u010dern\u00ed workshop s praktickou demonstrac\u00ed mo\u017enost\u00ed a pedagogick\u00e9ho vyu\u017eit\u00ed za\u0159\u00edzen\u00ed pro zobrazen\u00ed 3D virtu\u00e1ln\u00ed reality.<\/p><p>C\u00edlem konference bylo poskytnout student\u016fm mo\u017enost prezentovat sv\u00e9 p\u0159\u00edsp\u011bvky v \u0161ir\u0161\u00edm, otev\u0159en\u00e9m f\u00f3ru, d\u00e1le rozv\u00edjet schopnosti odborn\u00e9 komunikace, roz\u0161\u00ed\u0159it odborn\u00fd rozhled o t\u00e9mata prezentovan\u00e1 ostatn\u00edmi \u00fa\u010dastn\u00edky konference, t\u0159\u00edbit sv\u00e9 n\u00e1zory v neform\u00e1ln\u00edch diskuz\u00edch a nav\u00e1zat \u0159adu nov\u00fdch profesion\u00e1ln\u00edch vztah\u016f.<\/p><p>Studentsk\u00e9 p\u0159\u00edsp\u011bvky jsou jako ka\u017ed\u00fd rok publikov\u00e1ny ve sborn\u00edku konference a vybran\u00e9 z nich budou tak\u00e9 v odborn\u00e9m recenzovan\u00e9m \u010dasopise Acta Polytechnica CTU Proceedings.<\/p><p><strong>D\u016fle\u017eit\u00e1 data:<\/strong><\/p><ul><li><strong>Deadline pro plnou registraci (odesl\u00e1n\u00ed abstraktu p\u0159\u00edsp\u011bvku) je 17. 8. 2018.<\/strong><\/li><li>Deadline pro roz\u0161\u00ed\u0159en\u00e9 abstrakty do sborn\u00edku konference je\u00a0<strong>17. 9. 2018\u00a0<\/strong>(tedy do za\u010d\u00e1tku konference).<\/li><\/ul><p><strong>Organiza\u010dn\u00ed t\u00fdm:<\/strong><br \/><a href=\"https:\/\/kiplweb.fjfi.cvut.cz\/wordpress\/kalvoda\/\">doc. Ing. Ladislav Kalvoda, CSc.<\/a>, p\u0159edseda organiza\u010dn\u00edho v\u00fdboru<br \/><a href=\"https:\/\/kiplweb.fjfi.cvut.cz\/wordpress\/sedlak-2\/\">Ing. Petr Sedl\u00e1k, Ph.D.<\/a><br \/><a href=\"https:\/\/kiplweb.fjfi.cvut.cz\/wordpress\/drab\/\">Ing. Martin Dr\u00e1b, Ph.D.<\/a><br \/><a href=\"https:\/\/kiplweb.fjfi.cvut.cz\/wordpress\/kolenko\/\">doc. Ing. Petr Kolenko, Ph.D.<\/a><br \/><a href=\"https:\/\/kiplweb.fjfi.cvut.cz\/wordpress\/dragounova\/\">Ing. Kate\u0159ina Dragounov\u00e1<\/a><\/p>\t\t\t\t\t\t<\/div>\n\t\t\t\t<\/div>\n\t\t\t\t<div class=\"elementor-element elementor-element-fa023cf elementor-widget elementor-widget-image\" data-id=\"fa023cf\" data-element_type=\"widget\" data-widget_type=\"image.default\">\n\t\t\t\t<div class=\"elementor-widget-container\">\n\t\t\t\t\t\t\t\t\t\t\t\t\t<img fetchpriority=\"high\" decoding=\"async\" width=\"564\" height=\"751\" src=\"https:\/\/kiplweb.fjfi.cvut.cz\/web\/wp-content\/uploads\/2021\/02\/plakat-2.jpg\" class=\"attachment-large size-large wp-image-2657\" alt=\"\" srcset=\"https:\/\/kiplweb.fjfi.cvut.cz\/web\/wp-content\/uploads\/2021\/02\/plakat-2.jpg 564w, https:\/\/kiplweb.fjfi.cvut.cz\/web\/wp-content\/uploads\/2021\/02\/plakat-2-225x300.jpg 225w, https:\/\/kiplweb.fjfi.cvut.cz\/web\/wp-content\/uploads\/2021\/02\/plakat-2-9x12.jpg 9w, https:\/\/kiplweb.fjfi.cvut.cz\/web\/wp-content\/uploads\/2021\/02\/plakat-2-230x306.jpg 230w, https:\/\/kiplweb.fjfi.cvut.cz\/web\/wp-content\/uploads\/2021\/02\/plakat-2-350x466.jpg 350w, https:\/\/kiplweb.fjfi.cvut.cz\/web\/wp-content\/uploads\/2021\/02\/plakat-2-480x639.jpg 480w\" sizes=\"(max-width: 564px) 100vw, 564px\" \/>\t\t\t\t\t\t\t\t\t\t\t\t\t<\/div>\n\t\t\t\t<\/div>\n\t\t\t\t\t<\/div>\n\t\t<\/div>\n\t\t\t\t\t<\/div>\n\t\t<\/section>\n\t\t\t\t<\/div>\n\t\t","protected":false},"excerpt":{"rendered":"<p>SSCSSP 8. Studentsk\u00e1 v\u011bdeck\u00e1 konference fyziky pevn\u00fdch l\u00e1tek a materi\u00e1l\u016f &#8211; SSCSSMP-8 (2018) SSCSSPM-8 &#8211;&gt; \u00davod M\u00edsto kon\u00e1n\u00ed &#8211; Zahr\u00e1dka v Sedli\u0161ti Registrace &#8211; uzav\u0159ena Pokyny pro p\u0159edn\u00e1\u0161ej\u00ed Harmonogram Fotogalerie Sborn\u00edk Ve dnech 17. a\u017e 21.9.2018\u00a0se pod z\u00e1\u0161titou Katedry in\u017een\u00fdrstv\u00ed [&hellip;]<\/p>\n","protected":false},"author":3,"featured_media":0,"parent":0,"menu_order":0,"comment_status":"closed","ping_status":"closed","template":"elementor_header_footer","meta":{"footnotes":""},"folder":[33],"class_list":["post-2655","page","type-page","status-publish","hentry"],"_links":{"self":[{"href":"https:\/\/kiplweb.fjfi.cvut.cz\/web\/wp-json\/wp\/v2\/pages\/2655","targetHints":{"allow":["GET"]}}],"collection":[{"href":"https:\/\/kiplweb.fjfi.cvut.cz\/web\/wp-json\/wp\/v2\/pages"}],"about":[{"href":"https:\/\/kiplweb.fjfi.cvut.cz\/web\/wp-json\/wp\/v2\/types\/page"}],"author":[{"embeddable":true,"href":"https:\/\/kiplweb.fjfi.cvut.cz\/web\/wp-json\/wp\/v2\/users\/3"}],"replies":[{"embeddable":true,"href":"https:\/\/kiplweb.fjfi.cvut.cz\/web\/wp-json\/wp\/v2\/comments?post=2655"}],"version-history":[{"count":25,"href":"https:\/\/kiplweb.fjfi.cvut.cz\/web\/wp-json\/wp\/v2\/pages\/2655\/revisions"}],"predecessor-version":[{"id":5750,"href":"https:\/\/kiplweb.fjfi.cvut.cz\/web\/wp-json\/wp\/v2\/pages\/2655\/revisions\/5750"}],"wp:attachment":[{"href":"https:\/\/kiplweb.fjfi.cvut.cz\/web\/wp-json\/wp\/v2\/media?parent=2655"}],"wp:term":[{"taxonomy":"folder","embeddable":true,"href":"https:\/\/kiplweb.fjfi.cvut.cz\/web\/wp-json\/wp\/v2\/folder?post=2655"}],"curies":[{"name":"wp","href":"https:\/\/api.w.org\/{rel}","templated":true}]}}