{"id":2461,"date":"2021-02-12T15:47:09","date_gmt":"2021-02-12T14:47:09","guid":{"rendered":"https:\/\/kiplweb.fjfi.cvut.cz\/wordpress\/?page_id=2461"},"modified":"2023-04-26T11:23:19","modified_gmt":"2023-04-26T09:23:19","slug":"sscssp-5-uvod","status":"publish","type":"page","link":"https:\/\/kiplweb.fjfi.cvut.cz\/web\/sscssp-5-uvod\/","title":{"rendered":"SSCSSP-5 \u00davod"},"content":{"rendered":"\t\t<div data-elementor-type=\"wp-page\" data-elementor-id=\"2461\" class=\"elementor elementor-2461\">\n\t\t\t\t\t\t<section class=\"elementor-section elementor-top-section elementor-element elementor-element-d442a7c elementor-section-boxed elementor-section-height-default elementor-section-height-default\" data-id=\"d442a7c\" data-element_type=\"section\">\n\t\t\t\t\t\t<div class=\"elementor-container elementor-column-gap-default\">\n\t\t\t\t\t<div class=\"elementor-column elementor-col-50 elementor-top-column elementor-element elementor-element-df67519\" data-id=\"df67519\" data-element_type=\"column\">\n\t\t\t<div class=\"elementor-widget-wrap elementor-element-populated\">\n\t\t\t\t\t\t<div class=\"elementor-element elementor-element-4250db3 elementor-align-justify elementor-widget__width-inherit elementor-widget elementor-widget-button\" data-id=\"4250db3\" data-element_type=\"widget\" data-widget_type=\"button.default\">\n\t\t\t\t<div class=\"elementor-widget-container\">\n\t\t\t\t\t<div class=\"elementor-button-wrapper\">\n\t\t\t<a class=\"elementor-button elementor-button-link elementor-size-xs\" href=\"https:\/\/kiplweb.fjfi.cvut.cz\/wordpress\/sscssp\/\">\n\t\t\t\t\t\t<span class=\"elementor-button-content-wrapper\">\n\t\t\t\t\t\t\t\t\t<span class=\"elementor-button-text\">SSCSSP<\/span>\n\t\t\t\t\t<\/span>\n\t\t\t\t\t<\/a>\n\t\t<\/div>\n\t\t\t\t<\/div>\n\t\t\t\t<\/div>\n\t\t\t\t<div class=\"elementor-element elementor-element-843c8f4 elementor-widget elementor-widget-heading\" data-id=\"843c8f4\" data-element_type=\"widget\" data-widget_type=\"heading.default\">\n\t\t\t\t<div class=\"elementor-widget-container\">\n\t\t\t<h2 class=\"elementor-heading-title elementor-size-default\">5. Studentsk\u00e1 v\u011bdeck\u00e1 konference fyziky pevn\u00fdch l\u00e1tek<\/h2>\t\t<\/div>\n\t\t\t\t<\/div>\n\t\t\t\t\t<\/div>\n\t\t<\/div>\n\t\t\t\t<div class=\"elementor-column elementor-col-50 elementor-top-column elementor-element elementor-element-c7ce757\" data-id=\"c7ce757\" data-element_type=\"column\">\n\t\t\t<div class=\"elementor-widget-wrap elementor-element-populated\">\n\t\t\t\t\t\t<div class=\"elementor-element elementor-element-23e1888 elementor-widget elementor-widget-heading\" data-id=\"23e1888\" data-element_type=\"widget\" data-widget_type=\"heading.default\">\n\t\t\t\t<div class=\"elementor-widget-container\">\n\t\t\t<h6 class=\"elementor-heading-title elementor-size-default\"><br>SSCSSP-5<\/h6>\t\t<\/div>\n\t\t\t\t<\/div>\n\t\t\t\t<div class=\"elementor-element elementor-element-9e03532 elementor-widget-divider--view-line elementor-widget elementor-widget-divider\" data-id=\"9e03532\" data-element_type=\"widget\" data-widget_type=\"divider.default\">\n\t\t\t\t<div class=\"elementor-widget-container\">\n\t\t\t\t\t<div class=\"elementor-divider\">\n\t\t\t<span class=\"elementor-divider-separator\">\n\t\t\t\t\t\t<\/span>\n\t\t<\/div>\n\t\t\t\t<\/div>\n\t\t\t\t<\/div>\n\t\t\t\t<div class=\"elementor-element elementor-element-fb572e5 elementor-widget elementor-widget-text-editor\" data-id=\"fb572e5\" data-element_type=\"widget\" data-widget_type=\"text-editor.default\">\n\t\t\t\t<div class=\"elementor-widget-container\">\n\t\t\t\t\t\t\t<ol><li><span style=\"color: #000000;\"><b>&#8211;&gt; \u00davod<\/b><\/span><\/li><li><span style=\"color: #336699;\"><a style=\"font-weight: bold; color: #336699;\" title=\"\" href=\"https:\/\/kiplweb.fjfi.cvut.cz\/wordpress\/sscssp-5-ohlednuti\/\">Ohl\u00e9dnut\u00ed za 5. ro\u010dn\u00edkem SSCSSP<\/a><\/span><\/li><li><span style=\"color: #336699;\"><a style=\"font-weight: bold; color: #336699;\" title=\"\" href=\"https:\/\/kiplweb.fjfi.cvut.cz\/wordpress\/sscssp-5-fotogalerie\/\">Fotogalerie<\/a><\/span><\/li><li><span style=\"color: #336699;\"><a style=\"font-weight: bold; color: #336699;\" title=\"\" href=\"https:\/\/www.penzion-kaminek.cz\/\">M\u00edsto kon\u00e1n\u00ed &#8211; Penzion Kam\u00ednek\u00a0<\/a><\/span><\/li><li><span style=\"color: #336699;\"><a style=\"font-weight: bold; color: #336699;\" title=\"\" href=\"https:\/\/kipl-indico.fjfi.cvut.cz\/\">Registrace (pro studenty FJFI) <\/a><span style=\"color: #000000;\"><strong>&#8211; uzav\u0159ena<\/strong><\/span><\/span><\/li><li><span style=\"color: #336699;\"><strong><a style=\"color: #336699;\" href=\"https:\/\/kiplweb.fjfi.cvut.cz\/files\/SSCSSP5-2015-sbornik.pdf\">Sborn\u00edk<\/a><\/strong><\/span><\/li><\/ol>\t\t\t\t\t\t<\/div>\n\t\t\t\t<\/div>\n\t\t\t\t\t<\/div>\n\t\t<\/div>\n\t\t\t\t\t<\/div>\n\t\t<\/section>\n\t\t\t\t<section class=\"elementor-section elementor-top-section elementor-element elementor-element-8bc324c elementor-section-boxed elementor-section-height-default elementor-section-height-default\" data-id=\"8bc324c\" data-element_type=\"section\">\n\t\t\t\t\t\t<div class=\"elementor-container elementor-column-gap-default\">\n\t\t\t\t\t<div class=\"elementor-column elementor-col-100 elementor-top-column elementor-element elementor-element-2f5ed09\" data-id=\"2f5ed09\" data-element_type=\"column\">\n\t\t\t<div class=\"elementor-widget-wrap elementor-element-populated\">\n\t\t\t\t\t\t<div class=\"elementor-element elementor-element-1c661c9 elementor-widget-divider--view-line elementor-widget elementor-widget-divider\" data-id=\"1c661c9\" data-element_type=\"widget\" data-widget_type=\"divider.default\">\n\t\t\t\t<div class=\"elementor-widget-container\">\n\t\t\t\t\t<div class=\"elementor-divider\">\n\t\t\t<span class=\"elementor-divider-separator\">\n\t\t\t\t\t\t<\/span>\n\t\t<\/div>\n\t\t\t\t<\/div>\n\t\t\t\t<\/div>\n\t\t\t\t<div class=\"elementor-element elementor-element-b4f8a68 elementor-widget elementor-widget-text-editor\" data-id=\"b4f8a68\" data-element_type=\"widget\" data-widget_type=\"text-editor.default\">\n\t\t\t\t<div class=\"elementor-widget-container\">\n\t\t\t\t\t\t\t<p>Ve dnech\u00a0<strong>14.9.2015 a\u017e 18.9.2015<\/strong>\u00a0se pod z\u00e1\u0161titou Katedry in\u017een\u00fdrstv\u00ed pevn\u00fdch l\u00e1tek FJFI za laskav\u00e9 grantov\u00e9 podpory ze strany SGS \u010cVUT v Praze uskute\u010dnila\u00a0<strong>5. Studentsk\u00e1 v\u011bdeck\u00e1 konference fyziky pevn\u00fdch l\u00e1tek<\/strong>\u00a0(5th Student Scientific Conference on Solid State Physics, SSCSSP-5).<br \/><br \/>Fyzika pevn\u00fdch l\u00e1tek (FPL) je z\u00e1kladn\u00edm p\u0159\u00edrodov\u011bdn\u00fdm oborem zam\u011b\u0159en\u00fdm na pochopen\u00ed souvislost\u00ed mezi strukturou kondenzovan\u00fdch l\u00e1tek (charakterizovanou obecn\u011b na \u0159ad\u011b rozm\u011brov\u00fdch \u00farovn\u00edch) a jej\u00edmi vlastnostmi. Principy FPL a jejich technick\u00e9 vyu\u017eit\u00ed tvo\u0159\u00ed z\u00e1klad bakal\u00e1\u0159sk\u00e9ho a magistersk\u00e9ho studijn\u00edho oboru In\u017een\u00fdrstv\u00ed pevn\u00fdch l\u00e1tek a jeden z pil\u00ed\u0159\u016f doktorsk\u00e9ho studijn\u00edho oboru Fyzik\u00e1ln\u00ed in\u017een\u00fdrstv\u00ed na FJFI \u010cVUT v Praze.<\/p><p><img fetchpriority=\"high\" decoding=\"async\" class=\"wp-image-2434 aligncenter\" src=\"https:\/\/kiplweb.fjfi.cvut.cz\/wordpress\/wp-content\/uploads\/2021\/02\/sponzori-SSCSSP4-2-1024x765.png\" alt=\"\" width=\"497\" height=\"371\" srcset=\"https:\/\/kiplweb.fjfi.cvut.cz\/web\/wp-content\/uploads\/2021\/02\/sponzori-SSCSSP4-2-1024x765.png 1024w, https:\/\/kiplweb.fjfi.cvut.cz\/web\/wp-content\/uploads\/2021\/02\/sponzori-SSCSSP4-2-300x224.png 300w, https:\/\/kiplweb.fjfi.cvut.cz\/web\/wp-content\/uploads\/2021\/02\/sponzori-SSCSSP4-2-768x573.png 768w, https:\/\/kiplweb.fjfi.cvut.cz\/web\/wp-content\/uploads\/2021\/02\/sponzori-SSCSSP4-2-16x12.png 16w, https:\/\/kiplweb.fjfi.cvut.cz\/web\/wp-content\/uploads\/2021\/02\/sponzori-SSCSSP4-2-830x620.png 830w, https:\/\/kiplweb.fjfi.cvut.cz\/web\/wp-content\/uploads\/2021\/02\/sponzori-SSCSSP4-2-230x172.png 230w, https:\/\/kiplweb.fjfi.cvut.cz\/web\/wp-content\/uploads\/2021\/02\/sponzori-SSCSSP4-2-350x261.png 350w, https:\/\/kiplweb.fjfi.cvut.cz\/web\/wp-content\/uploads\/2021\/02\/sponzori-SSCSSP4-2-480x358.png 480w, https:\/\/kiplweb.fjfi.cvut.cz\/web\/wp-content\/uploads\/2021\/02\/sponzori-SSCSSP4-2.png 1445w\" sizes=\"(max-width: 497px) 100vw, 497px\" \/><\/p><p>K hlavn\u00edm sm\u011br\u016fm sou\u010dasn\u00e9 FPL pat\u0159\u00ed zejm\u00e9na experiment\u00e1ln\u00ed studium vnit\u0159n\u00edho uspo\u0159\u00e1d\u00e1n\u00ed kondenzovan\u00fdch l\u00e1tek (od krystalick\u00fdch p\u0159es makromolekul\u00e1rn\u00ed a biologick\u00e9 a\u017e po mesomorfn\u00ed a amorfn\u00ed), spektroskopick\u00e1 a optick\u00e1 charakterizace fyzik\u00e1ln\u00edch a chemick\u00fdch vlastnost\u00ed kondenzovan\u00fdch l\u00e1tek a slo\u017eit\u011bj\u0161\u00edch funk\u010dn\u00edch super-struktur \u010di v\u00fdzkum funk\u010dn\u00edch multi-ferroick\u00fdch a strukturn\u011b modifikovan\u00fdch materi\u00e1l\u016f. Poznatky FPL se v\u00fdznamn\u011b uplat\u0148uj\u00ed v mezioborov\u00e9m v\u00fdzkumu ozna\u010dovan\u00e9m souhrnn\u011b jako materi\u00e1lov\u00e9 in\u017een\u00fdrstv\u00ed. D\u016fle\u017eit\u00fdm n\u00e1strojem sou\u010dasn\u00e9ho v\u00fdvoje nov\u00fdch materi\u00e1l\u016f a souvisej\u00edc\u00edch technologi\u00ed jsou po\u010d\u00edta\u010dov\u00e9 simulace struktury a vlastnost\u00ed kondenzovan\u00fdch l\u00e1tek umo\u017e\u0148uj\u00edc\u00ed rychlou a dostupnou realizaci rozs\u00e1hl\u00fdch v\u00fdvojov\u00fdch a analytick\u00fdch studi\u00ed.<br \/><br \/>C\u00edlem konference bylo poskytnout student\u016fm mo\u017enost prezentovat sv\u00e9 p\u0159\u00edsp\u011bvky v \u0161ir\u0161\u00edm, otev\u0159en\u00e9m f\u00f3ru, d\u00e1le rozv\u00edjet schopnosti odborn\u00e9 komunikace, roz\u0161\u00ed\u0159it odborn\u00fd rozhled o t\u00e9mata prezentovan\u00e1 ostatn\u00edmi \u00fa\u010dastn\u00edky konference, t\u0159\u00edbit sv\u00e9 n\u00e1zory v neform\u00e1ln\u00edch diskuz\u00edch a nav\u00e1zat \u0159adu nov\u00fdch profesion\u00e1ln\u00edch vztah\u016f.<br \/><br \/>P\u0159edpokl\u00e1dan\u00fd program navrhovan\u00e9 studentsk\u00e9 v\u011bdeck\u00e9 konference (navazuj\u00edc\u00ed na \u010dty\u0159i p\u0159edchoz\u00ed \u00fasp\u011b\u0161n\u00e9 ro\u010dn\u00edky) zahrnoval p\u0159\u00edsp\u011bvky dot\u00fdkaj\u00edc\u00ed se v\u00fd\u0161e uveden\u00fdch aktu\u00e1ln\u00edch t\u00e9mat.<br \/><br \/>P\u0159ednesen\u00e9 p\u0159\u00edsp\u011bvky v rozsahu 4-6 stran byly, podobn\u011b jako v letech p\u0159ede\u0161l\u00fdch, publikov\u00e1ny v indexovan\u00e9m sborn\u00edku konference.<\/p>\t\t\t\t\t\t<\/div>\n\t\t\t\t<\/div>\n\t\t\t\t<div class=\"elementor-element elementor-element-52d5f2e elementor-widget elementor-widget-image\" data-id=\"52d5f2e\" data-element_type=\"widget\" data-widget_type=\"image.default\">\n\t\t\t\t<div class=\"elementor-widget-container\">\n\t\t\t\t\t\t\t\t\t\t\t\t\t<img decoding=\"async\" width=\"566\" height=\"757\" src=\"https:\/\/kiplweb.fjfi.cvut.cz\/web\/wp-content\/uploads\/2021\/02\/plakat.jpg\" class=\"attachment-large size-large wp-image-2474\" alt=\"\" srcset=\"https:\/\/kiplweb.fjfi.cvut.cz\/web\/wp-content\/uploads\/2021\/02\/plakat.jpg 566w, https:\/\/kiplweb.fjfi.cvut.cz\/web\/wp-content\/uploads\/2021\/02\/plakat-224x300.jpg 224w, https:\/\/kiplweb.fjfi.cvut.cz\/web\/wp-content\/uploads\/2021\/02\/plakat-9x12.jpg 9w, https:\/\/kiplweb.fjfi.cvut.cz\/web\/wp-content\/uploads\/2021\/02\/plakat-230x308.jpg 230w, https:\/\/kiplweb.fjfi.cvut.cz\/web\/wp-content\/uploads\/2021\/02\/plakat-350x468.jpg 350w, https:\/\/kiplweb.fjfi.cvut.cz\/web\/wp-content\/uploads\/2021\/02\/plakat-480x642.jpg 480w\" sizes=\"(max-width: 566px) 100vw, 566px\" \/>\t\t\t\t\t\t\t\t\t\t\t\t\t<\/div>\n\t\t\t\t<\/div>\n\t\t\t\t\t<\/div>\n\t\t<\/div>\n\t\t\t\t\t<\/div>\n\t\t<\/section>\n\t\t\t\t<\/div>\n\t\t","protected":false},"excerpt":{"rendered":"<p>SSCSSP 5. Studentsk\u00e1 v\u011bdeck\u00e1 konference fyziky pevn\u00fdch l\u00e1tek SSCSSP-5 &#8211;&gt; \u00davod Ohl\u00e9dnut\u00ed za 5. ro\u010dn\u00edkem SSCSSP Fotogalerie M\u00edsto kon\u00e1n\u00ed &#8211; Penzion Kam\u00ednek\u00a0 Registrace (pro studenty FJFI) &#8211; uzav\u0159ena Sborn\u00edk Ve dnech\u00a014.9.2015 a\u017e 18.9.2015\u00a0se pod z\u00e1\u0161titou Katedry in\u017een\u00fdrstv\u00ed pevn\u00fdch l\u00e1tek FJFI [&hellip;]<\/p>\n","protected":false},"author":3,"featured_media":0,"parent":0,"menu_order":0,"comment_status":"closed","ping_status":"closed","template":"elementor_header_footer","meta":{"footnotes":""},"folder":[28],"class_list":["post-2461","page","type-page","status-publish","hentry"],"_links":{"self":[{"href":"https:\/\/kiplweb.fjfi.cvut.cz\/web\/wp-json\/wp\/v2\/pages\/2461","targetHints":{"allow":["GET"]}}],"collection":[{"href":"https:\/\/kiplweb.fjfi.cvut.cz\/web\/wp-json\/wp\/v2\/pages"}],"about":[{"href":"https:\/\/kiplweb.fjfi.cvut.cz\/web\/wp-json\/wp\/v2\/types\/page"}],"author":[{"embeddable":true,"href":"https:\/\/kiplweb.fjfi.cvut.cz\/web\/wp-json\/wp\/v2\/users\/3"}],"replies":[{"embeddable":true,"href":"https:\/\/kiplweb.fjfi.cvut.cz\/web\/wp-json\/wp\/v2\/comments?post=2461"}],"version-history":[{"count":22,"href":"https:\/\/kiplweb.fjfi.cvut.cz\/web\/wp-json\/wp\/v2\/pages\/2461\/revisions"}],"predecessor-version":[{"id":5738,"href":"https:\/\/kiplweb.fjfi.cvut.cz\/web\/wp-json\/wp\/v2\/pages\/2461\/revisions\/5738"}],"wp:attachment":[{"href":"https:\/\/kiplweb.fjfi.cvut.cz\/web\/wp-json\/wp\/v2\/media?parent=2461"}],"wp:term":[{"taxonomy":"folder","embeddable":true,"href":"https:\/\/kiplweb.fjfi.cvut.cz\/web\/wp-json\/wp\/v2\/folder?post=2461"}],"curies":[{"name":"wp","href":"https:\/\/api.w.org\/{rel}","templated":true}]}}