{"id":2429,"date":"2021-02-12T11:57:37","date_gmt":"2021-02-12T10:57:37","guid":{"rendered":"https:\/\/kiplweb.fjfi.cvut.cz\/wordpress\/?page_id=2429"},"modified":"2021-02-12T15:43:04","modified_gmt":"2021-02-12T14:43:04","slug":"sscssp-4-ohlednuti","status":"publish","type":"page","link":"https:\/\/kiplweb.fjfi.cvut.cz\/web\/sscssp-4-ohlednuti\/","title":{"rendered":"SSCSSP-4 Ohl\u00e9dnut\u00ed"},"content":{"rendered":"\t\t<div data-elementor-type=\"wp-page\" data-elementor-id=\"2429\" class=\"elementor elementor-2429\">\n\t\t\t\t\t\t<section class=\"elementor-section elementor-top-section elementor-element elementor-element-d442a7c elementor-section-boxed elementor-section-height-default elementor-section-height-default\" data-id=\"d442a7c\" data-element_type=\"section\">\n\t\t\t\t\t\t<div class=\"elementor-container elementor-column-gap-default\">\n\t\t\t\t\t<div class=\"elementor-column elementor-col-50 elementor-top-column elementor-element elementor-element-df67519\" data-id=\"df67519\" data-element_type=\"column\">\n\t\t\t<div class=\"elementor-widget-wrap elementor-element-populated\">\n\t\t\t\t\t\t<div class=\"elementor-element elementor-element-934615d elementor-align-justify elementor-widget__width-inherit elementor-widget elementor-widget-button\" data-id=\"934615d\" data-element_type=\"widget\" data-widget_type=\"button.default\">\n\t\t\t\t<div class=\"elementor-widget-container\">\n\t\t\t\t\t<div class=\"elementor-button-wrapper\">\n\t\t\t<a class=\"elementor-button elementor-button-link elementor-size-xs\" href=\"https:\/\/kiplweb.fjfi.cvut.cz\/wordpress\/pracoviste\/\">\n\t\t\t\t\t\t<span class=\"elementor-button-content-wrapper\">\n\t\t\t\t\t\t\t\t\t<span class=\"elementor-button-text\">SSCSSP<\/span>\n\t\t\t\t\t<\/span>\n\t\t\t\t\t<\/a>\n\t\t<\/div>\n\t\t\t\t<\/div>\n\t\t\t\t<\/div>\n\t\t\t\t<div class=\"elementor-element elementor-element-843c8f4 elementor-widget elementor-widget-heading\" data-id=\"843c8f4\" data-element_type=\"widget\" data-widget_type=\"heading.default\">\n\t\t\t\t<div class=\"elementor-widget-container\">\n\t\t\t<h2 class=\"elementor-heading-title elementor-size-default\">\u010ctvrt\u00fd ro\u010dn\u00edk studentsk\u00e9 v\u011bdeck\u00e9 konference FPL<\/h2>\t\t<\/div>\n\t\t\t\t<\/div>\n\t\t\t\t<div class=\"elementor-element elementor-element-2ca99ef elementor-widget__width-initial elementor-widget elementor-widget-text-editor\" data-id=\"2ca99ef\" data-element_type=\"widget\" data-widget_type=\"text-editor.default\">\n\t\t\t\t<div class=\"elementor-widget-container\">\n\t\t\t\t\t\t\t<h3><a href=\"https:\/\/kiplweb.fjfi.cvut.cz\/wordpress\/kalvoda\/\">Ladislav Kalvoda<\/a>, vedouc\u00ed KIPL<\/h3>\t\t\t\t\t\t<\/div>\n\t\t\t\t<\/div>\n\t\t\t\t<div class=\"elementor-element elementor-element-cbf099e elementor-widget elementor-widget-text-editor\" data-id=\"cbf099e\" data-element_type=\"widget\" data-widget_type=\"text-editor.default\">\n\t\t\t\t<div class=\"elementor-widget-container\">\n\t\t\t\t\t\t\t<p><img fetchpriority=\"high\" decoding=\"async\" class=\"alignnone wp-image-307 size-full\" src=\"https:\/\/kiplweb.fjfi.cvut.cz\/wordpress\/wp-content\/uploads\/2021\/01\/uvod5-e1613140818879.png\" alt=\"\" width=\"998\" height=\"500\" \/><\/p>\t\t\t\t\t\t<\/div>\n\t\t\t\t<\/div>\n\t\t\t\t\t<\/div>\n\t\t<\/div>\n\t\t\t\t<div class=\"elementor-column elementor-col-50 elementor-top-column elementor-element elementor-element-c7ce757\" data-id=\"c7ce757\" data-element_type=\"column\">\n\t\t\t<div class=\"elementor-widget-wrap elementor-element-populated\">\n\t\t\t\t\t\t<div class=\"elementor-element elementor-element-23e1888 elementor-widget elementor-widget-heading\" data-id=\"23e1888\" data-element_type=\"widget\" data-widget_type=\"heading.default\">\n\t\t\t\t<div class=\"elementor-widget-container\">\n\t\t\t<h6 class=\"elementor-heading-title elementor-size-default\"><br>SSCSSP-4<\/h6>\t\t<\/div>\n\t\t\t\t<\/div>\n\t\t\t\t<div class=\"elementor-element elementor-element-f1a7522 elementor-widget-divider--view-line elementor-widget elementor-widget-divider\" data-id=\"f1a7522\" data-element_type=\"widget\" data-widget_type=\"divider.default\">\n\t\t\t\t<div class=\"elementor-widget-container\">\n\t\t\t\t\t<div class=\"elementor-divider\">\n\t\t\t<span class=\"elementor-divider-separator\">\n\t\t\t\t\t\t<\/span>\n\t\t<\/div>\n\t\t\t\t<\/div>\n\t\t\t\t<\/div>\n\t\t\t\t<div class=\"elementor-element elementor-element-fb572e5 elementor-widget elementor-widget-text-editor\" data-id=\"fb572e5\" data-element_type=\"widget\" data-widget_type=\"text-editor.default\">\n\t\t\t\t<div class=\"elementor-widget-container\">\n\t\t\t\t\t\t\t<ol><li><a href=\"https:\/\/kiplweb.fjfi.cvut.cz\/wordpress\/sscssp-4-uvod\/\"><span style=\"color: #336699;\"><b>\u00davod<\/b><\/span><\/a><\/li><li><strong><span style=\"color: #336699;\"><span style=\"color: #000000;\">&#8211;&gt;<\/span><span style=\"color: #000000;\"> Ohl\u00e9dnut\u00ed za \u010dtvrt\u00fdm ro\u010dn\u00edkem SSCSSP<\/span><\/span><\/strong><\/li><li><strong><a href=\"https:\/\/kiplweb.fjfi.cvut.cz\/wordpress\/sscssp-4-fotogalerie\/\"><span style=\"color: #336699;\">Fotogalerie<\/span><\/a><\/strong><\/li><li><span style=\"color: #336699;\"><a style=\"font-weight: bold; color: #336699;\" title=\"\" href=\"https:\/\/www.penzion-kaminek.cz\/\">M\u00edsto kon\u00e1n\u00ed &#8211; Penzion Kam\u00ednek<\/a><\/span><\/li><li><span style=\"color: #336699;\"><strong><a style=\"color: #336699;\" href=\"https:\/\/kiplwww.fjfi.cvut.cz\/files\/SSCSSP4-sbornik.pdf\">Sborn\u00edk<\/a><\/strong><\/span><\/li><\/ol>\t\t\t\t\t\t<\/div>\n\t\t\t\t<\/div>\n\t\t\t\t<div class=\"elementor-element elementor-element-9e03532 elementor-widget-divider--view-line elementor-widget elementor-widget-divider\" data-id=\"9e03532\" data-element_type=\"widget\" data-widget_type=\"divider.default\">\n\t\t\t\t<div class=\"elementor-widget-container\">\n\t\t\t\t\t<div class=\"elementor-divider\">\n\t\t\t<span class=\"elementor-divider-separator\">\n\t\t\t\t\t\t<\/span>\n\t\t<\/div>\n\t\t\t\t<\/div>\n\t\t\t\t<\/div>\n\t\t\t\t\t<\/div>\n\t\t<\/div>\n\t\t\t\t\t<\/div>\n\t\t<\/section>\n\t\t\t\t<section class=\"elementor-section elementor-top-section elementor-element elementor-element-8bc324c elementor-section-boxed elementor-section-height-default elementor-section-height-default\" data-id=\"8bc324c\" data-element_type=\"section\">\n\t\t\t\t\t\t<div class=\"elementor-container elementor-column-gap-default\">\n\t\t\t\t\t<div class=\"elementor-column elementor-col-100 elementor-top-column elementor-element elementor-element-2f5ed09\" data-id=\"2f5ed09\" data-element_type=\"column\">\n\t\t\t<div class=\"elementor-widget-wrap elementor-element-populated\">\n\t\t\t\t\t\t<div class=\"elementor-element elementor-element-1c661c9 elementor-widget-divider--view-line elementor-widget elementor-widget-divider\" data-id=\"1c661c9\" data-element_type=\"widget\" data-widget_type=\"divider.default\">\n\t\t\t\t<div class=\"elementor-widget-container\">\n\t\t\t\t\t<div class=\"elementor-divider\">\n\t\t\t<span class=\"elementor-divider-separator\">\n\t\t\t\t\t\t<\/span>\n\t\t<\/div>\n\t\t\t\t<\/div>\n\t\t\t\t<\/div>\n\t\t\t\t<div class=\"elementor-element elementor-element-b4f8a68 elementor-widget elementor-widget-text-editor\" data-id=\"b4f8a68\" data-element_type=\"widget\" data-widget_type=\"text-editor.default\">\n\t\t\t\t<div class=\"elementor-widget-container\">\n\t\t\t\t\t\t\t<p>V protikladu k p\u0159edchoz\u00edm t\u0159em &#8222;severn\u00edm&#8220; ro\u010dn\u00edk\u016fm jsme letos vyrazili z Prahy sm\u011brem ji\u017en\u00edm, do kr\u00e1sn\u00e9 p\u0159\u00edrody Novohradsk\u00fdch hor. M\u00edstem kon\u00e1n\u00ed na\u0161\u00ed konference se stal Penzion Kam\u00ednek nach\u00e1zej\u00edc\u00ed se na samot\u011b nedaleko st\u00e1tn\u00ed hranice s Rakouskem, ca 5 km od m\u00edstn\u00edho spr\u00e1vn\u00edho centra Nov\u00e9 Hrady. Op\u011bt jsme zachovali tradi\u010dn\u00ed term\u00edn SVK FPL na p\u0159elomu \u010dervna a \u010dervence i kdy\u017e, z d\u016fvod\u016f organiza\u010dn\u00edch, se n\u00e1m nepoda\u0159ilo &#8222;trefit&#8220; samotn\u00fd p\u0159ed\u011bl obou m\u011bs\u00edc\u016f a museli jsme vz\u00edt za vd\u011bk dny pracovn\u00edmi, od pond\u011bl\u00ed 23. do p\u00e1tku 27. 6. 2014.<br \/><br \/>S velk\u00fdm pot\u011b\u0161en\u00edm, zvl\u00e1\u0161t\u011b po zku\u0161enostech z lo\u0148ska, m\u016f\u017eeme konstatovat, \u017ee volba penzionu Kam\u00ednek se uk\u00e1zala b\u00fdt volbou dobrou, ba v\u00fdte\u010dnou. V\u0161echny &#8222;extern\u00ed&#8220; podm\u00ednky nutn\u00e9 pro \u00fasp\u011b\u0161n\u00fd pr\u016fb\u011bh v\u011bdeck\u00e9 konference byly na vynikaj\u00edc\u00ed \u00farovni: p\u0159\u00edjemn\u00e9 ubytov\u00e1n\u00ed \u00fa\u010dastn\u00edk\u016f, chutn\u00e9 a vydatn\u00e9 stravov\u00e1n\u00ed a &#8222;cofeebreaky&#8220;, rozs\u00e1hl\u00fd a dob\u0159e temperovan\u00fd konferen\u010dn\u00ed s\u00e1l, slu\u017eby sympatick\u00e9ho person\u00e1lu i pru\u017en\u00e1 a bezprobl\u00e9mov\u00e1 spolupr\u00e1ce s veden\u00edm penzionu. \u00dasp\u011bch konference tak byl zcela v rukou jej\u00edch \u00fa\u010dastn\u00edk\u016f.<br \/><br \/>\u00darove\u0148 presentovan\u00fdch p\u0159\u00edsp\u011bvk\u016f, jak studentsk\u00fdch tak lektorsk\u00fdch, byla i letos na tradi\u010dn\u011b vysok\u00e9 \u00farovni. Bylo p\u0159edneseno celkem 35 p\u0159edn\u00e1\u0161ek v celkov\u00e9 dob\u011b trv\u00e1n\u00ed 21 hodin (17 studentsk\u00fdch a 18 lektorsk\u00fdch p\u0159\u00edsp\u011bvk\u016f). Tradi\u010dn\u00ed sou\u010d\u00e1st\u00ed programu byla poutav\u00e1 p\u0159edn\u00e1\u0161ka pana profesora Krause z historie fyziky v\u011bnovan\u00e1 letos, v souvislosti se st\u00fdm v\u00fdro\u010d\u00edm Sarajevsk\u00e9ho atent\u00e1tu na rakousk\u00e9ho n\u00e1stupn\u00edka tr\u016fnu Franti\u0161ka Ferdinanda d&#8217;Este, osud\u016fm slavn\u00fdch sv\u011btov\u00fdch fyzik\u016f v pr\u016fb\u011bhu Prvn\u00ed sv\u011btov\u00e9 v\u00e1lky.<br \/><br \/>\u0160k\u00e1la presentovan\u00fdch a diskutovan\u00fdch odborn\u00fdch t\u00e9mat byla velmi pestr\u00e1, patrn\u011b nej\u0161ir\u0161\u00ed ze v\u0161ech prob\u011bhl\u00fdch ro\u010dn\u00edk\u016f a zahrnovala aktu\u00e1ln\u00ed probl\u00e9my souvisej\u00edc\u00ed s p\u0159\u00edpravou, anal\u00fdzou, vlastnostmi a potenci\u00e1ln\u00edmi aplikacemi \u0161irok\u00e9ho spektra krystalick\u00fdch, amorfn\u00edch, molekul\u00e1rn\u00edch, polymern\u00edch a biologick\u00fdch l\u00e1tek. Z\u0159eteln\u00fd n\u00e1r\u016fst zaznamenal p\u0159edev\u0161\u00edm po\u010det p\u0159\u00edsp\u011bvk\u016f v\u011bnovan\u00fdch polymern\u00edm a biologick\u00fdm syst\u00e9m\u016fm. \u0160\u00ed\u0159e odborn\u00e9ho zam\u011b\u0159en\u00ed \u00fa\u010dastn\u00edk\u016f konference podn\u00edtila v n\u011bkolika p\u0159\u00edpadech vznik synergick\u00e9ho efektu vedouc\u00edho k formulaci nov\u00fdch interdisciplin\u00e1rn\u00edch spoluprac\u00ed a studentsk\u00fdch v\u00fdzkumn\u00fdch projekt\u016f.<br \/><br \/>Doprovodn\u00fd program konference byl vzhledem ke zna\u010dn\u00e9mu rozsahu odborn\u00e9 \u010d\u00e1sti omezen na jedno odpoledne, za co\u017e se \u00fa\u010dastn\u00edk\u016fm i kr\u00e1sn\u00e9 p\u0159\u00edrod\u011b Novohradsk\u00fdch hor omlouv\u00e1me. Proch\u00e1zka na \u010cerven\u00e9 blato kr\u00e1sn\u00fdmi borov\u00fdmi lesy v\u0161ak byla esteticky velmi p\u0159\u00edjemn\u00e1 a t\u00e9\u017e v\u00fd\u017eivn\u011b hodnotn\u00e1 d\u00edky hojnosti lesn\u00edch jahod a bor\u016fvek, kter\u00e9 cestu lemovaly.<br \/><br \/>\u010cty\u0159i ro\u010dn\u00edky letn\u00ed Studentsk\u00e9 v\u011bdeck\u00e9 konference fyziky pevn\u00fdch l\u00e1tek po\u0159\u00e1dan\u00e9 KIPL FJFI \u010cVUT v Praze ji\u017e tvo\u0159\u00ed pevnou tradici. N\u00e1\u0161 d\u00edk za jej\u00ed vznik pat\u0159\u00ed v\u0161em student\u016fm, lektor\u016fm, organiz\u00e1tor\u016fm a sponzor\u016fm, a p\u0159edev\u0161\u00edm pak Studentsk\u00e9mu grantov\u00e9mu syst\u00e9mu na\u0161\u00ed Alma Mater, z jeho\u017e laskav\u00e9 grantov\u00e9 podpory jsou na\u0161e SVK FPL financov\u00e1ny.<\/p>\t\t\t\t\t\t<\/div>\n\t\t\t\t<\/div>\n\t\t\t\t\t<\/div>\n\t\t<\/div>\n\t\t\t\t\t<\/div>\n\t\t<\/section>\n\t\t\t\t<\/div>\n\t\t","protected":false},"excerpt":{"rendered":"<p>SSCSSP \u010ctvrt\u00fd ro\u010dn\u00edk studentsk\u00e9 v\u011bdeck\u00e9 konference FPL Ladislav Kalvoda, vedouc\u00ed KIPL SSCSSP-4 \u00davod &#8211;&gt; Ohl\u00e9dnut\u00ed za \u010dtvrt\u00fdm ro\u010dn\u00edkem SSCSSP Fotogalerie M\u00edsto kon\u00e1n\u00ed &#8211; Penzion Kam\u00ednek Sborn\u00edk V protikladu k p\u0159edchoz\u00edm t\u0159em &#8222;severn\u00edm&#8220; ro\u010dn\u00edk\u016fm jsme letos vyrazili z Prahy sm\u011brem ji\u017en\u00edm, [&hellip;]<\/p>\n","protected":false},"author":3,"featured_media":0,"parent":0,"menu_order":0,"comment_status":"closed","ping_status":"closed","template":"elementor_header_footer","meta":{"footnotes":""},"folder":[26],"class_list":["post-2429","page","type-page","status-publish","hentry"],"_links":{"self":[{"href":"https:\/\/kiplweb.fjfi.cvut.cz\/web\/wp-json\/wp\/v2\/pages\/2429","targetHints":{"allow":["GET"]}}],"collection":[{"href":"https:\/\/kiplweb.fjfi.cvut.cz\/web\/wp-json\/wp\/v2\/pages"}],"about":[{"href":"https:\/\/kiplweb.fjfi.cvut.cz\/web\/wp-json\/wp\/v2\/types\/page"}],"author":[{"embeddable":true,"href":"https:\/\/kiplweb.fjfi.cvut.cz\/web\/wp-json\/wp\/v2\/users\/3"}],"replies":[{"embeddable":true,"href":"https:\/\/kiplweb.fjfi.cvut.cz\/web\/wp-json\/wp\/v2\/comments?post=2429"}],"version-history":[{"count":7,"href":"https:\/\/kiplweb.fjfi.cvut.cz\/web\/wp-json\/wp\/v2\/pages\/2429\/revisions"}],"predecessor-version":[{"id":2455,"href":"https:\/\/kiplweb.fjfi.cvut.cz\/web\/wp-json\/wp\/v2\/pages\/2429\/revisions\/2455"}],"wp:attachment":[{"href":"https:\/\/kiplweb.fjfi.cvut.cz\/web\/wp-json\/wp\/v2\/media?parent=2429"}],"wp:term":[{"taxonomy":"folder","embeddable":true,"href":"https:\/\/kiplweb.fjfi.cvut.cz\/web\/wp-json\/wp\/v2\/folder?post=2429"}],"curies":[{"name":"wp","href":"https:\/\/api.w.org\/{rel}","templated":true}]}}