{"id":2013,"date":"2021-02-09T13:12:03","date_gmt":"2021-02-09T12:12:03","guid":{"rendered":"https:\/\/kiplweb.fjfi.cvut.cz\/wordpress\/?page_id=2013"},"modified":"2021-02-11T12:11:57","modified_gmt":"2021-02-11T11:11:57","slug":"konference-1-vedouci","status":"publish","type":"page","link":"https:\/\/kiplweb.fjfi.cvut.cz\/web\/konference-1-vedouci\/","title":{"rendered":"SSCSSP-1 O\u010dima vedouc\u00edho"},"content":{"rendered":"\t\t<div data-elementor-type=\"wp-page\" data-elementor-id=\"2013\" class=\"elementor elementor-2013\">\n\t\t\t\t\t\t<section class=\"elementor-section elementor-top-section elementor-element elementor-element-d442a7c elementor-section-boxed elementor-section-height-default elementor-section-height-default\" data-id=\"d442a7c\" data-element_type=\"section\">\n\t\t\t\t\t\t<div class=\"elementor-container elementor-column-gap-default\">\n\t\t\t\t\t<div class=\"elementor-column elementor-col-50 elementor-top-column elementor-element elementor-element-df67519\" data-id=\"df67519\" data-element_type=\"column\">\n\t\t\t<div class=\"elementor-widget-wrap elementor-element-populated\">\n\t\t\t\t\t\t<div class=\"elementor-element elementor-element-2039a50 elementor-align-justify elementor-widget__width-inherit elementor-widget elementor-widget-button\" data-id=\"2039a50\" data-element_type=\"widget\" data-widget_type=\"button.default\">\n\t\t\t\t<div class=\"elementor-widget-container\">\n\t\t\t\t\t<div class=\"elementor-button-wrapper\">\n\t\t\t<a class=\"elementor-button elementor-button-link elementor-size-xs\" href=\"https:\/\/kiplweb.fjfi.cvut.cz\/wordpress\/sscssp\/\">\n\t\t\t\t\t\t<span class=\"elementor-button-content-wrapper\">\n\t\t\t\t\t\t\t\t\t<span class=\"elementor-button-text\">SSCSSP<\/span>\n\t\t\t\t\t<\/span>\n\t\t\t\t\t<\/a>\n\t\t<\/div>\n\t\t\t\t<\/div>\n\t\t\t\t<\/div>\n\t\t\t\t<div class=\"elementor-element elementor-element-843c8f4 elementor-widget elementor-widget-heading\" data-id=\"843c8f4\" data-element_type=\"widget\" data-widget_type=\"heading.default\">\n\t\t\t\t<div class=\"elementor-widget-container\">\n\t\t\t<h2 class=\"elementor-heading-title elementor-size-default\">Fyzika pevn\u00fdch l\u00e1tek na Tet\u0159ev\u00edch boud\u00e1ch<\/h2>\t\t<\/div>\n\t\t\t\t<\/div>\n\t\t\t\t<div class=\"elementor-element elementor-element-bc6e34f elementor-widget__width-initial elementor-widget elementor-widget-text-editor\" data-id=\"bc6e34f\" data-element_type=\"widget\" data-widget_type=\"text-editor.default\">\n\t\t\t\t<div class=\"elementor-widget-container\">\n\t\t\t\t\t\t\t<h3><a href=\"https:\/\/kiplweb.fjfi.cvut.cz\/wordpress\/kalvoda\/\">Ladislav Kalvoda<\/a>, vedouc\u00ed KIPL<\/h3>\t\t\t\t\t\t<\/div>\n\t\t\t\t<\/div>\n\t\t\t\t<div class=\"elementor-element elementor-element-dc8a65d elementor-widget elementor-widget-heading\" data-id=\"dc8a65d\" data-element_type=\"widget\" data-widget_type=\"heading.default\">\n\t\t\t\t<div class=\"elementor-widget-container\">\n\t\t\t<h4 class=\"elementor-heading-title elementor-size-default\">p\u0159evzato z Pra\u017esk\u00e9 techniky 2011\/04<\/h4>\t\t<\/div>\n\t\t\t\t<\/div>\n\t\t\t\t\t<\/div>\n\t\t<\/div>\n\t\t\t\t<div class=\"elementor-column elementor-col-50 elementor-top-column elementor-element elementor-element-c7ce757\" data-id=\"c7ce757\" data-element_type=\"column\">\n\t\t\t<div class=\"elementor-widget-wrap elementor-element-populated\">\n\t\t\t\t\t\t<div class=\"elementor-element elementor-element-23e1888 elementor-widget elementor-widget-heading\" data-id=\"23e1888\" data-element_type=\"widget\" data-widget_type=\"heading.default\">\n\t\t\t\t<div class=\"elementor-widget-container\">\n\t\t\t<h6 class=\"elementor-heading-title elementor-size-default\"><br>SSCSSP-1<\/h6>\t\t<\/div>\n\t\t\t\t<\/div>\n\t\t\t\t<div class=\"elementor-element elementor-element-f1a7522 elementor-widget-divider--view-line elementor-widget elementor-widget-divider\" data-id=\"f1a7522\" data-element_type=\"widget\" data-widget_type=\"divider.default\">\n\t\t\t\t<div class=\"elementor-widget-container\">\n\t\t\t\t\t<div class=\"elementor-divider\">\n\t\t\t<span class=\"elementor-divider-separator\">\n\t\t\t\t\t\t<\/span>\n\t\t<\/div>\n\t\t\t\t<\/div>\n\t\t\t\t<\/div>\n\t\t\t\t<div class=\"elementor-element elementor-element-fb572e5 elementor-widget elementor-widget-text-editor\" data-id=\"fb572e5\" data-element_type=\"widget\" data-widget_type=\"text-editor.default\">\n\t\t\t\t<div class=\"elementor-widget-container\">\n\t\t\t\t\t\t\t<ol><li><span style=\"color: #336699;\"><a style=\"font-weight: bold; color: #336699;\" title=\"\" href=\"https:\/\/kiplweb.fjfi.cvut.cz\/wordpress\/sscssp-1\/\">\u00davod<\/a><\/span><\/li><li><span style=\"color: #000000;\"><strong>&#8211;&gt; Pr\u016fb\u011bh konference o\u010dima vedouc\u00edho katedry<\/strong><\/span><\/li><li><span style=\"color: #336699;\"><a style=\"font-weight: bold; color: #336699;\" title=\"\" href=\"https:\/\/kiplweb.fjfi.cvut.cz\/wordpress\/sscssp-1-fotogalerie\/\">Fotogalerie<\/a><\/span><\/li><li><span style=\"color: #336699;\"><strong><a href=\"https:\/\/kiplweb.fjfi.cvut.cz\/wordpress\/sscssp-1-program\/\">Program<\/a><\/strong><\/span><\/li><li><span style=\"color: #336699;\"><strong><a style=\"color: #336699;\" href=\"https:\/\/kiplwww.fjfi.cvut.cz\/files\/SSCSSP1-sbornik.pdf\">Sborn\u00edk<\/a><\/strong><\/span><\/li><\/ol>\t\t\t\t\t\t<\/div>\n\t\t\t\t<\/div>\n\t\t\t\t<div class=\"elementor-element elementor-element-9e03532 elementor-widget-divider--view-line elementor-widget elementor-widget-divider\" data-id=\"9e03532\" data-element_type=\"widget\" data-widget_type=\"divider.default\">\n\t\t\t\t<div class=\"elementor-widget-container\">\n\t\t\t\t\t<div class=\"elementor-divider\">\n\t\t\t<span class=\"elementor-divider-separator\">\n\t\t\t\t\t\t<\/span>\n\t\t<\/div>\n\t\t\t\t<\/div>\n\t\t\t\t<\/div>\n\t\t\t\t\t<\/div>\n\t\t<\/div>\n\t\t\t\t\t<\/div>\n\t\t<\/section>\n\t\t\t\t<section class=\"elementor-section elementor-top-section elementor-element elementor-element-8bc324c elementor-section-boxed elementor-section-height-default elementor-section-height-default\" data-id=\"8bc324c\" data-element_type=\"section\">\n\t\t\t\t\t\t<div class=\"elementor-container elementor-column-gap-default\">\n\t\t\t\t\t<div class=\"elementor-column elementor-col-100 elementor-top-column elementor-element elementor-element-2f5ed09\" data-id=\"2f5ed09\" data-element_type=\"column\">\n\t\t\t<div class=\"elementor-widget-wrap elementor-element-populated\">\n\t\t\t\t\t\t<div class=\"elementor-element elementor-element-1c661c9 elementor-widget-divider--view-line elementor-widget elementor-widget-divider\" data-id=\"1c661c9\" data-element_type=\"widget\" data-widget_type=\"divider.default\">\n\t\t\t\t<div class=\"elementor-widget-container\">\n\t\t\t\t\t<div class=\"elementor-divider\">\n\t\t\t<span class=\"elementor-divider-separator\">\n\t\t\t\t\t\t<\/span>\n\t\t<\/div>\n\t\t\t\t<\/div>\n\t\t\t\t<\/div>\n\t\t\t\t<div class=\"elementor-element elementor-element-b4f8a68 elementor-widget elementor-widget-text-editor\" data-id=\"b4f8a68\" data-element_type=\"widget\" data-widget_type=\"text-editor.default\">\n\t\t\t\t<div class=\"elementor-widget-container\">\n\t\t\t\t\t\t\t<p>Prvn\u00ed Studentsk\u00e1 v\u011bdeck\u00e1 konference fyziky pevn\u00fdch l\u00e1tek (SVK FPL 1) se konala na p\u0159elomu \u010dervna a \u010dervence v pohostinn\u00e9m prost\u0159ed\u00ed Tet\u0159ev\u00edch bud v Krkono\u0161\u00edch. Po\u0159\u00e1d\u00e1n\u00ed konference se ujal t\u00fdm z Katedry in\u017een\u00fdrstv\u00ed pevn\u00fdch l\u00e1tek Fakulty jadern\u00e9 a fyzik\u00e1ln\u011b in\u017een\u00fdrsk\u00e9 (KIPL FJFI) \u010cVUT v Praze.<\/p><p>Po\u010det studentsk\u00fdch v\u011bdeck\u00fdch konferenc\u00ed po\u0159\u00e1dan\u00fdch v \u010cesk\u00e9 republice v posledn\u00edch letech v\u00fdrazn\u011b roste (jen na \u010cVUT v Praze bylo v roce 2011 grantem podpo\u0159eno celkem 27 akc\u00ed). P\u0159esto\u017ee bylo n\u011bkolik ze setk\u00e1n\u00ed uspo\u0159\u00e1dan\u00fdch v prvn\u00ed dek\u00e1d\u011b nov\u00e9ho stolet\u00ed v\u011bnov\u00e1no speci\u00e1ln\u00edm t\u00e9mat\u016fm materi\u00e1lov\u00e9ho v\u00fdzkumu souvisej\u00edc\u00edch s fyzikou pevn\u00fdch l\u00e1tek (FPL), \u017e\u00e1dn\u00e1 z uveden\u00fdch studentsk\u00fdch konferenc\u00ed si nezvolila FPL jako sv\u00e9 nosn\u00e9 t\u00e9ma. Jedn\u00edm z c\u00edl\u016f organiz\u00e1tor\u016f SVK FPL 1 (30. 6.\u20133.7 2011) bylo proto tuto mezeru zacelit a poskytnou prostor pro prezentaci v\u00fdsledk\u016f v\u011bdeck\u00e9 pr\u00e1ce student\u016f magistersk\u00e9ho a doktorandsk\u00e9ho studia t\u00e9maticky spadaj\u00edc\u00edch do \u0161irok\u00e9ho \u0161k\u00e1ly probl\u00e9m\u016f \u0159e\u0161en\u00fdch ve FPL.<\/p><p><strong>Lekto\u0159i z FJFI i IPHT Jena<\/strong><br \/>Odborn\u00fd program konference byl rozd\u011blen do p\u011bti sekc\u00ed: \u201eDifrak\u010dn\u00ed metody studia pevn\u00fdch l\u00e1tek\u201c, \u201eOptick\u00e1 spektroskopie\u201c, \u201eAplikovan\u00e1 fotonika\u201c, \u201ePolovodi\u010dov\u00e9 materi\u00e1ly\u201c a \u201ePo\u010d\u00edta\u010dov\u00e9 simulace ve FPL\u201c, v jejich\u017e r\u00e1mci bylo studenty oboru Fyzik\u00e1ln\u00ed in\u017een\u00fdrstv\u00ed studijn\u00edho programu Aplikace p\u0159\u00edrodn\u00edch v\u011bd FJFI \u010cVUT v Praze p\u0159edneseno celkem patn\u00e1ct p\u0159\u00edsp\u011bvk\u016f. Pestrost, t\u00e9matick\u00e1 \u0161\u00ed\u0159e a kvalita odborn\u00e9ho programu byly d\u00e1le podpo\u0159eny \u00fa\u010dast\u00ed tuzemsk\u00fdch a zahrani\u010dn\u00edch odborn\u00fdch lektor\u016f z \u0159ad pedagog\u016f KIPL FJFI \u010cVUT v Praze a IPHT Jena, SRN, kte\u0159\u00ed uvedli celkem dev\u011bt p\u0159edn\u00e1\u0161ek. Program konference se jm\u00e9ny \u00fa\u010dastn\u00edk\u016f, n\u00e1zvy p\u0159\u00edsp\u011bvk\u016f a pln\u00fdmi texty m\u016f\u017ee zv\u00eddav\u00fd z\u00e1jemce nal\u00e9zt ve sborn\u00edku SVK FPL 1, dostupn\u00e9m v N\u00e1rodn\u00ed technick\u00e9 knihovn\u011b.<\/p><p><strong>Sekce \u201ePolovodi\u010dov\u00e9 materi\u00e1ly\u201c: nejv\u011bt\u0161\u00ed po\u010det p\u0159\u00edsp\u011bvk\u016f<\/strong><br \/>P\u0159\u00edsp\u011bvky, kter\u00e9 zazn\u011bly v sekci \u201e<cite>Difrak\u010dn\u00ed metody studia pevn\u00fdch l\u00e1tek<\/cite>\u201c byly v\u011bnov\u00e1ny anal\u00fdze krystalografick\u00e9 p\u0159ednostn\u00ed orientace slitin na b\u00e1zi zirkonia nach\u00e1zej\u00edc\u00edch d\u016fle\u017eit\u00e9 uplatn\u011bn\u00ed jako konstruk\u010dn\u00ed materi\u00e1l v jadern\u00e9 technice, aplikac\u00edm Rietveldovy metody v anal\u00fdze krystalov\u00fdch struktur pr\u00e1\u0161kov\u00fdch materi\u00e1l\u016f a probl\u00e9m\u016fm spojen\u00fdm s ur\u010den\u00edm atom\u00e1rn\u00ed struktury protein\u016f. P\u0159\u00edsp\u011bvek v sekci \u201e<cite>Optick\u00e1 spektroskopie<\/cite>\u201c se zab\u00fdval anal\u00fdzou fotoluminiscence nanokrystalick\u00fdch pr\u00e1\u0161k\u016f materi\u00e1l\u016f s perovslitovou strukturou. V sekci \u201e<cite>Aplikovan\u00e1 fotonika<\/cite>\u201c byly p\u0159edneseny p\u0159\u00edsp\u011bvky v\u011bnovan\u00e9 experiment\u00e1ln\u00ed a teoretick\u00e9 anal\u00fdze funkce chemick\u00e9ho senzoru zalo\u017een\u00e9ho na optick\u00e9m vl\u00e1knu.<br \/>Nejv\u011bt\u0161\u00ed po\u010det p\u0159\u00edsp\u011bvk\u016f zazn\u011bl v sekci \u201e<cite>Polovodi\u010dov\u00e9 materi\u00e1ly<\/cite>\u201c. Prezentace se zab\u00fdvaly p\u0159\u00edpravou a charakterizac\u00ed vlastnost\u00ed polovodi\u010dov\u00fdch struktur s kvantov\u00fdmi te\u010dkami, problematikou v\u00fdvoje, p\u0159\u00edpravy, charakterizace a kontroly polovodi\u010dov\u00fdch struktur ur\u010den\u00fdch k vyu\u017eit\u00ed ve v\u00fdkonov\u00fdch sou\u010d\u00e1stk\u00e1ch, spinotronick\u00fdch za\u0159\u00edzen\u00edch a magneto-optick\u00fdch prvc\u00edch.<br \/>P\u0159\u00edsp\u011bvky v sekci \u201e<cite>Po\u010d\u00edta\u010dov\u00e9 simulace ve FPL<\/cite>\u201c byly v\u011bnov\u00e1ny z\u00e1klad\u016fm simula\u010dn\u00edch postup\u016f vych\u00e1zej\u00edc\u00edch z p\u0159\u00edstupu molekul\u00e1rn\u00ed mechaniky a d\u00e1le kvantov\u011b-mechanick\u00fdm simulac\u00edm vlivu strukturn\u00edch defekt\u016f diamantov\u00fdch nano-\u010d\u00e1stic na jejich fluorescenci, charakterizaci chemick\u00e9 stability molekul\u00e1rn\u00edch struktur vyu\u017e\u00edvan\u00fdch v procesech p\u0159epracov\u00e1n\u00ed jadern\u00e9ho paliva.<\/p><p><strong>Prostor i pro souvislosti<\/strong><br \/>P\u0159esto\u017ee byl n\u00e1zev konference uveden slovem \u201estudentsk\u00e1\u201c, aktu\u00e1lnost i kvalita p\u0159ednesen\u00fdch v\u00fdzkumn\u00fdch v\u00fdsledk\u016f si v ni\u010dem nezadala s podobnou akc\u00ed \u201edosp\u011blou\u201c. K jednozna\u010dn\u011b \u00fasp\u011b\u0161n\u00e9mu pr\u016fb\u011bhu konference (konstatovan\u00e9mu v\u0161emi \u00fa\u010dastn\u00edky) p\u0159isp\u011bly p\u0159edev\u0161\u00edm dva faktory: dostate\u010dn\u00fd \u010dasov\u00fd prostor ud\u011blen\u00fd ka\u017ed\u00e9mu p\u0159\u00edsp\u011bvku (30 minut), umo\u017e\u0148uj\u00edc\u00ed podat detailn\u00ed popis a souvislosti prezentovan\u00fdch v\u00fdsledk\u016f, a d\u00e1le intenzivn\u00ed n\u00e1sledn\u00e1 diskuze, kter\u00e1 byla umo\u017en\u011bna \u0161irok\u00fdm spektrem odborn\u00e9 orientace, profesn\u00edho a v\u011bkov\u00e9ho slo\u017een\u00ed auditoria.<\/p><p><strong>Studentsk\u00e9 v\u00fdzkumy na pracovi\u0161t\u00edch Akademie v\u011bd<\/strong><br \/>Z\u00e1v\u011brem, av\u0161ak rozhodn\u011b nikoliv na posledn\u00edm m\u00edst\u011b, je t\u0159eba pod\u011bkovat v\u0161em, bez jejich\u017e podpory by se Studentsk\u00e1 v\u011bdeck\u00e1 konference fyziky pevn\u00fdch l\u00e1tek nemohla konat: \u010cVUT v Praze za \u00fa\u010delovou podporu konference (poskytnutou grantem SVK 20\/11\/F4), sponzor\u016fm konference (StoraEnzo \u010cR, Maneko, Fischer Scientific), Studentsk\u00e9 unii FJFI, Spr\u00e1v\u011b KrNaP a \u010cesk\u00e9 krystalografick\u00e9 spole\u010dnosti za dary do n\u00e1pln\u011b konferen\u010dn\u00edch bal\u00ed\u010dk\u016f, majitel\u016fm a person\u00e1lu are\u00e1lu Tet\u0159ev\u00edch bud za v\u00fdte\u010dn\u00e9 prost\u0159ed\u00ed a vst\u0159\u00edcnost a samoz\u0159ejm\u011b t\u00fdmu organiz\u00e1tor\u016f a v\u0161em p\u0159edn\u00e1\u0161ej\u00edc\u00edm.<br \/>Prezentovan\u00e9 studentsk\u00e9 v\u00fdzkumn\u00e9 projekty byly realizov\u00e1ny jednak v laborato\u0159\u00edch FJFI \u010cVUT v Praze a d\u00e1le na pracovi\u0161t\u00edch Akademie v\u011bd \u010cR: Fyzik\u00e1ln\u00edho \u00fastavu, \u00dastavu makromolekul\u00e1rn\u00ed chemie a \u00dastavu fotoniky a elektroniky. V t\u00e9to souvislosti je nutno vysoce ocenit dlouhodob\u011b vyu\u017e\u00edvanou mo\u017enost poskytovanou \u00fastavy AV \u010cR realizovat v\u00fdzkumnou \u010dinnost student\u016f na p\u016fd\u011b jejich pracovi\u0161\u0165 v prost\u0159ed\u00ed \u0161pi\u010dkov\u00fdch v\u00fdzkumn\u00fdch t\u00fdm\u016f.<br \/>\u00dasp\u011b\u0161n\u00fd pr\u016fb\u011bh prvn\u00edho ro\u010dn\u00edku Studentsk\u00e9 v\u011bdeck\u00e9 konference fyziky pevn\u00fdch l\u00e1tek nasadil vysokou la\u0165ku pro v\u0161echny ro\u010dn\u00edky n\u00e1sleduj\u00edc\u00ed. I v dal\u0161\u00edch letech bychom r\u00e1di zachovali tv\u016fr\u010d\u00ed a konstruktivn\u00ed atmosf\u00e9ru tohoto setk\u00e1n\u00ed. Tento text nech\u0165 je pozv\u00e1nkou pro v\u0161echny studuj\u00edc\u00ed, jejich\u017e v\u00fdzkumn\u00e1 pr\u00e1ce se dot\u00fdk\u00e1 fyziky pevn\u00fdch l\u00e1tek: p\u0159ij\u010fte na p\u0159elomu \u010dervna a \u010dervence 2012 prezentovat sv\u00e9 v\u00fdsledky na SVK FPL 2 na Tet\u0159ev\u00ed boudy!<\/p>\t\t\t\t\t\t<\/div>\n\t\t\t\t<\/div>\n\t\t\t\t\t<\/div>\n\t\t<\/div>\n\t\t\t\t\t<\/div>\n\t\t<\/section>\n\t\t\t\t<section class=\"elementor-section elementor-top-section elementor-element elementor-element-25d1707 elementor-section-boxed elementor-section-height-default elementor-section-height-default\" data-id=\"25d1707\" data-element_type=\"section\">\n\t\t\t\t\t\t<div class=\"elementor-container elementor-column-gap-default\">\n\t\t\t\t\t<div class=\"elementor-column elementor-col-100 elementor-top-column elementor-element elementor-element-abc57a3\" data-id=\"abc57a3\" data-element_type=\"column\">\n\t\t\t<div class=\"elementor-widget-wrap\">\n\t\t\t\t\t\t\t<\/div>\n\t\t<\/div>\n\t\t\t\t\t<\/div>\n\t\t<\/section>\n\t\t\t\t<\/div>\n\t\t","protected":false},"excerpt":{"rendered":"<p>SSCSSP Fyzika pevn\u00fdch l\u00e1tek na Tet\u0159ev\u00edch boud\u00e1ch Ladislav Kalvoda, vedouc\u00ed KIPL p\u0159evzato z Pra\u017esk\u00e9 techniky 2011\/04 SSCSSP-1 \u00davod &#8211;&gt; Pr\u016fb\u011bh konference o\u010dima vedouc\u00edho katedry Fotogalerie Program Sborn\u00edk Prvn\u00ed Studentsk\u00e1 v\u011bdeck\u00e1 konference fyziky pevn\u00fdch l\u00e1tek (SVK FPL 1) se konala na [&hellip;]<\/p>\n","protected":false},"author":3,"featured_media":0,"parent":0,"menu_order":0,"comment_status":"closed","ping_status":"closed","template":"elementor_header_footer","meta":{"footnotes":""},"folder":[17],"class_list":["post-2013","page","type-page","status-publish","hentry"],"_links":{"self":[{"href":"https:\/\/kiplweb.fjfi.cvut.cz\/web\/wp-json\/wp\/v2\/pages\/2013","targetHints":{"allow":["GET"]}}],"collection":[{"href":"https:\/\/kiplweb.fjfi.cvut.cz\/web\/wp-json\/wp\/v2\/pages"}],"about":[{"href":"https:\/\/kiplweb.fjfi.cvut.cz\/web\/wp-json\/wp\/v2\/types\/page"}],"author":[{"embeddable":true,"href":"https:\/\/kiplweb.fjfi.cvut.cz\/web\/wp-json\/wp\/v2\/users\/3"}],"replies":[{"embeddable":true,"href":"https:\/\/kiplweb.fjfi.cvut.cz\/web\/wp-json\/wp\/v2\/comments?post=2013"}],"version-history":[{"count":22,"href":"https:\/\/kiplweb.fjfi.cvut.cz\/web\/wp-json\/wp\/v2\/pages\/2013\/revisions"}],"predecessor-version":[{"id":2366,"href":"https:\/\/kiplweb.fjfi.cvut.cz\/web\/wp-json\/wp\/v2\/pages\/2013\/revisions\/2366"}],"wp:attachment":[{"href":"https:\/\/kiplweb.fjfi.cvut.cz\/web\/wp-json\/wp\/v2\/media?parent=2013"}],"wp:term":[{"taxonomy":"folder","embeddable":true,"href":"https:\/\/kiplweb.fjfi.cvut.cz\/web\/wp-json\/wp\/v2\/folder?post=2013"}],"curies":[{"name":"wp","href":"https:\/\/api.w.org\/{rel}","templated":true}]}}