{"id":1444,"date":"2021-02-08T15:00:01","date_gmt":"2021-02-08T14:00:01","guid":{"rendered":"https:\/\/kiplweb.fjfi.cvut.cz\/wordpress\/?page_id=1444"},"modified":"2023-01-31T11:20:42","modified_gmt":"2023-01-31T10:20:42","slug":"jakoubkova","status":"publish","type":"page","link":"https:\/\/kiplweb.fjfi.cvut.cz\/web\/jakoubkova\/","title":{"rendered":"Jaroslava Jakoubkov\u00e1"},"content":{"rendered":"\t\t<div data-elementor-type=\"wp-page\" data-elementor-id=\"1444\" class=\"elementor elementor-1444\">\n\t\t\t\t\t\t<section class=\"elementor-section elementor-top-section elementor-element elementor-element-4407ef2 elementor-section-boxed elementor-section-height-default elementor-section-height-default\" data-id=\"4407ef2\" data-element_type=\"section\">\n\t\t\t\t\t\t<div class=\"elementor-container elementor-column-gap-default\">\n\t\t\t\t\t<div class=\"elementor-column elementor-col-100 elementor-top-column elementor-element elementor-element-2dabfb7\" data-id=\"2dabfb7\" data-element_type=\"column\">\n\t\t\t<div class=\"elementor-widget-wrap elementor-element-populated\">\n\t\t\t\t\t\t<section class=\"elementor-section elementor-inner-section elementor-element elementor-element-3164ccb elementor-section-boxed elementor-section-height-default elementor-section-height-default\" data-id=\"3164ccb\" data-element_type=\"section\">\n\t\t\t\t\t\t<div class=\"elementor-container elementor-column-gap-default\">\n\t\t\t\t\t<div class=\"elementor-column elementor-col-100 elementor-inner-column elementor-element elementor-element-86aa0f3\" data-id=\"86aa0f3\" data-element_type=\"column\">\n\t\t\t<div class=\"elementor-widget-wrap elementor-element-populated\">\n\t\t\t\t\t\t<div class=\"elementor-element elementor-element-a2f238c elementor-widget elementor-widget-heading\" data-id=\"a2f238c\" data-element_type=\"widget\" data-widget_type=\"heading.default\">\n\t\t\t\t<div class=\"elementor-widget-container\">\n\t\t\t<h3 class=\"elementor-heading-title elementor-size-default\">Ing. Jaroslava Jakoubkov\u00e1<\/h3>\t\t<\/div>\n\t\t\t\t<\/div>\n\t\t\t\t\t<\/div>\n\t\t<\/div>\n\t\t\t\t\t<\/div>\n\t\t<\/section>\n\t\t\t\t<section class=\"elementor-section elementor-inner-section elementor-element elementor-element-3e15632 elementor-section-boxed elementor-section-height-default elementor-section-height-default\" data-id=\"3e15632\" data-element_type=\"section\">\n\t\t\t\t\t\t<div class=\"elementor-container elementor-column-gap-default\">\n\t\t\t\t\t<div class=\"elementor-column elementor-col-50 elementor-inner-column elementor-element elementor-element-9d508e3\" data-id=\"9d508e3\" data-element_type=\"column\">\n\t\t\t<div class=\"elementor-widget-wrap elementor-element-populated\">\n\t\t\t\t\t\t<div class=\"elementor-element elementor-element-06040c0 elementor-widget elementor-widget-image\" data-id=\"06040c0\" data-element_type=\"widget\" data-widget_type=\"image.default\">\n\t\t\t\t<div class=\"elementor-widget-container\">\n\t\t\t\t\t\t\t\t\t\t\t\t\t<img fetchpriority=\"high\" decoding=\"async\" width=\"500\" height=\"645\" src=\"https:\/\/kiplweb.fjfi.cvut.cz\/web\/wp-content\/uploads\/2021\/02\/jakoubkova.jpg\" class=\"attachment-medium_large size-medium_large wp-image-1446\" alt=\"\" srcset=\"https:\/\/kiplweb.fjfi.cvut.cz\/web\/wp-content\/uploads\/2021\/02\/jakoubkova.jpg 500w, https:\/\/kiplweb.fjfi.cvut.cz\/web\/wp-content\/uploads\/2021\/02\/jakoubkova-233x300.jpg 233w, https:\/\/kiplweb.fjfi.cvut.cz\/web\/wp-content\/uploads\/2021\/02\/jakoubkova-9x12.jpg 9w, https:\/\/kiplweb.fjfi.cvut.cz\/web\/wp-content\/uploads\/2021\/02\/jakoubkova-230x297.jpg 230w, https:\/\/kiplweb.fjfi.cvut.cz\/web\/wp-content\/uploads\/2021\/02\/jakoubkova-350x452.jpg 350w, https:\/\/kiplweb.fjfi.cvut.cz\/web\/wp-content\/uploads\/2021\/02\/jakoubkova-480x619.jpg 480w\" sizes=\"(max-width: 500px) 100vw, 500px\" \/>\t\t\t\t\t\t\t\t\t\t\t\t\t<\/div>\n\t\t\t\t<\/div>\n\t\t\t\t\t<\/div>\n\t\t<\/div>\n\t\t\t\t<div class=\"elementor-column elementor-col-50 elementor-inner-column elementor-element elementor-element-9fead07\" data-id=\"9fead07\" data-element_type=\"column\">\n\t\t\t<div class=\"elementor-widget-wrap elementor-element-populated\">\n\t\t\t\t\t\t<div class=\"elementor-element elementor-element-6b0935d elementor-widget elementor-widget-text-editor\" data-id=\"6b0935d\" data-element_type=\"widget\" data-widget_type=\"text-editor.default\">\n\t\t\t\t<div class=\"elementor-widget-container\">\n\t\t\t\t\t\t\t<p><strong>Adresa:<\/strong> <br><a href=\"https:\/\/goo.gl\/maps\/XPzHD4bwQwVx7KxJ8\">KIPL, FJFI, \u010cVUT<\/a><br><strong>M\u00edstnost:<\/strong><br>217<br><strong>Telefon:<\/strong><br>+420 770 129 955<br><strong>e-mail:<\/strong> <br><a href=\"mailto:jaroslava.jakoubkova@fjfi.cvut.cz\">jaroslava.jakoubkova@fjfi.cvut.cz<\/a><\/p>\t\t\t\t\t\t<\/div>\n\t\t\t\t<\/div>\n\t\t\t\t\t<\/div>\n\t\t<\/div>\n\t\t\t\t\t<\/div>\n\t\t<\/section>\n\t\t\t\t\t<\/div>\n\t\t<\/div>\n\t\t\t\t<div class=\"elementor-column elementor-col-100 elementor-top-column elementor-element elementor-element-4831bce\" data-id=\"4831bce\" data-element_type=\"column\">\n\t\t\t<div class=\"elementor-widget-wrap elementor-element-populated\">\n\t\t\t\t\t\t<div class=\"elementor-element elementor-element-71401a0 elementor-widget elementor-widget-heading\" data-id=\"71401a0\" data-element_type=\"widget\" data-widget_type=\"heading.default\">\n\t\t\t\t<div class=\"elementor-widget-container\">\n\t\t\t<h6 class=\"elementor-heading-title elementor-size-default\"><br>Intern\u00ed pracovn\u00edci<\/h6>\t\t<\/div>\n\t\t\t\t<\/div>\n\t\t\t\t<div class=\"elementor-element elementor-element-9e98f54 elementor-widget-divider--view-line elementor-widget elementor-widget-divider\" data-id=\"9e98f54\" data-element_type=\"widget\" data-widget_type=\"divider.default\">\n\t\t\t\t<div class=\"elementor-widget-container\">\n\t\t\t\t\t<div class=\"elementor-divider\">\n\t\t\t<span class=\"elementor-divider-separator\">\n\t\t\t\t\t\t<\/span>\n\t\t<\/div>\n\t\t\t\t<\/div>\n\t\t\t\t<\/div>\n\t\t\t\t<div class=\"elementor-element elementor-element-9a9d46f elementor-widget elementor-widget-text-editor\" data-id=\"9a9d46f\" data-element_type=\"widget\" data-widget_type=\"text-editor.default\">\n\t\t\t\t<div class=\"elementor-widget-container\">\n\t\t\t\t\t\t\t<ol><li><span style=\"color: #336699;\"><a style=\"color: #336699;\" href=\"https:\/\/kiplweb.fjfi.cvut.cz\/wordpress\/pracovnici\/#vedeni\"><b>V<span style=\"color: #336699;\">eden\u00ed katedry<\/span><\/b><\/a><\/span><\/li><li><span style=\"color: #336699;\"><a style=\"color: #336699;\" href=\"https:\/\/kiplweb.fjfi.cvut.cz\/wordpress\/pracovnici\/#sekretariat\"><b>Sekretari\u00e1t<\/b><\/a><\/span><\/li><li><span style=\"color: #336699;\"><a style=\"color: #336699;\" href=\"https:\/\/kiplweb.fjfi.cvut.cz\/wordpress\/pracovnici\/#akademicti-pracovnici\"><b>Akademi\u010dt\u00ed pracovn\u00edci<\/b><\/a><\/span><\/li><li><span style=\"color: #000000;\"><a style=\"color: #000000;\" href=\"https:\/\/kiplweb.fjfi.cvut.cz\/wordpress\/pracovnici\/#odborni-pracovnici\"><strong>&#8211;&gt; Odborn\u00ed pracovn\u00edci<\/strong><\/a><\/span><\/li><li><a href=\"https:\/\/kiplweb.fjfi.cvut.cz\/wordpress\/pracovnici\/#technicti-pracovnici\"><span style=\"color: #336699;\"><b>Techn<span style=\"color: #336699;\">i\u010dt\u00ed pracovn\u00edci<\/span><\/b><\/span><\/a><\/li><\/ol>\t\t\t\t\t\t<\/div>\n\t\t\t\t<\/div>\n\t\t\t\t<div class=\"elementor-element elementor-element-d0e1980 elementor-widget-divider--view-line elementor-widget elementor-widget-divider\" data-id=\"d0e1980\" data-element_type=\"widget\" data-widget_type=\"divider.default\">\n\t\t\t\t<div class=\"elementor-widget-container\">\n\t\t\t\t\t<div class=\"elementor-divider\">\n\t\t\t<span class=\"elementor-divider-separator\">\n\t\t\t\t\t\t<\/span>\n\t\t<\/div>\n\t\t\t\t<\/div>\n\t\t\t\t<\/div>\n\t\t\t\t\t<\/div>\n\t\t<\/div>\n\t\t\t\t\t<\/div>\n\t\t<\/section>\n\t\t\t\t<section class=\"elementor-section elementor-top-section elementor-element elementor-element-9d7b282 elementor-section-boxed elementor-section-height-default elementor-section-height-default\" data-id=\"9d7b282\" data-element_type=\"section\">\n\t\t\t\t\t\t<div class=\"elementor-container elementor-column-gap-default\">\n\t\t\t\t\t<div class=\"elementor-column elementor-col-100 elementor-top-column elementor-element elementor-element-79fdf77\" data-id=\"79fdf77\" data-element_type=\"column\">\n\t\t\t<div class=\"elementor-widget-wrap elementor-element-populated\">\n\t\t\t\t\t\t<div class=\"elementor-element elementor-element-627c95c elementor-widget-divider--view-line elementor-widget elementor-widget-divider\" data-id=\"627c95c\" data-element_type=\"widget\" data-widget_type=\"divider.default\">\n\t\t\t\t<div class=\"elementor-widget-container\">\n\t\t\t\t\t<div class=\"elementor-divider\">\n\t\t\t<span class=\"elementor-divider-separator\">\n\t\t\t\t\t\t<\/span>\n\t\t<\/div>\n\t\t\t\t<\/div>\n\t\t\t\t<\/div>\n\t\t\t\t<section class=\"elementor-section elementor-inner-section elementor-element elementor-element-37db558 elementor-section-boxed elementor-section-height-default elementor-section-height-default\" data-id=\"37db558\" data-element_type=\"section\">\n\t\t\t\t\t\t<div class=\"elementor-container elementor-column-gap-default\">\n\t\t\t\t\t<div class=\"elementor-column elementor-col-50 elementor-inner-column elementor-element elementor-element-da951c3\" data-id=\"da951c3\" data-element_type=\"column\">\n\t\t\t<div class=\"elementor-widget-wrap elementor-element-populated\">\n\t\t\t\t\t\t<div class=\"elementor-element elementor-element-e09e42b elementor-widget elementor-widget-text-editor\" data-id=\"e09e42b\" data-element_type=\"widget\" data-widget_type=\"text-editor.default\">\n\t\t\t\t<div class=\"elementor-widget-container\">\n\t\t\t\t\t\t\t<p><strong>Pracovn\u00ed za\u0159azen\u00ed a funkce:<br \/><\/strong>Odborn\u00fd pracovn\u00edk<\/p>\t\t\t\t\t\t<\/div>\n\t\t\t\t<\/div>\n\t\t\t\t\t<\/div>\n\t\t<\/div>\n\t\t\t\t<div class=\"elementor-column elementor-col-50 elementor-inner-column elementor-element elementor-element-587d836\" data-id=\"587d836\" data-element_type=\"column\">\n\t\t\t<div class=\"elementor-widget-wrap elementor-element-populated\">\n\t\t\t\t\t\t<div class=\"elementor-element elementor-element-451559a elementor-widget elementor-widget-text-editor\" data-id=\"451559a\" data-element_type=\"widget\" data-widget_type=\"text-editor.default\">\n\t\t\t\t<div class=\"elementor-widget-container\">\n\t\t\t\t\t\t\t<p><strong>Odborn\u00e9 zam\u011b\u0159en\u00ed:<br \/><\/strong>Simulace molekul\u00e1rn\u00ed dynamiky<br \/>V\u00fdzkum proces\u016f difuze plyn\u016f v polymern\u00edch matric\u00edch<\/p>\t\t\t\t\t\t<\/div>\n\t\t\t\t<\/div>\n\t\t\t\t\t<\/div>\n\t\t<\/div>\n\t\t\t\t\t<\/div>\n\t\t<\/section>\n\t\t\t\t<section class=\"elementor-section elementor-inner-section elementor-element elementor-element-f60d885 elementor-section-boxed elementor-section-height-default elementor-section-height-default\" data-id=\"f60d885\" data-element_type=\"section\">\n\t\t\t\t\t\t<div class=\"elementor-container elementor-column-gap-default\">\n\t\t\t\t\t<div class=\"elementor-column elementor-col-50 elementor-inner-column elementor-element elementor-element-af98686\" data-id=\"af98686\" data-element_type=\"column\">\n\t\t\t<div class=\"elementor-widget-wrap elementor-element-populated\">\n\t\t\t\t\t\t<div class=\"elementor-element elementor-element-5c362f5 elementor-widget elementor-widget-text-editor\" data-id=\"5c362f5\" data-element_type=\"widget\" data-widget_type=\"text-editor.default\">\n\t\t\t\t<div class=\"elementor-widget-container\">\n\t\t\t\t\t\t\t<p><strong>Vyu\u010dovan\u00e9 p\u0159edm\u011bty:<br \/><\/strong>11SIKL &#8211; Po\u010d\u00edta\u010dov\u00e9 simulace kondenzovan\u00fdch l\u00e1tek, cvi\u010den\u00ed<br \/>02PRA1,2 &#8211; Praktikum 1, 2<br \/>11ZFPL &#8211; Z\u00e1klady fyziky pevn\u00fdch l\u00e1tek<\/p>\t\t\t\t\t\t<\/div>\n\t\t\t\t<\/div>\n\t\t\t\t\t<\/div>\n\t\t<\/div>\n\t\t\t\t<div class=\"elementor-column elementor-col-50 elementor-inner-column elementor-element elementor-element-e1bbe37\" data-id=\"e1bbe37\" data-element_type=\"column\">\n\t\t\t<div class=\"elementor-widget-wrap elementor-element-populated\">\n\t\t\t\t\t\t<div class=\"elementor-element elementor-element-80f3ee4 elementor-widget elementor-widget-text-editor\" data-id=\"80f3ee4\" data-element_type=\"widget\" data-widget_type=\"text-editor.default\">\n\t\t\t\t<div class=\"elementor-widget-container\">\n\t\t\t\t\t\t\t<p><strong>Publikace: &#8211;&gt; <a href=\"https:\/\/www.scopus.com\/authid\/detail.uri?authorId=56520398500\">Scopus<\/a><\/strong><\/p>\t\t\t\t\t\t<\/div>\n\t\t\t\t<\/div>\n\t\t\t\t\t<\/div>\n\t\t<\/div>\n\t\t\t\t\t<\/div>\n\t\t<\/section>\n\t\t\t\t<section class=\"elementor-section elementor-inner-section elementor-element elementor-element-74b362e elementor-section-boxed elementor-section-height-default elementor-section-height-default\" data-id=\"74b362e\" data-element_type=\"section\">\n\t\t\t\t\t\t<div class=\"elementor-container elementor-column-gap-default\">\n\t\t\t\t\t<div class=\"elementor-column elementor-col-50 elementor-inner-column elementor-element elementor-element-27da2b7\" data-id=\"27da2b7\" data-element_type=\"column\">\n\t\t\t<div class=\"elementor-widget-wrap elementor-element-populated\">\n\t\t\t\t\t\t<div class=\"elementor-element elementor-element-b4f7d31 elementor-widget elementor-widget-text-editor\" data-id=\"b4f7d31\" data-element_type=\"widget\" data-widget_type=\"text-editor.default\">\n\t\t\t\t<div class=\"elementor-widget-container\">\n\t\t\t\t\t\t\t<p><strong>Studijn\u00ed a pracovn\u00ed pobyty:<br \/><\/strong>Summer School LaserGab 2012 in Gabrovo Bulgaria<\/p>\t\t\t\t\t\t<\/div>\n\t\t\t\t<\/div>\n\t\t\t\t\t<\/div>\n\t\t<\/div>\n\t\t\t\t<div class=\"elementor-column elementor-col-50 elementor-inner-column elementor-element elementor-element-8e35dbb\" data-id=\"8e35dbb\" data-element_type=\"column\">\n\t\t\t<div class=\"elementor-widget-wrap\">\n\t\t\t\t\t\t\t<\/div>\n\t\t<\/div>\n\t\t\t\t\t<\/div>\n\t\t<\/section>\n\t\t\t\t\t<\/div>\n\t\t<\/div>\n\t\t\t\t\t<\/div>\n\t\t<\/section>\n\t\t\t\t<\/div>\n\t\t","protected":false},"excerpt":{"rendered":"<p>Ing. Jaroslava Jakoubkov\u00e1 Adresa: KIPL, FJFI, \u010cVUTM\u00edstnost:217Telefon:+420 770 129 955e-mail: jaroslava.jakoubkova@fjfi.cvut.cz Intern\u00ed pracovn\u00edci Veden\u00ed katedry Sekretari\u00e1t Akademi\u010dt\u00ed pracovn\u00edci &#8211;&gt; Odborn\u00ed pracovn\u00edci Techni\u010dt\u00ed pracovn\u00edci Pracovn\u00ed za\u0159azen\u00ed a funkce:Odborn\u00fd pracovn\u00edk Odborn\u00e9 zam\u011b\u0159en\u00ed:Simulace molekul\u00e1rn\u00ed dynamikyV\u00fdzkum proces\u016f difuze plyn\u016f v polymern\u00edch matric\u00edch Vyu\u010dovan\u00e9 p\u0159edm\u011bty:11SIKL [&hellip;]<\/p>\n","protected":false},"author":3,"featured_media":0,"parent":0,"menu_order":0,"comment_status":"closed","ping_status":"closed","template":"elementor_header_footer","meta":{"footnotes":""},"folder":[8],"class_list":["post-1444","page","type-page","status-publish","hentry"],"_links":{"self":[{"href":"https:\/\/kiplweb.fjfi.cvut.cz\/web\/wp-json\/wp\/v2\/pages\/1444","targetHints":{"allow":["GET"]}}],"collection":[{"href":"https:\/\/kiplweb.fjfi.cvut.cz\/web\/wp-json\/wp\/v2\/pages"}],"about":[{"href":"https:\/\/kiplweb.fjfi.cvut.cz\/web\/wp-json\/wp\/v2\/types\/page"}],"author":[{"embeddable":true,"href":"https:\/\/kiplweb.fjfi.cvut.cz\/web\/wp-json\/wp\/v2\/users\/3"}],"replies":[{"embeddable":true,"href":"https:\/\/kiplweb.fjfi.cvut.cz\/web\/wp-json\/wp\/v2\/comments?post=1444"}],"version-history":[{"count":19,"href":"https:\/\/kiplweb.fjfi.cvut.cz\/web\/wp-json\/wp\/v2\/pages\/1444\/revisions"}],"predecessor-version":[{"id":5362,"href":"https:\/\/kiplweb.fjfi.cvut.cz\/web\/wp-json\/wp\/v2\/pages\/1444\/revisions\/5362"}],"wp:attachment":[{"href":"https:\/\/kiplweb.fjfi.cvut.cz\/web\/wp-json\/wp\/v2\/media?parent=1444"}],"wp:term":[{"taxonomy":"folder","embeddable":true,"href":"https:\/\/kiplweb.fjfi.cvut.cz\/web\/wp-json\/wp\/v2\/folder?post=1444"}],"curies":[{"name":"wp","href":"https:\/\/api.w.org\/{rel}","templated":true}]}}