{"id":1265,"date":"2021-02-07T18:53:29","date_gmt":"2021-02-07T17:53:29","guid":{"rendered":"https:\/\/kiplweb.fjfi.cvut.cz\/wordpress\/?page_id=1265"},"modified":"2023-11-26T20:17:24","modified_gmt":"2023-11-26T19:17:24","slug":"kalvoda","status":"publish","type":"page","link":"https:\/\/kiplweb.fjfi.cvut.cz\/web\/kalvoda\/","title":{"rendered":"Ladislav Kalvoda"},"content":{"rendered":"\t\t<div data-elementor-type=\"wp-page\" data-elementor-id=\"1265\" class=\"elementor elementor-1265\">\n\t\t\t\t\t\t<section class=\"elementor-section elementor-top-section elementor-element elementor-element-4407ef2 elementor-section-boxed elementor-section-height-default elementor-section-height-default\" data-id=\"4407ef2\" data-element_type=\"section\">\n\t\t\t\t\t\t<div class=\"elementor-container elementor-column-gap-default\">\n\t\t\t\t\t<div class=\"elementor-column elementor-col-100 elementor-top-column elementor-element elementor-element-2dabfb7\" data-id=\"2dabfb7\" data-element_type=\"column\">\n\t\t\t<div class=\"elementor-widget-wrap elementor-element-populated\">\n\t\t\t\t\t\t<section class=\"elementor-section elementor-inner-section elementor-element elementor-element-3164ccb elementor-section-boxed elementor-section-height-default elementor-section-height-default\" data-id=\"3164ccb\" data-element_type=\"section\">\n\t\t\t\t\t\t<div class=\"elementor-container elementor-column-gap-default\">\n\t\t\t\t\t<div class=\"elementor-column elementor-col-100 elementor-inner-column elementor-element elementor-element-86aa0f3\" data-id=\"86aa0f3\" data-element_type=\"column\">\n\t\t\t<div class=\"elementor-widget-wrap elementor-element-populated\">\n\t\t\t\t\t\t<div class=\"elementor-element elementor-element-a2f238c elementor-widget elementor-widget-heading\" data-id=\"a2f238c\" data-element_type=\"widget\" data-widget_type=\"heading.default\">\n\t\t\t\t<div class=\"elementor-widget-container\">\n\t\t\t<h3 class=\"elementor-heading-title elementor-size-default\">doc. Ing. Ladislav Kalvoda, CSc.<\/h3>\t\t<\/div>\n\t\t\t\t<\/div>\n\t\t\t\t\t<\/div>\n\t\t<\/div>\n\t\t\t\t\t<\/div>\n\t\t<\/section>\n\t\t\t\t<section class=\"elementor-section elementor-inner-section elementor-element elementor-element-3e15632 elementor-section-boxed elementor-section-height-default elementor-section-height-default\" data-id=\"3e15632\" data-element_type=\"section\">\n\t\t\t\t\t\t<div class=\"elementor-container elementor-column-gap-default\">\n\t\t\t\t\t<div class=\"elementor-column elementor-col-50 elementor-inner-column elementor-element elementor-element-9d508e3\" data-id=\"9d508e3\" data-element_type=\"column\">\n\t\t\t<div class=\"elementor-widget-wrap elementor-element-populated\">\n\t\t\t\t\t\t<div class=\"elementor-element elementor-element-06040c0 elementor-widget elementor-widget-image\" data-id=\"06040c0\" data-element_type=\"widget\" data-widget_type=\"image.default\">\n\t\t\t\t<div class=\"elementor-widget-container\">\n\t\t\t\t\t\t\t\t\t\t\t\t\t<img fetchpriority=\"high\" decoding=\"async\" width=\"205\" height=\"349\" src=\"https:\/\/kiplweb.fjfi.cvut.cz\/web\/wp-content\/uploads\/2021\/08\/LK-2017-2.jpg\" class=\"attachment-medium_large size-medium_large wp-image-4273\" alt=\"\" srcset=\"https:\/\/kiplweb.fjfi.cvut.cz\/web\/wp-content\/uploads\/2021\/08\/LK-2017-2.jpg 205w, https:\/\/kiplweb.fjfi.cvut.cz\/web\/wp-content\/uploads\/2021\/08\/LK-2017-2-176x300.jpg 176w, https:\/\/kiplweb.fjfi.cvut.cz\/web\/wp-content\/uploads\/2021\/08\/LK-2017-2-7x12.jpg 7w\" sizes=\"(max-width: 205px) 100vw, 205px\" \/>\t\t\t\t\t\t\t\t\t\t\t\t\t<\/div>\n\t\t\t\t<\/div>\n\t\t\t\t\t<\/div>\n\t\t<\/div>\n\t\t\t\t<div class=\"elementor-column elementor-col-50 elementor-inner-column elementor-element elementor-element-9fead07\" data-id=\"9fead07\" data-element_type=\"column\">\n\t\t\t<div class=\"elementor-widget-wrap elementor-element-populated\">\n\t\t\t\t\t\t<div class=\"elementor-element elementor-element-6b0935d elementor-widget elementor-widget-text-editor\" data-id=\"6b0935d\" data-element_type=\"widget\" data-widget_type=\"text-editor.default\">\n\t\t\t\t<div class=\"elementor-widget-container\">\n\t\t\t\t\t\t\t<p><strong>Adresa:<\/strong> <br><a href=\"https:\/\/goo.gl\/maps\/XPzHD4bwQwVx7KxJ8\">KIPL, FJFI, \u010cVUT<\/a><br><strong>M\u00edstnost:<\/strong><br>377 (kancel\u00e1\u0159), 318 (laborato\u0159), S201 (laborato\u0159)<br><strong>Telefon:<\/strong><br>+420 770 130 052<br style=\"color: #000000;\"><span style=\"color: #000000;\">+420 778 531 494 (laborato\u0159 318)<\/span><br>+420 778 531 415 (laborato\u0159 S201)<br><strong>e-mail:<\/strong> <br><a title=\"ladislav.kalvoda@fjfi.cvut.cz\" href=\"mailto:ladislav.kalvoda@fjfi.cvut.cz\">ladislav.kalvoda@fjfi.cvut.cz<\/a><\/p>\t\t\t\t\t\t<\/div>\n\t\t\t\t<\/div>\n\t\t\t\t\t<\/div>\n\t\t<\/div>\n\t\t\t\t\t<\/div>\n\t\t<\/section>\n\t\t\t\t\t<\/div>\n\t\t<\/div>\n\t\t\t\t<div class=\"elementor-column elementor-col-100 elementor-top-column elementor-element elementor-element-4831bce\" data-id=\"4831bce\" data-element_type=\"column\">\n\t\t\t<div class=\"elementor-widget-wrap elementor-element-populated\">\n\t\t\t\t\t\t<div class=\"elementor-element elementor-element-71401a0 elementor-widget elementor-widget-heading\" data-id=\"71401a0\" data-element_type=\"widget\" data-widget_type=\"heading.default\">\n\t\t\t\t<div class=\"elementor-widget-container\">\n\t\t\t<h6 class=\"elementor-heading-title elementor-size-default\"><br>Intern\u00ed pracovn\u00edci<\/h6>\t\t<\/div>\n\t\t\t\t<\/div>\n\t\t\t\t<div class=\"elementor-element elementor-element-9e98f54 elementor-widget-divider--view-line elementor-widget elementor-widget-divider\" data-id=\"9e98f54\" data-element_type=\"widget\" data-widget_type=\"divider.default\">\n\t\t\t\t<div class=\"elementor-widget-container\">\n\t\t\t\t\t<div class=\"elementor-divider\">\n\t\t\t<span class=\"elementor-divider-separator\">\n\t\t\t\t\t\t<\/span>\n\t\t<\/div>\n\t\t\t\t<\/div>\n\t\t\t\t<\/div>\n\t\t\t\t<div class=\"elementor-element elementor-element-3fd71e7 elementor-widget elementor-widget-text-editor\" data-id=\"3fd71e7\" data-element_type=\"widget\" data-widget_type=\"text-editor.default\">\n\t\t\t\t<div class=\"elementor-widget-container\">\n\t\t\t\t\t\t\t<ol><li><a href=\"https:\/\/kiplweb.fjfi.cvut.cz\/wordpress\/pracovnici\/#vedeni\"><span style=\"color: #000000;\"><b>&#8211;&gt; Veden\u00ed katedry\u00a0<\/b><\/span><\/a><\/li><li><span style=\"color: #336699;\"><a style=\"color: #336699;\" href=\"https:\/\/kiplweb.fjfi.cvut.cz\/wordpress\/pracovnici\/#sekretariat\"><b>Sekre<span style=\"color: #336699;\">tari\u00e1t<\/span><\/b><\/a><\/span><\/li><li><span style=\"color: #336699;\"><a style=\"color: #336699;\" href=\"https:\/\/kiplweb.fjfi.cvut.cz\/wordpress\/pracovnici\/#akademicti-pracovnici\"><b>Akademi\u010dt\u00ed pracovn\u00edci<\/b><\/a><\/span><\/li><li><a href=\"https:\/\/kiplweb.fjfi.cvut.cz\/wordpress\/pracovnici\/#odborni-pracovnici\"><span style=\"color: #336699;\"><strong>Odborn\u00ed pracovn\u00edci<\/strong><\/span><\/a><\/li><li><a href=\"https:\/\/kiplweb.fjfi.cvut.cz\/wordpress\/pracovnici\/#technicti-pracovnici\"><span style=\"color: #336699;\"><b>Techn<span style=\"color: #336699;\">i\u010dt\u00ed pracovn\u00edci<\/span><\/b><\/span><\/a><\/li><\/ol>\t\t\t\t\t\t<\/div>\n\t\t\t\t<\/div>\n\t\t\t\t<div class=\"elementor-element elementor-element-d0e1980 elementor-widget-divider--view-line elementor-widget elementor-widget-divider\" data-id=\"d0e1980\" data-element_type=\"widget\" data-widget_type=\"divider.default\">\n\t\t\t\t<div class=\"elementor-widget-container\">\n\t\t\t\t\t<div class=\"elementor-divider\">\n\t\t\t<span class=\"elementor-divider-separator\">\n\t\t\t\t\t\t<\/span>\n\t\t<\/div>\n\t\t\t\t<\/div>\n\t\t\t\t<\/div>\n\t\t\t\t\t<\/div>\n\t\t<\/div>\n\t\t\t\t\t<\/div>\n\t\t<\/section>\n\t\t\t\t<section class=\"elementor-section elementor-top-section elementor-element elementor-element-9d7b282 elementor-section-boxed elementor-section-height-default elementor-section-height-default\" data-id=\"9d7b282\" data-element_type=\"section\">\n\t\t\t\t\t\t<div class=\"elementor-container elementor-column-gap-default\">\n\t\t\t\t\t<div class=\"elementor-column elementor-col-100 elementor-top-column elementor-element elementor-element-79fdf77\" data-id=\"79fdf77\" data-element_type=\"column\">\n\t\t\t<div class=\"elementor-widget-wrap elementor-element-populated\">\n\t\t\t\t\t\t<div class=\"elementor-element elementor-element-627c95c elementor-widget-divider--view-line elementor-widget elementor-widget-divider\" data-id=\"627c95c\" data-element_type=\"widget\" data-widget_type=\"divider.default\">\n\t\t\t\t<div class=\"elementor-widget-container\">\n\t\t\t\t\t<div class=\"elementor-divider\">\n\t\t\t<span class=\"elementor-divider-separator\">\n\t\t\t\t\t\t<\/span>\n\t\t<\/div>\n\t\t\t\t<\/div>\n\t\t\t\t<\/div>\n\t\t\t\t<section class=\"elementor-section elementor-inner-section elementor-element elementor-element-7cc37a2 elementor-section-boxed elementor-section-height-default elementor-section-height-default\" data-id=\"7cc37a2\" data-element_type=\"section\">\n\t\t\t\t\t\t<div class=\"elementor-container elementor-column-gap-default\">\n\t\t\t\t\t<div class=\"elementor-column elementor-col-50 elementor-inner-column elementor-element elementor-element-045f4f6\" data-id=\"045f4f6\" data-element_type=\"column\">\n\t\t\t<div class=\"elementor-widget-wrap elementor-element-populated\">\n\t\t\t\t\t\t<div class=\"elementor-element elementor-element-e09e42b elementor-widget elementor-widget-text-editor\" data-id=\"e09e42b\" data-element_type=\"widget\" data-widget_type=\"text-editor.default\">\n\t\t\t\t<div class=\"elementor-widget-container\">\n\t\t\t\t\t\t\t<p><strong>Pracovn\u00ed za\u0159azen\u00ed a funkce:<br \/><\/strong>Vedouc\u00ed Katedry in\u017een\u00fdrstv\u00ed pevn\u00fdch l\u00e1tek (KIPL) FJFI \u010cVUT v Praze<br \/>Vedouc\u00ed <a href=\"https:\/\/kiplweb.fjfi.cvut.cz\/wordpress\/fotonika\/\">Laborato\u0159e aplikovan\u00e9 fotoniky (LAP) KIPL FJFI \u010cVUT v Praze<\/a><br \/>\u010clen kolegia d\u011bkana FJFI \u010cVUT v Praze<br \/>\u010clen v\u011bdeck\u00e9 rady FJFI \u010cVUT v Praze<br \/>\u010clen Oborov\u00e9 rady doktorsk\u00e9ho studijn\u00edho oboru Fyzik\u00e1ln\u00ed in\u017een\u00fdrstv\u00ed<br \/>Garant bakal\u00e1\u0159sk\u00e9ho studijn\u00edho programu Fyzik\u00e1ln\u00ed in\u017een\u00fdrstv\u00ed (BS)<br \/>Garant magistersk\u00e9ho studijn\u00edho programu In\u017een\u00fdrstv\u00ed pevn\u00fdch l\u00e1tek (NMS)<br \/>P\u0159edseda rady studijn\u00edho programu Fyzik\u00e1ln\u00ed in\u017een\u00fdrstv\u00ed (BS), In\u017een\u00fdrstv\u00ed pevn\u00fdch l\u00e1tek (NMS), Fyzik\u00e1ln\u00ed elektronika (NMS), Fyzik\u00e1ln\u00ed in\u017een\u00fdrstv\u00ed materi\u00e1l\u016f (NMS) a Fyzika plazmatu a termojadern\u00e9 f\u00faze (NMS).<\/p>\t\t\t\t\t\t<\/div>\n\t\t\t\t<\/div>\n\t\t\t\t\t<\/div>\n\t\t<\/div>\n\t\t\t\t<div class=\"elementor-column elementor-col-50 elementor-inner-column elementor-element elementor-element-9a4fd3c\" data-id=\"9a4fd3c\" data-element_type=\"column\">\n\t\t\t<div class=\"elementor-widget-wrap elementor-element-populated\">\n\t\t\t\t\t\t<div class=\"elementor-element elementor-element-451559a elementor-widget elementor-widget-text-editor\" data-id=\"451559a\" data-element_type=\"widget\" data-widget_type=\"text-editor.default\">\n\t\t\t\t<div class=\"elementor-widget-container\">\n\t\t\t\t\t\t\t<p><strong>Odborn\u00e9 zam\u011b\u0159en\u00ed:<br \/><\/strong>V\u00fdvoj senzor\u016f na b\u00e1zi optick\u00fdch vl\u00e1ken a plasmonick\u00fdch nanostruktur.<br \/>V\u00fdvoj nov\u00fdch materi\u00e1l\u016f pro fotoniku a kvantov\u00e9 technologie.<br \/>P\u0159\u00edprava organizovan\u00fdch vrstevn\u00fdch hetero-syst\u00e9m\u016f zalo\u017een\u00fdch na (MIM)n a (MIS)n struktur\u00e1ch a polymern\u00edch materi\u00e1lech a charakterizace jejich vlastnost\u00ed.<br \/>Anal\u00fdza mikrostruktury, krystalografick\u00e9 p\u0159ednostn\u00ed orientace (textury) kov\u016f, polymer\u016f a hornin a kinetiky dif\u00fazn\u00edch proces\u016f a f\u00e1zov\u00fdch p\u0159em\u011bn vody v por\u00e9zn\u00edch materi\u00e1lech difrak\u010dn\u00edmi, radiografick\u00fdmi a mikroskopick\u00fdmi metodami.<br \/>Po\u010d\u00edta\u010dov\u00e9 simulace struktury a vlastnost\u00ed kondenzovan\u00fdch syst\u00e9m\u016f a funk\u010dn\u00edch struktur.<strong><br \/><\/strong><\/p>\t\t\t\t\t\t<\/div>\n\t\t\t\t<\/div>\n\t\t\t\t\t<\/div>\n\t\t<\/div>\n\t\t\t\t\t<\/div>\n\t\t<\/section>\n\t\t\t\t<section class=\"elementor-section elementor-inner-section elementor-element elementor-element-fc9150e elementor-section-boxed elementor-section-height-default elementor-section-height-default\" data-id=\"fc9150e\" data-element_type=\"section\">\n\t\t\t\t\t\t<div class=\"elementor-container elementor-column-gap-default\">\n\t\t\t\t\t<div class=\"elementor-column elementor-col-50 elementor-inner-column elementor-element elementor-element-e17509a\" data-id=\"e17509a\" data-element_type=\"column\">\n\t\t\t<div class=\"elementor-widget-wrap elementor-element-populated\">\n\t\t\t\t\t\t<div class=\"elementor-element elementor-element-5c362f5 elementor-widget elementor-widget-text-editor\" data-id=\"5c362f5\" data-element_type=\"widget\" data-widget_type=\"text-editor.default\">\n\t\t\t\t<div class=\"elementor-widget-container\">\n\t\t\t\t\t\t\t<strong>Vyu\u010dovan\u00e9 p\u0159edm\u011bty:<br>\n<\/strong>11FPOR &#8211; Fyzika povrch\u016f a rozhran\u00ed<br>\n11SIKL- Po\u010d\u00edta\u010dov\u00e9 simulace kondenzovan\u00fdch l\u00e1tek<br>\n11SIFPL &#8211; Semin\u00e1\u0159 fyzik\u00e1ln\u00edho in\u017een\u00fdrstv\u00ed pevn\u00fdch l\u00e1tek<br>\n11BSEM &#8211; Semin\u00e1\u0159 k bakal\u00e1\u0159sk\u00e9 pr\u00e1ci\t\t\t\t\t\t<\/div>\n\t\t\t\t<\/div>\n\t\t\t\t\t<\/div>\n\t\t<\/div>\n\t\t\t\t<div class=\"elementor-column elementor-col-50 elementor-inner-column elementor-element elementor-element-7d4beac\" data-id=\"7d4beac\" data-element_type=\"column\">\n\t\t\t<div class=\"elementor-widget-wrap elementor-element-populated\">\n\t\t\t\t\t\t<div class=\"elementor-element elementor-element-80f3ee4 elementor-widget elementor-widget-text-editor\" data-id=\"80f3ee4\" data-element_type=\"widget\" data-widget_type=\"text-editor.default\">\n\t\t\t\t<div class=\"elementor-widget-container\">\n\t\t\t\t\t\t\t<p><strong>Publikace: &#8211;&gt; <a href=\"https:\/\/www.researchgate.net\/profile\/Ladislav-Kalvoda\">Researchgate<\/a><\/strong><\/p>\t\t\t\t\t\t<\/div>\n\t\t\t\t<\/div>\n\t\t\t\t\t<\/div>\n\t\t<\/div>\n\t\t\t\t\t<\/div>\n\t\t<\/section>\n\t\t\t\t<section class=\"elementor-section elementor-inner-section elementor-element elementor-element-5043a8b elementor-section-boxed elementor-section-height-default elementor-section-height-default\" data-id=\"5043a8b\" data-element_type=\"section\">\n\t\t\t\t\t\t<div class=\"elementor-container elementor-column-gap-default\">\n\t\t\t\t\t<div class=\"elementor-column elementor-col-50 elementor-inner-column elementor-element elementor-element-6489158\" data-id=\"6489158\" data-element_type=\"column\">\n\t\t\t<div class=\"elementor-widget-wrap elementor-element-populated\">\n\t\t\t\t\t\t<div class=\"elementor-element elementor-element-4295b65 elementor-widget elementor-widget-text-editor\" data-id=\"4295b65\" data-element_type=\"widget\" data-widget_type=\"text-editor.default\">\n\t\t\t\t<div class=\"elementor-widget-container\">\n\t\t\t\t\t\t\t<strong>\u010clenstv\u00ed v organizac\u00edch:\n<\/strong>International Society for Optics and Photonics (SPIE) &#8211; \u010dlen<br>\nInternational Union of Crystallography &#8211; \u010dlen<br>\nJednota \u010desk\u00fdch matematik\u016f a fyzik\u016f &#8211; \u010dlen<br>\nKrystalografick\u00e1 spole\u010dnost &#8211; \u010dlen<br>\n\u010clen v\u011bdeck\u00e9 rady FMT V\u0160B TU Ostrava\t\t\t\t\t\t<\/div>\n\t\t\t\t<\/div>\n\t\t\t\t\t<\/div>\n\t\t<\/div>\n\t\t\t\t<div class=\"elementor-column elementor-col-50 elementor-inner-column elementor-element elementor-element-c44313e\" data-id=\"c44313e\" data-element_type=\"column\">\n\t\t\t<div class=\"elementor-widget-wrap elementor-element-populated\">\n\t\t\t\t\t\t<div class=\"elementor-element elementor-element-b4f7d31 elementor-widget elementor-widget-text-editor\" data-id=\"b4f7d31\" data-element_type=\"widget\" data-widget_type=\"text-editor.default\">\n\t\t\t\t<div class=\"elementor-widget-container\">\n\t\t\t\t\t\t\t<p><strong>Studijn\u00ed a pracovn\u00ed pobyty:<br \/><\/strong>1992 \u2013 1993 (15 m\u011bs\u00edc\u016f): Max Planck Institute fuer Polymerforschung (MPI-P) Mainz, SRN.<br \/>1998 (3 m\u011bs\u00edce): University of Saskatchewan, Saskatoon, Kanada.<br \/>N\u011bkolikat\u00fddenn\u00ed pobyty: UMIST Manchester, DCU Dublin, JINR Dubna, SibSAU Krasnojarsk.<\/p>\t\t\t\t\t\t<\/div>\n\t\t\t\t<\/div>\n\t\t\t\t\t<\/div>\n\t\t<\/div>\n\t\t\t\t\t<\/div>\n\t\t<\/section>\n\t\t\t\t\t<\/div>\n\t\t<\/div>\n\t\t\t\t\t<\/div>\n\t\t<\/section>\n\t\t\t\t<section class=\"elementor-section elementor-top-section elementor-element elementor-element-3c644a7 elementor-section-boxed elementor-section-height-default elementor-section-height-default\" data-id=\"3c644a7\" data-element_type=\"section\">\n\t\t\t\t\t\t<div class=\"elementor-container elementor-column-gap-default\">\n\t\t\t\t\t<div class=\"elementor-column elementor-col-100 elementor-top-column elementor-element elementor-element-a962ad3\" data-id=\"a962ad3\" data-element_type=\"column\">\n\t\t\t<div class=\"elementor-widget-wrap\">\n\t\t\t\t\t\t\t<\/div>\n\t\t<\/div>\n\t\t\t\t\t<\/div>\n\t\t<\/section>\n\t\t\t\t<\/div>\n\t\t","protected":false},"excerpt":{"rendered":"<p>doc. Ing. Ladislav Kalvoda, CSc. Adresa: KIPL, FJFI, \u010cVUTM\u00edstnost:377 (kancel\u00e1\u0159), 318 (laborato\u0159), S201 (laborato\u0159)Telefon:+420 770 130 052+420 778 531 494 (laborato\u0159 318)+420 778 531 415 (laborato\u0159 S201)e-mail: ladislav.kalvoda@fjfi.cvut.cz Intern\u00ed pracovn\u00edci &#8211;&gt; Veden\u00ed katedry\u00a0 Sekretari\u00e1t Akademi\u010dt\u00ed pracovn\u00edci Odborn\u00ed pracovn\u00edci Techni\u010dt\u00ed pracovn\u00edci [&hellip;]<\/p>\n","protected":false},"author":3,"featured_media":0,"parent":0,"menu_order":0,"comment_status":"closed","ping_status":"closed","template":"elementor_header_footer","meta":{"footnotes":""},"folder":[8],"class_list":["post-1265","page","type-page","status-publish","hentry"],"_links":{"self":[{"href":"https:\/\/kiplweb.fjfi.cvut.cz\/web\/wp-json\/wp\/v2\/pages\/1265","targetHints":{"allow":["GET"]}}],"collection":[{"href":"https:\/\/kiplweb.fjfi.cvut.cz\/web\/wp-json\/wp\/v2\/pages"}],"about":[{"href":"https:\/\/kiplweb.fjfi.cvut.cz\/web\/wp-json\/wp\/v2\/types\/page"}],"author":[{"embeddable":true,"href":"https:\/\/kiplweb.fjfi.cvut.cz\/web\/wp-json\/wp\/v2\/users\/3"}],"replies":[{"embeddable":true,"href":"https:\/\/kiplweb.fjfi.cvut.cz\/web\/wp-json\/wp\/v2\/comments?post=1265"}],"version-history":[{"count":64,"href":"https:\/\/kiplweb.fjfi.cvut.cz\/web\/wp-json\/wp\/v2\/pages\/1265\/revisions"}],"predecessor-version":[{"id":6161,"href":"https:\/\/kiplweb.fjfi.cvut.cz\/web\/wp-json\/wp\/v2\/pages\/1265\/revisions\/6161"}],"wp:attachment":[{"href":"https:\/\/kiplweb.fjfi.cvut.cz\/web\/wp-json\/wp\/v2\/media?parent=1265"}],"wp:term":[{"taxonomy":"folder","embeddable":true,"href":"https:\/\/kiplweb.fjfi.cvut.cz\/web\/wp-json\/wp\/v2\/folder?post=1265"}],"curies":[{"name":"wp","href":"https:\/\/api.w.org\/{rel}","templated":true}]}}