{"id":819,"date":"2021-01-23T16:23:00","date_gmt":"2021-01-23T15:23:00","guid":{"rendered":"https:\/\/kiplweb.fjfi.cvut.cz\/wordpress\/?page_id=819"},"modified":"2024-06-06T15:43:38","modified_gmt":"2024-06-06T13:43:38","slug":"modelovani","status":"publish","type":"page","link":"https:\/\/kiplweb.fjfi.cvut.cz\/web\/en\/modelovani\/","title":{"rendered":"Material modeling"},"content":{"rendered":"<div data-elementor-type=\"wp-page\" data-elementor-id=\"819\" class=\"elementor elementor-819\">\n\t\t\t\t\t\t<section class=\"elementor-section elementor-top-section elementor-element elementor-element-d442a7c elementor-section-boxed elementor-section-height-default elementor-section-height-default\" data-id=\"d442a7c\" data-element_type=\"section\">\n\t\t\t\t\t\t<div class=\"elementor-container elementor-column-gap-default\">\n\t\t\t\t\t<div class=\"elementor-column elementor-col-50 elementor-top-column elementor-element elementor-element-df67519\" data-id=\"df67519\" data-element_type=\"column\">\n\t\t\t<div class=\"elementor-widget-wrap elementor-element-populated\">\n\t\t\t\t\t\t<div class=\"elementor-element elementor-element-a4f90b5 elementor-widget elementor-widget-heading\" data-id=\"a4f90b5\" data-element_type=\"widget\" data-widget_type=\"heading.default\">\n\t\t\t\t<div class=\"elementor-widget-container\">\n\t\t\t<h4 class=\"elementor-heading-title elementor-size-default\"><big style=\"color: rgb(0, 0, 0); font-family: Verdana, Arial, Helvetica, sans-serif; font-weight: 400; text-align: center; white-space: normal;\"><big><strong>Material modeling<\/strong><\/big><\/big><\/h4>\t\t<\/div>\n\t\t\t\t<\/div>\n\t\t\t\t<div class=\"elementor-element elementor-element-ea0ed1c elementor-widget elementor-widget-text-editor\" data-id=\"ea0ed1c\" data-element_type=\"widget\" data-widget_type=\"text-editor.default\">\n\t\t\t\t<div class=\"elementor-widget-container\">\n\t\t\t\t\t\t\t<p><strong>Head of Laboratory: <span style=\"color: #000000;\"><a href=\"https:\/\/kiplweb.fjfi.cvut.cz\/web\/en\/wordpress\/sedlak-2\/\">Petr Sedl\u00e1k, <\/a><\/span><\/strong><strong><span style=\"color: #000000;\"><a href=\"https:\/\/kiplweb.fjfi.cvut.cz\/web\/en\/wordpress\/pracovnici\/\">Hanu\u0161 Seiner<\/a><\/span><\/strong><br \/><strong>Staff: <\/strong><span style=\"color: #000000;\">Jaroslav Hamrle, <a href=\"https:\/\/kiplweb.fjfi.cvut.cz\/web\/en\/wordpress\/kalvoda\/\">Ladislav Kalvoda<\/a><\/span><strong><br \/>PhD students: <\/strong>Lucie Celbov\u00e1, Jakub Lu\u0161tinec<br \/><strong>Spr\u00e1vce v\u00fdpo\u010detn\u00ed techniky: <\/strong><a href=\"https:\/\/kiplweb.fjfi.cvut.cz\/web\/en\/wordpress\/drab\/\">Martin Dr\u00e1b<\/a><strong><br \/><\/strong><\/p><ul><li><span style=\"color: #000000;\"><strong>Fields of research<br \/><\/strong><\/span><\/li><li><span style=\"color: #000000;\"><strong>Hlavn\u00ed vybaven\u00ed<br \/><\/strong><\/span><\/li><li><span style=\"color: #000000;\"><strong>Projects<\/strong><\/span><\/li><li><span style=\"color: #000000;\"><strong>Po\u010d\u00edta\u010dov\u00e1 u\u010debna KIPL<\/strong><\/span><\/li><li><span style=\"color: #000000;\"><strong>V\u00fdpo\u010detn\u00ed cluster Hyperion<\/strong><\/span><\/li><li><span style=\"color: #000000;\"><strong>Materials Studio<\/strong><\/span><\/li><\/ul>\t\t\t\t\t\t<\/div>\n\t\t\t\t<\/div>\n\t\t\t\t\t<\/div>\n\t\t<\/div>\n\t\t\t\t<div class=\"elementor-column elementor-col-50 elementor-top-column elementor-element elementor-element-c7ce757\" data-id=\"c7ce757\" data-element_type=\"column\">\n\t\t\t<div class=\"elementor-widget-wrap elementor-element-populated\">\n\t\t\t\t\t\t<div class=\"elementor-element elementor-element-23e1888 elementor-widget elementor-widget-heading\" data-id=\"23e1888\" data-element_type=\"widget\" data-widget_type=\"heading.default\">\n\t\t\t\t<div class=\"elementor-widget-container\">\n\t\t\t<h6 class=\"elementor-heading-title elementor-size-default\"><br>Laboratories<\/h6>\t\t<\/div>\n\t\t\t\t<\/div>\n\t\t\t\t<div class=\"elementor-element elementor-element-f1a7522 elementor-widget-divider--view-line elementor-widget elementor-widget-divider\" data-id=\"f1a7522\" data-element_type=\"widget\" data-widget_type=\"divider.default\">\n\t\t\t\t<div class=\"elementor-widget-container\">\n\t\t\t\t\t<div class=\"elementor-divider\">\n\t\t\t<span class=\"elementor-divider-separator\">\n\t\t\t\t\t\t<\/span>\n\t\t<\/div>\n\t\t\t\t<\/div>\n\t\t\t\t<\/div>\n\t\t\t\t<div class=\"elementor-element elementor-element-fb572e5 elementor-widget elementor-widget-text-editor\" data-id=\"fb572e5\" data-element_type=\"widget\" data-widget_type=\"text-editor.default\">\n\t\t\t\t<div class=\"elementor-widget-container\">\n\t\t\t\t\t\t\t<ol><li><span style=\"color: #336699;\"><a style=\"font-weight: bold; color: #336699;\" title=\"\" href=\"https:\/\/kiplweb.fjfi.cvut.cz\/web\/en\/wordpress\/fotonika\/\" data-wplink-url-error=\"true\">Applied photonics and quantum technologies<\/a><\/span><\/li><li><span style=\"color: #000000;\"><strong>\u2013&gt; Material modeling<\/strong><\/span><\/li><li><span style=\"color: #336699;\"><a style=\"font-weight: bold; color: #336699;\" title=\"\" href=\"https:\/\/kiplweb.fjfi.cvut.cz\/web\/en\/wordpress\/neutron\/\" data-wplink-url-error=\"true\">Neutron diffraction<\/a><\/span><\/li><li><a href=\"https:\/\/kiplweb.fjfi.cvut.cz\/web\/en\/wordpress\/spektroskopie\/\"><span style=\"color: #336699;\"><strong>Optical spectroscopy<\/strong><\/span><\/a><\/li><li><span style=\"color: #336699;\"><strong><a style=\"color: #336699;\" href=\"https:\/\/kiplweb.fjfi.cvut.cz\/web\/en\/wordpress\/rizeni-experiment\/\" data-wplink-url-error=\"true\">Control of experiments<\/a><\/strong><\/span><\/li><li><span style=\"color: #336699;\"><strong><a style=\"color: #336699;\" href=\"https:\/\/kiplweb.fjfi.cvut.cz\/web\/en\/wordpress\/struktura-biologie\/\" data-wplink-url-error=\"true\">Structural biology<\/a><\/strong><\/span><\/li><li><span style=\"color: #336699;\"><strong><a style=\"color: #336699;\" href=\"https:\/\/kiplweb.fjfi.cvut.cz\/web\/en\/xrd\/\">X-ray diffraction<\/a><\/strong><\/span><span style=\"color: #336699;\"><strong><br \/><\/strong><\/span><\/li><\/ol>\t\t\t\t\t\t<\/div>\n\t\t\t\t<\/div>\n\t\t\t\t<div class=\"elementor-element elementor-element-9e03532 elementor-widget-divider--view-line elementor-widget elementor-widget-divider\" data-id=\"9e03532\" data-element_type=\"widget\" data-widget_type=\"divider.default\">\n\t\t\t\t<div class=\"elementor-widget-container\">\n\t\t\t\t\t<div class=\"elementor-divider\">\n\t\t\t<span class=\"elementor-divider-separator\">\n\t\t\t\t\t\t<\/span>\n\t\t<\/div>\n\t\t\t\t<\/div>\n\t\t\t\t<\/div>\n\t\t\t\t\t<\/div>\n\t\t<\/div>\n\t\t\t\t\t<\/div>\n\t\t<\/section>\n\t\t\t\t<section class=\"elementor-section elementor-top-section elementor-element elementor-element-8bc324c elementor-section-boxed elementor-section-height-default elementor-section-height-default\" data-id=\"8bc324c\" data-element_type=\"section\">\n\t\t\t\t\t\t<div class=\"elementor-container elementor-column-gap-default\">\n\t\t\t\t\t<div class=\"elementor-column elementor-col-100 elementor-top-column elementor-element elementor-element-2f5ed09\" data-id=\"2f5ed09\" data-element_type=\"column\">\n\t\t\t<div class=\"elementor-widget-wrap elementor-element-populated\">\n\t\t\t\t\t\t<div class=\"elementor-element elementor-element-1c661c9 elementor-widget-divider--view-line elementor-widget elementor-widget-divider\" data-id=\"1c661c9\" data-element_type=\"widget\" data-widget_type=\"divider.default\">\n\t\t\t\t<div class=\"elementor-widget-container\">\n\t\t\t\t\t<div class=\"elementor-divider\">\n\t\t\t<span class=\"elementor-divider-separator\">\n\t\t\t\t\t\t<\/span>\n\t\t<\/div>\n\t\t\t\t<\/div>\n\t\t\t\t<\/div>\n\t\t\t\t<section class=\"elementor-section elementor-inner-section elementor-element elementor-element-5b8817f elementor-hidden-tablet elementor-section-boxed elementor-section-height-default elementor-section-height-default\" data-id=\"5b8817f\" data-element_type=\"section\">\n\t\t\t\t\t\t<div class=\"elementor-container elementor-column-gap-default\">\n\t\t\t\t\t<div class=\"elementor-column elementor-col-50 elementor-inner-column elementor-element elementor-element-d33b9b4\" data-id=\"d33b9b4\" data-element_type=\"column\">\n\t\t\t<div class=\"elementor-widget-wrap elementor-element-populated\">\n\t\t\t\t\t\t<div class=\"elementor-element elementor-element-2f03bd8 elementor-widget elementor-widget-heading\" data-id=\"2f03bd8\" data-element_type=\"widget\" data-widget_type=\"heading.default\">\n\t\t\t\t<div class=\"elementor-widget-container\">\n\t\t\t<h3 class=\"elementor-heading-title elementor-size-default\">Fields of research<\/h3>\t\t<\/div>\n\t\t\t\t<\/div>\n\t\t\t\t<div class=\"elementor-element elementor-element-e63d284 elementor-widget elementor-widget-text-editor\" data-id=\"e63d284\" data-element_type=\"widget\" data-widget_type=\"text-editor.default\">\n\t\t\t\t<div class=\"elementor-widget-container\">\n\t\t\t\t\t\t\t<p>The Material Modelling Laboratory is focused on multi-scale material modelling. It focuses on both ab-initio quantum mechanical calculations of electronic structures (based on DFT), as well as molecular mechanics-based simulations (forcefield theory) and selected problems in continuum thermodynamics.<\/p><p>Hlavn\u00edmi tuzemsk\u00fdmi v\u011bdeck\u00fdmi pracovi\u0161ti, se kter\u00fdmi LMM spolupracuje jsou \u00dastav termomechaniky AV \u010cR, Fyzik\u00e1ln\u00ed \u00fastav AV \u010cR, Katedra fyziky materi\u00e1l\u016f MFF UK a Centrum nov\u00fdch technologi\u00ed a materi\u00e1l\u016f v\u00a0Plzni. Hlavn\u00edm spolupracuj\u00edc\u00edm pracovi\u0161t\u011bm v zahrani\u010d\u00ed je Kanazawa University, Japonsko.<\/p>\t\t\t\t\t\t<\/div>\n\t\t\t\t<\/div>\n\t\t\t\t\t<\/div>\n\t\t<\/div>\n\t\t\t\t<div class=\"elementor-column elementor-col-50 elementor-inner-column elementor-element elementor-element-12341b3\" data-id=\"12341b3\" data-element_type=\"column\">\n\t\t\t<div class=\"elementor-widget-wrap elementor-element-populated\">\n\t\t\t\t\t\t<div class=\"elementor-element elementor-element-c6f7a56 elementor-hidden-phone elementor-widget elementor-widget-spacer\" data-id=\"c6f7a56\" data-element_type=\"widget\" data-widget_type=\"spacer.default\">\n\t\t\t\t<div class=\"elementor-widget-container\">\n\t\t\t\t\t<div class=\"elementor-spacer\">\n\t\t\t<div class=\"elementor-spacer-inner\"><\/div>\n\t\t<\/div>\n\t\t\t\t<\/div>\n\t\t\t\t<\/div>\n\t\t\t\t\t<\/div>\n\t\t<\/div>\n\t\t\t\t\t<\/div>\n\t\t<\/section>\n\t\t\t\t<section class=\"elementor-section elementor-inner-section elementor-element elementor-element-2435ef5 elementor-section-boxed elementor-section-height-default elementor-section-height-default\" data-id=\"2435ef5\" data-element_type=\"section\">\n\t\t\t\t\t\t<div class=\"elementor-container elementor-column-gap-default\">\n\t\t\t\t\t<div class=\"elementor-column elementor-col-100 elementor-inner-column elementor-element elementor-element-96ba194 elementor-hidden-desktop elementor-hidden-phone\" data-id=\"96ba194\" data-element_type=\"column\">\n\t\t\t<div class=\"elementor-widget-wrap elementor-element-populated\">\n\t\t\t\t\t\t<div class=\"elementor-element elementor-element-b3355c0 elementor-widget elementor-widget-heading\" data-id=\"b3355c0\" data-element_type=\"widget\" data-widget_type=\"heading.default\">\n\t\t\t\t<div class=\"elementor-widget-container\">\n\t\t\t<h3 class=\"elementor-heading-title elementor-size-default\">Fields of research<\/h3>\t\t<\/div>\n\t\t\t\t<\/div>\n\t\t\t\t<div class=\"elementor-element elementor-element-9ab8bd7 elementor-widget elementor-widget-text-editor\" data-id=\"9ab8bd7\" data-element_type=\"widget\" data-widget_type=\"text-editor.default\">\n\t\t\t\t<div class=\"elementor-widget-container\">\n\t\t\t\t\t\t\t<p>The Material Modelling Laboratory is focused on multi-scale material modelling. It focuses on both ab-initio quantum mechanical calculations of electronic structures (based on DFT), as well as molecular mechanics-based simulations (forcefield theory) and selected problems in continuum thermodynamics.<\/p>\t\t\t\t\t\t<\/div>\n\t\t\t\t<\/div>\n\t\t\t\t<div class=\"elementor-element elementor-element-4d6d7b3 elementor-widget elementor-widget-text-editor\" data-id=\"4d6d7b3\" data-element_type=\"widget\" data-widget_type=\"text-editor.default\">\n\t\t\t\t<div class=\"elementor-widget-container\">\n\t\t\t\t\t\t\t<p>Hlavn\u00edmi tuzemsk\u00fdmi v\u011bdeck\u00fdmi pracovi\u0161ti, se kter\u00fdmi LMM spolupracuje jsou \u00dastav termomechaniky AV \u010cR, Fyzik\u00e1ln\u00ed \u00fastav AV \u010cR, Katedra fyziky materi\u00e1l\u016f MFF UK a Centrum nov\u00fdch technologi\u00ed a materi\u00e1l\u016f v\u00a0Plzni. Hlavn\u00edm spolupracuj\u00edc\u00edm pracovi\u0161t\u011bm v zahrani\u010d\u00ed je Kanazawa University, Japonsko.<\/p>\t\t\t\t\t\t<\/div>\n\t\t\t\t<\/div>\n\t\t\t\t\t<\/div>\n\t\t<\/div>\n\t\t\t\t\t<\/div>\n\t\t<\/section>\n\t\t\t\t<div class=\"elementor-element elementor-element-f604004 elementor-widget-divider--view-line elementor-widget elementor-widget-divider\" data-id=\"f604004\" data-element_type=\"widget\" data-widget_type=\"divider.default\">\n\t\t\t\t<div class=\"elementor-widget-container\">\n\t\t\t\t\t<div class=\"elementor-divider\">\n\t\t\t<span class=\"elementor-divider-separator\">\n\t\t\t\t\t\t<\/span>\n\t\t<\/div>\n\t\t\t\t<\/div>\n\t\t\t\t<\/div>\n\t\t\t\t<div class=\"elementor-element elementor-element-7914cff elementor-widget elementor-widget-heading\" data-id=\"7914cff\" data-element_type=\"widget\" data-widget_type=\"heading.default\">\n\t\t\t\t<div class=\"elementor-widget-container\">\n\t\t\t<h3 class=\"elementor-heading-title elementor-size-default\">Hlavn\u00ed vybaven\u00ed<\/h3>\t\t<\/div>\n\t\t\t\t<\/div>\n\t\t\t\t<div class=\"elementor-element elementor-element-b4f8a68 elementor-widget elementor-widget-text-editor\" data-id=\"b4f8a68\" data-element_type=\"widget\" data-widget_type=\"text-editor.default\">\n\t\t\t\t<div class=\"elementor-widget-container\">\n\t\t\t\t\t\t\t<p><strong>Software:<br \/><\/strong><\/p><ul><li><a href=\"https:\/\/www.vasp.at\/\">Vienna\u00a0 Ab initio Simulation Package (VASP)<\/a><\/li><li>\u00a0<a href=\"http:\/\/susi.theochem.tuwien.ac.at\/\">WIEN2k<\/a><\/li><li><a href=\"https:\/\/www.lammps.org\/\">LAMMPS Molecular Dynamics Simulator<\/a><\/li><\/ul><p><strong>Hardware:<\/strong><\/p><ul><li>Laborato\u0159 je vybavena:<ul><li>6x PC: AMD Ryzen 5 2600X s 16-64 GB RAM, 0.5 TB SSD a 0.5 TB NVMe, nVidia GeForce RTX 2060 (6 GB VRAM).<\/li><li>4x PC: Intel i5-3470, 8 GB RAM, 1 TB SSD<\/li><\/ul><\/li><li>V kooperaci s KLFF FJFI sd\u00edl\u00edme v\u00fdpo\u010detn\u00ed klastr <a href=\"http:\/\/hyperion-wiki.fjfi.cvut.cz\/\">Quantum Hyperion<\/a>.<\/li><\/ul>\t\t\t\t\t\t<\/div>\n\t\t\t\t<\/div>\n\t\t\t\t<div class=\"elementor-element elementor-element-dd580c3 elementor-widget-divider--view-line elementor-widget elementor-widget-divider\" data-id=\"dd580c3\" data-element_type=\"widget\" data-widget_type=\"divider.default\">\n\t\t\t\t<div class=\"elementor-widget-container\">\n\t\t\t\t\t<div class=\"elementor-divider\">\n\t\t\t<span class=\"elementor-divider-separator\">\n\t\t\t\t\t\t<\/span>\n\t\t<\/div>\n\t\t\t\t<\/div>\n\t\t\t\t<\/div>\n\t\t\t\t<div class=\"elementor-element elementor-element-eb7921d elementor-widget elementor-widget-heading\" data-id=\"eb7921d\" data-element_type=\"widget\" data-widget_type=\"heading.default\">\n\t\t\t\t<div class=\"elementor-widget-container\">\n\t\t\t<h3 class=\"elementor-heading-title elementor-size-default\">Projects<\/h3>\t\t<\/div>\n\t\t\t\t<\/div>\n\t\t\t\t<div class=\"elementor-element elementor-element-995443e elementor-widget elementor-widget-text-editor\" data-id=\"995443e\" data-element_type=\"widget\" data-widget_type=\"text-editor.default\">\n\t\t\t\t<div class=\"elementor-widget-container\">\n\t\t\t\t\t\t\t<ul><li>Optimalizace geometrick\u00e9 struktury a simulace chemick\u00e9 stability molekul \u2013 projekt zam\u011b\u0159en\u00fd na renovaci vyho\u0159el\u00e9ho jadern\u00e9ho paliva \u2013 spolupr\u00e1ce s\u00a0katedrou jadern\u00e9 chemie FJFI v r\u00e1mci Evropsk\u00e9ho projektu H2020 GENIORS<\/li><li>Simulace struktury, dynamiky a vlastnost\u00ed polymern\u00edch syst\u00e9m\u016f s matric\u00ed tvo\u0159enou polysiloxany a polyakryl\u00e1ty<\/li><li>Simulace polymern\u00edch vod\u00edkov\u00fdch palivov\u00fdch \u010dl\u00e1nk\u016f \u2013 spolupr\u00e1ce s Centrem nov\u00fdch technologi\u00ed a materi\u00e1l\u016f v Plzni<\/li><li>Simulace modulovan\u00fdch martenzitick\u00fdch struktur v Heuslerov\u00fdch slitin\u00e1ch typu NiMnGa &#8211; spolupr\u00e1ce s Fz\u00da AV \u010cR, VTU Brno, Kanazawa University Japan<\/li><li>QM simulace plasmonick\u00fdch nanostruktur &#8211; spolupr\u00e1ce s katedrou fyzik\u00e1ln\u00ed elektroniky FJFI<\/li><\/ul>\t\t\t\t\t\t<\/div>\n\t\t\t\t<\/div>\n\t\t\t\t<div class=\"elementor-element elementor-element-a0d112f elementor-widget-divider--view-line elementor-widget elementor-widget-divider\" data-id=\"a0d112f\" data-element_type=\"widget\" data-widget_type=\"divider.default\">\n\t\t\t\t<div class=\"elementor-widget-container\">\n\t\t\t\t\t<div class=\"elementor-divider\">\n\t\t\t<span class=\"elementor-divider-separator\">\n\t\t\t\t\t\t<\/span>\n\t\t<\/div>\n\t\t\t\t<\/div>\n\t\t\t\t<\/div>\n\t\t\t\t<div class=\"elementor-element elementor-element-f49baa2 elementor-widget elementor-widget-heading\" data-id=\"f49baa2\" data-element_type=\"widget\" data-widget_type=\"heading.default\">\n\t\t\t\t<div class=\"elementor-widget-container\">\n\t\t\t<h3 class=\"elementor-heading-title elementor-size-default\">Po\u010d\u00edta\u010dov\u00e1 u\u010debna KIPL<\/h3>\t\t<\/div>\n\t\t\t\t<\/div>\n\t\t\t\t<div class=\"elementor-element elementor-element-d0fa2b3 elementor-widget elementor-widget-text-editor\" data-id=\"d0fa2b3\" data-element_type=\"widget\" data-widget_type=\"text-editor.default\">\n\t\t\t\t<div class=\"elementor-widget-container\">\n\t\t\t\t\t\t\t<p>Po\u010d\u00edta\u010dov\u00e1 u\u010debna Katedry in\u017een\u00fdrstv\u00ed pevn\u00fdch l\u00e1tek (PU KIPL), kter\u00e1 se nach\u00e1z\u00ed v budov\u011b FJFI \u010cVUT v Praze v Trojanov\u011b ulici, byla uvedena do testovac\u00edho provozu v po\u010d\u00e1tku roku 2011, inovonan\u00e1 v roce 2019 a vytv\u00e1\u0159\u00ed, spolu s po\u010d\u00edta\u010dov\u00fdm klastrem <a href=\"https:\/\/hyperion-wiki.fjfi.cvut.cz\/\">Quantum Hyperion<\/a> budovan\u00fdm ve spolupr\u00e1ci s Katedrou laserov\u00e9 fyziky a fotoniky z\u00e1kladnu pro v\u00fduku po\u010d\u00edta\u010dov\u00fdch simulac\u00ed kondenzovan\u00fdch l\u00e1tek (11SIKL) zahrnutou v u\u010debn\u00edm pl\u00e1nu NMS oboru IPL.<\/p><p>Vyu\u017e\u00edvan\u00e9 softwarov\u00e9 n\u00e1stroje poskytuj\u00ed velmi \u0161irokou z\u00e1kladnu pro klasick\u00e9 i kvantov\u011b-mechnick\u00e9 simulace struktury a vlastnost\u00ed organick\u00fdch i anorganick\u00fdch objemov\u00fdch krystalick\u00fdch amorfn\u00edch l\u00e1tek, roztok\u016f, tenk\u00fdch vrstev, povrch\u016f, nano-struktur, molekul, makromolekul, polymern\u00edch sm\u011bs\u00ed a pod.<\/p><p>Od roku 2017 je u\u010debna vybavena 3D tisk\u00e1rnou firmy Prusa a virtu\u00e1ln\u00ed realitou HTC Vive.<br \/>V p\u0159\u00edpad\u011b z\u00e1jmu o bli\u017e\u0161\u00ed informace t\u00fdkaj\u00edc\u00ed se PU KIPL kontaktujte pros\u00edm n\u00e1sleduj\u00edc\u00ed pracovn\u00edky Katedry in\u017een\u00fdrstv\u00ed pevn\u00fdch l\u00e1tek:<\/p><div><ul><li><a href=\"https:\/\/kiplweb.fjfi.cvut.cz\/web\/en\/wordpress\/drab\/\">Martina Dr\u00e1ba<\/a>\u00a0(martin.drab@fjfi.cvut.cz).<\/li><li><a href=\"https:\/\/kiplweb.fjfi.cvut.cz\/web\/en\/wordpress\/kalvoda\/\">Ladislava Kalvodu<\/a>\u00a0(ladislav.kalvoda@fjfi.cvut.cz)<\/li><\/ul><\/div>\t\t\t\t\t\t<\/div>\n\t\t\t\t<\/div>\n\t\t\t\t<div class=\"elementor-element elementor-element-7907383 elementor-widget-divider--view-line elementor-widget elementor-widget-divider\" data-id=\"7907383\" data-element_type=\"widget\" data-widget_type=\"divider.default\">\n\t\t\t\t<div class=\"elementor-widget-container\">\n\t\t\t\t\t<div class=\"elementor-divider\">\n\t\t\t<span class=\"elementor-divider-separator\">\n\t\t\t\t\t\t<\/span>\n\t\t<\/div>\n\t\t\t\t<\/div>\n\t\t\t\t<\/div>\n\t\t\t\t<div class=\"elementor-element elementor-element-b793399 elementor-widget elementor-widget-heading\" data-id=\"b793399\" data-element_type=\"widget\" data-widget_type=\"heading.default\">\n\t\t\t\t<div class=\"elementor-widget-container\">\n\t\t\t<h3 class=\"elementor-heading-title elementor-size-default\">V\u00fdpo\u010detn\u00ed cluster<\/h3>\t\t<\/div>\n\t\t\t\t<\/div>\n\t\t\t\t<div class=\"elementor-element elementor-element-dc59e2d elementor-widget elementor-widget-text-editor\" data-id=\"dc59e2d\" data-element_type=\"widget\" data-widget_type=\"text-editor.default\">\n\t\t\t\t<div class=\"elementor-widget-container\">\n\t\t\t\t\t\t\t<p><strong>Zde v\u00e1s informujeme o aktualit\u00e1ch souvisej\u00edc\u00edch s rozvojem a provozem spole\u010dn\u00e9ho v\u00fdpo\u010detn\u00edho klastru kateder Matematiky a In\u017een\u00fdrstv\u00ed pevn\u00fdch l\u00e1tek na FJFI \u010cVUT v Praze<\/strong><\/p><p>V roce 2013 bylo s laskavou podporou grantu FRVS \u010d\u00edslo 1263\/2013 uskute\u010dn\u011bno roz\u0161\u00ed\u0159en\u00ed HW konfigurace v\u00fdpo\u010detn\u00edch syst\u00e9m\u016f (nez\u00e1visl\u00fdch po\u010d\u00edtac\u00edch stroj\u016f) a vznikl v\u00fdpo\u010detn\u00ed klastr Hyperion:\u00a0<\/p><ul><li>Dod\u00e1n\u00edm HW komponent dne 30. \u0159\u00edjna 2013, firmou M Computers s.r.o.<\/li><li>Hlavn\u00ed charakteristiky Hyperion klastru: 21 v\u00fdpo\u010detn\u00edch nod\u016f s celkem 672 j\u00e1dry v 16-ti j\u00e1drov\u00fdch procesorech AMD Opteron 6272, 1,6 TB RAM a 21 TB diskov\u00e9 pam\u011bti. Jeden ze server\u016f je vybaven grafick\u00fdm akceler\u00e1torem pro GPGPU s 2668 CUDA j\u00e1dry a 6 GB GDDR5 VRAM<\/li><li>Hyperion klastr b\u011b\u017eel na CentOSu 6, vyu\u017e\u00edval Open Grid Engine pro syst\u00e9m spr\u00e1vy \u00faloh a CFEngine 3.10 pro spr\u00e1vu konfigurace.<\/li><li>Nav\u00fd\u0161en\u00ed v\u00fdpo\u010detn\u00edho v\u00fdkonu klastru bylo vyu\u017eito ve v\u00fduce p\u0159edm\u011bt\u016f bakal\u00e1\u0159sk\u00e9ho a magistersk\u00e9ho studijn\u00edho programu na FJFI a d\u00e1le t\u00e9\u017e FEL \u010cVUT v Praze a MFF UK v Praze.<\/li><li><a href=\"https:\/\/kiplwww.fjfi.cvut.cz\/drupal7\/?q=vykonny-cluster-videa\">Video pr\u016fvodce<\/a><\/li><\/ul><p>V roce 2018 a 2019 bylo uskute\u010dn\u011bno roz\u0161\u00ed\u0159en\u00ed HW konfigurace v\u00fdpo\u010detn\u00edho klastru Hyperion a byl tak p\u0159etransformov\u00e1n na klastr Quantum Hyperion (kde v\u00fdpo\u010detn\u00ed \u010d\u00e1st p\u016fvodn\u00edho Hyperion klastru je jeho podklastrem):<\/p><ul><li>Dod\u00e1n\u00edm HW komponent firmou Abacus, s.r.o.<\/li><li>Hlavn\u00ed charakteristiky Quantum Hyperion klastru najdete <a href=\"https:\/\/hyperion-wiki.fjfi.cvut.cz\/mediawiki\/index.php\/Nodes\">zde<\/a>.<\/li><li>Cluster v sou\u010dasnosti b\u011b\u017e\u00ed na CentOS 7, vyu\u017e\u00edv\u00e1 Open Grid Engine pro syst\u00e9m spr\u00e1vy \u00faloh a CFEngine 3.18 pro spr\u00e1vu konfigurace.<\/li><li>Dal\u0161\u00ed informace viz <a href=\"https:\/\/hyperion-wiki.fjfi.cvut.cz\/\">Hyperion Wiki<\/a>.<\/li><\/ul><p>V sou\u010dasn\u00e9 dob\u011b p\u0159ipravujeme, vzhledem ke kon\u010d\u00edc\u00ed \u017eivotnosti CentOS 7, upgrade Quantum Hyperion klastru na distribuci AlmaLinux 9. Aktualizovan\u00fd klastr se bude jmenovat Quantum Hyperion 2.<\/p>\t\t\t\t\t\t<\/div>\n\t\t\t\t<\/div>\n\t\t\t\t<div class=\"elementor-element elementor-element-b0f5f73 elementor-widget-divider--view-line elementor-widget elementor-widget-divider\" data-id=\"b0f5f73\" data-element_type=\"widget\" data-widget_type=\"divider.default\">\n\t\t\t\t<div class=\"elementor-widget-container\">\n\t\t\t\t\t<div class=\"elementor-divider\">\n\t\t\t<span class=\"elementor-divider-separator\">\n\t\t\t\t\t\t<\/span>\n\t\t<\/div>\n\t\t\t\t<\/div>\n\t\t\t\t<\/div>\n\t\t\t\t\t<\/div>\n\t\t<\/div>\n\t\t\t\t\t<\/div>\n\t\t<\/section>\n\t\t\t\t<\/div>","protected":false},"excerpt":{"rendered":"<p>Materi\u00e1lov\u00e9 modelov\u00e1n\u00ed Vedouc\u00ed laborato\u0159e: Petr Sedl\u00e1k, Hanu\u0161 SeinerPracovn\u00edci: Jaroslav Hamrle, Ladislav KalvodaDoktorandi: Lucie Celbov\u00e1, Jakub Lu\u0161tinecSpr\u00e1vce v\u00fdpo\u010detn\u00ed techniky: Martin Dr\u00e1b Oblasti v\u00fdzkumu Hlavn\u00ed vybaven\u00ed St\u00e1vaj\u00edc\u00ed a p\u0159ipravovan\u00e9 projekty Po\u010d\u00edta\u010dov\u00e1 u\u010debna KIPL V\u00fdpo\u010detn\u00ed cluster Hyperion Materials Studio Pracovi\u0161t\u011b a laborato\u0159e Aplikovan\u00e1 [&hellip;]<\/p>","protected":false},"author":2,"featured_media":0,"parent":0,"menu_order":0,"comment_status":"closed","ping_status":"closed","template":"elementor_header_footer","meta":{"footnotes":""},"folder":[10],"class_list":["post-819","page","type-page","status-publish","hentry"],"_links":{"self":[{"href":"https:\/\/kiplweb.fjfi.cvut.cz\/web\/en\/wp-json\/wp\/v2\/pages\/819","targetHints":{"allow":["GET"]}}],"collection":[{"href":"https:\/\/kiplweb.fjfi.cvut.cz\/web\/en\/wp-json\/wp\/v2\/pages"}],"about":[{"href":"https:\/\/kiplweb.fjfi.cvut.cz\/web\/en\/wp-json\/wp\/v2\/types\/page"}],"author":[{"embeddable":true,"href":"https:\/\/kiplweb.fjfi.cvut.cz\/web\/en\/wp-json\/wp\/v2\/users\/2"}],"replies":[{"embeddable":true,"href":"https:\/\/kiplweb.fjfi.cvut.cz\/web\/en\/wp-json\/wp\/v2\/comments?post=819"}],"version-history":[{"count":58,"href":"https:\/\/kiplweb.fjfi.cvut.cz\/web\/en\/wp-json\/wp\/v2\/pages\/819\/revisions"}],"predecessor-version":[{"id":6368,"href":"https:\/\/kiplweb.fjfi.cvut.cz\/web\/en\/wp-json\/wp\/v2\/pages\/819\/revisions\/6368"}],"wp:attachment":[{"href":"https:\/\/kiplweb.fjfi.cvut.cz\/web\/en\/wp-json\/wp\/v2\/media?parent=819"}],"wp:term":[{"taxonomy":"folder","embeddable":true,"href":"https:\/\/kiplweb.fjfi.cvut.cz\/web\/en\/wp-json\/wp\/v2\/folder?post=819"}],"curies":[{"name":"wp","href":"https:\/\/api.w.org\/{rel}","templated":true}]}}