{"id":5833,"date":"2023-06-02T16:13:24","date_gmt":"2023-06-02T14:13:24","guid":{"rendered":"https:\/\/kiplweb.fjfi.cvut.cz\/web\/?page_id=5833"},"modified":"2023-06-02T17:33:32","modified_gmt":"2023-06-02T15:33:32","slug":"5833-2","status":"publish","type":"page","link":"https:\/\/kiplweb.fjfi.cvut.cz\/web\/en\/5833-2\/","title":{"rendered":"12. Studentsk\u00e1 v\u011bdeck\u00e1 konference fyziky pevn\u00fdch l\u00e1tek a materi\u00e1l\u016f"},"content":{"rendered":"<div data-elementor-type=\"wp-page\" data-elementor-id=\"5833\" class=\"elementor elementor-5833\">\n\t\t\t\t\t\t<section class=\"elementor-section elementor-top-section elementor-element elementor-element-587c5280 elementor-section-boxed elementor-section-height-default elementor-section-height-default\" data-id=\"587c5280\" data-element_type=\"section\">\n\t\t\t\t\t\t<div class=\"elementor-container elementor-column-gap-default\">\n\t\t\t\t\t<div class=\"elementor-column elementor-col-100 elementor-top-column elementor-element elementor-element-793b5e67\" data-id=\"793b5e67\" data-element_type=\"column\">\n\t\t\t<div class=\"elementor-widget-wrap elementor-element-populated\">\n\t\t\t\t\t\t<div class=\"elementor-element elementor-element-4235abc1 elementor-widget elementor-widget-text-editor\" data-id=\"4235abc1\" data-element_type=\"widget\" data-widget_type=\"text-editor.default\">\n\t\t\t\t<div class=\"elementor-widget-container\">\n\t\t\t\t\t\t\t<!-- wp:navigation {\"ref\":5834} \/-->\t\t\t\t\t\t<\/div>\n\t\t\t\t<\/div>\n\t\t\t\t\t<\/div>\n\t\t<\/div>\n\t\t\t\t\t<\/div>\n\t\t<\/section>\n\t\t\t\t<section class=\"elementor-section elementor-top-section elementor-element elementor-element-1a25a05f elementor-section-boxed elementor-section-height-default elementor-section-height-default\" data-id=\"1a25a05f\" data-element_type=\"section\">\n\t\t\t\t\t\t<div class=\"elementor-container elementor-column-gap-default\">\n\t\t\t\t\t<div class=\"elementor-column elementor-col-50 elementor-top-column elementor-element elementor-element-5c1fb182\" data-id=\"5c1fb182\" data-element_type=\"column\">\n\t\t\t<div class=\"elementor-widget-wrap elementor-element-populated\">\n\t\t\t\t\t\t<div class=\"elementor-element elementor-element-6c571465 elementor-align-justify elementor-widget__width-inherit elementor-widget elementor-widget-button\" data-id=\"6c571465\" data-element_type=\"widget\" data-widget_type=\"button.default\">\n\t\t\t\t<div class=\"elementor-widget-container\">\n\t\t\t\t\t<div class=\"elementor-button-wrapper\">\n\t\t\t<a class=\"elementor-button elementor-button-link elementor-size-xs\" href=\"https:\/\/kiplweb.fjfi.cvut.cz\/web\/en\/wordpress\/sscssp\/\">\n\t\t\t\t\t\t<span class=\"elementor-button-content-wrapper\">\n\t\t\t\t\t\t\t\t\t<span class=\"elementor-button-text\">SSCSSP<\/span>\n\t\t\t\t\t<\/span>\n\t\t\t\t\t<\/a>\n\t\t<\/div>\n\t\t\t\t<\/div>\n\t\t\t\t<\/div>\n\t\t\t\t<div class=\"elementor-element elementor-element-14b7c077 elementor-widget elementor-widget-heading\" data-id=\"14b7c077\" data-element_type=\"widget\" data-widget_type=\"heading.default\">\n\t\t\t\t<div class=\"elementor-widget-container\">\n\t\t\t<h2 class=\"elementor-heading-title elementor-size-default\">12. Studentsk\u00e1 v\u011bdeck\u00e1 konference fyziky pevn\u00fdch l\u00e1tek a materi\u00e1l\u016f<\/h2>\t\t<\/div>\n\t\t\t\t<\/div>\n\t\t\t\t\t<\/div>\n\t\t<\/div>\n\t\t\t\t<div class=\"elementor-column elementor-col-50 elementor-top-column elementor-element elementor-element-69b8bff6\" data-id=\"69b8bff6\" data-element_type=\"column\">\n\t\t\t<div class=\"elementor-widget-wrap elementor-element-populated\">\n\t\t\t\t\t\t<div class=\"elementor-element elementor-element-1908b166 elementor-widget elementor-widget-heading\" data-id=\"1908b166\" data-element_type=\"widget\" data-widget_type=\"heading.default\">\n\t\t\t\t<div class=\"elementor-widget-container\">\n\t\t\t<h6 class=\"elementor-heading-title elementor-size-default\"><br>SSCSSPM-12<\/h6>\t\t<\/div>\n\t\t\t\t<\/div>\n\t\t\t\t<div class=\"elementor-element elementor-element-6292a571 elementor-widget-divider--view-line elementor-widget elementor-widget-divider\" data-id=\"6292a571\" data-element_type=\"widget\" data-widget_type=\"divider.default\">\n\t\t\t\t<div class=\"elementor-widget-container\">\n\t\t\t\t\t<div class=\"elementor-divider\">\n\t\t\t<span class=\"elementor-divider-separator\">\n\t\t\t\t\t\t<\/span>\n\t\t<\/div>\n\t\t\t\t<\/div>\n\t\t\t\t<\/div>\n\t\t\t\t<div class=\"elementor-element elementor-element-20805180 elementor-widget elementor-widget-text-editor\" data-id=\"20805180\" data-element_type=\"widget\" data-widget_type=\"text-editor.default\">\n\t\t\t\t<div class=\"elementor-widget-container\">\n\t\t\t\t\t\t\t<ol>\n<li><span style=\"color: #000000;\"><b>&#8211;&gt; \u00davod<\/b><\/span><\/li>\n<li><span style=\"color: #000000;\"><strong>M\u00edsto a zp\u016fsob\u00a0 kon\u00e1n\u00ed &#8211; prezen\u010dn\u00ed<\/strong><\/span><span style=\"color: #336699;\"><span style=\"color: #000000;\"><strong> \ud83d\ude42<br \/><\/strong><\/span><\/span><\/li>\n<li><strong><a href=\"https:\/\/kipl-indico.fjfi.cvut.cz\/event\/13\/registrations\/9\/\"><span style=\"color: #336699;\">Registrace<\/span><\/a><\/strong><\/li>\n<li><span style=\"color: #336699;\"><a style=\"font-weight: bold; color: #336699;\" title=\"\" href=\"https:\/\/kiplweb.fjfi.cvut.cz\/web\/en\/sscsspm-10-pokyny-pro-prednasejici\/\">Pokyny pro p\u0159edn\u00e1\u0161ej\u00edc\u00ed<\/a><\/span><\/li>\n<li><strong style=\"color: #336699;\">Program<\/strong><\/li>\n<li><strong style=\"color: #336699;\">Sborn\u00edk<\/strong><\/li>\n<\/ol>\t\t\t\t\t\t<\/div>\n\t\t\t\t<\/div>\n\t\t\t\t\t<\/div>\n\t\t<\/div>\n\t\t\t\t\t<\/div>\n\t\t<\/section>\n\t\t\t\t<section class=\"elementor-section elementor-top-section elementor-element elementor-element-16a4353e elementor-section-boxed elementor-section-height-default elementor-section-height-default\" data-id=\"16a4353e\" data-element_type=\"section\">\n\t\t\t\t\t\t<div class=\"elementor-container elementor-column-gap-default\">\n\t\t\t\t\t<div class=\"elementor-column elementor-col-100 elementor-top-column elementor-element elementor-element-633b571f\" data-id=\"633b571f\" data-element_type=\"column\">\n\t\t\t<div class=\"elementor-widget-wrap elementor-element-populated\">\n\t\t\t\t\t\t<div class=\"elementor-element elementor-element-72b7a06c elementor-widget-divider--view-line elementor-widget elementor-widget-divider\" data-id=\"72b7a06c\" data-element_type=\"widget\" data-widget_type=\"divider.default\">\n\t\t\t\t<div class=\"elementor-widget-container\">\n\t\t\t\t\t<div class=\"elementor-divider\">\n\t\t\t<span class=\"elementor-divider-separator\">\n\t\t\t\t\t\t<\/span>\n\t\t<\/div>\n\t\t\t\t<\/div>\n\t\t\t\t<\/div>\n\t\t\t\t<div class=\"elementor-element elementor-element-6b6ff218 elementor-widget elementor-widget-text-editor\" data-id=\"6b6ff218\" data-element_type=\"widget\" data-widget_type=\"text-editor.default\">\n\t\t\t\t<div class=\"elementor-widget-container\">\n\t\t\t\t\t\t\t<h2><span style=\"color: #ff0000;\">Term\u00edn: 4. &#8211; 7. z\u00e1\u0159\u00ed 2023<\/span><\/h2>\n<h3>Zp\u016fsob kon\u00e1n\u00ed &#8211; &#8222;prezen\u010dn\u00ed&#8220;:<\/h3>\n<p>Konference se bude konat v <strong><a href=\"https:\/\/www.penzion-kaminek.cz\/en\/\">penzionu Kam\u00ednek<\/a><\/strong> v By\u0148ov\u011b, Nov\u00fdch Hradech. D\u00e9lka trv\u00e1n\u00ed p\u0159\u00edsp\u011bvk\u016f bude bl\u00ed\u017ee specifikov\u00e1na pozd\u011bji, p\u0159edpokl\u00e1dan\u00fd rozsah prezentac\u00ed je ve form\u00e1tu <strong>10 min<\/strong> p\u0159edn\u00e1\u0161ka + <strong>5 minut<\/strong> diskuze pro studentsk\u00e9 p\u0159\u00edsp\u011bvky, <strong>25 min<\/strong> +<strong> 5 min<\/strong> pro zvan\u00e9 hosty.<\/p>\n<p><strong>Pobyt student\u016f (ubytov\u00e1n\u00ed + pln\u00e1 penze) bude pln\u011b hrazen v r\u00e1mci podpory grantov\u00e9 sout\u011b\u017ee SGS \u010cVUT<\/strong><\/p>\n<h3><b>T\u00e9mata:<\/b><\/h3>\n<p>Konference je z velk\u00e9 \u010d\u00e1sti p\u0159ehl\u00eddkou studentsk\u00fdch prac\u00ed p\u0159edev\u0161\u00edm z kateder In\u017een\u00fdrstv\u00ed pevn\u00fdch l\u00e1tek, Materi\u00e1l\u016f a Fyzik\u00e1ln\u00ed elektroniky (ale nejen z nich;-) zab\u00fdvaj\u00edc\u00edch se t\u00e9maty a probl\u00e9my z oblasti fyziky pevn\u00fdch l\u00e1tek, krystalografie, fyziky materi\u00e1l\u016f, fyziky povrch\u016f, tenk\u00fdch vrstev a nanotechnologi\u00ed, aplikovan\u00e9 optiky,\u00a0 fotoniky,\u00a0 a dal\u0161\u00edch p\u0159\u00edbuzn\u00fdch obor\u016f studovan\u00fdch \u0159adou experiment\u00e1ln\u00edch a teoretick\u00fdch metod.<\/p>\n<p>Studentsk\u00e9 p\u0159\u00edsp\u011bvky jsou tradi\u010dn\u011b dopln\u011bny \u0159adou lektorsk\u00fdch p\u0159edn\u00e1\u0161ek v\u011bnovan\u00fdch p\u0159ehledu aktu\u00e1ln\u00edch probl\u00e9m\u016f v uveden\u00fdch v\u011bdn\u00edch oblastech, prezentovan\u00fdch p\u0159edn\u00edmi odborn\u00edky.<\/p>\n<p>C\u00edlem konference je poskytnout student\u016fm mo\u017enost p\u0159edn\u00e9st sv\u00e9 p\u0159\u00edsp\u011bvky v \u0161ir\u0161\u00edm, otev\u0159en\u00e9m f\u00f3ru, rozv\u00edjet schopnosti odborn\u00e9 komunikace, roz\u0161\u00ed\u0159it odborn\u00fd rozhled o t\u00e9mata prezentovan\u00e1 ostatn\u00edmi \u00fa\u010dastn\u00edky konference, t\u0159\u00edbit sv\u00e9 n\u00e1zory v neform\u00e1ln\u00edch diskuz\u00edch a nav\u00e1zat \u0159adu nov\u00fdch osobn\u00edch i profesion\u00e1ln\u00edch vztah\u016f.<\/p>\n<p>Studentsk\u00e9 p\u0159\u00edsp\u011bvky jsou publikov\u00e1ny ve sborn\u00edku konference.<\/p>\n<h2>D\u016fle\u017eit\u00e1 data:<\/h2>\n<p><strong><span style=\"color: #ff0000;\"><u>!!! Deadline<\/u> <\/span>pro registraci do syst\u00e9mu a zasl\u00e1n\u00ed abstraktu jsou do<span style=\"color: #ff0000;\">\u00a04. srpna 2023\u00a0<\/span><\/strong><\/p>\n<p>Deadline pro odevzd\u00e1n\u00ed roz\u0161\u00ed\u0159en\u00e9ho abstraktu do Sborn\u00edku: <span style=\"color: red;\"><b>7. z\u00e1\u0159\u00ed 2023<\/b><\/span><\/p>\n<h3>Registrace<\/h3>\n<div>Registrace je ji\u017e spu\u0161t\u011bna 2.6.2023 v 12:00, registrovat se m\u016f\u017eete <a href=\"https:\/\/kipl-indico.fjfi.cvut.cz\/event\/13\/registrations\/9\/\"><strong><span style=\"color: #ff0000;\">zde<\/span><\/strong><\/a><\/div>\n<h3>Organiza\u010dn\u00ed t\u00fdm:<\/h3>\n<p style=\"margin: 0cm; margin-bottom: .0001pt;\"><b><a href=\"https:\/\/kiplweb.fjfi.cvut.cz\/web\/en\/kalvoda\/\">doc. Ing. Ladislav Kalvoda, CSc.<\/a>, p\u0159edseda organiza\u010dn\u00edho v\u00fdboru<\/b><\/p>\n<p style=\"margin: 0cm; margin-bottom: .0001pt;\"><a href=\"https:\/\/kiplweb.fjfi.cvut.cz\/web\/en\/monika-kucerakova\/\"><b>Ing. Monika Ku\u010der\u00e1kov\u00e1, Ph.D.<\/b><\/a><\/p>\n<p style=\"margin: 0cm; margin-bottom: .0001pt;\"><a href=\"https:\/\/kiplweb.fjfi.cvut.cz\/web\/en\/dragounova\/\"><b>Ing. Kate\u0159ina Aubrechtov\u00e1 Dragounov\u00e1, Ph.D.<\/b><\/a><\/p>\n<p style=\"margin: 0cm; margin-bottom: .0001pt;\"><a href=\"https:\/\/kiplweb.fjfi.cvut.cz\/web\/en\/sedlak-2\/\"><b>Ing. Petr Sedl\u00e1k, Ph.D.<\/b><\/a><\/p>\n<p style=\"margin: 0cm; margin-bottom: .0001pt;\"><a href=\"https:\/\/kiplweb.fjfi.cvut.cz\/web\/en\/drab\/\"><b>Ing. Martin Dr\u00e1b, Ph.D.<\/b><\/a><\/p>\n<p style=\"margin: 0cm; margin-bottom: .0001pt;\"><a href=\"https:\/\/kiplweb.fjfi.cvut.cz\/web\/en\/kolenko\/\"><b>doc. Ing. Petr Kolenko, Ph.D.<\/b><\/a><\/p>\t\t\t\t\t\t<\/div>\n\t\t\t\t<\/div>\n\t\t\t\t\t<\/div>\n\t\t<\/div>\n\t\t\t\t\t<\/div>\n\t\t<\/section>\n\t\t\t\t<section class=\"elementor-section elementor-top-section elementor-element elementor-element-d986ba9 elementor-section-boxed elementor-section-height-default elementor-section-height-default\" data-id=\"d986ba9\" data-element_type=\"section\">\n\t\t\t\t\t\t<div class=\"elementor-container elementor-column-gap-default\">\n\t\t\t\t\t<div class=\"elementor-column elementor-col-100 elementor-top-column elementor-element elementor-element-d4f8a7f\" data-id=\"d4f8a7f\" data-element_type=\"column\">\n\t\t\t<div class=\"elementor-widget-wrap elementor-element-populated\">\n\t\t\t\t\t\t<div class=\"elementor-element elementor-element-63284b2 elementor-widget elementor-widget-image\" data-id=\"63284b2\" data-element_type=\"widget\" data-widget_type=\"image.default\">\n\t\t\t\t<div class=\"elementor-widget-container\">\n\t\t\t\t\t\t\t\t\t\t\t\t\t<img fetchpriority=\"high\" decoding=\"async\" width=\"768\" height=\"1024\" src=\"https:\/\/kiplweb.fjfi.cvut.cz\/web\/wp-content\/uploads\/2023\/06\/SSCSSPM-12-letak-768x1024.jpg\" class=\"attachment-medium_large size-medium_large wp-image-5888\" alt=\"\" srcset=\"https:\/\/kiplweb.fjfi.cvut.cz\/web\/wp-content\/uploads\/2023\/06\/SSCSSPM-12-letak-768x1024.jpg 768w, https:\/\/kiplweb.fjfi.cvut.cz\/web\/wp-content\/uploads\/2023\/06\/SSCSSPM-12-letak-225x300.jpg 225w, https:\/\/kiplweb.fjfi.cvut.cz\/web\/wp-content\/uploads\/2023\/06\/SSCSSPM-12-letak-9x12.jpg 9w, https:\/\/kiplweb.fjfi.cvut.cz\/web\/wp-content\/uploads\/2023\/06\/SSCSSPM-12-letak-1000x1333.jpg 1000w, https:\/\/kiplweb.fjfi.cvut.cz\/web\/wp-content\/uploads\/2023\/06\/SSCSSPM-12-letak-230x307.jpg 230w, https:\/\/kiplweb.fjfi.cvut.cz\/web\/wp-content\/uploads\/2023\/06\/SSCSSPM-12-letak-350x467.jpg 350w, https:\/\/kiplweb.fjfi.cvut.cz\/web\/wp-content\/uploads\/2023\/06\/SSCSSPM-12-letak-480x640.jpg 480w, https:\/\/kiplweb.fjfi.cvut.cz\/web\/wp-content\/uploads\/2023\/06\/SSCSSPM-12-letak.jpg 1008w\" sizes=\"(max-width: 768px) 100vw, 768px\" \/>\t\t\t\t\t\t\t\t\t\t\t\t\t<\/div>\n\t\t\t\t<\/div>\n\t\t\t\t\t<\/div>\n\t\t<\/div>\n\t\t\t\t\t<\/div>\n\t\t<\/section>\n\t\t\t\t<\/div>","protected":false},"excerpt":{"rendered":"<p>SSCSSP 12. Studentsk\u00e1 v\u011bdeck\u00e1 konference fyziky pevn\u00fdch l\u00e1tek a materi\u00e1l\u016f SSCSSPM-12 &#8211;&gt; \u00davod M\u00edsto a zp\u016fsob\u00a0 kon\u00e1n\u00ed &#8211; prezen\u010dn\u00ed \ud83d\ude42 Registrace Pokyny pro p\u0159edn\u00e1\u0161ej\u00edc\u00ed Program Sborn\u00edk Term\u00edn: 4. &#8211; 7. z\u00e1\u0159\u00ed 2023 Zp\u016fsob kon\u00e1n\u00ed &#8211; &#8222;prezen\u010dn\u00ed&#8220;: Konference se bude konat [&hellip;]<\/p>","protected":false},"author":11,"featured_media":0,"parent":0,"menu_order":0,"comment_status":"closed","ping_status":"closed","template":"elementor_header_footer","meta":{"footnotes":""},"folder":[55],"class_list":["post-5833","page","type-page","status-publish","hentry"],"_links":{"self":[{"href":"https:\/\/kiplweb.fjfi.cvut.cz\/web\/en\/wp-json\/wp\/v2\/pages\/5833","targetHints":{"allow":["GET"]}}],"collection":[{"href":"https:\/\/kiplweb.fjfi.cvut.cz\/web\/en\/wp-json\/wp\/v2\/pages"}],"about":[{"href":"https:\/\/kiplweb.fjfi.cvut.cz\/web\/en\/wp-json\/wp\/v2\/types\/page"}],"author":[{"embeddable":true,"href":"https:\/\/kiplweb.fjfi.cvut.cz\/web\/en\/wp-json\/wp\/v2\/users\/11"}],"replies":[{"embeddable":true,"href":"https:\/\/kiplweb.fjfi.cvut.cz\/web\/en\/wp-json\/wp\/v2\/comments?post=5833"}],"version-history":[{"count":39,"href":"https:\/\/kiplweb.fjfi.cvut.cz\/web\/en\/wp-json\/wp\/v2\/pages\/5833\/revisions"}],"predecessor-version":[{"id":6228,"href":"https:\/\/kiplweb.fjfi.cvut.cz\/web\/en\/wp-json\/wp\/v2\/pages\/5833\/revisions\/6228"}],"wp:attachment":[{"href":"https:\/\/kiplweb.fjfi.cvut.cz\/web\/en\/wp-json\/wp\/v2\/media?parent=5833"}],"wp:term":[{"taxonomy":"folder","embeddable":true,"href":"https:\/\/kiplweb.fjfi.cvut.cz\/web\/en\/wp-json\/wp\/v2\/folder?post=5833"}],"curies":[{"name":"wp","href":"https:\/\/api.w.org\/{rel}","templated":true}]}}