{"id":552,"date":"2021-01-21T16:49:02","date_gmt":"2021-01-21T15:49:02","guid":{"rendered":"https:\/\/kiplweb.fjfi.cvut.cz\/wordpress\/?page_id=552"},"modified":"2021-02-14T21:31:05","modified_gmt":"2021-02-14T20:31:05","slug":"zakladni-informace","status":"publish","type":"page","link":"https:\/\/kiplweb.fjfi.cvut.cz\/web\/en\/zakladni-informace\/","title":{"rendered":"Charakteristika katedry"},"content":{"rendered":"<div data-elementor-type=\"wp-page\" data-elementor-id=\"552\" class=\"elementor elementor-552\">\n\t\t\t\t\t\t<section class=\"elementor-section elementor-top-section elementor-element elementor-element-d442a7c elementor-section-boxed elementor-section-height-default elementor-section-height-default\" data-id=\"d442a7c\" data-element_type=\"section\">\n\t\t\t\t\t\t<div class=\"elementor-container elementor-column-gap-default\">\n\t\t\t\t\t<div class=\"elementor-column elementor-col-50 elementor-top-column elementor-element elementor-element-df67519\" data-id=\"df67519\" data-element_type=\"column\">\n\t\t\t<div class=\"elementor-widget-wrap elementor-element-populated\">\n\t\t\t\t\t\t<div class=\"elementor-element elementor-element-a4f90b5 elementor-widget elementor-widget-heading\" data-id=\"a4f90b5\" data-element_type=\"widget\" data-widget_type=\"heading.default\">\n\t\t\t\t<div class=\"elementor-widget-container\">\n\t\t\t<h4 class=\"elementor-heading-title elementor-size-default\"><big style=\"color: rgb(0, 0, 0); font-family: Verdana, Arial, Helvetica, sans-serif; font-weight: 400; text-align: center; white-space: normal;\"><big><strong>Introductory about the department<\/strong><\/big><\/big><\/h4>\t\t<\/div>\n\t\t\t\t<\/div>\n\t\t\t\t<div class=\"elementor-element elementor-element-9ad7fb5 elementor-widget elementor-widget-text-editor\" data-id=\"9ad7fb5\" data-element_type=\"widget\" data-widget_type=\"text-editor.default\">\n\t\t\t\t<div class=\"elementor-widget-container\">\n\t\t\t\t\t\t\t<p><img fetchpriority=\"high\" decoding=\"async\" class=\"alignnone size-full wp-image-441\" src=\"https:\/\/kiplweb.fjfi.cvut.cz\/wordpress\/wp-content\/uploads\/2021\/01\/university-1.jpg\" alt=\"\" width=\"1342\" height=\"536\" \/><\/p>\t\t\t\t\t\t<\/div>\n\t\t\t\t<\/div>\n\t\t\t\t\t<\/div>\n\t\t<\/div>\n\t\t\t\t<div class=\"elementor-column elementor-col-50 elementor-top-column elementor-element elementor-element-c7ce757\" data-id=\"c7ce757\" data-element_type=\"column\">\n\t\t\t<div class=\"elementor-widget-wrap elementor-element-populated\">\n\t\t\t\t\t\t<div class=\"elementor-element elementor-element-1a4ae07 elementor-widget elementor-widget-heading\" data-id=\"1a4ae07\" data-element_type=\"widget\" data-widget_type=\"heading.default\">\n\t\t\t\t<div class=\"elementor-widget-container\">\n\t\t\t<h6 class=\"elementor-heading-title elementor-size-default\"><br>Charakteristika katedry<\/h6>\t\t<\/div>\n\t\t\t\t<\/div>\n\t\t\t\t<div class=\"elementor-element elementor-element-2df18c4 elementor-widget-divider--view-line elementor-widget elementor-widget-divider\" data-id=\"2df18c4\" data-element_type=\"widget\" data-widget_type=\"divider.default\">\n\t\t\t\t<div class=\"elementor-widget-container\">\n\t\t\t\t\t<div class=\"elementor-divider\">\n\t\t\t<span class=\"elementor-divider-separator\">\n\t\t\t\t\t\t<\/span>\n\t\t<\/div>\n\t\t\t\t<\/div>\n\t\t\t\t<\/div>\n\t\t\t\t<div class=\"elementor-element elementor-element-fb572e5 elementor-widget elementor-widget-text-editor\" data-id=\"fb572e5\" data-element_type=\"widget\" data-widget_type=\"text-editor.default\">\n\t\t\t\t<div class=\"elementor-widget-container\">\n\t\t\t\t\t\t\t<ol><li><span style=\"color: #000000;\"><strong>\u2013&gt; Introductory<\/strong><\/span><\/li><li><span style=\"color: #336699;\"><strong style=\"color: #336699;\"><a style=\"color: #336699;\" href=\"https:\/\/kiplweb.fjfi.cvut.cz\/web\/en\/wordpress\/proc-my\/\" data-wplink-url-error=\"true\">Why to study with us<\/a><\/strong><\/span><\/li><li><a href=\"https:\/\/kiplweb.fjfi.cvut.cz\/web\/en\/wordpress\/studium-na-kipl\/\"><strong><span style=\"color: #336699;\">Studying at the department<\/span><\/strong><\/a><\/li><li><span style=\"color: #336699;\"><a style=\"font-weight: bold; color: #336699;\" title=\"\" href=\"https:\/\/kiplweb.fjfi.cvut.cz\/web\/en\/wordpress\/uplatneni\/\" data-wplink-url-error=\"true\">Application of graduates<\/a><\/span><\/li><li><a href=\"https:\/\/kiplweb.fjfi.cvut.cz\/web\/en\/wordpress\/historie\/\" data-wplink-url-error=\"true\"><span style=\"color: #336699;\"><strong>History<\/strong><\/span><\/a><\/li><li><span style=\"color: #336699;\"><strong><a style=\"color: #336699;\" href=\"https:\/\/kiplweb.fjfi.cvut.cz\/web\/en\/wordpress\/osobnosti\/\" data-wplink-url-error=\"true\">Important personalities<\/a><\/strong><\/span><\/li><\/ol>\t\t\t\t\t\t<\/div>\n\t\t\t\t<\/div>\n\t\t\t\t<div class=\"elementor-element elementor-element-9e03532 elementor-widget-divider--view-line elementor-widget elementor-widget-divider\" data-id=\"9e03532\" data-element_type=\"widget\" data-widget_type=\"divider.default\">\n\t\t\t\t<div class=\"elementor-widget-container\">\n\t\t\t\t\t<div class=\"elementor-divider\">\n\t\t\t<span class=\"elementor-divider-separator\">\n\t\t\t\t\t\t<\/span>\n\t\t<\/div>\n\t\t\t\t<\/div>\n\t\t\t\t<\/div>\n\t\t\t\t\t<\/div>\n\t\t<\/div>\n\t\t\t\t\t<\/div>\n\t\t<\/section>\n\t\t\t\t<section class=\"elementor-section elementor-top-section elementor-element elementor-element-8bc324c elementor-section-boxed elementor-section-height-default elementor-section-height-default\" data-id=\"8bc324c\" data-element_type=\"section\">\n\t\t\t\t\t\t<div class=\"elementor-container elementor-column-gap-default\">\n\t\t\t\t\t<div class=\"elementor-column elementor-col-100 elementor-top-column elementor-element elementor-element-2f5ed09\" data-id=\"2f5ed09\" data-element_type=\"column\">\n\t\t\t<div class=\"elementor-widget-wrap elementor-element-populated\">\n\t\t\t\t\t\t<div class=\"elementor-element elementor-element-1c661c9 elementor-widget-divider--view-line elementor-widget elementor-widget-divider\" data-id=\"1c661c9\" data-element_type=\"widget\" data-widget_type=\"divider.default\">\n\t\t\t\t<div class=\"elementor-widget-container\">\n\t\t\t\t\t<div class=\"elementor-divider\">\n\t\t\t<span class=\"elementor-divider-separator\">\n\t\t\t\t\t\t<\/span>\n\t\t<\/div>\n\t\t\t\t<\/div>\n\t\t\t\t<\/div>\n\t\t\t\t<section class=\"elementor-section elementor-inner-section elementor-element elementor-element-5b8817f elementor-section-full_width elementor-section-content-middle elementor-section-height-default elementor-section-height-default\" data-id=\"5b8817f\" data-element_type=\"section\">\n\t\t\t\t\t\t<div class=\"elementor-container elementor-column-gap-default\">\n\t\t\t\t\t<div class=\"elementor-column elementor-col-100 elementor-inner-column elementor-element elementor-element-d33b9b4\" data-id=\"d33b9b4\" data-element_type=\"column\">\n\t\t\t<div class=\"elementor-widget-wrap elementor-element-populated\">\n\t\t\t\t\t\t<div class=\"elementor-element elementor-element-e63d284 elementor-widget elementor-widget-text-editor\" data-id=\"e63d284\" data-element_type=\"widget\" data-widget_type=\"text-editor.default\">\n\t\t\t\t<div class=\"elementor-widget-container\">\n\t\t\t\t\t\t\t<p><span style=\"color: #008080;\"><strong>Department of Solid State Engineering<\/strong><\/span> (IPL) vychov\u00e1v\u00e1 specialisty v oboru in\u017eenrstv\u00ed pevn\u00fdch l\u00e1tek (IPL). Studium kombinuje teoretick\u00fd matematicko-fyzik\u00e1ln\u00ed z\u00e1klad s experiment\u00e1ln\u011b \u010di in\u017een\u00fdrsky zam\u011b\u0159en\u00fdmi p\u0159edm\u011bty. Matematick\u00e1 t\u00e9mata zahrnuj\u00ed p\u0159edev\u0161\u00edm metody matematick\u00e9 anal\u00fdzy, algebry, numerick\u00e9 matematiky a statistiky. Ve fyzik\u00e1ln\u00ed \u010d\u00e1sti studia se poslucha\u010di nejd\u0159\u00edve sezn\u00e1m\u00ed se z\u00e1kladn\u00edmi poznatky klasick\u00e9 fyziky, na kter\u00e9 pot\u00e9 navazuj\u00ed p\u0159edm\u011bty pod\u00e1vaj\u00edc\u00ed p\u0159ehled nejd\u016fle\u017eit\u011bj\u0161\u00edch poznatk\u016f modern\u00ed teoretick\u00e9 i experiment\u00e1ln\u00ed fyziky kondenzovan\u00fdch l\u00e1tek a dal\u0161\u00edch \u00fazce souvisej\u00edc\u00edch obor\u016f (aplikovan\u00e9 optiky, jadern\u00e9 fyziky, \u010di elektroniky).<\/p>\t\t\t\t\t\t<\/div>\n\t\t\t\t<\/div>\n\t\t\t\t<div class=\"elementor-element elementor-element-4dbf383 elementor-widget elementor-widget-shortcode\" data-id=\"4dbf383\" data-element_type=\"widget\" data-widget_type=\"shortcode.default\">\n\t\t\t\t<div class=\"elementor-widget-container\">\n\t\t\t\t\t<div class=\"elementor-shortcode\"><div style=\"display: none;\" class=\"crellyslider-slider crellyslider-slider-fixed crellyslider-slider-proc_studovat crellyslider-2\" id=\"crellyslider-2\">\n<ul>\n<li\nstyle=\"background-color: transparent;background-image: none;background-position: center center;background-repeat: no-repeat;background-size: cover;\"\ndata-in=\"fade\"\ndata-ease-in=\"600\"\ndata-out=\"fade\"\ndata-ease-out=\"600\"\ndata-time=\"4000\"\n>\n<div\nclass=\"\"\nstyle=\"z-index: 1;\"\ndata-delay=\"0\"\ndata-ease-in=\"300\"\ndata-ease-out=\"300\"\ndata-in=\"fade\"\ndata-out=\"fade\"\ndata-ignore-ease-out=\"0\"\ndata-top=\"69\"\ndata-left=\"17\"\ndata-time=\"all\"\n><div style=\"text-align: center; line-height: inherit;\"><span style=\"font-family: arial, helvetica, sans-serif; font-size: 36px;\">\"We know that two things are <br \/>certainly beatiful: <\/span><\/div>\n<div style=\"text-align: center; line-height: inherit;\"><span style=\"font-family: arial, helvetica, sans-serif; font-size: 36px;\">the beer and the science.\"<\/span><\/div><\/div>\n<\/li>\n<li\nstyle=\"background-color: transparent;background-image: none;background-position: center center;background-repeat: no-repeat;background-size: cover;\"\ndata-in=\"fade\"\ndata-ease-in=\"600\"\ndata-out=\"fade\"\ndata-ease-out=\"600\"\ndata-time=\"5000\"\n>\n<div\nclass=\"\"\nstyle=\"z-index: 1;\"\ndata-delay=\"0\"\ndata-ease-in=\"300\"\ndata-ease-out=\"300\"\ndata-in=\"fade\"\ndata-out=\"fade\"\ndata-ignore-ease-out=\"0\"\ndata-top=\"1\"\ndata-left=\"103\"\ndata-time=\"all\"\n><span style=\"font-size: 24px;\"><a href=\"https:\/\/journals.aps.org\/prb\/pdf\/10.1103\/PhysRevB.102.144402?casa_token=LNZyVGEf-WwAAAAA%3AWACV3pmyRV698rO2ITce1ke7VKlLl88CbZ3dcOQRcIqzErt86WEnnp7G5MtxX5P3XMYFw3FZDlZ8JZg\">[Magnetization of EuTiO3<\/a>]<\/span><\/div>\n<img\nclass=\"0\"\nsrc=\"\"\nalt=\"0\"\nstyle=\"z-index: 0;\"\ndata-delay=\"0\"\ndata-ease-in=\"0\"\ndata-ease-out=\"0\"\ndata-in=\"none\"\ndata-out=\"none\"\ndata-ignore-ease-out=\"1\"\ndata-top=\"0\"\ndata-left=\"1\"\ndata-time=\"fade\"\n\/>\n<img\nclass=\"\"\nsrc=\"https:\/\/kiplweb.fjfi.cvut.cz\/web\/wp-content\/uploads\/2021\/01\/Repcek_permitivita-1.png\"\nalt=\"\"\nstyle=\"z-index: 1;\"\ndata-delay=\"0\"\ndata-ease-in=\"300\"\ndata-ease-out=\"300\"\ndata-in=\"fade\"\ndata-out=\"fade\"\ndata-ignore-ease-out=\"0\"\ndata-top=\"38\"\ndata-left=\"75\"\ndata-time=\"all\"\n\/>\n<\/li>\n<li\nstyle=\"background-color: transparent;background-image: none;background-position: center center;background-repeat: no-repeat;background-size: cover;\"\ndata-in=\"fade\"\ndata-ease-in=\"600\"\ndata-out=\"fade\"\ndata-ease-out=\"600\"\ndata-time=\"5000\"\n>\n<div\nclass=\"\"\nstyle=\"z-index: 1;\"\ndata-delay=\"0\"\ndata-ease-in=\"300\"\ndata-ease-out=\"300\"\ndata-in=\"fade\"\ndata-out=\"fade\"\ndata-ignore-ease-out=\"0\"\ndata-top=\"1\"\ndata-left=\"133\"\ndata-time=\"all\"\n><a href=\"https:\/\/www.sciencedirect.com\/science\/article\/pii\/S0925838818307990?casa_token=d96kKyrMxHEAAAAA:6AZXZuXsiujbf8sFyT4nNTTpyuUcWsvMQPTtPkzq7EaCVdCZKGiUNw7Ts8XCsCxP1tL2PN1z1aA\"><span style=\"font-size: 24px;\">[Hardness of Ti(+N)]<\/span><\/a><\/div>\n<img\nclass=\"0\"\nsrc=\"\"\nalt=\"0\"\nstyle=\"z-index: 0;\"\ndata-delay=\"0\"\ndata-ease-in=\"0\"\ndata-ease-out=\"0\"\ndata-in=\"none\"\ndata-out=\"none\"\ndata-ignore-ease-out=\"1\"\ndata-top=\"0\"\ndata-left=\"1\"\ndata-time=\"fade\"\n\/>\n<img\nclass=\"\"\nsrc=\"https:\/\/kiplweb.fjfi.cvut.cz\/web\/wp-content\/uploads\/2021\/01\/Drahokoupil_1-1.png\"\nalt=\"\"\nstyle=\"z-index: 1;\"\ndata-delay=\"0\"\ndata-ease-in=\"300\"\ndata-ease-out=\"300\"\ndata-in=\"fade\"\ndata-out=\"fade\"\ndata-ignore-ease-out=\"0\"\ndata-top=\"38\"\ndata-left=\"75\"\ndata-time=\"all\"\n\/>\n<\/li>\n<li\nstyle=\"background-color: transparent;background-image: none;background-position: center center;background-repeat: no-repeat;background-size: cover;\"\ndata-in=\"fade\"\ndata-ease-in=\"600\"\ndata-out=\"fade\"\ndata-ease-out=\"600\"\ndata-time=\"5000\"\n>\n<div\nclass=\"\"\nstyle=\"z-index: 1;\"\ndata-delay=\"0\"\ndata-ease-in=\"300\"\ndata-ease-out=\"300\"\ndata-in=\"fade\"\ndata-out=\"fade\"\ndata-ignore-ease-out=\"0\"\ndata-top=\"0\"\ndata-left=\"147\"\ndata-time=\"all\"\n><a href=\"https:\/\/core.ac.uk\/download\/pdf\/268471105.pdf\"><span style=\"font-size: 24px;\">[Titanium alloys]<\/span><\/a><\/div>\n<img\nclass=\"0\"\nsrc=\"\"\nalt=\"0\"\nstyle=\"z-index: 0;\"\ndata-delay=\"0\"\ndata-ease-in=\"0\"\ndata-ease-out=\"0\"\ndata-in=\"none\"\ndata-out=\"none\"\ndata-ignore-ease-out=\"1\"\ndata-top=\"0\"\ndata-left=\"1\"\ndata-time=\"fade\"\n\/>\n<img\nclass=\"\"\nsrc=\"https:\/\/kiplweb.fjfi.cvut.cz\/web\/wp-content\/uploads\/2021\/01\/Vertat_1.png\"\nalt=\"\"\nstyle=\"z-index: 1;\"\ndata-delay=\"0\"\ndata-ease-in=\"300\"\ndata-ease-out=\"300\"\ndata-in=\"fade\"\ndata-out=\"fade\"\ndata-ignore-ease-out=\"0\"\ndata-top=\"38\"\ndata-left=\"75\"\ndata-time=\"all\"\n\/>\n<\/li>\n<li\nstyle=\"background-color: transparent;background-image: none;background-position: center center;background-repeat: no-repeat;background-size: cover;\"\ndata-in=\"fade\"\ndata-ease-in=\"600\"\ndata-out=\"fade\"\ndata-ease-out=\"600\"\ndata-time=\"5000\"\n>\n<div\nclass=\"\"\nstyle=\"z-index: 1;\"\ndata-delay=\"0\"\ndata-ease-in=\"300\"\ndata-ease-out=\"300\"\ndata-in=\"fade\"\ndata-out=\"fade\"\ndata-ignore-ease-out=\"0\"\ndata-top=\"0\"\ndata-left=\"198\"\ndata-time=\"all\"\n><span style=\"font-size: 24px;\">[SrTiO3]<\/span><\/div>\n<img\nclass=\"0\"\nsrc=\"\"\nalt=\"0\"\nstyle=\"z-index: 0;\"\ndata-delay=\"0\"\ndata-ease-in=\"0\"\ndata-ease-out=\"0\"\ndata-in=\"none\"\ndata-out=\"none\"\ndata-ignore-ease-out=\"1\"\ndata-top=\"0\"\ndata-left=\"1\"\ndata-time=\"fade\"\n\/>\n<img\nclass=\"\"\nsrc=\"https:\/\/kiplweb.fjfi.cvut.cz\/web\/wp-content\/uploads\/2021\/01\/srtiO.png\"\nalt=\"\"\nstyle=\"z-index: 1;\"\ndata-delay=\"0\"\ndata-ease-in=\"300\"\ndata-ease-out=\"300\"\ndata-in=\"fade\"\ndata-out=\"fade\"\ndata-ignore-ease-out=\"0\"\ndata-top=\"39\"\ndata-left=\"75\"\ndata-time=\"all\"\n\/>\n<\/li>\n<\/ul>\n<\/div>\n<script type=\"text\/javascript\">\n(function($) {\n$(document).ready(function() {\n$(\"#crellyslider-2\").crellySlider({\nlayout: 'fixed',\nresponsive: 1,\nstartWidth: 500,\nstartHeight: 300,\nautomaticSlide: 1,\nshowControls: 0,\nshowNavigation: 0,\nenableSwipe: 0,\nshowProgressBar: 0,\npauseOnHover: 1,\nrandomOrder: 0,\nstartFromSlide: 0,\nbeforeStart : function() {},\nbeforeSetResponsive : function() {},\nbeforeSlideStart : function() {},\nbeforePause\t: function() {},\nbeforeResume : function() {},\n});\n});\n})(jQuery);\n<\/script>\n\n<\/div>\n\t\t\t\t<\/div>\n\t\t\t\t<\/div>\n\t\t\t\t\t<\/div>\n\t\t<\/div>\n\t\t\t\t\t<\/div>\n\t\t<\/section>\n\t\t\t\t<div class=\"elementor-element elementor-element-b4f8a68 elementor-widget elementor-widget-text-editor\" data-id=\"b4f8a68\" data-element_type=\"widget\" data-widget_type=\"text-editor.default\">\n\t\t\t\t<div class=\"elementor-widget-container\">\n\t\t\t\t\t\t\t<p><span style=\"color: #008080;\"><strong>Bakal\u00e1\u0159sk\u00e9 studium<\/strong><\/span>\u00a0zam\u011b\u0159en\u00ed IPL poskytuje absolvent\u016fm z\u00e1kladn\u00ed kvalifikaci pro pr\u00e1ci ve v\u00fdzkumn\u00fdch, v\u00fdvojov\u00fdch a inova\u010dn\u00edch t\u00fdmech zab\u00fdvaj\u00edc\u00edch se strukturn\u00edmi, elektrick\u00fdmi, magnetick\u00fdmi a optick\u00fdmi vlastnostmi pevn\u00fdch l\u00e1tek a jejich experiment\u00e1ln\u00ed charakterizac\u00ed.<\/p><p>V pr\u016fb\u011bhu\u00a0<span style=\"color: #008080;\"><strong>magistersk\u00e9ho studia<\/strong><\/span>\u00a0zam\u011b\u0159en\u00ed IPL je tento z\u00e1klad prohlubov\u00e1n o poznatky kvantov\u00e9 teorie pevn\u00fdch l\u00e1tek a sou\u010dasn\u011b roz\u0161i\u0159ov\u00e1n o fyzik\u00e1ln\u00ed popis dal\u0161\u00ed jev\u016f a fyzik\u00e1ln\u00ed syst\u00e9m\u016f: supravodi\u010de a jejich teorii, fyziku n\u00edzk\u00fdch teplot, fyziku dielektrik a polovodi\u010d\u016f, fyziku povrch\u016f a tenk\u00fdch vrstev, z\u00e1klady popisu a anal\u00fdzy polymern\u00edch materi\u00e1l\u016f, biologick\u00fdch struktur \u010di smart materi\u00e1l\u016f. Pozornost je v\u011bnov\u00e1na tak\u00e9 in\u017een\u00fdrsk\u00fdm aplikac\u00edm, nap\u0159\u00edklad technologii a anal\u00fdze polovodi\u010d\u016f, v\u00fdvoji optick\u00fdch vl\u00e1knov\u00fdch senzor\u016f a speci\u00e1ln\u00edch fotonick\u00fdch materi\u00e1l\u016f, aplikac\u00edm dielektrick\u00fdch krystal\u016f, vyu\u017eit\u00ed speci\u00e1ln\u00edch difrak\u010dn\u00edch technik v oblasti testov\u00e1n\u00ed materi\u00e1l\u016f, konstrukci elektronick\u00fdch \u0159\u00edd\u00edc\u00edch syst\u00e9m\u016f, aplikaci po\u010d\u00edta\u010dov\u00fdch metod v oblasti zpracov\u00e1n\u00ed experiment\u00e1ln\u00edch dat, ve vyu\u017e\u00edv\u00e1n\u00ed datab\u00e1z\u00ed poskytuj\u00edc\u00edch informace o materi\u00e1lov\u00e9m v\u00fdzkumu, v oblasti \u0159\u00edzen\u00ed experiment\u016f \u010di v oboru matematick\u00e9ho modelov\u00e1n\u00ed struktur, vlastnost\u00ed, fyzik\u00e1ln\u00edch jev\u016f a technologick\u00fdch proces\u016f. Absolvent magistersk\u00e9ho studijn\u00edho programu IPL disponuje v\u0161emi p\u0159edpoklady pro uplatn\u011bn\u00ed v sou\u010dasn\u00e9m akademick\u00e9m i firemn\u00edm materi\u00e1lov\u00e9m v\u00fdzkumu a v\u00fdvoji, \u010di ve firm\u00e1ch zab\u00fdvaj\u00edc\u00edch se produkc\u00ed high-tech v\u00fdrobk\u016f s vysokou p\u0159idanou hodnotou.<\/p><div id=\"gtx-trans\" style=\"position: absolute; left: -21px; top: -10px;\"><div class=\"gtx-trans-icon\">\u00a0<\/div><\/div>\t\t\t\t\t\t<\/div>\n\t\t\t\t<\/div>\n\t\t\t\t\t<\/div>\n\t\t<\/div>\n\t\t\t\t\t<\/div>\n\t\t<\/section>\n\t\t\t\t<\/div>","protected":false},"excerpt":{"rendered":"<p>Z\u00e1kladn\u00ed informace o kated\u0159e Charakteristika katedry &#8211;&gt; Z\u00e1kladn\u00ed informace Pro\u010d u n\u00e1s studovat Studium na KIPL Uplatn\u011bn\u00ed absolvent\u016f Historie FPL V\u00fdznamn\u00e9 osobnosti Katedra in\u017een\u00fdrstv\u00ed pevn\u00fdch l\u00e1tek (IPL) vychov\u00e1v\u00e1 specialisty v oboru in\u017eenrstv\u00ed pevn\u00fdch l\u00e1tek (IPL). Studium kombinuje teoretick\u00fd matematicko-fyzik\u00e1ln\u00ed z\u00e1klad [&hellip;]<\/p>","protected":false},"author":2,"featured_media":441,"parent":0,"menu_order":0,"comment_status":"closed","ping_status":"closed","template":"elementor_header_footer","meta":{"footnotes":""},"folder":[11],"class_list":["post-552","page","type-page","status-publish","has-post-thumbnail","hentry"],"_links":{"self":[{"href":"https:\/\/kiplweb.fjfi.cvut.cz\/web\/en\/wp-json\/wp\/v2\/pages\/552","targetHints":{"allow":["GET"]}}],"collection":[{"href":"https:\/\/kiplweb.fjfi.cvut.cz\/web\/en\/wp-json\/wp\/v2\/pages"}],"about":[{"href":"https:\/\/kiplweb.fjfi.cvut.cz\/web\/en\/wp-json\/wp\/v2\/types\/page"}],"author":[{"embeddable":true,"href":"https:\/\/kiplweb.fjfi.cvut.cz\/web\/en\/wp-json\/wp\/v2\/users\/2"}],"replies":[{"embeddable":true,"href":"https:\/\/kiplweb.fjfi.cvut.cz\/web\/en\/wp-json\/wp\/v2\/comments?post=552"}],"version-history":[{"count":54,"href":"https:\/\/kiplweb.fjfi.cvut.cz\/web\/en\/wp-json\/wp\/v2\/pages\/552\/revisions"}],"predecessor-version":[{"id":3117,"href":"https:\/\/kiplweb.fjfi.cvut.cz\/web\/en\/wp-json\/wp\/v2\/pages\/552\/revisions\/3117"}],"wp:featuredmedia":[{"embeddable":true,"href":"https:\/\/kiplweb.fjfi.cvut.cz\/web\/en\/wp-json\/wp\/v2\/media\/441"}],"wp:attachment":[{"href":"https:\/\/kiplweb.fjfi.cvut.cz\/web\/en\/wp-json\/wp\/v2\/media?parent=552"}],"wp:term":[{"taxonomy":"folder","embeddable":true,"href":"https:\/\/kiplweb.fjfi.cvut.cz\/web\/en\/wp-json\/wp\/v2\/folder?post=552"}],"curies":[{"name":"wp","href":"https:\/\/api.w.org\/{rel}","templated":true}]}}