{"id":498,"date":"2021-01-21T15:42:46","date_gmt":"2021-01-21T14:42:46","guid":{"rendered":"https:\/\/kiplweb.fjfi.cvut.cz\/wordpress\/?page_id=498"},"modified":"2021-02-14T21:26:43","modified_gmt":"2021-02-14T20:26:43","slug":"uplatneni","status":"publish","type":"page","link":"https:\/\/kiplweb.fjfi.cvut.cz\/web\/en\/uplatneni\/","title":{"rendered":"Application"},"content":{"rendered":"<div data-elementor-type=\"wp-page\" data-elementor-id=\"498\" class=\"elementor elementor-498\">\n\t\t\t\t\t\t<section class=\"elementor-section elementor-top-section elementor-element elementor-element-84fd0ab elementor-section-boxed elementor-section-height-default elementor-section-height-default\" data-id=\"84fd0ab\" data-element_type=\"section\">\n\t\t\t\t\t\t<div class=\"elementor-container elementor-column-gap-default\">\n\t\t\t\t\t<div class=\"elementor-column elementor-col-50 elementor-top-column elementor-element elementor-element-ef77516\" data-id=\"ef77516\" data-element_type=\"column\">\n\t\t\t<div class=\"elementor-widget-wrap elementor-element-populated\">\n\t\t\t\t\t\t<div class=\"elementor-element elementor-element-7d06902 elementor-widget elementor-widget-heading\" data-id=\"7d06902\" data-element_type=\"widget\" data-widget_type=\"heading.default\">\n\t\t\t\t<div class=\"elementor-widget-container\">\n\t\t\t<h4 class=\"elementor-heading-title elementor-size-default\"><big style=\"color: rgb(0, 0, 0); font-family: Verdana, Arial, Helvetica, sans-serif; font-weight: 400; text-align: center; white-space: normal;\"><big><strong>Application of graduates<\/strong><\/big><\/big><\/h4>\t\t<\/div>\n\t\t\t\t<\/div>\n\t\t\t\t<div class=\"elementor-element elementor-element-18952d7 elementor-widget elementor-widget-image\" data-id=\"18952d7\" data-element_type=\"widget\" data-widget_type=\"image.default\">\n\t\t\t\t<div class=\"elementor-widget-container\">\n\t\t\t\t\t\t\t\t\t\t\t\t\t<img fetchpriority=\"high\" decoding=\"async\" width=\"1024\" height=\"409\" src=\"https:\/\/kiplweb.fjfi.cvut.cz\/web\/wp-content\/uploads\/2021\/01\/work.jpg\" class=\"attachment-large size-large wp-image-500\" alt=\"\" \/>\t\t\t\t\t\t\t\t\t\t\t\t\t<\/div>\n\t\t\t\t<\/div>\n\t\t\t\t\t<\/div>\n\t\t<\/div>\n\t\t\t\t<div class=\"elementor-column elementor-col-50 elementor-top-column elementor-element elementor-element-284fc0d\" data-id=\"284fc0d\" data-element_type=\"column\">\n\t\t\t<div class=\"elementor-widget-wrap elementor-element-populated\">\n\t\t\t\t\t\t<div class=\"elementor-element elementor-element-ff2807f elementor-widget elementor-widget-heading\" data-id=\"ff2807f\" data-element_type=\"widget\" data-widget_type=\"heading.default\">\n\t\t\t\t<div class=\"elementor-widget-container\">\n\t\t\t<h6 class=\"elementor-heading-title elementor-size-default\"><br>Charakteristika katedry<\/h6>\t\t<\/div>\n\t\t\t\t<\/div>\n\t\t\t\t<div class=\"elementor-element elementor-element-cb25cf2 elementor-widget-divider--view-line elementor-widget elementor-widget-divider\" data-id=\"cb25cf2\" data-element_type=\"widget\" data-widget_type=\"divider.default\">\n\t\t\t\t<div class=\"elementor-widget-container\">\n\t\t\t\t\t<div class=\"elementor-divider\">\n\t\t\t<span class=\"elementor-divider-separator\">\n\t\t\t\t\t\t<\/span>\n\t\t<\/div>\n\t\t\t\t<\/div>\n\t\t\t\t<\/div>\n\t\t\t\t<div class=\"elementor-element elementor-element-95a6f60 elementor-widget elementor-widget-text-editor\" data-id=\"95a6f60\" data-element_type=\"widget\" data-widget_type=\"text-editor.default\">\n\t\t\t\t<div class=\"elementor-widget-container\">\n\t\t\t\t\t\t\t<ol><li><span style=\"color: #336699;\"><a style=\"color: #336699;\" href=\"https:\/\/kiplweb.fjfi.cvut.cz\/web\/en\/wordpress\/zakladni-informace\/\" data-wplink-url-error=\"true\"><strong>Introductory<\/strong><\/a><\/span><\/li><li><span style=\"color: #336699;\"><a style=\"color: #336699;\" href=\"https:\/\/kiplweb.fjfi.cvut.cz\/web\/en\/wordpress\/proc-my\/\" data-wplink-url-error=\"true\"><strong>Why to study with us<\/strong><\/a><\/span><\/li><li><a href=\"https:\/\/kiplweb.fjfi.cvut.cz\/web\/en\/wordpress\/studium-na-kipl\/\"><strong><span style=\"color: #336699;\">Studying at the department<\/span><\/strong><\/a><\/li><li><strong>\u2013&gt; Application of graduates<\/strong><\/li><li><span style=\"color: #336699;\"><a style=\"color: #336699;\" href=\"https:\/\/kiplweb.fjfi.cvut.cz\/web\/en\/wordpress\/historie\/\"><strong>History<\/strong><\/a><\/span><\/li><li><span style=\"color: #336699;\"><strong><a style=\"color: #336699;\" href=\"https:\/\/kiplweb.fjfi.cvut.cz\/web\/en\/wordpress\/osobnosti\/\" data-wplink-url-error=\"true\">Important personalities<\/a><\/strong><\/span><\/li><\/ol>\t\t\t\t\t\t<\/div>\n\t\t\t\t<\/div>\n\t\t\t\t<div class=\"elementor-element elementor-element-8fd63d1 elementor-widget-divider--view-line elementor-widget elementor-widget-divider\" data-id=\"8fd63d1\" data-element_type=\"widget\" data-widget_type=\"divider.default\">\n\t\t\t\t<div class=\"elementor-widget-container\">\n\t\t\t\t\t<div class=\"elementor-divider\">\n\t\t\t<span class=\"elementor-divider-separator\">\n\t\t\t\t\t\t<\/span>\n\t\t<\/div>\n\t\t\t\t<\/div>\n\t\t\t\t<\/div>\n\t\t\t\t\t<\/div>\n\t\t<\/div>\n\t\t\t\t\t<\/div>\n\t\t<\/section>\n\t\t\t\t<section class=\"elementor-section elementor-top-section elementor-element elementor-element-62e055e elementor-section-boxed elementor-section-height-default elementor-section-height-default\" data-id=\"62e055e\" data-element_type=\"section\">\n\t\t\t\t\t\t<div class=\"elementor-container elementor-column-gap-default\">\n\t\t\t\t\t<div class=\"elementor-column elementor-col-100 elementor-top-column elementor-element elementor-element-683f6ae\" data-id=\"683f6ae\" data-element_type=\"column\">\n\t\t\t<div class=\"elementor-widget-wrap elementor-element-populated\">\n\t\t\t\t\t\t<div class=\"elementor-element elementor-element-894a868 elementor-widget-divider--view-line elementor-widget elementor-widget-divider\" data-id=\"894a868\" data-element_type=\"widget\" data-widget_type=\"divider.default\">\n\t\t\t\t<div class=\"elementor-widget-container\">\n\t\t\t\t\t<div class=\"elementor-divider\">\n\t\t\t<span class=\"elementor-divider-separator\">\n\t\t\t\t\t\t<\/span>\n\t\t<\/div>\n\t\t\t\t<\/div>\n\t\t\t\t<\/div>\n\t\t\t\t<div class=\"elementor-element elementor-element-627313b elementor-widget elementor-widget-text-editor\" data-id=\"627313b\" data-element_type=\"widget\" data-widget_type=\"text-editor.default\">\n\t\t\t\t<div class=\"elementor-widget-container\">\n\t\t\t\t\t\t\t<p>Kol\u00e1\u010dov\u00fd graf uveden\u00fd n\u00ed\u017ee zn\u00e1zor\u0148uje uplatn\u011bn\u00ed absolvent\u016f IPL z let 1999 &#8211; 2012. V\u00edce ne\u017e 34 % absolvent\u016f na\u0161lo sv\u00e9 uplatn\u011bn\u00ed v akademick\u00e9 sf\u00e9\u0159e, z toho p\u0159ibli\u017en\u011b 26% ve v\u00fdzkumn\u00fdch \u00fastavech AV \u010cR a na odborn\u00fdch katedr\u00e1ch r\u016fzn\u00fdch vysok\u00fdch \u0161kol a asi 8% v zahrani\u010dn\u00edch v\u011bdecko &#8211; v\u00fdzkumn\u00fdch instituc\u00edch (nap\u0159\u00edklad v Institut f\u00fcr Photonische Technologien v Jen\u011b).<br \/>V\u00edce ne\u017e 22% absolvent\u016f pracuje v tzv. \u201eResearch &amp; Development\u201c oblasti. Jedn\u00e1 se pr\u00e1ci ve v\u00fdzkumn\u00fdch odd\u011blen\u00edch tuzemsk\u00fdch a zahrani\u010dn\u00edch podnik\u016f. P\u0159ibli\u017en\u011b 13% absolvent\u016f pracuje v tuzemsk\u00e9 a mezin\u00e1rodn\u00ed obchodn\u00ed sf\u00e9\u0159e.<\/p>\t\t\t\t\t\t<\/div>\n\t\t\t\t<\/div>\n\t\t\t\t<div class=\"elementor-element elementor-element-fdd6606 elementor-widget elementor-widget-image\" data-id=\"fdd6606\" data-element_type=\"widget\" data-widget_type=\"image.default\">\n\t\t\t\t<div class=\"elementor-widget-container\">\n\t\t\t\t\t\t\t\t\t\t\t\t\t<img decoding=\"async\" width=\"1024\" height=\"750\" src=\"https:\/\/kiplweb.fjfi.cvut.cz\/web\/wp-content\/uploads\/2021\/01\/Uplatneni.png\" class=\"attachment-large size-large wp-image-372\" alt=\"\" \/>\t\t\t\t\t\t\t\t\t\t\t\t\t<\/div>\n\t\t\t\t<\/div>\n\t\t\t\t\t<\/div>\n\t\t<\/div>\n\t\t\t\t\t<\/div>\n\t\t<\/section>\n\t\t\t\t<\/div>","protected":false},"excerpt":{"rendered":"<p>Uplatn\u011bn\u00ed absolvent\u016f Charakteristika katedry Z\u00e1kladn\u00ed informace Pro\u010d u n\u00e1s studovat Studium na KIPL &#8211;&gt; Uplatn\u011bn\u00ed absolvent\u016f Historie FPL V\u00fdznamn\u00e9 osobnosti Kol\u00e1\u010dov\u00fd graf uveden\u00fd n\u00ed\u017ee zn\u00e1zor\u0148uje uplatn\u011bn\u00ed absolvent\u016f IPL z let 1999 &#8211; 2012. V\u00edce ne\u017e 34 % absolvent\u016f na\u0161lo sv\u00e9 [&hellip;]<\/p>","protected":false},"author":2,"featured_media":500,"parent":0,"menu_order":0,"comment_status":"closed","ping_status":"closed","template":"elementor_header_footer","meta":{"footnotes":""},"folder":[11],"class_list":["post-498","page","type-page","status-publish","has-post-thumbnail","hentry"],"_links":{"self":[{"href":"https:\/\/kiplweb.fjfi.cvut.cz\/web\/en\/wp-json\/wp\/v2\/pages\/498","targetHints":{"allow":["GET"]}}],"collection":[{"href":"https:\/\/kiplweb.fjfi.cvut.cz\/web\/en\/wp-json\/wp\/v2\/pages"}],"about":[{"href":"https:\/\/kiplweb.fjfi.cvut.cz\/web\/en\/wp-json\/wp\/v2\/types\/page"}],"author":[{"embeddable":true,"href":"https:\/\/kiplweb.fjfi.cvut.cz\/web\/en\/wp-json\/wp\/v2\/users\/2"}],"replies":[{"embeddable":true,"href":"https:\/\/kiplweb.fjfi.cvut.cz\/web\/en\/wp-json\/wp\/v2\/comments?post=498"}],"version-history":[{"count":26,"href":"https:\/\/kiplweb.fjfi.cvut.cz\/web\/en\/wp-json\/wp\/v2\/pages\/498\/revisions"}],"predecessor-version":[{"id":3099,"href":"https:\/\/kiplweb.fjfi.cvut.cz\/web\/en\/wp-json\/wp\/v2\/pages\/498\/revisions\/3099"}],"wp:featuredmedia":[{"embeddable":true,"href":"https:\/\/kiplweb.fjfi.cvut.cz\/web\/en\/wp-json\/wp\/v2\/media\/500"}],"wp:attachment":[{"href":"https:\/\/kiplweb.fjfi.cvut.cz\/web\/en\/wp-json\/wp\/v2\/media?parent=498"}],"wp:term":[{"taxonomy":"folder","embeddable":true,"href":"https:\/\/kiplweb.fjfi.cvut.cz\/web\/en\/wp-json\/wp\/v2\/folder?post=498"}],"curies":[{"name":"wp","href":"https:\/\/api.w.org\/{rel}","templated":true}]}}