{"id":3787,"date":"2021-03-25T14:57:06","date_gmt":"2021-03-25T13:57:06","guid":{"rendered":"https:\/\/kiplweb.fjfi.cvut.cz\/wordpress\/?page_id=3787"},"modified":"2023-08-01T12:37:43","modified_gmt":"2023-08-01T10:37:43","slug":"sscsspm-10-uvod","status":"publish","type":"page","link":"https:\/\/kiplweb.fjfi.cvut.cz\/web\/en\/sscsspm-10-uvod\/","title":{"rendered":"SSCSSPM-10 \u00davod"},"content":{"rendered":"<div data-elementor-type=\"wp-page\" data-elementor-id=\"3787\" class=\"elementor elementor-3787\">\n\t\t\t\t\t\t<section class=\"elementor-section elementor-top-section elementor-element elementor-element-d442a7c elementor-section-boxed elementor-section-height-default elementor-section-height-default\" data-id=\"d442a7c\" data-element_type=\"section\">\n\t\t\t\t\t\t<div class=\"elementor-container elementor-column-gap-default\">\n\t\t\t\t\t<div class=\"elementor-column elementor-col-50 elementor-top-column elementor-element elementor-element-df67519\" data-id=\"df67519\" data-element_type=\"column\">\n\t\t\t<div class=\"elementor-widget-wrap elementor-element-populated\">\n\t\t\t\t\t\t<div class=\"elementor-element elementor-element-4250db3 elementor-align-justify elementor-widget__width-inherit elementor-widget elementor-widget-button\" data-id=\"4250db3\" data-element_type=\"widget\" data-widget_type=\"button.default\">\n\t\t\t\t<div class=\"elementor-widget-container\">\n\t\t\t\t\t<div class=\"elementor-button-wrapper\">\n\t\t\t<a class=\"elementor-button elementor-button-link elementor-size-xs\" href=\"https:\/\/kiplweb.fjfi.cvut.cz\/web\/en\/wordpress\/sscssp\/\">\n\t\t\t\t\t\t<span class=\"elementor-button-content-wrapper\">\n\t\t\t\t\t\t\t\t\t<span class=\"elementor-button-text\">SSCSSP<\/span>\n\t\t\t\t\t<\/span>\n\t\t\t\t\t<\/a>\n\t\t<\/div>\n\t\t\t\t<\/div>\n\t\t\t\t<\/div>\n\t\t\t\t<div class=\"elementor-element elementor-element-843c8f4 elementor-widget elementor-widget-heading\" data-id=\"843c8f4\" data-element_type=\"widget\" data-widget_type=\"heading.default\">\n\t\t\t\t<div class=\"elementor-widget-container\">\n\t\t\t<h2 class=\"elementor-heading-title elementor-size-default\">10. Studentsk\u00e1 v\u011bdeck\u00e1 konference fyziky pevn\u00fdch l\u00e1tek a materi\u00e1l\u016f - SSCSSMP-10 (2021)<\/h2>\t\t<\/div>\n\t\t\t\t<\/div>\n\t\t\t\t\t<\/div>\n\t\t<\/div>\n\t\t\t\t<div class=\"elementor-column elementor-col-50 elementor-top-column elementor-element elementor-element-c7ce757\" data-id=\"c7ce757\" data-element_type=\"column\">\n\t\t\t<div class=\"elementor-widget-wrap elementor-element-populated\">\n\t\t\t\t\t\t<div class=\"elementor-element elementor-element-23e1888 elementor-widget elementor-widget-heading\" data-id=\"23e1888\" data-element_type=\"widget\" data-widget_type=\"heading.default\">\n\t\t\t\t<div class=\"elementor-widget-container\">\n\t\t\t<h6 class=\"elementor-heading-title elementor-size-default\"><br>SSCSSPM-10<\/h6>\t\t<\/div>\n\t\t\t\t<\/div>\n\t\t\t\t<div class=\"elementor-element elementor-element-9e03532 elementor-widget-divider--view-line elementor-widget elementor-widget-divider\" data-id=\"9e03532\" data-element_type=\"widget\" data-widget_type=\"divider.default\">\n\t\t\t\t<div class=\"elementor-widget-container\">\n\t\t\t\t\t<div class=\"elementor-divider\">\n\t\t\t<span class=\"elementor-divider-separator\">\n\t\t\t\t\t\t<\/span>\n\t\t<\/div>\n\t\t\t\t<\/div>\n\t\t\t\t<\/div>\n\t\t\t\t<div class=\"elementor-element elementor-element-fb572e5 elementor-widget elementor-widget-text-editor\" data-id=\"fb572e5\" data-element_type=\"widget\" data-widget_type=\"text-editor.default\">\n\t\t\t\t<div class=\"elementor-widget-container\">\n\t\t\t\t\t\t\t<ol><li><span style=\"color: #000000;\"><b>&#8211;&gt; \u00davod<\/b><\/span><\/li><li><span style=\"color: #000000;\"><strong>M\u00edsto a zp\u016fsob kon\u00e1n\u00ed &#8211; hybridn\u00ed<\/strong><\/span><span style=\"color: #336699;\"><span style=\"color: #000000;\"><strong> \ud83d\ude42<br \/><\/strong><\/span><\/span><\/li><li><span style=\"color: #336699;\"><a style=\"font-weight: bold; color: #336699;\" title=\"\" href=\"https:\/\/kipl-indico.fjfi.cvut.cz\/event\/9\/\">Registrace<\/a><\/span><\/li><li><span style=\"color: #336699;\"><a style=\"font-weight: bold; color: #336699;\" title=\"\" href=\"https:\/\/kiplweb.fjfi.cvut.cz\/web\/en\/sscsspm-10-pokyny-pro-prednasejici\/\">Pokyny pro p\u0159edn\u00e1\u0161ej\u00ed<\/a><\/span><\/li><li><a href=\"https:\/\/kipl-indico.fjfi.cvut.cz\/event\/9\/timetable\/\"><strong style=\"color: #336699;\">Harmonogram<\/strong><\/a><\/li><li><a href=\"https:\/\/kiplweb.fjfi.cvut.cz\/web\/en\/files\/SSCSSPM10-2021-sbornik.pdf\/\"><strong style=\"color: #336699;\">Sborn\u00edk<\/strong><\/a><\/li><li><span style=\"color: #000000;\"><strong>Program<\/strong><\/span><\/li><\/ol>\t\t\t\t\t\t<\/div>\n\t\t\t\t<\/div>\n\t\t\t\t\t<\/div>\n\t\t<\/div>\n\t\t\t\t\t<\/div>\n\t\t<\/section>\n\t\t\t\t<section class=\"elementor-section elementor-top-section elementor-element elementor-element-8bc324c elementor-section-boxed elementor-section-height-default elementor-section-height-default\" data-id=\"8bc324c\" data-element_type=\"section\">\n\t\t\t\t\t\t<div class=\"elementor-container elementor-column-gap-default\">\n\t\t\t\t\t<div class=\"elementor-column elementor-col-100 elementor-top-column elementor-element elementor-element-2f5ed09\" data-id=\"2f5ed09\" data-element_type=\"column\">\n\t\t\t<div class=\"elementor-widget-wrap elementor-element-populated\">\n\t\t\t\t\t\t<div class=\"elementor-element elementor-element-1c661c9 elementor-widget-divider--view-line elementor-widget elementor-widget-divider\" data-id=\"1c661c9\" data-element_type=\"widget\" data-widget_type=\"divider.default\">\n\t\t\t\t<div class=\"elementor-widget-container\">\n\t\t\t\t\t<div class=\"elementor-divider\">\n\t\t\t<span class=\"elementor-divider-separator\">\n\t\t\t\t\t\t<\/span>\n\t\t<\/div>\n\t\t\t\t<\/div>\n\t\t\t\t<\/div>\n\t\t\t\t<div class=\"elementor-element elementor-element-b4f8a68 elementor-widget elementor-widget-text-editor\" data-id=\"b4f8a68\" data-element_type=\"widget\" data-widget_type=\"text-editor.default\">\n\t\t\t\t<div class=\"elementor-widget-container\">\n\t\t\t\t\t\t\t<h2>Term\u00edn:<\/h2><h4><span style=\"color: #0000ff;\"><strong>22. &#8211; 25. \u010dervna 2021<\/strong><\/span><\/h4><h3>Zp\u016fsob kon\u00e1n\u00ed &#8211; &#8222;hybridn\u00ed&#8220;:<\/h3><p>Vzhledem ke zlep\u0161en\u00ed epidemiologick\u00e9 situace se Organiza\u010dn\u00ed v\u00fdbor rozhodl <b>zm\u011bnit p\u016fvodn\u011b pl\u00e1novanou on-line formu konference na formu &#8222;hybridn\u00ed&#8220;<\/b> &#8211; prezen\u010dn\u00ed \u00fa\u010dast bude mo\u017en\u00e1 v prostor\u00e1ch budovy FJFI v Trojanov\u011b ulici (volba konferen\u010dn\u00edho s\u00e1lu bude up\u0159esn\u011bna), sou\u010dasn\u011b bude t\u00e9\u017e mo\u017en\u00e1 on-line \u00fa\u010dast s vyu\u017eit\u00edm MS Teams.<\/p><h3><b>T\u00e9mata:<\/b><\/h3><p>Konference je z velk\u00e9 \u010d\u00e1sti p\u0159ehl\u00eddkou studentsk\u00fdch prac\u00ed konan\u00fdch na katedr\u00e1ch in\u017een\u00fdrstv\u00ed pevn\u00fdch l\u00e1tek, materi\u00e1l\u016f a fyzik\u00e1ln\u00ed elektroniky. Konkr\u00e9tn\u011b se jedn\u00e1 o strukturn\u00ed anal\u00fdzu, fyziku biomater\u00e1l\u016f, polymer\u016f, termoelektrik, kovov\u00fdch slitin, funk\u010dn\u00edch materi\u00e1l\u016f, multiferroik a nanoplasmonika studovan\u00e1 \u0159adou experiment\u00e1ln\u00edch a teoretick\u00fdch metod zam\u011b\u0159en\u00fdch na morfologii, mechanick\u00e9, optick\u00e9, elektrick\u00e9 a magnetick\u00e9 vlastnosti.<\/p><p>C\u00edlem konference je poskytnout student\u016fm mo\u017enost prezentovat sv\u00e9 p\u0159\u00edsp\u011bvky v \u0161ir\u0161\u00edm, otev\u0159en\u00e9m f\u00f3ru, d\u00e1le rozv\u00edjet schopnosti odborn\u00e9 komunikace, roz\u0161\u00ed\u0159it odborn\u00fd rozhled o t\u00e9mata prezentovan\u00e1 ostatn\u00edmi \u00fa\u010dastn\u00edky konference, t\u0159\u00edbit sv\u00e9 n\u00e1zory v neform\u00e1ln\u00edch diskuz\u00edch a nav\u00e1zat \u0159adu nov\u00fdch profesion\u00e1ln\u00edch vztah\u016f.<br \/>Studentsk\u00e9 p\u0159\u00edsp\u011bvky jsou jako ka\u017ed\u00fd rok publikov\u00e1ny ve sborn\u00edku konference.<\/p><h2>D\u016fle\u017eit\u00e1 data:<\/h2><p><span style=\"color: #ff0000;\"><u><b>Aktualizovan\u00e1<\/b> <b>Deadline<\/b><\/u> <\/span>pro registraci do syst\u00e9mu:<span style=\"color: #ff0000;\"><b> 14<\/b><\/span><span style=\"color: red;\"><b>.6. 2021<\/b><\/span><br \/><u><span style=\"color: #ff0000;\"><b>Aktualizovan\u00e1<\/b> <b>Deadline<\/b><\/span><\/u> pro odesl\u00e1n\u00ed abstraktu: <span style=\"color: red;\"><b>18.6. 2021<\/b><\/span><br \/>Deadline pro odevzd\u00e1n\u00ed roz\u0161\u00ed\u0159en\u00e9ho abstraktu do Sborn\u00edku: <span style=\"color: red;\"><b>1.7. 2021<\/b><\/span><\/p><h3>Registrace<\/h3><div>Registrace je ji\u017e spu\u0161t\u011bna, registrovat se m\u016f\u017eete zde: <a href=\"https:\/\/kipl-indico.fjfi.cvut.cz\/event\/9\/\" target=\"_blank\" rel=\"noopener\">https:\/\/kipl-indico.fjfi.cvut.cz\/event\/9\/<\/a><\/div><h3>Organiza\u010dn\u00ed t\u00fdm:<\/h3><p><b><a href=\"https:\/\/kiplweb.fjfi.cvut.cz\/web\/en\/wordpress\/kalvoda\/\">doc. Ing. Ladislav Kalvoda, CSc.<\/a>, p\u0159edseda organiza\u010dn\u00edho v\u00fdboru<a href=\"https:\/\/kiplweb.fjfi.cvut.cz\/web\/en\/wordpress\/sedlak-2\/\"><br \/><\/a>Ing. Monika Ku\u010der\u00e1kov\u00e1, Ph.D.<a href=\"https:\/\/kiplweb.fjfi.cvut.cz\/web\/en\/wordpress\/sedlak-2\/\"><br \/>Ing. Petr Sedl\u00e1k, Ph.D.<\/a><br \/><a href=\"https:\/\/kiplweb.fjfi.cvut.cz\/web\/en\/wordpress\/drab\/\">Ing. Martin Dr\u00e1b, Ph.D.<\/a><br \/><a href=\"https:\/\/kiplweb.fjfi.cvut.cz\/web\/en\/wordpress\/kolenko\/\">doc. Ing. Petr Kolenko, Ph.D.<\/a><br \/><a href=\"https:\/\/kiplweb.fjfi.cvut.cz\/web\/en\/wordpress\/skocdopole\/\">Ing. Jakub Sko\u010ddopole<\/a><\/b><\/p>\t\t\t\t\t\t<\/div>\n\t\t\t\t<\/div>\n\t\t\t\t\t<\/div>\n\t\t<\/div>\n\t\t\t\t\t<\/div>\n\t\t<\/section>\n\t\t\t\t<\/div>","protected":false},"excerpt":{"rendered":"<p>SSCSSP 10. Studentsk\u00e1 v\u011bdeck\u00e1 konference fyziky pevn\u00fdch l\u00e1tek a materi\u00e1l\u016f &#8211; SSCSSMP-10 (2021) SSCSSPM-10 &#8211;&gt; \u00davod M\u00edsto a zp\u016fsob kon\u00e1n\u00ed &#8211; hybridn\u00ed \ud83d\ude42 Registrace Pokyny pro p\u0159edn\u00e1\u0161ej\u00ed Harmonogram Sborn\u00edk Program Term\u00edn: 22. &#8211; 25. \u010dervna 2021 Zp\u016fsob kon\u00e1n\u00ed &#8211; &#8222;hybridn\u00ed&#8220;: [&hellip;]<\/p>","protected":false},"author":6,"featured_media":0,"parent":0,"menu_order":0,"comment_status":"closed","ping_status":"closed","template":"elementor_header_footer","meta":{"footnotes":""},"folder":[47],"class_list":["post-3787","page","type-page","status-publish","hentry"],"_links":{"self":[{"href":"https:\/\/kiplweb.fjfi.cvut.cz\/web\/en\/wp-json\/wp\/v2\/pages\/3787","targetHints":{"allow":["GET"]}}],"collection":[{"href":"https:\/\/kiplweb.fjfi.cvut.cz\/web\/en\/wp-json\/wp\/v2\/pages"}],"about":[{"href":"https:\/\/kiplweb.fjfi.cvut.cz\/web\/en\/wp-json\/wp\/v2\/types\/page"}],"author":[{"embeddable":true,"href":"https:\/\/kiplweb.fjfi.cvut.cz\/web\/en\/wp-json\/wp\/v2\/users\/6"}],"replies":[{"embeddable":true,"href":"https:\/\/kiplweb.fjfi.cvut.cz\/web\/en\/wp-json\/wp\/v2\/comments?post=3787"}],"version-history":[{"count":68,"href":"https:\/\/kiplweb.fjfi.cvut.cz\/web\/en\/wp-json\/wp\/v2\/pages\/3787\/revisions"}],"predecessor-version":[{"id":5976,"href":"https:\/\/kiplweb.fjfi.cvut.cz\/web\/en\/wp-json\/wp\/v2\/pages\/3787\/revisions\/5976"}],"wp:attachment":[{"href":"https:\/\/kiplweb.fjfi.cvut.cz\/web\/en\/wp-json\/wp\/v2\/media?parent=3787"}],"wp:term":[{"taxonomy":"folder","embeddable":true,"href":"https:\/\/kiplweb.fjfi.cvut.cz\/web\/en\/wp-json\/wp\/v2\/folder?post=3787"}],"curies":[{"name":"wp","href":"https:\/\/api.w.org\/{rel}","templated":true}]}}