{"id":351,"date":"2021-01-21T12:07:13","date_gmt":"2021-01-21T11:07:13","guid":{"rendered":"https:\/\/kiplweb.fjfi.cvut.cz\/wordpress\/?page_id=351"},"modified":"2026-04-22T23:23:09","modified_gmt":"2026-04-22T21:23:09","slug":"fotonika","status":"publish","type":"page","link":"https:\/\/kiplweb.fjfi.cvut.cz\/web\/en\/fotonika\/","title":{"rendered":"Pracovi\u0161t\u011b fotoniky"},"content":{"rendered":"<div data-elementor-type=\"wp-page\" data-elementor-id=\"351\" class=\"elementor elementor-351\">\n\t\t\t\t\t\t<section class=\"elementor-section elementor-top-section elementor-element elementor-element-d442a7c elementor-section-boxed elementor-section-height-default elementor-section-height-default\" data-id=\"d442a7c\" data-element_type=\"section\">\n\t\t\t\t\t\t<div class=\"elementor-container elementor-column-gap-default\">\n\t\t\t\t\t<div class=\"elementor-column elementor-col-50 elementor-top-column elementor-element elementor-element-df67519\" data-id=\"df67519\" data-element_type=\"column\">\n\t\t\t<div class=\"elementor-widget-wrap elementor-element-populated\">\n\t\t\t\t\t\t<div class=\"elementor-element elementor-element-a4f90b5 elementor-widget elementor-widget-heading\" data-id=\"a4f90b5\" data-element_type=\"widget\" data-widget_type=\"heading.default\">\n\t\t\t\t<div class=\"elementor-widget-container\">\n\t\t\t<h4 class=\"elementor-heading-title elementor-size-default\"><big style=\"color: rgb(0, 0, 0); font-family: Verdana, Arial, Helvetica, sans-serif; font-weight: 400; text-align: center; white-space: normal;\"><big><strong>Applied photonics and quantum technologies <\/strong><\/big><\/big><\/h4>\t\t<\/div>\n\t\t\t\t<\/div>\n\t\t\t\t<div class=\"elementor-element elementor-element-91d02ae elementor-widget elementor-widget-text-editor\" data-id=\"91d02ae\" data-element_type=\"widget\" data-widget_type=\"text-editor.default\">\n\t\t\t\t<div class=\"elementor-widget-container\">\n\t\t\t\t\t\t\t<p><strong>Head of Laboratory: <a href=\"https:\/\/kiplweb.fjfi.cvut.cz\/web\/en\/wordpress\/kalvoda\/\">Ladislav Kalvoda<\/a><br \/>Staff:<\/strong> <a href=\"https:\/\/kiplweb.fjfi.cvut.cz\/web\/en\/wordpress\/skocdopole\/\">Jakub Sko\u010ddopole<\/a>, <a href=\"https:\/\/kiplweb.fjfi.cvut.cz\/web\/en\/wordpress\/aubrecht\/\">Jan Aubrecht<\/a>, Petr Levinsk\u00fd, Jaroslav Hamrle <br \/><strong>PhD students:<\/strong> Alena Kobrlov\u00e1, Jaroslava Jakoubkov\u00e1, Michal J\u016fza, Martin Kol\u00e1\u0159, Petr Slav\u00ed\u010dek, J\u00e1chym Lis<\/p><p><strong>Students:<\/strong> Jan Kou\u0159il<\/p><ul><li><span style=\"color: #000000;\"><strong>Fields of research<br \/><\/strong><\/span><\/li><li><span style=\"color: #000000;\"><strong>Experimental equippment<br \/><\/strong><\/span><\/li><li><span style=\"color: #000000;\"><strong>Projects<\/strong><\/span><\/li><\/ul>\t\t\t\t\t\t<\/div>\n\t\t\t\t<\/div>\n\t\t\t\t\t<\/div>\n\t\t<\/div>\n\t\t\t\t<div class=\"elementor-column elementor-col-50 elementor-top-column elementor-element elementor-element-c7ce757\" data-id=\"c7ce757\" data-element_type=\"column\">\n\t\t\t<div class=\"elementor-widget-wrap elementor-element-populated\">\n\t\t\t\t\t\t<div class=\"elementor-element elementor-element-23e1888 elementor-widget elementor-widget-heading\" data-id=\"23e1888\" data-element_type=\"widget\" data-widget_type=\"heading.default\">\n\t\t\t\t<div class=\"elementor-widget-container\">\n\t\t\t<h6 class=\"elementor-heading-title elementor-size-default\"><a href=\"https:\/\/kiplweb.fjfi.cvut.cz\/web\/en\/wordpress\/pracoviste\/\"><br>Laboratories<\/a><\/h6>\t\t<\/div>\n\t\t\t\t<\/div>\n\t\t\t\t<div class=\"elementor-element elementor-element-f1a7522 elementor-widget-divider--view-line elementor-widget elementor-widget-divider\" data-id=\"f1a7522\" data-element_type=\"widget\" data-widget_type=\"divider.default\">\n\t\t\t\t<div class=\"elementor-widget-container\">\n\t\t\t\t\t<div class=\"elementor-divider\">\n\t\t\t<span class=\"elementor-divider-separator\">\n\t\t\t\t\t\t<\/span>\n\t\t<\/div>\n\t\t\t\t<\/div>\n\t\t\t\t<\/div>\n\t\t\t\t<div class=\"elementor-element elementor-element-fb572e5 elementor-widget elementor-widget-text-editor\" data-id=\"fb572e5\" data-element_type=\"widget\" data-widget_type=\"text-editor.default\">\n\t\t\t\t<div class=\"elementor-widget-container\">\n\t\t\t\t\t\t\t<ol>\n \t<li><span style=\"color: #000000;\"><strong>\u2013&gt; Applied photonics and quantum technologies<\/strong><\/span><\/li>\n \t<li><span style=\"color: #336699;\"><a style=\"color: #336699;\" href=\"https:\/\/kiplweb.fjfi.cvut.cz\/web\/en\/wordpress\/modelovani\/\"><strong>Material modeling<\/strong><\/a><\/span><\/li>\n \t<li><span style=\"color: #336699;\"><a style=\"font-weight: bold; color: #336699;\" title=\"\" href=\"https:\/\/kiplweb.fjfi.cvut.cz\/web\/en\/wordpress\/neutron\/\">Neutron diffraction<\/a><\/span><\/li>\n \t<li><a href=\"https:\/\/kiplweb.fjfi.cvut.cz\/web\/en\/wordpress\/spektroskopie\/\"><span style=\"color: #336699;\"><strong>Optical spectroscopy<\/strong><\/span><\/a><\/li>\n \t<li><span style=\"color: #336699;\"><strong><a style=\"color: #336699;\" href=\"https:\/\/kiplweb.fjfi.cvut.cz\/web\/en\/wordpress\/rizeni-experiment\/\">Control of experiments<\/a><\/strong><\/span><\/li>\n \t<li><span style=\"color: #336699;\"><strong><a style=\"color: #336699;\" href=\"https:\/\/kiplweb.fjfi.cvut.cz\/web\/en\/wordpress\/struktura-biologie\/\">Structural biology<\/a><\/strong><\/span><\/li>\n \t<li><span style=\"color: #336699;\"><strong><a style=\"color: #336699;\" href=\"https:\/\/kiplweb.fjfi.cvut.cz\/web\/en\/xrd\/\">X-ray diffraction<\/a><\/strong><\/span><\/li>\n<\/ol>\t\t\t\t\t\t<\/div>\n\t\t\t\t<\/div>\n\t\t\t\t<div class=\"elementor-element elementor-element-9e03532 elementor-widget-divider--view-line elementor-widget elementor-widget-divider\" data-id=\"9e03532\" data-element_type=\"widget\" data-widget_type=\"divider.default\">\n\t\t\t\t<div class=\"elementor-widget-container\">\n\t\t\t\t\t<div class=\"elementor-divider\">\n\t\t\t<span class=\"elementor-divider-separator\">\n\t\t\t\t\t\t<\/span>\n\t\t<\/div>\n\t\t\t\t<\/div>\n\t\t\t\t<\/div>\n\t\t\t\t\t<\/div>\n\t\t<\/div>\n\t\t\t\t\t<\/div>\n\t\t<\/section>\n\t\t\t\t<section class=\"elementor-section elementor-top-section elementor-element elementor-element-8bc324c elementor-section-boxed elementor-section-height-default elementor-section-height-default\" data-id=\"8bc324c\" data-element_type=\"section\">\n\t\t\t\t\t\t<div class=\"elementor-container elementor-column-gap-default\">\n\t\t\t\t\t<div class=\"elementor-column elementor-col-100 elementor-top-column elementor-element elementor-element-2f5ed09\" data-id=\"2f5ed09\" data-element_type=\"column\">\n\t\t\t<div class=\"elementor-widget-wrap elementor-element-populated\">\n\t\t\t\t\t\t<div class=\"elementor-element elementor-element-ab644c4 elementor-widget elementor-widget-shortcode\" data-id=\"ab644c4\" data-element_type=\"widget\" data-widget_type=\"shortcode.default\">\n\t\t\t\t<div class=\"elementor-widget-container\">\n\t\t\t\t\t<div class=\"elementor-shortcode\">\n<\/div>\n\t\t\t\t<\/div>\n\t\t\t\t<\/div>\n\t\t\t\t<div class=\"elementor-element elementor-element-1c661c9 elementor-widget-divider--view-line elementor-widget elementor-widget-divider\" data-id=\"1c661c9\" data-element_type=\"widget\" data-widget_type=\"divider.default\">\n\t\t\t\t<div class=\"elementor-widget-container\">\n\t\t\t\t\t<div class=\"elementor-divider\">\n\t\t\t<span class=\"elementor-divider-separator\">\n\t\t\t\t\t\t<\/span>\n\t\t<\/div>\n\t\t\t\t<\/div>\n\t\t\t\t<\/div>\n\t\t\t\t<section class=\"elementor-section elementor-inner-section elementor-element elementor-element-5b8817f elementor-hidden-tablet elementor-section-boxed elementor-section-height-default elementor-section-height-default\" data-id=\"5b8817f\" data-element_type=\"section\">\n\t\t\t\t\t\t<div class=\"elementor-container elementor-column-gap-default\">\n\t\t\t\t\t<div class=\"elementor-column elementor-col-100 elementor-inner-column elementor-element elementor-element-d33b9b4\" data-id=\"d33b9b4\" data-element_type=\"column\">\n\t\t\t<div class=\"elementor-widget-wrap elementor-element-populated\">\n\t\t\t\t\t\t<div class=\"elementor-element elementor-element-2f03bd8 elementor-widget elementor-widget-heading\" data-id=\"2f03bd8\" data-element_type=\"widget\" data-widget_type=\"heading.default\">\n\t\t\t\t<div class=\"elementor-widget-container\">\n\t\t\t<h3 class=\"elementor-heading-title elementor-size-default\"><a href=\"#Anchor\">Fields of research<\/a><\/h3>\t\t<\/div>\n\t\t\t\t<\/div>\n\t\t\t\t<div class=\"elementor-element elementor-element-e63d284 elementor-widget__width-auto elementor-widget elementor-widget-text-editor\" data-id=\"e63d284\" data-element_type=\"widget\" data-widget_type=\"text-editor.default\">\n\t\t\t\t<div class=\"elementor-widget-container\">\n\t\t\t\t\t\t\t<p>The Laboratory of Applied Photonics and Quantum Technologies (LAPQT) was established in 2008 as a successor to the Polymer Materials Laboratory of KIPL. The traditional area of activity of LAPQT is the development and characterization of materials, structures and nanosystems useful in the design of chemical and physical sensors and active waveguide elements. We have now expanded our activities to include the preparation of ultrathin layers and multilayer structures useful in sensing, quantum technologies and protective applications.<\/p><p>LAPQT uses a wide range of techniques to prepare functional structures from organic and inorganic materials and combinations thereof, including the deposition of thin (mainly organic and polymer) layers from solution by spincoating and\/or drawing, the preparation of multilayer structures from monomolecular layers by Langmuir, Blodgett and Kuhn (LBK) method, functionalization of polymeric layers by diffusion from solution, physical vapour deposition (PVD), ionised jet deposition (IJD) and thermal and\/or plasma enhanced atomic layer deposition (ALD\/PEALD).<\/p>\t\t\t\t\t\t<\/div>\n\t\t\t\t<\/div>\n\t\t\t\t\t<\/div>\n\t\t<\/div>\n\t\t\t\t\t<\/div>\n\t\t<\/section>\n\t\t\t\t<section class=\"elementor-section elementor-inner-section elementor-element elementor-element-fc686be elementor-hidden-desktop elementor-hidden-mobile elementor-section-boxed elementor-section-height-default elementor-section-height-default\" data-id=\"fc686be\" data-element_type=\"section\">\n\t\t\t\t\t\t<div class=\"elementor-container elementor-column-gap-default\">\n\t\t\t\t\t<div class=\"elementor-column elementor-col-100 elementor-inner-column elementor-element elementor-element-6d859a1\" data-id=\"6d859a1\" data-element_type=\"column\">\n\t\t\t<div class=\"elementor-widget-wrap elementor-element-populated\">\n\t\t\t\t\t\t<div class=\"elementor-element elementor-element-03789c6 elementor-widget elementor-widget-shortcode\" data-id=\"03789c6\" data-element_type=\"widget\" data-widget_type=\"shortcode.default\">\n\t\t\t\t<div class=\"elementor-widget-container\">\n\t\t\t\t\t<div class=\"elementor-shortcode\">\n<\/div>\n\t\t\t\t<\/div>\n\t\t\t\t<\/div>\n\t\t\t\t\t<\/div>\n\t\t<\/div>\n\t\t\t\t\t<\/div>\n\t\t<\/section>\n\t\t\t\t<div class=\"elementor-element elementor-element-f604004 elementor-widget-divider--view-line elementor-widget elementor-widget-divider\" data-id=\"f604004\" data-element_type=\"widget\" data-widget_type=\"divider.default\">\n\t\t\t\t<div class=\"elementor-widget-container\">\n\t\t\t\t\t<div class=\"elementor-divider\">\n\t\t\t<span class=\"elementor-divider-separator\">\n\t\t\t\t\t\t<\/span>\n\t\t<\/div>\n\t\t\t\t<\/div>\n\t\t\t\t<\/div>\n\t\t\t\t<div class=\"elementor-element elementor-element-7914cff elementor-widget elementor-widget-heading\" data-id=\"7914cff\" data-element_type=\"widget\" data-widget_type=\"heading.default\">\n\t\t\t\t<div class=\"elementor-widget-container\">\n\t\t\t<h3 class=\"elementor-heading-title elementor-size-default\"><a href=\"#Anchor2\">Main experimental equipment<\/a><\/h3>\t\t<\/div>\n\t\t\t\t<\/div>\n\t\t\t\t<div class=\"elementor-element elementor-element-b4f8a68 elementor-widget elementor-widget-text-editor\" data-id=\"b4f8a68\" data-element_type=\"widget\" data-widget_type=\"text-editor.default\">\n\t\t\t\t<div class=\"elementor-widget-container\">\n\t\t\t\t\t\t\t<ul><li class=\"translation-block\">A deposition cluster for high-precision preparation of multilayer systems including the Ionized Jet Deposition (IJD) system <a href=\"https:\/\/kiplwww.fjfi.cvut.cz\/drupal7\/sites\/default\/files\/Komora.jpg\" target=\"_self\">JetDep100<\/a> - a prototype developed by Noivion (Italy) and Czech Vacuum, and the PEALD system R-200 (PicoSun Oy, Finland) equipped with a spectrally resolved FS-1 ellipsometer for in-situ monitoring of layer growth. Both deposition devices are connected by integrated load-locks to a glovebox (MBraun) with a high purity inert atmosphere (N2, impurity content &lt; 0.5 ppm)<\/li><li>Edmund Buehler AM200 arc melting furnace for laboratory development and preparation of custom metal alloys (max. sample weight approx. 200 g)<\/li><li>\u00a0PVD devices Carl Zeiss Jena HBA1 a HVD RHVm42<\/li><li>Spincoater Laurell 650 MZ<\/li><li>Fully computer controlled LBK deposition systems Lauda FW-2 and KSV Nima Large with Halcyonics Variobasic 40 active anti-vibration system, analytical equipment (surface potential measurement, sub-phase pH measurement), Brewster microscope for in-situ analysis of layer morphology and lift for layer transfer to solid substrate.<\/li><li>Laboratory workplace for physicochemical sample preparation.<\/li><li>Home-made ATR-RS spectrometer enabling accurate determination of optical, photo-optical, electro-optical, chiral and geometrical parameters of thin planar waveguide layers.<\/li><li>Photodyne and Agilent units for Optical Time Domain Reflectometry (OTDR) analysis of optical fibers<\/li><li>Three-chamber device for automated kinetics testing of distributed gas sensors by OTDR method in an atmosphere with precisely adjustable target gas concentration.<\/li><li>HP 70951B and Ocean Optics S1000 analyzers with Heraues FiberLight white source for UV-VIS-NIR spectral analysis of short fiber optic samples and solutions in the 200 - 1700 nm wavelength range<\/li><li>Furukawa Fitel S17 Fiber Optic Arc Welding Unit<\/li><li>Equipment for optical polarization transmission and reflection microscopy (Reichert Zetopan with CCD camera, UV source, fluorescence measurements, light and dark field measurements).<\/li><li>Device for physicochemical analysis of solutions XBC Magic interface with conductivity probe VEL 356 X and pH probe.<\/li><li>Comsol Multiphysics 4.8 software (Humusoft Software Inc.) for the implementation of simulations of waveguide structures and optical elements installed on the MSI4 computer located in the computer room of KIPL, room T316<\/li><li>Equipment for the preparation of very pure water AquaOsmotic Type 02 and 06 (electrical conductivity &lt; 2 uS\/cm ) and ultra-pure water Merck Milli-Pore (electrical conductivity &lt; 0.05 uS\/cm).<\/li><li>Atomic force microscope (AFM) NenoVision LiteScope equipped with Akyiama probes<\/li><li>High purity N2 generator (99.999%) NitroGen250 from VSK Profi, s.r.o., with an hourly capacity of 8 m3.<\/li><li>K dispozici pro charakterizaci struktur je t\u00e9\u017e Ramanovsk\u00fd u-spektrometr Horiba s konfok\u00e1ln\u00edm mikroskopem po\u0159\u00edzen\u00fd spolu s IJD\/ALD klastrem s p\u0159isp\u011bn\u00edm projektu OPVVV CZ.02.1.01\/0.0\/0.0\/16_017\/0002278 &#8222;Nov\u00fd doktorsk\u00fd studijn\u00ed program Kvantov\u00e9 technologie&#8220;, na jeho\u017e realizaci se pod\u00edl\u00ed KIPL,KFE, KMat, KM a KF FJFI.<\/li><\/ul>\t\t\t\t\t\t<\/div>\n\t\t\t\t<\/div>\n\t\t\t\t<div class=\"elementor-element elementor-element-dd580c3 elementor-widget-divider--view-line elementor-widget elementor-widget-divider\" data-id=\"dd580c3\" data-element_type=\"widget\" data-widget_type=\"divider.default\">\n\t\t\t\t<div class=\"elementor-widget-container\">\n\t\t\t\t\t<div class=\"elementor-divider\">\n\t\t\t<span class=\"elementor-divider-separator\">\n\t\t\t\t\t\t<\/span>\n\t\t<\/div>\n\t\t\t\t<\/div>\n\t\t\t\t<\/div>\n\t\t\t\t<div class=\"elementor-element elementor-element-eb7921d elementor-widget elementor-widget-heading\" data-id=\"eb7921d\" data-element_type=\"widget\" data-widget_type=\"heading.default\">\n\t\t\t\t<div class=\"elementor-widget-container\">\n\t\t\t<h3 class=\"elementor-heading-title elementor-size-default\">Projects<\/h3>\t\t<\/div>\n\t\t\t\t<\/div>\n\t\t\t\t<div class=\"elementor-element elementor-element-995443e elementor-widget elementor-widget-text-editor\" data-id=\"995443e\" data-element_type=\"widget\" data-widget_type=\"text-editor.default\">\n\t\t\t\t<div class=\"elementor-widget-container\">\n\t\t\t\t\t\t\t<ul><li><span style=\"text-decoration: underline;\"><b>Recent projects supported by grants<\/b><br \/><\/span><\/li><li>Development of new plasmonic nanostructures with electric field enhancement, applicable in chemical sensors and quantum resonance structures.<\/li><li>Application of LBK method for preparation of nanostructured multilayers using colloid lithography.<\/li><li>Development of novel High Entropy Alloys (HEAs) and thin films composed of them, primarily for applications in sensing and protective coatings.<\/li><li>Optimalizace geometrick\u00e9 struktury a simulace chemick\u00e9 stability molekul, v\u00fdvoj atomistick\u00fdch model\u016f HEAs s pomoc\u00ed aplikace metod neuronov\u00fdch s\u00edt\u00ed a strojov\u00e9ho u\u010den\u00ed.<\/li><li><b><u>Long-term research direction<\/u><\/b><\/li><li>Development of local and distributed gas sensors based on modified optical fibers and plasmonic nanostructures.<\/li><li><b><span style=\"text-decoration: underline;\">Future project directions<\/span><\/b><\/li><li>Development of IJD technology and its combinations with other deposition techniques.<\/li><li>Research focused on energy storage systems and hydrogen energy.<\/li><\/ul>\t\t\t\t\t\t<\/div>\n\t\t\t\t<\/div>\n\t\t\t\t\t<\/div>\n\t\t<\/div>\n\t\t\t\t\t<\/div>\n\t\t<\/section>\n\t\t\t\t<\/div>","protected":false},"excerpt":{"rendered":"<p>Aplikovan\u00e1 fotonika a kvantov\u00e9 technologie Vedouc\u00ed laborato\u0159e: Ladislav KalvodaPracovn\u00edci: Jakub Sko\u010ddopole, Jan Aubrecht, Petr Levinsk\u00fd, Jaroslav Hamrle Doktorandi: Alena Kobrlov\u00e1, Jaroslava Jakoubkov\u00e1, Michal J\u016fza, Martin Kol\u00e1\u0159, Petr Slav\u00ed\u010dek, J\u00e1chym Lis Studenti: Jan Kou\u0159il Oblasti v\u00fdzkumu Experiment\u00e1ln\u00ed vybaven\u00ed Projekty Pracovi\u0161t\u011b a [&hellip;]<\/p>","protected":false},"author":2,"featured_media":4466,"parent":0,"menu_order":0,"comment_status":"closed","ping_status":"closed","template":"elementor_header_footer","meta":{"footnotes":""},"folder":[10],"class_list":["post-351","page","type-page","status-publish","has-post-thumbnail","hentry"],"_links":{"self":[{"href":"https:\/\/kiplweb.fjfi.cvut.cz\/web\/en\/wp-json\/wp\/v2\/pages\/351","targetHints":{"allow":["GET"]}}],"collection":[{"href":"https:\/\/kiplweb.fjfi.cvut.cz\/web\/en\/wp-json\/wp\/v2\/pages"}],"about":[{"href":"https:\/\/kiplweb.fjfi.cvut.cz\/web\/en\/wp-json\/wp\/v2\/types\/page"}],"author":[{"embeddable":true,"href":"https:\/\/kiplweb.fjfi.cvut.cz\/web\/en\/wp-json\/wp\/v2\/users\/2"}],"replies":[{"embeddable":true,"href":"https:\/\/kiplweb.fjfi.cvut.cz\/web\/en\/wp-json\/wp\/v2\/comments?post=351"}],"version-history":[{"count":296,"href":"https:\/\/kiplweb.fjfi.cvut.cz\/web\/en\/wp-json\/wp\/v2\/pages\/351\/revisions"}],"predecessor-version":[{"id":6876,"href":"https:\/\/kiplweb.fjfi.cvut.cz\/web\/en\/wp-json\/wp\/v2\/pages\/351\/revisions\/6876"}],"wp:featuredmedia":[{"embeddable":true,"href":"https:\/\/kiplweb.fjfi.cvut.cz\/web\/en\/wp-json\/wp\/v2\/media\/4466"}],"wp:attachment":[{"href":"https:\/\/kiplweb.fjfi.cvut.cz\/web\/en\/wp-json\/wp\/v2\/media?parent=351"}],"wp:term":[{"taxonomy":"folder","embeddable":true,"href":"https:\/\/kiplweb.fjfi.cvut.cz\/web\/en\/wp-json\/wp\/v2\/folder?post=351"}],"curies":[{"name":"wp","href":"https:\/\/api.w.org\/{rel}","templated":true}]}}