{"id":3131,"date":"2021-02-14T21:42:47","date_gmt":"2021-02-14T20:42:47","guid":{"rendered":"https:\/\/kiplweb.fjfi.cvut.cz\/wordpress\/?page_id=3131"},"modified":"2021-02-14T21:43:52","modified_gmt":"2021-02-14T20:43:52","slug":"forma-zaverecnych-praci","status":"publish","type":"page","link":"https:\/\/kiplweb.fjfi.cvut.cz\/web\/en\/forma-zaverecnych-praci\/","title":{"rendered":"Form of the final theses"},"content":{"rendered":"<div data-elementor-type=\"wp-page\" data-elementor-id=\"3131\" class=\"elementor elementor-3131\">\n\t\t\t\t\t\t<section class=\"elementor-section elementor-top-section elementor-element elementor-element-d442a7c elementor-section-boxed elementor-section-height-default elementor-section-height-default\" data-id=\"d442a7c\" data-element_type=\"section\">\n\t\t\t\t\t\t<div class=\"elementor-container elementor-column-gap-default\">\n\t\t\t\t\t<div class=\"elementor-column elementor-col-100 elementor-top-column elementor-element elementor-element-df67519\" data-id=\"df67519\" data-element_type=\"column\">\n\t\t\t<div class=\"elementor-widget-wrap elementor-element-populated\">\n\t\t\t\t\t\t<div class=\"elementor-element elementor-element-e35a0fc elementor-widget elementor-widget-heading\" data-id=\"e35a0fc\" data-element_type=\"widget\" data-widget_type=\"heading.default\">\n\t\t\t\t<div class=\"elementor-widget-container\">\n\t\t\t<h3 class=\"elementor-heading-title elementor-size-default\">Form of the final theses<\/h3>\t\t<\/div>\n\t\t\t\t<\/div>\n\t\t\t\t<div class=\"elementor-element elementor-element-fb572e5 elementor-widget elementor-widget-text-editor\" data-id=\"fb572e5\" data-element_type=\"widget\" data-widget_type=\"text-editor.default\">\n\t\t\t\t<div class=\"elementor-widget-container\">\n\t\t\t\t\t\t\t<p><strong><span style=\"color: #336699;\"><a style=\"color: #336699;\" href=\"https:\/\/kiplweb.fjfi.cvut.cz\/web\/en\/wordpress\/rozcestnik\/\">For students<\/a><\/span><\/strong><\/p>\t\t\t\t\t\t<\/div>\n\t\t\t\t<\/div>\n\t\t\t\t<div class=\"elementor-element elementor-element-1c661c9 elementor-widget-divider--view-line elementor-widget elementor-widget-divider\" data-id=\"1c661c9\" data-element_type=\"widget\" data-widget_type=\"divider.default\">\n\t\t\t\t<div class=\"elementor-widget-container\">\n\t\t\t\t\t<div class=\"elementor-divider\">\n\t\t\t<span class=\"elementor-divider-separator\">\n\t\t\t\t\t\t<\/span>\n\t\t<\/div>\n\t\t\t\t<\/div>\n\t\t\t\t<\/div>\n\t\t\t\t\t<\/div>\n\t\t<\/div>\n\t\t\t\t\t<\/div>\n\t\t<\/section>\n\t\t\t\t<section class=\"elementor-section elementor-top-section elementor-element elementor-element-8bc324c elementor-section-boxed elementor-section-height-default elementor-section-height-default\" data-id=\"8bc324c\" data-element_type=\"section\">\n\t\t\t\t\t\t<div class=\"elementor-container elementor-column-gap-default\">\n\t\t\t\t\t<div class=\"elementor-column elementor-col-100 elementor-top-column elementor-element elementor-element-2f5ed09\" data-id=\"2f5ed09\" data-element_type=\"column\">\n\t\t\t<div class=\"elementor-widget-wrap elementor-element-populated\">\n\t\t\t\t\t\t<div class=\"elementor-element elementor-element-5477ca4 elementor-widget elementor-widget-text-editor\" data-id=\"5477ca4\" data-element_type=\"widget\" data-widget_type=\"text-editor.default\">\n\t\t\t\t<div class=\"elementor-widget-container\">\n\t\t\t\t\t\t\t<h4 id=\"page-title\" class=\"title\">Pravidla pro vypracov\u00e1n\u00ed bakal\u00e1\u0159sk\u00fdch, diplomov\u00fdch a doktorsk\u00fdch prac\u00ed a v\u00fdzkumn\u00fdch \u00fakol\u016f<\/h4><div class=\"region region-content\"><div id=\"block-system-main\" class=\"block block-system\"><div class=\"content\"><div id=\"node-368\" class=\"node node-page clearfix\"><div class=\"content\"><div class=\"field field-name-body field-type-text-with-summary field-label-hidden\"><div class=\"field-items\"><div class=\"field-item even\">N\u00ed\u017ee jsou uvedeny u\u017eite\u010dn\u00e9 odkazy t\u00fdkaj\u00edc\u00ed se vypracov\u00e1n\u00ed kvalifika\u010dn\u00edch prac\u00ed zm\u00edn\u011bn\u00fdch v nadpise.<br \/><br \/>&#8211; Z\u00e1sady FJFI pro BP a DP: B\u00edl\u00e1 kniha sta\u0165 Z\u00c1SADY BAKAL\u00c1\u0158SK\u00c9HO A NAVAZUJ\u00cdC\u00cdHO MAGISTERSK\u00c9HO STUDIA NA FJFI \u010cVUT V PRAZE platn\u00e9 pro akademick\u00fd rok 2016-2017 &#8211; \u010dl\u00e1nek 8<br \/>&#8211; BP a DP, doporu\u010den\u00ed ze strany \u010cVUT:\u00a0<a href=\"http:\/\/intranet.cvut.cz\/informace-pro-studenty\/diplomky\">http:\/\/intranet.cvut.cz\/informace-pro-studenty\/diplomky<\/a><br \/>&#8211; Pravidla FJFI pro doktorsk\u00e9 disertace:\u00a0<a href=\"https:\/\/www.fjfi.cvut.cz\/cz\/studium\/doktorske-studium\">https:\/\/www.fjfi.cvut.cz\/cz\/studium\/doktorske-studium<\/a><br \/>&#8211; P\u0159\u00edkaz d\u011bkana \u010d. 2\/2014 upravuj\u00edc\u00ed form\u00e1ln\u00ed podobu diserta\u010dn\u00edch prac\u00ed:\u00a0<a href=\"http:\/\/www2.fjfi.cvut.cz\/download\/prikaz_dekana_2-2014.pdf\">http:\/\/www2.fjfi.cvut.cz\/download\/prikaz_dekana_2-2014.pdf<\/a><br \/>&#8211; Vzor \u00favodn\u00edch str\u00e1nek tez\u00ed k dizerta\u010dn\u00ed pr\u00e1ci na FJFI:\u00a0<a href=\"http:\/\/www2.fjfi.cvut.cz\/download\/vvc\/teze.doc\">http:\/\/www2.fjfi.cvut.cz\/download\/vvc\/teze.doc<\/a><\/div><\/div><\/div><\/div><\/div><\/div><\/div><\/div><div class=\"region region-content\"><div id=\"block-system-main\" class=\"block block-system\"><div class=\"content\"><div id=\"node-257\" class=\"node node-page clearfix\"><div class=\"content\"><div class=\"field field-name-upload field-type-file field-label-hidden\"><div class=\"field-items\">\u00a0<\/div><\/div><\/div><\/div><\/div><\/div><\/div>\t\t\t\t\t\t<\/div>\n\t\t\t\t<\/div>\n\t\t\t\t<div class=\"elementor-element elementor-element-dd580c3 elementor-widget-divider--view-line elementor-widget elementor-widget-divider\" data-id=\"dd580c3\" data-element_type=\"widget\" data-widget_type=\"divider.default\">\n\t\t\t\t<div class=\"elementor-widget-container\">\n\t\t\t\t\t<div class=\"elementor-divider\">\n\t\t\t<span class=\"elementor-divider-separator\">\n\t\t\t\t\t\t<\/span>\n\t\t<\/div>\n\t\t\t\t<\/div>\n\t\t\t\t<\/div>\n\t\t\t\t\t<\/div>\n\t\t<\/div>\n\t\t\t\t\t<\/div>\n\t\t<\/section>\n\t\t\t\t<\/div>","protected":false},"excerpt":{"rendered":"<p>Forma z\u00e1v\u011bre\u010dn\u00fdch prac\u00ed Pro studenty Pravidla pro vypracov\u00e1n\u00ed bakal\u00e1\u0159sk\u00fdch, diplomov\u00fdch a doktorsk\u00fdch prac\u00ed a v\u00fdzkumn\u00fdch \u00fakol\u016f N\u00ed\u017ee jsou uvedeny u\u017eite\u010dn\u00e9 odkazy t\u00fdkaj\u00edc\u00ed se vypracov\u00e1n\u00ed kvalifika\u010dn\u00edch prac\u00ed zm\u00edn\u011bn\u00fdch v nadpise. &#8211; Z\u00e1sady FJFI pro BP a DP: B\u00edl\u00e1 kniha sta\u0165 Z\u00c1SADY [&hellip;]<\/p>","protected":false},"author":3,"featured_media":0,"parent":0,"menu_order":0,"comment_status":"closed","ping_status":"closed","template":"elementor_header_footer","meta":{"footnotes":""},"folder":[19],"class_list":["post-3131","page","type-page","status-publish","hentry"],"_links":{"self":[{"href":"https:\/\/kiplweb.fjfi.cvut.cz\/web\/en\/wp-json\/wp\/v2\/pages\/3131","targetHints":{"allow":["GET"]}}],"collection":[{"href":"https:\/\/kiplweb.fjfi.cvut.cz\/web\/en\/wp-json\/wp\/v2\/pages"}],"about":[{"href":"https:\/\/kiplweb.fjfi.cvut.cz\/web\/en\/wp-json\/wp\/v2\/types\/page"}],"author":[{"embeddable":true,"href":"https:\/\/kiplweb.fjfi.cvut.cz\/web\/en\/wp-json\/wp\/v2\/users\/3"}],"replies":[{"embeddable":true,"href":"https:\/\/kiplweb.fjfi.cvut.cz\/web\/en\/wp-json\/wp\/v2\/comments?post=3131"}],"version-history":[{"count":4,"href":"https:\/\/kiplweb.fjfi.cvut.cz\/web\/en\/wp-json\/wp\/v2\/pages\/3131\/revisions"}],"predecessor-version":[{"id":3135,"href":"https:\/\/kiplweb.fjfi.cvut.cz\/web\/en\/wp-json\/wp\/v2\/pages\/3131\/revisions\/3135"}],"wp:attachment":[{"href":"https:\/\/kiplweb.fjfi.cvut.cz\/web\/en\/wp-json\/wp\/v2\/media?parent=3131"}],"wp:term":[{"taxonomy":"folder","embeddable":true,"href":"https:\/\/kiplweb.fjfi.cvut.cz\/web\/en\/wp-json\/wp\/v2\/folder?post=3131"}],"curies":[{"name":"wp","href":"https:\/\/api.w.org\/{rel}","templated":true}]}}