{"id":3118,"date":"2021-02-14T21:37:37","date_gmt":"2021-02-14T20:37:37","guid":{"rendered":"https:\/\/kiplweb.fjfi.cvut.cz\/wordpress\/?page_id=3118"},"modified":"2023-02-26T18:25:36","modified_gmt":"2023-02-26T17:25:36","slug":"statni-zaverecne-zkousky","status":"publish","type":"page","link":"https:\/\/kiplweb.fjfi.cvut.cz\/web\/en\/statni-zaverecne-zkousky\/","title":{"rendered":"State Final Examination"},"content":{"rendered":"<div data-elementor-type=\"wp-page\" data-elementor-id=\"3118\" class=\"elementor elementor-3118\">\n\t\t\t\t\t\t<section class=\"elementor-section elementor-top-section elementor-element elementor-element-d442a7c elementor-section-boxed elementor-section-height-default elementor-section-height-default\" data-id=\"d442a7c\" data-element_type=\"section\">\n\t\t\t\t\t\t<div class=\"elementor-container elementor-column-gap-default\">\n\t\t\t\t\t<div class=\"elementor-column elementor-col-100 elementor-top-column elementor-element elementor-element-df67519\" data-id=\"df67519\" data-element_type=\"column\">\n\t\t\t<div class=\"elementor-widget-wrap elementor-element-populated\">\n\t\t\t\t\t\t<div class=\"elementor-element elementor-element-e35a0fc elementor-widget elementor-widget-heading\" data-id=\"e35a0fc\" data-element_type=\"widget\" data-widget_type=\"heading.default\">\n\t\t\t\t<div class=\"elementor-widget-container\">\n\t\t\t<h3 class=\"elementor-heading-title elementor-size-default\">State Final Examination<\/h3>\t\t<\/div>\n\t\t\t\t<\/div>\n\t\t\t\t<div class=\"elementor-element elementor-element-fb572e5 elementor-widget elementor-widget-text-editor\" data-id=\"fb572e5\" data-element_type=\"widget\" data-widget_type=\"text-editor.default\">\n\t\t\t\t<div class=\"elementor-widget-container\">\n\t\t\t\t\t\t\t<p><strong><span style=\"color: #336699;\"><a style=\"color: #336699;\" href=\"https:\/\/kiplweb.fjfi.cvut.cz\/web\/en\/wordpress\/rozcestnik\/\">For students<\/a><\/span><\/strong><\/p>\t\t\t\t\t\t<\/div>\n\t\t\t\t<\/div>\n\t\t\t\t<div class=\"elementor-element elementor-element-1c661c9 elementor-widget-divider--view-line elementor-widget elementor-widget-divider\" data-id=\"1c661c9\" data-element_type=\"widget\" data-widget_type=\"divider.default\">\n\t\t\t\t<div class=\"elementor-widget-container\">\n\t\t\t\t\t<div class=\"elementor-divider\">\n\t\t\t<span class=\"elementor-divider-separator\">\n\t\t\t\t\t\t<\/span>\n\t\t<\/div>\n\t\t\t\t<\/div>\n\t\t\t\t<\/div>\n\t\t\t\t\t<\/div>\n\t\t<\/div>\n\t\t\t\t\t<\/div>\n\t\t<\/section>\n\t\t\t\t<section class=\"elementor-section elementor-top-section elementor-element elementor-element-8bc324c elementor-section-boxed elementor-section-height-default elementor-section-height-default\" data-id=\"8bc324c\" data-element_type=\"section\">\n\t\t\t\t\t\t<div class=\"elementor-container elementor-column-gap-default\">\n\t\t\t\t\t<div class=\"elementor-column elementor-col-100 elementor-top-column elementor-element elementor-element-2f5ed09\" data-id=\"2f5ed09\" data-element_type=\"column\">\n\t\t\t<div class=\"elementor-widget-wrap elementor-element-populated\">\n\t\t\t\t\t\t<div class=\"elementor-element elementor-element-5477ca4 elementor-widget elementor-widget-text-editor\" data-id=\"5477ca4\" data-element_type=\"widget\" data-widget_type=\"text-editor.default\">\n\t\t\t\t<div class=\"elementor-widget-container\">\n\t\t\t\t\t\t\t<h4 id=\"page-title\" class=\"title\">Ot\u00e1zky k SZZ (BS, MS), SDZ, a p\u0159ij\u00edmac\u00edm zkou\u0161k\u00e1m do DS \/ Questions to State Examinations (Bachelor, Master, Doctoral Studies) and Doctoral Entrance Exams<\/h4>\n<div class=\"region region-content\">\n<div id=\"block-system-main\" class=\"block block-system\">\n<div class=\"content\">\n<div id=\"node-257\" class=\"node node-page clearfix\">\n<div class=\"content\">\n<div class=\"field field-name-body field-type-text-with-summary field-label-hidden\">\n<div class=\"field-items\">\n<div class=\"field-item even\">\n\n<strong>V n\u00ed\u017ee p\u0159ilo\u017een\u00fdch souborech naleznete okruhy ot\u00e1zek ke st\u00e1tn\u00edm z\u00e1v\u011bre\u010dn\u00fdm zkou\u0161k\u00e1m bakal\u00e1\u0159sk\u00e9ho a magistersk\u00e9ho studia oboru In\u017een\u00fdrstv\u00ed pevn\u00fdch l\u00e1tek, a d\u00e1le ke p\u0159ij\u00edmac\u00edm a st\u00e1tn\u00edm doktorsk\u00fdm zkou\u0161k\u00e1m doktorsk\u00e9ho studijn\u00edho oboru Fyzik\u00e1ln\u00ed in\u017een\u00fdrstv\u00ed, zam\u011b\u0159en\u00ed In\u017een\u00fdrstv\u00ed pevn\u00fdch l\u00e1tek.<\/strong>\n\n<strong>In the latest file listed below, you will find areas of questions for the admission exams of the doctoral study program Physical Engineering, specialization Solid State Engineering.<\/strong>\n<ul>\n \t<li>Pozn.: P\u0159i p\u0159ij\u00edmac\u00edch zkou\u0161k\u00e1ch \/ SDZ se komise zam\u011b\u0159uje na\n(i) ot\u00e1zky souvisej\u00edc\u00ed s t\u00e9matem p\u0159edpokl\u00e1dan\u00e9 \/ prob\u00edhaj\u00edc\u00ed v\u00fdzkumn\u00e9 \u010dinnosti adepta \/ doktoranda, a d\u00e1le na\n(ii) obecn\u00e9 znalosti p\u0159edm\u011bt\u016f Fyzika pevn\u00fdch l\u00e1tek a Teorie pevn\u00fdch l\u00e1tek, kter\u00e9 jsou profilov\u00fdmi p\u0159edm\u011bty na\u0161eho doktorsk\u00e9ho zam\u011b\u0159en\u00ed.\nOt\u00e1zky k druh\u00e9mu okruhu jsou obvykle formulov\u00e1ny z pohledu vztahu k okruhu (i).<\/li>\n<\/ul>\n<\/div>\n<\/div>\n<\/div>\n<div class=\"field field-name-upload field-type-file field-label-hidden\">\n<div class=\"field-items\">\n<div class=\"field-item even\">\n<table class=\"sticky-enabled tableheader-processed sticky-table\">\n<thead>\n<tr>\n<th>Attachment<\/th>\n<th>Size<\/th>\n<\/tr>\n<\/thead>\n<tbody>\n<tr class=\"odd\">\n<td><span class=\"file\">\u00a0<a href=\"https:\/\/kiplweb.fjfi.cvut.cz\/web\/wp-content\/uploads\/2023\/01\/Otazky_SZZ_NMS_IPL_CZ_Akr2019_korekce-JHaZBaLK.pdf\" target=\"_blank\" rel=\"noopener\">Okruhy ot\u00e1zek k SZZ NMS programu IPL(nov\u00e1 akreditace, CZ)<\/a><\/span><\/td>\n<td>250.78 KB<\/td>\n<\/tr>\n<tr class=\"even\">\n<td><span class=\"file\">\u00a0<a href=\"https:\/\/kiplweb.fjfi.cvut.cz\/web\/wp-content\/uploads\/2023\/01\/c_bs_ipl_szz_1.pdf\" target=\"_blank\" rel=\"noopener\">Okruhy ot\u00e1zek k SZZ BS programu IPL (star\u00e1 akreditace, CZ)<\/a><\/span><\/td>\n<td>237.65 KB<\/td>\n<\/tr>\n<tr class=\"odd\">\n<td><span class=\"file\">\u00a0<a href=\"https:\/\/kiplweb.fjfi.cvut.cz\/web\/wp-content\/uploads\/2023\/02\/SZZ_FI-spec_IPL_CZ.pdf\" target=\"_blank\" rel=\"noopener\">Okruhy ot\u00e1zek k SZZ BS programu FI specializace IPL (nov\u00e1 akreditace, CZ)<\/a><\/span><\/td>\n<td>219.90 KB<\/td>\n<\/tr>\n<tr class=\"even\">\n<td><span class=\"file\">\u00a0<a href=\"https:\/\/kiplweb.fjfi.cvut.cz\/web\/wp-content\/uploads\/2023\/02\/SZZ_PI-spec_SSE_EN.pdf\" target=\"_blank\" rel=\"noopener\">Headings of Questions to State Final Exam of BSP Physical Engineering, spec. SSE (new accreditation, EN)<\/a><\/span><\/td>\n<td>130.73 KB<\/td>\n<\/tr>\n<tr class=\"odd\">\n<td><span class=\"file\">\u00a0<a href=\"https:\/\/kiplweb.fjfi.cvut.cz\/web\/wp-content\/uploads\/2023\/01\/Otazky_DS_SDZ.pdf\" target=\"_blank\" rel=\"noopener\">Okruhy ot\u00e1zek k SDZ FI, zam\u011b\u0159en\u00ed IPL<\/a><\/span><\/td>\n<td>237.61 KB<\/td>\n<\/tr>\n<tr class=\"even\">\n<td><span class=\"file\">\u00a0<a title=\"Otazky_prijimaci_zkouska_DS_FI_IPL.pdf\" href=\"https:\/\/kiplweb.fjfi.cvut.cz\/web\/wp-content\/uploads\/2023\/01\/Otazky_prijimaci_zkouska_DS_FI_IPL.pdf\" type=\"application\/pdf; length=218224\">Okruhy ot\u00e1zek k p\u0159ij\u00edmac\u00ed zkou\u0161ce do DS oboru FI, zam\u011b\u0159en\u00ed IPL<\/a><\/span><\/td>\n<td>213.11 KB<\/td>\n<\/tr>\n<tr class=\"odd\">\n<td><span class=\"file\">\u00a0<a href=\"https:\/\/kiplweb.fjfi.cvut.cz\/web\/wp-content\/uploads\/2023\/01\/Questions_admission_exam_doctoral_study_PE_SSE.pdf\" target=\"_blank\" rel=\"noopener\">Problem Areas to the Admission Exams in Doctoral Studies of PE, specialization SSE<\/a><\/span><\/td>\n<td>124.57 KB<\/td>\n<\/tr>\n<\/tbody>\n<\/table>\n<\/div>\n<\/div>\n<\/div>\n<\/div>\n<\/div>\n<\/div>\n<\/div>\n<\/div>\t\t\t\t\t\t<\/div>\n\t\t\t\t<\/div>\n\t\t\t\t<div class=\"elementor-element elementor-element-dd580c3 elementor-widget-divider--view-line elementor-widget elementor-widget-divider\" data-id=\"dd580c3\" data-element_type=\"widget\" data-widget_type=\"divider.default\">\n\t\t\t\t<div class=\"elementor-widget-container\">\n\t\t\t\t\t<div class=\"elementor-divider\">\n\t\t\t<span class=\"elementor-divider-separator\">\n\t\t\t\t\t\t<\/span>\n\t\t<\/div>\n\t\t\t\t<\/div>\n\t\t\t\t<\/div>\n\t\t\t\t\t<\/div>\n\t\t<\/div>\n\t\t\t\t\t<\/div>\n\t\t<\/section>\n\t\t\t\t<\/div>","protected":false},"excerpt":{"rendered":"<p>St\u00e1tn\u00ed z\u00e1v\u011bre\u010dn\u00e9 zkou\u0161ky Pro studenty Ot\u00e1zky k SZZ (BS, MS), SDZ, a p\u0159ij\u00edmac\u00edm zkou\u0161k\u00e1m do DS \/ Questions to State Examinations (Bachelor, Master, Doctoral Studies) and Doctoral Entrance Exams V n\u00ed\u017ee p\u0159ilo\u017een\u00fdch souborech naleznete okruhy ot\u00e1zek ke st\u00e1tn\u00edm z\u00e1v\u011bre\u010dn\u00fdm zkou\u0161k\u00e1m [&hellip;]<\/p>","protected":false},"author":3,"featured_media":0,"parent":0,"menu_order":0,"comment_status":"closed","ping_status":"closed","template":"elementor_header_footer","meta":{"footnotes":""},"folder":[19],"class_list":["post-3118","page","type-page","status-publish","hentry"],"_links":{"self":[{"href":"https:\/\/kiplweb.fjfi.cvut.cz\/web\/en\/wp-json\/wp\/v2\/pages\/3118","targetHints":{"allow":["GET"]}}],"collection":[{"href":"https:\/\/kiplweb.fjfi.cvut.cz\/web\/en\/wp-json\/wp\/v2\/pages"}],"about":[{"href":"https:\/\/kiplweb.fjfi.cvut.cz\/web\/en\/wp-json\/wp\/v2\/types\/page"}],"author":[{"embeddable":true,"href":"https:\/\/kiplweb.fjfi.cvut.cz\/web\/en\/wp-json\/wp\/v2\/users\/3"}],"replies":[{"embeddable":true,"href":"https:\/\/kiplweb.fjfi.cvut.cz\/web\/en\/wp-json\/wp\/v2\/comments?post=3118"}],"version-history":[{"count":28,"href":"https:\/\/kiplweb.fjfi.cvut.cz\/web\/en\/wp-json\/wp\/v2\/pages\/3118\/revisions"}],"predecessor-version":[{"id":5628,"href":"https:\/\/kiplweb.fjfi.cvut.cz\/web\/en\/wp-json\/wp\/v2\/pages\/3118\/revisions\/5628"}],"wp:attachment":[{"href":"https:\/\/kiplweb.fjfi.cvut.cz\/web\/en\/wp-json\/wp\/v2\/media?parent=3118"}],"wp:term":[{"taxonomy":"folder","embeddable":true,"href":"https:\/\/kiplweb.fjfi.cvut.cz\/web\/en\/wp-json\/wp\/v2\/folder?post=3118"}],"curies":[{"name":"wp","href":"https:\/\/api.w.org\/{rel}","templated":true}]}}