{"id":2867,"date":"2021-02-13T20:14:48","date_gmt":"2021-02-13T19:14:48","guid":{"rendered":"https:\/\/kiplweb.fjfi.cvut.cz\/wordpress\/?page_id=2867"},"modified":"2021-03-21T20:37:18","modified_gmt":"2021-03-21T19:37:18","slug":"studium-na-kipl","status":"publish","type":"page","link":"https:\/\/kiplweb.fjfi.cvut.cz\/web\/en\/studium-na-kipl\/","title":{"rendered":"Studying at the department"},"content":{"rendered":"<div data-elementor-type=\"wp-page\" data-elementor-id=\"2867\" class=\"elementor elementor-2867\">\n\t\t\t\t\t\t<section class=\"elementor-section elementor-top-section elementor-element elementor-element-84fd0ab elementor-section-boxed elementor-section-height-default elementor-section-height-default\" data-id=\"84fd0ab\" data-element_type=\"section\">\n\t\t\t\t\t\t<div class=\"elementor-container elementor-column-gap-default\">\n\t\t\t\t\t<div class=\"elementor-column elementor-col-50 elementor-top-column elementor-element elementor-element-ef77516\" data-id=\"ef77516\" data-element_type=\"column\">\n\t\t\t<div class=\"elementor-widget-wrap elementor-element-populated\">\n\t\t\t\t\t\t<div class=\"elementor-element elementor-element-7d06902 elementor-widget elementor-widget-heading\" data-id=\"7d06902\" data-element_type=\"widget\" data-widget_type=\"heading.default\">\n\t\t\t\t<div class=\"elementor-widget-container\">\n\t\t\t<h4 class=\"elementor-heading-title elementor-size-default\"><big style=\"color: rgb(0, 0, 0); font-family: Verdana, Arial, Helvetica, sans-serif; font-weight: 400; text-align: center; white-space: normal;\"><big><strong>Studying at the department<\/strong><\/big><\/big><\/h4>\t\t<\/div>\n\t\t\t\t<\/div>\n\t\t\t\t<div class=\"elementor-element elementor-element-a676498 elementor-widget__width-initial elementor-widget elementor-widget-text-editor\" data-id=\"a676498\" data-element_type=\"widget\" data-widget_type=\"text-editor.default\">\n\t\t\t\t<div class=\"elementor-widget-container\">\n\t\t\t\t\t\t\t<h3>Chcete vytv\u00e1\u0159et krystaly cenn\u011bj\u0161\u00ed ne\u017e diamanty?<\/h3><h4><big>Sta\u0148te se in\u017een\u00fdry pevn\u00fdch l\u00e1tek!<\/big><\/h4>\t\t\t\t\t\t<\/div>\n\t\t\t\t<\/div>\n\t\t\t\t<section class=\"elementor-section elementor-inner-section elementor-element elementor-element-50f2ca4 elementor-section-boxed elementor-section-height-default elementor-section-height-default\" data-id=\"50f2ca4\" data-element_type=\"section\">\n\t\t\t\t\t\t<div class=\"elementor-container elementor-column-gap-default\">\n\t\t\t\t\t<div class=\"elementor-column elementor-col-33 elementor-inner-column elementor-element elementor-element-1a4af3e\" data-id=\"1a4af3e\" data-element_type=\"column\">\n\t\t\t<div class=\"elementor-widget-wrap elementor-element-populated\">\n\t\t\t\t\t\t<div class=\"elementor-element elementor-element-4264645 elementor-widget elementor-widget-image\" data-id=\"4264645\" data-element_type=\"widget\" data-widget_type=\"image.default\">\n\t\t\t\t<div class=\"elementor-widget-container\">\n\t\t\t\t\t\t\t\t\t\t\t\t\t<img fetchpriority=\"high\" decoding=\"async\" width=\"289\" height=\"175\" src=\"https:\/\/kiplweb.fjfi.cvut.cz\/web\/wp-content\/uploads\/2021\/02\/brillouin1.jpeg\" class=\"attachment-medium size-medium wp-image-2869\" alt=\"\" srcset=\"https:\/\/kiplweb.fjfi.cvut.cz\/web\/wp-content\/uploads\/2021\/02\/brillouin1.jpeg 289w, https:\/\/kiplweb.fjfi.cvut.cz\/web\/wp-content\/uploads\/2021\/02\/brillouin1-16x10.jpeg 16w, https:\/\/kiplweb.fjfi.cvut.cz\/web\/wp-content\/uploads\/2021\/02\/brillouin1-230x139.jpeg 230w\" sizes=\"(max-width: 289px) 100vw, 289px\" \/>\t\t\t\t\t\t\t\t\t\t\t\t\t<\/div>\n\t\t\t\t<\/div>\n\t\t\t\t\t<\/div>\n\t\t<\/div>\n\t\t\t\t<div class=\"elementor-column elementor-col-33 elementor-inner-column elementor-element elementor-element-57ae931\" data-id=\"57ae931\" data-element_type=\"column\">\n\t\t\t<div class=\"elementor-widget-wrap elementor-element-populated\">\n\t\t\t\t\t\t<div class=\"elementor-element elementor-element-85aa88e elementor-widget elementor-widget-image\" data-id=\"85aa88e\" data-element_type=\"widget\" data-widget_type=\"image.default\">\n\t\t\t\t<div class=\"elementor-widget-container\">\n\t\t\t\t\t\t\t\t\t\t\t\t\t<img decoding=\"async\" width=\"300\" height=\"211\" src=\"https:\/\/kiplweb.fjfi.cvut.cz\/web\/wp-content\/uploads\/2021\/02\/lada-300x211.jpg\" class=\"attachment-medium size-medium wp-image-2870\" alt=\"\" srcset=\"https:\/\/kiplweb.fjfi.cvut.cz\/web\/wp-content\/uploads\/2021\/02\/lada-300x211.jpg 300w, https:\/\/kiplweb.fjfi.cvut.cz\/web\/wp-content\/uploads\/2021\/02\/lada-16x12.jpg 16w, https:\/\/kiplweb.fjfi.cvut.cz\/web\/wp-content\/uploads\/2021\/02\/lada-230x161.jpg 230w, https:\/\/kiplweb.fjfi.cvut.cz\/web\/wp-content\/uploads\/2021\/02\/lada-350x246.jpg 350w, https:\/\/kiplweb.fjfi.cvut.cz\/web\/wp-content\/uploads\/2021\/02\/lada-480x337.jpg 480w, https:\/\/kiplweb.fjfi.cvut.cz\/web\/wp-content\/uploads\/2021\/02\/lada.jpg 500w\" sizes=\"(max-width: 300px) 100vw, 300px\" \/>\t\t\t\t\t\t\t\t\t\t\t\t\t<\/div>\n\t\t\t\t<\/div>\n\t\t\t\t\t<\/div>\n\t\t<\/div>\n\t\t\t\t<div class=\"elementor-column elementor-col-33 elementor-inner-column elementor-element elementor-element-c27ae91\" data-id=\"c27ae91\" data-element_type=\"column\">\n\t\t\t<div class=\"elementor-widget-wrap elementor-element-populated\">\n\t\t\t\t\t\t<div class=\"elementor-element elementor-element-02b6cc8 elementor-widget elementor-widget-image\" data-id=\"02b6cc8\" data-element_type=\"widget\" data-widget_type=\"image.default\">\n\t\t\t\t<div class=\"elementor-widget-container\">\n\t\t\t\t\t\t\t\t\t\t\t\t\t<img decoding=\"async\" width=\"300\" height=\"225\" src=\"https:\/\/kiplweb.fjfi.cvut.cz\/web\/wp-content\/uploads\/2021\/02\/lada3.jpg\" class=\"attachment-medium size-medium wp-image-2871\" alt=\"\" srcset=\"https:\/\/kiplweb.fjfi.cvut.cz\/web\/wp-content\/uploads\/2021\/02\/lada3.jpg 300w, https:\/\/kiplweb.fjfi.cvut.cz\/web\/wp-content\/uploads\/2021\/02\/lada3-16x12.jpg 16w, https:\/\/kiplweb.fjfi.cvut.cz\/web\/wp-content\/uploads\/2021\/02\/lada3-230x173.jpg 230w\" sizes=\"(max-width: 300px) 100vw, 300px\" \/>\t\t\t\t\t\t\t\t\t\t\t\t\t<\/div>\n\t\t\t\t<\/div>\n\t\t\t\t\t<\/div>\n\t\t<\/div>\n\t\t\t\t\t<\/div>\n\t\t<\/section>\n\t\t\t\t\t<\/div>\n\t\t<\/div>\n\t\t\t\t<div class=\"elementor-column elementor-col-50 elementor-top-column elementor-element elementor-element-284fc0d\" data-id=\"284fc0d\" data-element_type=\"column\">\n\t\t\t<div class=\"elementor-widget-wrap elementor-element-populated\">\n\t\t\t\t\t\t<div class=\"elementor-element elementor-element-ff2807f elementor-widget elementor-widget-heading\" data-id=\"ff2807f\" data-element_type=\"widget\" data-widget_type=\"heading.default\">\n\t\t\t\t<div class=\"elementor-widget-container\">\n\t\t\t<h6 class=\"elementor-heading-title elementor-size-default\"><br>Charakteristika katedry<\/h6>\t\t<\/div>\n\t\t\t\t<\/div>\n\t\t\t\t<div class=\"elementor-element elementor-element-cb25cf2 elementor-widget-divider--view-line elementor-widget elementor-widget-divider\" data-id=\"cb25cf2\" data-element_type=\"widget\" data-widget_type=\"divider.default\">\n\t\t\t\t<div class=\"elementor-widget-container\">\n\t\t\t\t\t<div class=\"elementor-divider\">\n\t\t\t<span class=\"elementor-divider-separator\">\n\t\t\t\t\t\t<\/span>\n\t\t<\/div>\n\t\t\t\t<\/div>\n\t\t\t\t<\/div>\n\t\t\t\t<div class=\"elementor-element elementor-element-95a6f60 elementor-widget elementor-widget-text-editor\" data-id=\"95a6f60\" data-element_type=\"widget\" data-widget_type=\"text-editor.default\">\n\t\t\t\t<div class=\"elementor-widget-container\">\n\t\t\t\t\t\t\t<ol><li><span style=\"color: #336699;\"><a style=\"color: #336699;\" href=\"https:\/\/kiplweb.fjfi.cvut.cz\/web\/en\/wordpress\/zakladni-informace\/\" data-wplink-url-error=\"true\"><strong>Introductory<\/strong><\/a><\/span><\/li><li><span style=\"color: #336699;\"><a style=\"color: #336699;\" href=\"https:\/\/kiplweb.fjfi.cvut.cz\/web\/en\/wordpress\/proc-my\/\"><strong>Why to study with us<\/strong><\/a><\/span><\/li><li><span style=\"color: #000000;\"><strong>\u2013&gt; Studying at the department<\/strong><\/span><\/li><li><span style=\"color: #336699;\"><a style=\"font-weight: bold; color: #336699;\" title=\"\" href=\"https:\/\/kiplweb.fjfi.cvut.cz\/web\/en\/wordpress\/uplatneni\/\" data-wplink-url-error=\"true\">Uplatn\u011bn\u00ed a<span style=\"color: #336699;\">bsolvent\u016f<\/span><\/a><\/span><\/li><li><a href=\"https:\/\/kiplweb.fjfi.cvut.cz\/web\/en\/wordpress\/historie\/\" data-wplink-url-error=\"true\"><span style=\"color: #336699;\"><strong>History<\/strong><\/span><\/a><\/li><li><span style=\"color: #336699;\"><strong><a style=\"color: #336699;\" href=\"https:\/\/kiplweb.fjfi.cvut.cz\/web\/en\/wordpress\/osobnosti\/\" data-wplink-url-error=\"true\">Important personalities<\/a><\/strong><\/span><\/li><\/ol>\t\t\t\t\t\t<\/div>\n\t\t\t\t<\/div>\n\t\t\t\t<div class=\"elementor-element elementor-element-8fd63d1 elementor-widget-divider--view-line elementor-widget elementor-widget-divider\" data-id=\"8fd63d1\" data-element_type=\"widget\" data-widget_type=\"divider.default\">\n\t\t\t\t<div class=\"elementor-widget-container\">\n\t\t\t\t\t<div class=\"elementor-divider\">\n\t\t\t<span class=\"elementor-divider-separator\">\n\t\t\t\t\t\t<\/span>\n\t\t<\/div>\n\t\t\t\t<\/div>\n\t\t\t\t<\/div>\n\t\t\t\t\t<\/div>\n\t\t<\/div>\n\t\t\t\t\t<\/div>\n\t\t<\/section>\n\t\t\t\t<section class=\"elementor-section elementor-top-section elementor-element elementor-element-62e055e elementor-hidden-phone elementor-section-boxed elementor-section-height-default elementor-section-height-default\" data-id=\"62e055e\" data-element_type=\"section\">\n\t\t\t\t\t\t<div class=\"elementor-container elementor-column-gap-default\">\n\t\t\t\t\t<div class=\"elementor-column elementor-col-100 elementor-top-column elementor-element elementor-element-683f6ae\" data-id=\"683f6ae\" data-element_type=\"column\">\n\t\t\t<div class=\"elementor-widget-wrap elementor-element-populated\">\n\t\t\t\t\t\t<div class=\"elementor-element elementor-element-5a9acbc elementor-widget-divider--view-line elementor-widget elementor-widget-divider\" data-id=\"5a9acbc\" data-element_type=\"widget\" data-widget_type=\"divider.default\">\n\t\t\t\t<div class=\"elementor-widget-container\">\n\t\t\t\t\t<div class=\"elementor-divider\">\n\t\t\t<span class=\"elementor-divider-separator\">\n\t\t\t\t\t\t<\/span>\n\t\t<\/div>\n\t\t\t\t<\/div>\n\t\t\t\t<\/div>\n\t\t\t\t<section class=\"elementor-section elementor-inner-section elementor-element elementor-element-497597d elementor-section-content-middle elementor-section-boxed elementor-section-height-default elementor-section-height-default\" data-id=\"497597d\" data-element_type=\"section\">\n\t\t\t\t\t\t<div class=\"elementor-container elementor-column-gap-default\">\n\t\t\t\t\t<div class=\"elementor-column elementor-col-100 elementor-inner-column elementor-element elementor-element-d725a9d\" data-id=\"d725a9d\" data-element_type=\"column\">\n\t\t\t<div class=\"elementor-widget-wrap elementor-element-populated\">\n\t\t\t\t\t\t<div class=\"elementor-element elementor-element-32c330e elementor-widget elementor-widget-text-editor\" data-id=\"32c330e\" data-element_type=\"widget\" data-widget_type=\"text-editor.default\">\n\t\t\t\t<div class=\"elementor-widget-container\">\n\t\t\t\t\t\t\t<p>Studiem zam\u011b\u0159en\u00ed In\u017een\u00fdrstv\u00ed pevn\u00fdch l\u00e1tek z\u00edsk\u00e1te titul bakal\u00e1\u0159e a pot\u00e9\u00a0in\u017een\u00fdra a kvalifikaci pro pr\u00e1ci ve v\u00fdzkumn\u00fdch a v\u00fdvojov\u00fdch laborato\u0159\u00edch, zab\u00fdvaj\u00edc\u00edch se vlastnostmi pevn\u00fdch l\u00e1tek.<\/p><p>Mechanick\u00e9, elektrick\u00e9, magnetick\u00e9 a optick\u00e9 vlastnosti l\u00e1tek p\u0159edur\u010duj\u00ed mo\u017enosti jejich vyu\u017eit\u00ed. Pevn\u00e9 l\u00e1tky dr\u017e\u00ed pohromad\u011b va\u0161e \u0161lapac\u00ed kolo stejn\u011b jako lopatky turb\u00edny ob\u0159\u00edho kompresoru. Dok\u00e1\u017e\u00ed ve sv\u00fdch krystalov\u00fdch m\u0159\u00ed\u017ek\u00e1ch zachycovat, ukr\u00fdvat a pozd\u011bji vyd\u00e1vat informace o nejr\u016fzn\u011bj\u0161\u00edch procesech. Reaguj\u00ed citliv\u011b zm\u011bnou sv\u00fdch vlastnost\u00ed na t\u00e9m\u011b\u0159 jak\u00e9koliv podn\u011bty a mohou tak slou\u017eit nap\u0159\u00edklad k m\u011b\u0159en\u00ed zne\u010di\u0161t\u011bn\u00ed ovzdu\u0161\u00ed nebo detektovat \u010d\u00e1stice produkovan\u00e9 v nejslo\u017eit\u011bj\u0161\u00edch urychlova\u010d\u00edch p\u0159i odhalov\u00e1n\u00ed tajemstv\u00ed vzniku vesm\u00edru.<\/p><p>Tam, kde je t\u0159eba prov\u00e1d\u011bt anal\u00fdzu vlastnost\u00ed pevn\u00fdch l\u00e1tek, vyhled\u00e1vat nebo p\u0159\u00edmo vyr\u00e1b\u011bt pevn\u00e9 l\u00e1tky dan\u00fdch vlastnost\u00ed a \u010dasto i nesm\u00edrn\u00fdch hodnot, tam se uplatn\u00ed n\u00e1\u0161 absolvent. Bude jej pot\u0159ebovat ka\u017ed\u00e1 firma, maj\u00edc\u00ed ambice za\u0159adit se mezi p\u0159edn\u00ed sv\u011btov\u00e9 firmy co do kvality, spolehlivosti a vyu\u017eit\u00ed \u0161pi\u010dkov\u00fdch technologi\u00ed.<\/p><p>Zam\u011b\u0159en\u00ed pat\u0159\u00ed do oboru Fyzik\u00e1ln\u00ed in\u017een\u00fdrstv\u00ed s hlubok\u00fdm teoreticko-experiment\u00e1ln\u00edm a in\u017een\u00fdrsk\u00fdm z\u00e1kladem. Poskytuje znalosti metod matematick\u00e9 anal\u00fdzy, algebry, numerick\u00e9 matematiky a statistiky a vyu\u017e\u00edv\u00e1n\u00ed v\u00fdpo\u010detn\u00ed techniky. Z fyziky pod\u00e1v\u00e1 z\u00e1kladn\u00ed teoretick\u00e9 a experiment\u00e1ln\u00ed poznatky klasick\u00e9 fyziky, kvantov\u00e9 a jadern\u00e9 fyziky, fyziky pevn\u00fdch l\u00e1tek a teoretick\u00e9 a praktick\u00e9 metody elektroniky.<\/p><p>Studenti z\u00edsk\u00e1vaj\u00ed speci\u00e1ln\u00ed vzd\u011bl\u00e1n\u00ed z technologie a aplikace kovov\u00fdch, polovodiv\u00fdch i dielektrick\u00fdch krystal\u016f, odbornou kvalifikaci v aplikaci difrak\u010dn\u00edch metod rentgenov\u00e9ho z\u00e1\u0159en\u00ed a neutron\u016f ve strukturn\u00ed anal\u00fdze a materi\u00e1lov\u00e9m v\u00fdzkumu, ve fyzice n\u00edzk\u00fdch teplot a supravodivosti. Sou\u010d\u00e1st\u00ed v\u00fdchovy je aplikace po\u010d\u00edta\u010dov\u00fdch metod v oblasti modelov\u00e1n\u00ed fyzik\u00e1ln\u00edch a technologick\u00fdch postup\u016f, po\u0159izov\u00e1n\u00ed a zpracov\u00e1n\u00ed experiment\u00e1ln\u00edch dat, ve vyu\u017e\u00edv\u00e1n\u00ed datab\u00e1z\u00ed a komunikac\u00ed po mezin\u00e1rodn\u00edch po\u010d\u00edta\u010dov\u00fdch s\u00edt\u00edch.<\/p>\t\t\t\t\t\t<\/div>\n\t\t\t\t<\/div>\n\t\t\t\t<div class=\"elementor-element elementor-element-276af6f elementor-widget elementor-widget-image\" data-id=\"276af6f\" data-element_type=\"widget\" data-widget_type=\"image.default\">\n\t\t\t\t<div class=\"elementor-widget-container\">\n\t\t\t\t\t\t\t\t\t\t\t\t\t<img loading=\"lazy\" decoding=\"async\" width=\"1807\" height=\"2560\" src=\"https:\/\/kiplweb.fjfi.cvut.cz\/web\/wp-content\/uploads\/2021\/02\/KIPL-final-1-scaled.jpg\" class=\"attachment-full size-full wp-image-2872\" alt=\"\" srcset=\"https:\/\/kiplweb.fjfi.cvut.cz\/web\/wp-content\/uploads\/2021\/02\/KIPL-final-1-scaled.jpg 1807w, https:\/\/kiplweb.fjfi.cvut.cz\/web\/wp-content\/uploads\/2021\/02\/KIPL-final-1-212x300.jpg 212w, https:\/\/kiplweb.fjfi.cvut.cz\/web\/wp-content\/uploads\/2021\/02\/KIPL-final-1-723x1024.jpg 723w, https:\/\/kiplweb.fjfi.cvut.cz\/web\/wp-content\/uploads\/2021\/02\/KIPL-final-1-768x1088.jpg 768w, https:\/\/kiplweb.fjfi.cvut.cz\/web\/wp-content\/uploads\/2021\/02\/KIPL-final-1-1084x1536.jpg 1084w, https:\/\/kiplweb.fjfi.cvut.cz\/web\/wp-content\/uploads\/2021\/02\/KIPL-final-1-1446x2048.jpg 1446w, https:\/\/kiplweb.fjfi.cvut.cz\/web\/wp-content\/uploads\/2021\/02\/KIPL-final-1-8x12.jpg 8w, https:\/\/kiplweb.fjfi.cvut.cz\/web\/wp-content\/uploads\/2021\/02\/KIPL-final-1-830x1176.jpg 830w, https:\/\/kiplweb.fjfi.cvut.cz\/web\/wp-content\/uploads\/2021\/02\/KIPL-final-1-230x326.jpg 230w, https:\/\/kiplweb.fjfi.cvut.cz\/web\/wp-content\/uploads\/2021\/02\/KIPL-final-1-350x496.jpg 350w, https:\/\/kiplweb.fjfi.cvut.cz\/web\/wp-content\/uploads\/2021\/02\/KIPL-final-1-480x680.jpg 480w\" sizes=\"(max-width: 1807px) 100vw, 1807px\" \/>\t\t\t\t\t\t\t\t\t\t\t\t\t<\/div>\n\t\t\t\t<\/div>\n\t\t\t\t\t<\/div>\n\t\t<\/div>\n\t\t\t\t\t<\/div>\n\t\t<\/section>\n\t\t\t\t\t<\/div>\n\t\t<\/div>\n\t\t\t\t\t<\/div>\n\t\t<\/section>\n\t\t\t\t<section class=\"elementor-section elementor-top-section elementor-element elementor-element-644e001 elementor-section-boxed elementor-section-height-default elementor-section-height-default\" data-id=\"644e001\" data-element_type=\"section\">\n\t\t\t\t\t\t<div class=\"elementor-container elementor-column-gap-default\">\n\t\t\t\t\t<div class=\"elementor-column elementor-col-100 elementor-top-column elementor-element elementor-element-d82920d\" data-id=\"d82920d\" data-element_type=\"column\">\n\t\t\t<div class=\"elementor-widget-wrap elementor-element-populated\">\n\t\t\t\t\t\t<div class=\"elementor-element elementor-element-bec9840 elementor-hidden-desktop elementor-hidden-tablet elementor-widget elementor-widget-text-editor\" data-id=\"bec9840\" data-element_type=\"widget\" data-widget_type=\"text-editor.default\">\n\t\t\t\t<div class=\"elementor-widget-container\">\n\t\t\t\t\t\t\t<p>Studiem zam\u011b\u0159en\u00ed In\u017een\u00fdrstv\u00ed pevn\u00fdch l\u00e1tek z\u00edsk\u00e1te titul bakal\u00e1\u0159e a pot\u00e9\u00a0in\u017een\u00fdra a kvalifikaci pro pr\u00e1ci ve v\u00fdzkumn\u00fdch a v\u00fdvojov\u00fdch laborato\u0159\u00edch, zab\u00fdvaj\u00edc\u00edch se vlastnostmi pevn\u00fdch l\u00e1tek.<\/p><p>Mechanick\u00e9, elektrick\u00e9, magnetick\u00e9 a optick\u00e9 vlastnosti l\u00e1tek p\u0159edur\u010duj\u00ed mo\u017enosti jejich vyu\u017eit\u00ed. Pevn\u00e9 l\u00e1tky dr\u017e\u00ed pohromad\u011b va\u0161e \u0161lapac\u00ed kolo stejn\u011b jako lopatky turb\u00edny ob\u0159\u00edho kompresoru. Dok\u00e1\u017e\u00ed ve sv\u00fdch krystalov\u00fdch m\u0159\u00ed\u017ek\u00e1ch zachycovat, ukr\u00fdvat a pozd\u011bji vyd\u00e1vat informace o nejr\u016fzn\u011bj\u0161\u00edch procesech. Reaguj\u00ed citliv\u011b zm\u011bnou sv\u00fdch vlastnost\u00ed na t\u00e9m\u011b\u0159 jak\u00e9koliv podn\u011bty a mohou tak slou\u017eit nap\u0159\u00edklad k m\u011b\u0159en\u00ed zne\u010di\u0161t\u011bn\u00ed ovzdu\u0161\u00ed nebo detektovat \u010d\u00e1stice produkovan\u00e9 v nejslo\u017eit\u011bj\u0161\u00edch urychlova\u010d\u00edch p\u0159i odhalov\u00e1n\u00ed tajemstv\u00ed vzniku vesm\u00edru.<\/p><p>Tam, kde je t\u0159eba prov\u00e1d\u011bt anal\u00fdzu vlastnost\u00ed pevn\u00fdch l\u00e1tek, vyhled\u00e1vat nebo p\u0159\u00edmo vyr\u00e1b\u011bt pevn\u00e9 l\u00e1tky dan\u00fdch vlastnost\u00ed a \u010dasto i nesm\u00edrn\u00fdch hodnot, tam se uplatn\u00ed n\u00e1\u0161 absolvent. Bude jej pot\u0159ebovat ka\u017ed\u00e1 firma, maj\u00edc\u00ed ambice za\u0159adit se mezi p\u0159edn\u00ed sv\u011btov\u00e9 firmy co do kvality, spolehlivosti a vyu\u017eit\u00ed \u0161pi\u010dkov\u00fdch technologi\u00ed.<\/p><p>Zam\u011b\u0159en\u00ed pat\u0159\u00ed do oboru Fyzik\u00e1ln\u00ed in\u017een\u00fdrstv\u00ed s hlubok\u00fdm teoreticko-experiment\u00e1ln\u00edm a in\u017een\u00fdrsk\u00fdm z\u00e1kladem. Poskytuje znalosti metod matematick\u00e9 anal\u00fdzy, algebry, numerick\u00e9 matematiky a statistiky a vyu\u017e\u00edv\u00e1n\u00ed v\u00fdpo\u010detn\u00ed techniky. Z fyziky pod\u00e1v\u00e1 z\u00e1kladn\u00ed teoretick\u00e9 a experiment\u00e1ln\u00ed poznatky klasick\u00e9 fyziky, kvantov\u00e9 a jadern\u00e9 fyziky, fyziky pevn\u00fdch l\u00e1tek a teoretick\u00e9 a praktick\u00e9 metody elektroniky.<\/p><p>Studenti z\u00edsk\u00e1vaj\u00ed speci\u00e1ln\u00ed vzd\u011bl\u00e1n\u00ed z technologie a aplikace kovov\u00fdch, polovodiv\u00fdch i dielektrick\u00fdch krystal\u016f, odbornou kvalifikaci v aplikaci difrak\u010dn\u00edch metod rentgenov\u00e9ho z\u00e1\u0159en\u00ed a neutron\u016f ve strukturn\u00ed anal\u00fdze a materi\u00e1lov\u00e9m v\u00fdzkumu, ve fyzice n\u00edzk\u00fdch teplot a supravodivosti. Sou\u010d\u00e1st\u00ed v\u00fdchovy je aplikace po\u010d\u00edta\u010dov\u00fdch metod v oblasti modelov\u00e1n\u00ed fyzik\u00e1ln\u00edch a technologick\u00fdch postup\u016f, po\u0159izov\u00e1n\u00ed a zpracov\u00e1n\u00ed experiment\u00e1ln\u00edch dat, ve vyu\u017e\u00edv\u00e1n\u00ed datab\u00e1z\u00ed a komunikac\u00ed po mezin\u00e1rodn\u00edch po\u010d\u00edta\u010dov\u00fdch s\u00edt\u00edch.<\/p>\t\t\t\t\t\t<\/div>\n\t\t\t\t<\/div>\n\t\t\t\t\t<\/div>\n\t\t<\/div>\n\t\t\t\t\t<\/div>\n\t\t<\/section>\n\t\t\t\t<section class=\"elementor-section elementor-top-section elementor-element elementor-element-e41759d elementor-section-boxed elementor-section-height-default elementor-section-height-default\" data-id=\"e41759d\" data-element_type=\"section\">\n\t\t\t\t\t\t<div class=\"elementor-container elementor-column-gap-default\">\n\t\t\t\t\t<div class=\"elementor-column elementor-col-100 elementor-top-column elementor-element elementor-element-ae627a7\" data-id=\"ae627a7\" data-element_type=\"column\">\n\t\t\t<div class=\"elementor-widget-wrap elementor-element-populated\">\n\t\t\t\t\t\t<div class=\"elementor-element elementor-element-6776ee5 elementor-hidden-desktop elementor-hidden-tablet elementor-widget elementor-widget-image\" data-id=\"6776ee5\" data-element_type=\"widget\" data-widget_type=\"image.default\">\n\t\t\t\t<div class=\"elementor-widget-container\">\n\t\t\t\t\t\t\t\t\t\t\t\t\t<img loading=\"lazy\" decoding=\"async\" width=\"723\" height=\"1024\" src=\"https:\/\/kiplweb.fjfi.cvut.cz\/web\/wp-content\/uploads\/2021\/02\/KIPL-final-1-723x1024.jpg\" class=\"attachment-large size-large wp-image-2872\" alt=\"\" srcset=\"https:\/\/kiplweb.fjfi.cvut.cz\/web\/wp-content\/uploads\/2021\/02\/KIPL-final-1-723x1024.jpg 723w, https:\/\/kiplweb.fjfi.cvut.cz\/web\/wp-content\/uploads\/2021\/02\/KIPL-final-1-212x300.jpg 212w, https:\/\/kiplweb.fjfi.cvut.cz\/web\/wp-content\/uploads\/2021\/02\/KIPL-final-1-768x1088.jpg 768w, https:\/\/kiplweb.fjfi.cvut.cz\/web\/wp-content\/uploads\/2021\/02\/KIPL-final-1-1084x1536.jpg 1084w, https:\/\/kiplweb.fjfi.cvut.cz\/web\/wp-content\/uploads\/2021\/02\/KIPL-final-1-1446x2048.jpg 1446w, https:\/\/kiplweb.fjfi.cvut.cz\/web\/wp-content\/uploads\/2021\/02\/KIPL-final-1-8x12.jpg 8w, https:\/\/kiplweb.fjfi.cvut.cz\/web\/wp-content\/uploads\/2021\/02\/KIPL-final-1-830x1176.jpg 830w, https:\/\/kiplweb.fjfi.cvut.cz\/web\/wp-content\/uploads\/2021\/02\/KIPL-final-1-230x326.jpg 230w, https:\/\/kiplweb.fjfi.cvut.cz\/web\/wp-content\/uploads\/2021\/02\/KIPL-final-1-350x496.jpg 350w, https:\/\/kiplweb.fjfi.cvut.cz\/web\/wp-content\/uploads\/2021\/02\/KIPL-final-1-480x680.jpg 480w, https:\/\/kiplweb.fjfi.cvut.cz\/web\/wp-content\/uploads\/2021\/02\/KIPL-final-1-scaled.jpg 1807w\" sizes=\"(max-width: 723px) 100vw, 723px\" \/>\t\t\t\t\t\t\t\t\t\t\t\t\t<\/div>\n\t\t\t\t<\/div>\n\t\t\t\t\t<\/div>\n\t\t<\/div>\n\t\t\t\t\t<\/div>\n\t\t<\/section>\n\t\t\t\t<\/div>","protected":false},"excerpt":{"rendered":"<p>Studium na KIPL Chcete vytv\u00e1\u0159et krystaly cenn\u011bj\u0161\u00ed ne\u017e diamanty? Sta\u0148te se in\u017een\u00fdry pevn\u00fdch l\u00e1tek! Charakteristika katedry Z\u00e1kladn\u00ed informace Pro\u010d u n\u00e1s studovat &#8211;&gt; Studium na KIPL Uplatn\u011bn\u00ed absolvent\u016f Historie FPL V\u00fdznamn\u00e9 osobnosti Studiem zam\u011b\u0159en\u00ed In\u017een\u00fdrstv\u00ed pevn\u00fdch l\u00e1tek z\u00edsk\u00e1te titul bakal\u00e1\u0159e [&hellip;]<\/p>","protected":false},"author":3,"featured_media":463,"parent":0,"menu_order":0,"comment_status":"closed","ping_status":"closed","template":"elementor_header_footer","meta":{"footnotes":""},"folder":[11],"class_list":["post-2867","page","type-page","status-publish","has-post-thumbnail","hentry"],"_links":{"self":[{"href":"https:\/\/kiplweb.fjfi.cvut.cz\/web\/en\/wp-json\/wp\/v2\/pages\/2867","targetHints":{"allow":["GET"]}}],"collection":[{"href":"https:\/\/kiplweb.fjfi.cvut.cz\/web\/en\/wp-json\/wp\/v2\/pages"}],"about":[{"href":"https:\/\/kiplweb.fjfi.cvut.cz\/web\/en\/wp-json\/wp\/v2\/types\/page"}],"author":[{"embeddable":true,"href":"https:\/\/kiplweb.fjfi.cvut.cz\/web\/en\/wp-json\/wp\/v2\/users\/3"}],"replies":[{"embeddable":true,"href":"https:\/\/kiplweb.fjfi.cvut.cz\/web\/en\/wp-json\/wp\/v2\/comments?post=2867"}],"version-history":[{"count":10,"href":"https:\/\/kiplweb.fjfi.cvut.cz\/web\/en\/wp-json\/wp\/v2\/pages\/2867\/revisions"}],"predecessor-version":[{"id":3753,"href":"https:\/\/kiplweb.fjfi.cvut.cz\/web\/en\/wp-json\/wp\/v2\/pages\/2867\/revisions\/3753"}],"wp:featuredmedia":[{"embeddable":true,"href":"https:\/\/kiplweb.fjfi.cvut.cz\/web\/en\/wp-json\/wp\/v2\/media\/463"}],"wp:attachment":[{"href":"https:\/\/kiplweb.fjfi.cvut.cz\/web\/en\/wp-json\/wp\/v2\/media?parent=2867"}],"wp:term":[{"taxonomy":"folder","embeddable":true,"href":"https:\/\/kiplweb.fjfi.cvut.cz\/web\/en\/wp-json\/wp\/v2\/folder?post=2867"}],"curies":[{"name":"wp","href":"https:\/\/api.w.org\/{rel}","templated":true}]}}