{"id":2547,"date":"2021-02-13T10:36:41","date_gmt":"2021-02-13T09:36:41","guid":{"rendered":"https:\/\/kiplweb.fjfi.cvut.cz\/wordpress\/?page_id=2547"},"modified":"2021-02-13T18:06:42","modified_gmt":"2021-02-13T17:06:42","slug":"sscssp-6-kontakty","status":"publish","type":"page","link":"https:\/\/kiplweb.fjfi.cvut.cz\/web\/en\/sscssp-6-kontakty\/","title":{"rendered":"SSCSSP-6 Kontakty"},"content":{"rendered":"<div data-elementor-type=\"wp-page\" data-elementor-id=\"2547\" class=\"elementor elementor-2547\">\n\t\t\t\t\t\t<section class=\"elementor-section elementor-top-section elementor-element elementor-element-d442a7c elementor-section-boxed elementor-section-height-default elementor-section-height-default\" data-id=\"d442a7c\" data-element_type=\"section\">\n\t\t\t\t\t\t<div class=\"elementor-container elementor-column-gap-default\">\n\t\t\t\t\t<div class=\"elementor-column elementor-col-50 elementor-top-column elementor-element elementor-element-df67519\" data-id=\"df67519\" data-element_type=\"column\">\n\t\t\t<div class=\"elementor-widget-wrap elementor-element-populated\">\n\t\t\t\t\t\t<div class=\"elementor-element elementor-element-4250db3 elementor-align-justify elementor-widget__width-inherit elementor-widget elementor-widget-button\" data-id=\"4250db3\" data-element_type=\"widget\" data-widget_type=\"button.default\">\n\t\t\t\t<div class=\"elementor-widget-container\">\n\t\t\t\t\t<div class=\"elementor-button-wrapper\">\n\t\t\t<a class=\"elementor-button elementor-button-link elementor-size-xs\" href=\"https:\/\/kiplweb.fjfi.cvut.cz\/web\/en\/wordpress\/sscssp\/\">\n\t\t\t\t\t\t<span class=\"elementor-button-content-wrapper\">\n\t\t\t\t\t\t\t\t\t<span class=\"elementor-button-text\">SSCSSP<\/span>\n\t\t\t\t\t<\/span>\n\t\t\t\t\t<\/a>\n\t\t<\/div>\n\t\t\t\t<\/div>\n\t\t\t\t<\/div>\n\t\t\t\t<div class=\"elementor-element elementor-element-843c8f4 elementor-widget elementor-widget-heading\" data-id=\"843c8f4\" data-element_type=\"widget\" data-widget_type=\"heading.default\">\n\t\t\t\t<div class=\"elementor-widget-container\">\n\t\t\t<h2 class=\"elementor-heading-title elementor-size-default\">Kontakty<\/h2>\t\t<\/div>\n\t\t\t\t<\/div>\n\t\t\t\t\t<\/div>\n\t\t<\/div>\n\t\t\t\t<div class=\"elementor-column elementor-col-50 elementor-top-column elementor-element elementor-element-c7ce757\" data-id=\"c7ce757\" data-element_type=\"column\">\n\t\t\t<div class=\"elementor-widget-wrap elementor-element-populated\">\n\t\t\t\t\t\t<div class=\"elementor-element elementor-element-23e1888 elementor-widget elementor-widget-heading\" data-id=\"23e1888\" data-element_type=\"widget\" data-widget_type=\"heading.default\">\n\t\t\t\t<div class=\"elementor-widget-container\">\n\t\t\t<h6 class=\"elementor-heading-title elementor-size-default\"><br>SSCSSP-6<\/h6>\t\t<\/div>\n\t\t\t\t<\/div>\n\t\t\t\t<div class=\"elementor-element elementor-element-9e03532 elementor-widget-divider--view-line elementor-widget elementor-widget-divider\" data-id=\"9e03532\" data-element_type=\"widget\" data-widget_type=\"divider.default\">\n\t\t\t\t<div class=\"elementor-widget-container\">\n\t\t\t\t\t<div class=\"elementor-divider\">\n\t\t\t<span class=\"elementor-divider-separator\">\n\t\t\t\t\t\t<\/span>\n\t\t<\/div>\n\t\t\t\t<\/div>\n\t\t\t\t<\/div>\n\t\t\t\t<div class=\"elementor-element elementor-element-fb572e5 elementor-widget elementor-widget-text-editor\" data-id=\"fb572e5\" data-element_type=\"widget\" data-widget_type=\"text-editor.default\">\n\t\t\t\t<div class=\"elementor-widget-container\">\n\t\t\t\t\t\t\t<ol><li><a href=\"https:\/\/kiplweb.fjfi.cvut.cz\/web\/en\/wordpress\/sscssp-6-uvod\/\"><span style=\"color: #336699;\"><b>Home<\/b><\/span><\/a><\/li><li><strong><span style=\"color: #000000;\">&#8211;&gt; Kontakty<\/span><\/strong><\/li><li><span style=\"color: #336699;\"><a style=\"font-weight: bold; color: #336699;\" title=\"\" href=\"http:\/\/www.kbssped.cz\/\">M\u00edsto kon\u00e1n\u00ed &#8211; Zahr\u00e1dka v Sedli\u0161ti<\/a><\/span><\/li><li><span style=\"color: #336699;\"><a style=\"font-weight: bold; color: #336699;\" title=\"\" href=\"https:\/\/kipl-indico.fjfi.cvut.cz\/\">Registrace <\/a><span style=\"color: #000000;\"><strong>&#8211; uzav\u0159ena<\/strong><\/span><\/span><\/li><li><span style=\"color: #336699;\"><a style=\"font-weight: bold; color: #336699;\" title=\"\" href=\"https:\/\/kiplweb.fjfi.cvut.cz\/web\/en\/wordpress\/sscssp-6-pokyny-pro-prednasejici\/\">Pokyny pro p\u0159edn\u00e1\u0161ej\u00ed<\/a><\/span><\/li><li><span style=\"color: #336699;\"><a style=\"font-weight: bold; color: #336699;\" title=\"\" href=\"https:\/\/kiplweb.fjfi.cvut.cz\/web\/en\/wordpress\/sscssp-6-fotogalerie\/\">Fotogalerie<\/a><\/span><\/li><li><span style=\"color: #336699;\"><strong><a style=\"color: #336699;\" href=\"https:\/\/kiplwww.fjfi.cvut.cz\/drupal7\/sites\/default\/files\/sbornik_SSCSSP6_v7_full_compressed_web.pdf\">Sborn\u00edk<\/a><\/strong><\/span><\/li><\/ol>\t\t\t\t\t\t<\/div>\n\t\t\t\t<\/div>\n\t\t\t\t\t<\/div>\n\t\t<\/div>\n\t\t\t\t\t<\/div>\n\t\t<\/section>\n\t\t\t\t<section class=\"elementor-section elementor-top-section elementor-element elementor-element-8bc324c elementor-section-boxed elementor-section-height-default elementor-section-height-default\" data-id=\"8bc324c\" data-element_type=\"section\">\n\t\t\t\t\t\t<div class=\"elementor-container elementor-column-gap-default\">\n\t\t\t\t\t<div class=\"elementor-column elementor-col-100 elementor-top-column elementor-element elementor-element-2f5ed09\" data-id=\"2f5ed09\" data-element_type=\"column\">\n\t\t\t<div class=\"elementor-widget-wrap elementor-element-populated\">\n\t\t\t\t\t\t<div class=\"elementor-element elementor-element-1c661c9 elementor-widget-divider--view-line elementor-widget elementor-widget-divider\" data-id=\"1c661c9\" data-element_type=\"widget\" data-widget_type=\"divider.default\">\n\t\t\t\t<div class=\"elementor-widget-container\">\n\t\t\t\t\t<div class=\"elementor-divider\">\n\t\t\t<span class=\"elementor-divider-separator\">\n\t\t\t\t\t\t<\/span>\n\t\t<\/div>\n\t\t\t\t<\/div>\n\t\t\t\t<\/div>\n\t\t\t\t<div class=\"elementor-element elementor-element-b4f8a68 elementor-widget elementor-widget-text-editor\" data-id=\"b4f8a68\" data-element_type=\"widget\" data-widget_type=\"text-editor.default\">\n\t\t\t\t<div class=\"elementor-widget-container\">\n\t\t\t\t\t\t\t<table border=\"2\" cellspacing=\"2\" cellpadding=\"2\"><tbody><tr><td>Jm\u00e9no<\/td><td>Funkce<\/td><td>E-mail<\/td><\/tr><tr><td><a href=\"https:\/\/kiplweb.fjfi.cvut.cz\/web\/en\/wordpress\/kalvoda\/\">Doc. Ing. Ladislav Kalvoda, CSc.<\/a><\/td><td>p\u0159edseda organiza\u010dn\u00edho v\u00fdboru<\/td><td><a title=\"ladislav.kalvoda@fjfi.cvut.cz\" href=\"mailto:ladislav.kalvoda@fjfi.cvut.cz\">ladislav.kalvoda@fjfi.cvut.cz<\/a><\/td><\/tr><tr><td><a href=\"https:\/\/kiplweb.fjfi.cvut.cz\/web\/en\/wordpress\/dragounova\/\">Ing. Kate\u0159ina Dragounov\u00e1<\/a><\/td><td>tajemn\u00edk organiza\u010dn\u00edho v\u00fdboru<\/td><td><a title=\"jaroslava.fojtikova@fjfi.cvut.cz\" href=\"mailto:katerina.dragounova@fjfi.cvut.cz\">katerina.dragounova@fjfi.cvut.cz<\/a><\/td><\/tr><tr><td><p><a href=\"https:\/\/kiplweb.fjfi.cvut.cz\/web\/en\/wordpress\/jakoubkova\/\">Ing. Jaroslava Fojt\u00edkov\u00e1<\/a><\/p><\/td><td>\u010dlen organiza\u010dn\u00edho v\u00fdboru<\/td><td><a title=\"jaroslava.fojtikova@fjfi.cvut.cz\" href=\"mailto:jaroslava.fojtikova@fjfi.cvut.cz\">jaroslava.fojtikova@fjfi.cvut.cz<\/a><\/td><\/tr><tr><td><p><a href=\"https:\/\/kiplweb.fjfi.cvut.cz\/web\/en\/wordpress\/drab\/\">Ing. Martin Dr\u00e1b, Ph.D.<\/a><\/p><\/td><td>\u010dlen organiza\u010dn\u00edho v\u00fdboru<\/td><td><a title=\"martin.drab@fjfi.cvut.cz\" href=\"mailto:martin.drab@fjfi.cvut.cz\">martin.drab@fjfi.cvut.cz<\/a><\/td><\/tr><tr><td><a href=\"https:\/\/kiplweb.fjfi.cvut.cz\/web\/en\/wordpress\/aubrecht\/\">Ing. Jan Aubrecht, Ph.D.<\/a><\/td><td>\u010dlen organiza\u010dn\u00edho v\u00fdboru<\/td><td><a title=\" jan.aubrecht@fjfi.cvut.cz\" href=\"mailto:jan.aubrecht@fjfi.cvut.cz\">jan.aubrecht@fjfi.cvut.cz<\/a><\/td><\/tr><tr><td>Ing. Tom\u00e1\u0161 Koubsk\u00fd<\/td><td>\u010dlen organiza\u010dn\u00edho v\u00fdboru<\/td><td><a title=\"tomas.koubsky@fjfi.cvut.cz\" href=\"mailto:tomas.koubsky@fjfi.cvut.cz\">tomas.koubsky@fjfi.cvut.cz<\/a><\/td><\/tr><\/tbody><\/table>\t\t\t\t\t\t<\/div>\n\t\t\t\t<\/div>\n\t\t\t\t\t<\/div>\n\t\t<\/div>\n\t\t\t\t\t<\/div>\n\t\t<\/section>\n\t\t\t\t<\/div>","protected":false},"excerpt":{"rendered":"<p>SSCSSP Kontakty SSCSSP-6 \u00davod &#8211;&gt; Kontakty M\u00edsto kon\u00e1n\u00ed &#8211; Zahr\u00e1dka v Sedli\u0161ti Registrace &#8211; uzav\u0159ena Pokyny pro p\u0159edn\u00e1\u0161ej\u00ed Fotogalerie Sborn\u00edk Jm\u00e9no Funkce E-mail Doc. Ing. Ladislav Kalvoda, CSc. p\u0159edseda organiza\u010dn\u00edho v\u00fdboru ladislav.kalvoda@fjfi.cvut.cz Ing. Kate\u0159ina Dragounov\u00e1 tajemn\u00edk organiza\u010dn\u00edho v\u00fdboru katerina.dragounova@fjfi.cvut.cz Ing. [&hellip;]<\/p>","protected":false},"author":3,"featured_media":0,"parent":0,"menu_order":0,"comment_status":"closed","ping_status":"closed","template":"elementor_header_footer","meta":{"footnotes":""},"folder":[30],"class_list":["post-2547","page","type-page","status-publish","hentry"],"_links":{"self":[{"href":"https:\/\/kiplweb.fjfi.cvut.cz\/web\/en\/wp-json\/wp\/v2\/pages\/2547","targetHints":{"allow":["GET"]}}],"collection":[{"href":"https:\/\/kiplweb.fjfi.cvut.cz\/web\/en\/wp-json\/wp\/v2\/pages"}],"about":[{"href":"https:\/\/kiplweb.fjfi.cvut.cz\/web\/en\/wp-json\/wp\/v2\/types\/page"}],"author":[{"embeddable":true,"href":"https:\/\/kiplweb.fjfi.cvut.cz\/web\/en\/wp-json\/wp\/v2\/users\/3"}],"replies":[{"embeddable":true,"href":"https:\/\/kiplweb.fjfi.cvut.cz\/web\/en\/wp-json\/wp\/v2\/comments?post=2547"}],"version-history":[{"count":19,"href":"https:\/\/kiplweb.fjfi.cvut.cz\/web\/en\/wp-json\/wp\/v2\/pages\/2547\/revisions"}],"predecessor-version":[{"id":2796,"href":"https:\/\/kiplweb.fjfi.cvut.cz\/web\/en\/wp-json\/wp\/v2\/pages\/2547\/revisions\/2796"}],"wp:attachment":[{"href":"https:\/\/kiplweb.fjfi.cvut.cz\/web\/en\/wp-json\/wp\/v2\/media?parent=2547"}],"wp:term":[{"taxonomy":"folder","embeddable":true,"href":"https:\/\/kiplweb.fjfi.cvut.cz\/web\/en\/wp-json\/wp\/v2\/folder?post=2547"}],"curies":[{"name":"wp","href":"https:\/\/api.w.org\/{rel}","templated":true}]}}