{"id":2463,"date":"2021-02-12T15:47:29","date_gmt":"2021-02-12T14:47:29","guid":{"rendered":"https:\/\/kiplweb.fjfi.cvut.cz\/wordpress\/?page_id=2463"},"modified":"2021-02-12T15:57:16","modified_gmt":"2021-02-12T14:57:16","slug":"sscssp-5-ohlednuti","status":"publish","type":"page","link":"https:\/\/kiplweb.fjfi.cvut.cz\/web\/en\/sscssp-5-ohlednuti\/","title":{"rendered":"SSCSSP-5 Ohl\u00e9dnut\u00ed"},"content":{"rendered":"<div data-elementor-type=\"wp-page\" data-elementor-id=\"2463\" class=\"elementor elementor-2463\">\n\t\t\t\t\t\t<section class=\"elementor-section elementor-top-section elementor-element elementor-element-d442a7c elementor-section-boxed elementor-section-height-default elementor-section-height-default\" data-id=\"d442a7c\" data-element_type=\"section\">\n\t\t\t\t\t\t<div class=\"elementor-container elementor-column-gap-default\">\n\t\t\t\t\t<div class=\"elementor-column elementor-col-50 elementor-top-column elementor-element elementor-element-df67519\" data-id=\"df67519\" data-element_type=\"column\">\n\t\t\t<div class=\"elementor-widget-wrap elementor-element-populated\">\n\t\t\t\t\t\t<div class=\"elementor-element elementor-element-934615d elementor-align-justify elementor-widget__width-inherit elementor-widget elementor-widget-button\" data-id=\"934615d\" data-element_type=\"widget\" data-widget_type=\"button.default\">\n\t\t\t\t<div class=\"elementor-widget-container\">\n\t\t\t\t\t<div class=\"elementor-button-wrapper\">\n\t\t\t<a class=\"elementor-button elementor-button-link elementor-size-xs\" href=\"https:\/\/kiplweb.fjfi.cvut.cz\/web\/en\/wordpress\/pracoviste\/\">\n\t\t\t\t\t\t<span class=\"elementor-button-content-wrapper\">\n\t\t\t\t\t\t\t\t\t<span class=\"elementor-button-text\">SSCSSP<\/span>\n\t\t\t\t\t<\/span>\n\t\t\t\t\t<\/a>\n\t\t<\/div>\n\t\t\t\t<\/div>\n\t\t\t\t<\/div>\n\t\t\t\t<div class=\"elementor-element elementor-element-843c8f4 elementor-widget elementor-widget-heading\" data-id=\"843c8f4\" data-element_type=\"widget\" data-widget_type=\"heading.default\">\n\t\t\t\t<div class=\"elementor-widget-container\">\n\t\t\t<h2 class=\"elementor-heading-title elementor-size-default\">Ohl\u00e9dnut\u00ed za p\u00e1t\u00fdm ro\u010dn\u00edkem Studentsk\u00e9 v\u011bdeck\u00e9 konference FPL<\/h2>\t\t<\/div>\n\t\t\t\t<\/div>\n\t\t\t\t<div class=\"elementor-element elementor-element-2ca99ef elementor-widget__width-initial elementor-widget elementor-widget-text-editor\" data-id=\"2ca99ef\" data-element_type=\"widget\" data-widget_type=\"text-editor.default\">\n\t\t\t\t<div class=\"elementor-widget-container\">\n\t\t\t\t\t\t\t<h3><a href=\"https:\/\/kiplweb.fjfi.cvut.cz\/web\/en\/wordpress\/kalvoda\/\">Ladislav Kalvoda<\/a>, vedouc\u00ed KIPL<\/h3>\t\t\t\t\t\t<\/div>\n\t\t\t\t<\/div>\n\t\t\t\t<div class=\"elementor-element elementor-element-cbf099e elementor-widget elementor-widget-text-editor\" data-id=\"cbf099e\" data-element_type=\"widget\" data-widget_type=\"text-editor.default\">\n\t\t\t\t<div class=\"elementor-widget-container\">\n\t\t\t\t\t\t\t<p><img fetchpriority=\"high\" decoding=\"async\" class=\"alignnone wp-image-2481 size-full\" src=\"https:\/\/kiplweb.fjfi.cvut.cz\/wordpress\/wp-content\/uploads\/2021\/02\/sscssp5-1-e1613141688855.jpg\" alt=\"\" width=\"998\" height=\"450\" srcset=\"https:\/\/kiplweb.fjfi.cvut.cz\/web\/wp-content\/uploads\/2021\/02\/sscssp5-1-e1613141688855.jpg 998w, https:\/\/kiplweb.fjfi.cvut.cz\/web\/wp-content\/uploads\/2021\/02\/sscssp5-1-e1613141688855-300x135.jpg 300w, https:\/\/kiplweb.fjfi.cvut.cz\/web\/wp-content\/uploads\/2021\/02\/sscssp5-1-e1613141688855-768x346.jpg 768w, https:\/\/kiplweb.fjfi.cvut.cz\/web\/wp-content\/uploads\/2021\/02\/sscssp5-1-e1613141688855-16x7.jpg 16w, https:\/\/kiplweb.fjfi.cvut.cz\/web\/wp-content\/uploads\/2021\/02\/sscssp5-1-e1613141688855-830x374.jpg 830w, https:\/\/kiplweb.fjfi.cvut.cz\/web\/wp-content\/uploads\/2021\/02\/sscssp5-1-e1613141688855-230x104.jpg 230w, https:\/\/kiplweb.fjfi.cvut.cz\/web\/wp-content\/uploads\/2021\/02\/sscssp5-1-e1613141688855-350x158.jpg 350w, https:\/\/kiplweb.fjfi.cvut.cz\/web\/wp-content\/uploads\/2021\/02\/sscssp5-1-e1613141688855-480x216.jpg 480w\" sizes=\"(max-width: 998px) 100vw, 998px\" \/><\/p>\t\t\t\t\t\t<\/div>\n\t\t\t\t<\/div>\n\t\t\t\t\t<\/div>\n\t\t<\/div>\n\t\t\t\t<div class=\"elementor-column elementor-col-50 elementor-top-column elementor-element elementor-element-c7ce757\" data-id=\"c7ce757\" data-element_type=\"column\">\n\t\t\t<div class=\"elementor-widget-wrap elementor-element-populated\">\n\t\t\t\t\t\t<div class=\"elementor-element elementor-element-23e1888 elementor-widget elementor-widget-heading\" data-id=\"23e1888\" data-element_type=\"widget\" data-widget_type=\"heading.default\">\n\t\t\t\t<div class=\"elementor-widget-container\">\n\t\t\t<h6 class=\"elementor-heading-title elementor-size-default\"><br>SSCSSP-5<\/h6>\t\t<\/div>\n\t\t\t\t<\/div>\n\t\t\t\t<div class=\"elementor-element elementor-element-f1a7522 elementor-widget-divider--view-line elementor-widget elementor-widget-divider\" data-id=\"f1a7522\" data-element_type=\"widget\" data-widget_type=\"divider.default\">\n\t\t\t\t<div class=\"elementor-widget-container\">\n\t\t\t\t\t<div class=\"elementor-divider\">\n\t\t\t<span class=\"elementor-divider-separator\">\n\t\t\t\t\t\t<\/span>\n\t\t<\/div>\n\t\t\t\t<\/div>\n\t\t\t\t<\/div>\n\t\t\t\t<div class=\"elementor-element elementor-element-fb572e5 elementor-widget elementor-widget-text-editor\" data-id=\"fb572e5\" data-element_type=\"widget\" data-widget_type=\"text-editor.default\">\n\t\t\t\t<div class=\"elementor-widget-container\">\n\t\t\t\t\t\t\t<ol><li><a href=\"https:\/\/kiplweb.fjfi.cvut.cz\/web\/en\/wordpress\/sscssp-5-uvod\/\"><span style=\"color: #336699;\"><b>Home<\/b><\/span><\/a><\/li><li><strong><span style=\"color: #336699;\"><span style=\"color: #000000;\">&#8211;&gt;<\/span><span style=\"color: #000000;\"> Ohl\u00e9dnut\u00ed za p\u00e1t\u00fdm ro\u010dn\u00edkem SSCSSP<\/span><\/span><\/strong><\/li><li><strong><a href=\"https:\/\/kiplweb.fjfi.cvut.cz\/web\/en\/wordpress\/sscssp-5-fotogalerie\/\"><span style=\"color: #336699;\">Fotogalerie<\/span><\/a><\/strong><\/li><li><span style=\"color: #336699;\"><a style=\"font-weight: bold; color: #336699;\" title=\"\" href=\"https:\/\/www.penzion-kaminek.cz\/\">M\u00edsto kon\u00e1n\u00ed &#8211; Penzion Kam\u00ednek<\/a><\/span><\/li><li><span style=\"color: #336699;\"><a style=\"font-weight: bold; color: #336699;\" title=\"\" href=\"https:\/\/kipl-indico.fjfi.cvut.cz\/\">Registrace (pro studenty FJFI) <\/a><span style=\"color: #000000;\"><strong>&#8211; uzav\u0159ena<\/strong><\/span><\/span><\/li><li><span style=\"color: #336699;\"><strong><a style=\"color: #336699;\" href=\"https:\/\/kiplwww.fjfi.cvut.cz\/files\/SSCSSP5-sbornik.pdf\">Sborn\u00edk<\/a><\/strong><\/span><\/li><\/ol>\t\t\t\t\t\t<\/div>\n\t\t\t\t<\/div>\n\t\t\t\t<div class=\"elementor-element elementor-element-9e03532 elementor-widget-divider--view-line elementor-widget elementor-widget-divider\" data-id=\"9e03532\" data-element_type=\"widget\" data-widget_type=\"divider.default\">\n\t\t\t\t<div class=\"elementor-widget-container\">\n\t\t\t\t\t<div class=\"elementor-divider\">\n\t\t\t<span class=\"elementor-divider-separator\">\n\t\t\t\t\t\t<\/span>\n\t\t<\/div>\n\t\t\t\t<\/div>\n\t\t\t\t<\/div>\n\t\t\t\t\t<\/div>\n\t\t<\/div>\n\t\t\t\t\t<\/div>\n\t\t<\/section>\n\t\t\t\t<section class=\"elementor-section elementor-top-section elementor-element elementor-element-8bc324c elementor-section-boxed elementor-section-height-default elementor-section-height-default\" data-id=\"8bc324c\" data-element_type=\"section\">\n\t\t\t\t\t\t<div class=\"elementor-container elementor-column-gap-default\">\n\t\t\t\t\t<div class=\"elementor-column elementor-col-100 elementor-top-column elementor-element elementor-element-2f5ed09\" data-id=\"2f5ed09\" data-element_type=\"column\">\n\t\t\t<div class=\"elementor-widget-wrap elementor-element-populated\">\n\t\t\t\t\t\t<div class=\"elementor-element elementor-element-1c661c9 elementor-widget-divider--view-line elementor-widget elementor-widget-divider\" data-id=\"1c661c9\" data-element_type=\"widget\" data-widget_type=\"divider.default\">\n\t\t\t\t<div class=\"elementor-widget-container\">\n\t\t\t\t\t<div class=\"elementor-divider\">\n\t\t\t<span class=\"elementor-divider-separator\">\n\t\t\t\t\t\t<\/span>\n\t\t<\/div>\n\t\t\t\t<\/div>\n\t\t\t\t<\/div>\n\t\t\t\t<div class=\"elementor-element elementor-element-b4f8a68 elementor-widget elementor-widget-text-editor\" data-id=\"b4f8a68\" data-element_type=\"widget\" data-widget_type=\"text-editor.default\">\n\t\t\t\t<div class=\"elementor-widget-container\">\n\t\t\t\t\t\t\t<p>M\u00edstem kon\u00e1n\u00ed konference byl op\u011bt, tak jako v roce lo\u0148sk\u00e9m, penzion Kam\u00ednek situovan\u00fd v By\u0148ov\u011b pobl\u00ed\u017e Nov\u00fdch Hrad\u016f v ji\u017en\u00edch \u010cech\u00e1ch. Na rozd\u00edl od p\u0159edch\u00e1zej\u00edc\u00edch ro\u010dn\u00edk\u016f se leto\u0161n\u00ed konference konala v pozd\u011bj\u0161\u00edm term\u00ednu: 14. &#8211; 19. z\u00e1\u0159\u00ed 2015. Hlavn\u00edm d\u016fvodem pro tento posun byla snaha zabr\u00e1nit term\u00ednov\u00e9 kolizi s jinou v\u00fdznamnou dom\u00e1c\u00ed akc\u00ed &#8211; Kolokviem Struktura &#8211; po\u0159\u00e1danou ka\u017edoro\u010dn\u011b Kystalografickou spole\u010dnost\u00ed a Region\u00e1ln\u00edm komit\u00e9tem IUCr a zahrnuj\u00edc\u00ed p\u0159ehl\u00eddku studentsk\u00fdch prac\u00ed, na kter\u00e9 se na\u0161i studenti tradi\u010dn\u011b v\u00fdrazn\u011b a \u00fasp\u011b\u0161n\u011b pod\u00edl\u00ed.<br \/><br \/>Na leto\u0161n\u00ed SVK FPL 5 bylo presentov\u00e1no celkem 27 p\u0159\u00edsp\u011bvk\u016f (17 studentsk\u00fdch, 10 lektorsk\u00fdch). Obsahov\u00e1 i form\u00e1ln\u00ed kvalita p\u0159ednesen\u00fdch studentsk\u00fdch presentac\u00ed byla op\u011bt velmi dobr\u00e1, pln\u011b srovnateln\u00e1 s \u00farovn\u00ed, kterou m\u016f\u017eeme vid\u011bt na &#8222;dosp\u011bl\u00fdch&#8220; akc\u00edch. Tradi\u010dn\u011b vysokou a motivuj\u00edc\u00ed \u00farove\u0148 m\u011bly i diskuse n\u00e1sleduj\u00edc\u00ed po jednotliv\u00fdch vystoupen\u00edch. D\u00edky \u0161irok\u00e9mu tematick\u00e9mu z\u00e1b\u011bru \u00fa\u010dastn\u00edk\u016f na\u0161\u00ed akce (pokr\u00fdvaj\u00edc\u00edmu \u0159adu rozd\u00edln\u00fdch oblast\u00ed FPL: p\u0159\u00edpravu nov\u00fdch funk\u010dn\u00edch materi\u00e1l\u016f, difrak\u010dn\u00ed metody charakterizace re\u00e1ln\u00e9 struktury kov\u016f, slitin a biologick\u00fdch makromolekul, fotonick\u00e9 a termoelektrick\u00e9 aplikace, po\u010d\u00edta\u010dov\u00e9 simulace kondenzovan\u00fdch l\u00e1tek a experiment\u00e1ln\u00ed charakterizaci spektr\u00e1ln\u00edch vlastnost\u00ed) jsme byli, jako v p\u0159ede\u0161l\u00fdch letech, \u010dast\u00fdmi sv\u011bdky heuristick\u00e9ho efektu &#8222;progresivn\u00ed interference idej\u00ed&#8220;, p\u0159i kter\u00e9 byly podn\u011bty z jedn\u00e9 v\u011bdn\u00ed oblasti p\u0159en\u00e1\u0161eny do jin\u00e9 za vzniku nov\u00fdch n\u00e1pad\u016f &#8211; nov\u00e9 kvality &#8211; stimuluj\u00edc\u00ed dal\u0161\u00ed v\u00fdzkumn\u00e9 aktivity.<br \/><br \/>Tradi\u010dn\u00ed sou\u010d\u00e1st\u00ed programu byla poutav\u00e1 p\u0159edn\u00e1\u0161ka pana profesora Krause z historie fyziky v\u011bnovan\u00e1 letos (v souvislosti s \u0161edes\u00e1t\u00fdm v\u00fdro\u010d\u00edm zalo\u017een\u00ed na\u0161\u00ed Fakulty a pades\u00e1t\u00fdm p\u00e1t\u00fdm v\u00fdro\u010d\u00edm vzniku na\u0161\u00ed katedry) v\u00fdvoji jadern\u00fdch obor\u016f v \u010desk\u00fdch zem\u00edch. Podan\u00fd p\u0159ehled jednotliv\u00fdch osobnost\u00ed a jejich \u017eivotn\u00edch a odborn\u00fdch osud\u016f n\u00e1m dovolil nahl\u00e9dnout do m\u00e9n\u011b zn\u00e1m\u00fdch z\u00e1kout\u00ed v\u00e1\u017e\u00edc\u00edch se k m\u00edstn\u00edm po\u010d\u00e1tk\u016fm systematick\u00e9ho rozvoje jadern\u011b-fyzik\u00e1ln\u00edch obor\u016f v konci 19. a po\u010d\u00e1tku 20. stolet\u00ed.<br \/><br \/>Dal\u0161\u00ed, nem\u00e9n\u011b zaj\u00edmavou sou\u010d\u00e1st\u00ed programu byla exkurze na pracovi\u0161ti \u00dastavu nanobiologie a strukturn\u00ed biologie (\u00daNSB) Centra v\u00fdzkumu glob\u00e1ln\u00ed zm\u011bny AV \u010cR v Nov\u00fdch Hradech a Jiho\u010desk\u00e9 univerzity v \u010cesk\u00fdch Bud\u011bjovic\u00edch. V pr\u016fb\u011bhu prohl\u00eddky se na\u0161i studenti sezn\u00e1mili s postupy p\u0159\u00edpravy prepar\u00e1t\u016f protein\u016f \u010di genetick\u00e9ho materi\u00e1lu a prohl\u00e9dli si unik\u00e1tn\u00ed dvoufotonov\u00fd polariza\u010dn\u00ed mikroskop vyvinut\u00fd v \u00daNSB umo\u017e\u0148uj\u00edc\u00ed p\u0159\u00edm\u00e9 pozorov\u00e1n\u00ed kinetiky metabolick\u00fdch pochod\u016f v \u017eiv\u00fdch bu\u0148k\u00e1ch.<br \/><br \/>Jedin\u00e9 voln\u00e9 odpoledne v nabit\u00e9m programu konference bylo vypln\u011bno vlastiv\u011bdn\u00fdm v\u00fdletem spojen\u00fdm s prohl\u00eddkou prostor renesan\u010dn\u00edho z\u00e1mku v Nov\u00fdch Hradech a rozs\u00e1hl\u00e9ho anglick\u00e9ho parku v Tereziin\u011b \u00fadol\u00ed, po t\u0159i stalet\u00ed zu\u0161lech\u0165ovan\u00fdch \u0161lechtick\u00fdm rodem Buquoy.<br \/><br \/>V po\u0159ad\u00ed ji\u017e p\u00e1t\u00fd ro\u010dn\u00edk Studentsk\u00e9 v\u011bdeck\u00e9 konference fyziky pevn\u00fdch l\u00e1tek vyb\u00edz\u00ed ke kr\u00e1tk\u00e9mu ohl\u00e9dnut\u00ed. Co do po\u010dtu \u00fa\u010dastn\u00edk\u016f z\u016fst\u00e1v\u00e1 na\u0161e konference sp\u00ed\u0161e komorn\u00ed akc\u00ed &#8211; po\u010det student\u016f se pohybuje okolo 20 \u00fa\u010dastn\u00edk\u016f. Tento po\u010det pln\u011b vyhovuje z pohledu kvality, intenzivn\u00ed diskuze p\u0159edkl\u00e1dan\u00fdch v\u00fdsledk\u016f a vz\u00e1jemn\u00e9 v\u00fdm\u011bny poznatk\u016f. V pr\u016fb\u011bhu p\u011btilet\u00e9 historie &#8222;pro\u0161lo&#8220; konferenc\u00ed celkem 29 student\u016f, z nich\u017e k sou\u010dasn\u00e9mu datu ji\u017e osm \u00fasp\u011b\u0161n\u011b dokon\u010dilo doktorsk\u00e9 studium v oboru Fyzik\u00e1ln\u00ed in\u017een\u00fdrstv\u00ed, specializace In\u017een\u00fdrstv\u00ed pevn\u00fdch l\u00e1tek. SVK FPL tak tvo\u0159\u00ed jeden z d\u016fle\u017eit\u00fdch pil\u00ed\u0159\u016f v\u011bdeck\u00e9 v\u00fdchovy student\u016f na\u0161eho oboru!<br \/><br \/>Ohl\u00e9dnut\u00ed za leto\u0161n\u00edm ro\u010dn\u00edkem konference bych cht\u011bl uzav\u0159\u00edt pod\u011bkov\u00e1n\u00edm a pozv\u00e1n\u00edm. D\u011bkuji v\u0161em p\u0159edn\u00e1\u0161ej\u00edc\u00edm a diskutuj\u00edc\u00edm za jejich nenahraditeln\u00fd odborn\u00fd vklad, bez n\u011bho\u017e by konference nemohla prob\u011bhnout. \u010clen\u016fm organiza\u010dn\u00edho v\u00fdboru d\u011bkuji za perfektn\u00ed zaji\u0161t\u011bn\u00ed v\u0161ech pot\u0159ebn\u00fdch nezbytnost\u00ed. Organizace konference b\u011b\u017eela jako dob\u0159e namazan\u00fd a se\u0159\u00edzen\u00fd stroj, jeho\u017e p\u0159\u00edtomnost v pozad\u00ed v\u011bc\u00ed je kl\u00ed\u010dov\u00e1, av\u0161ak st\u011b\u017e\u00ed zaznamenateln\u00e1. D\u011bkuji t\u00e9\u017e v\u0161em pracovn\u00edk\u016fm penzionu Kam\u00ednek, za jejich ochotu, vst\u0159\u00edcnost a vysokou \u00farove\u0148 poskytovan\u00fdch slu\u017eeb.<br \/><br \/>Konec roku 2015 se bl\u00ed\u017e\u00ed a s n\u00edm i \u010das pro pl\u00e1nov\u00e1n\u00ed konference v po\u0159ad\u00ed ji\u017e \u0161est\u00e9. Oproti leto\u0161n\u00edmu ro\u010dn\u00edku p\u0159edpokl\u00e1d\u00e1me n\u011bkolik zm\u011bn a novinek. Z hlediska term\u00ednov\u00e9ho jsme rozhodnuti vr\u00e1tit se op\u011bt k p\u0159elomu \u010dervna a \u010dervence. Rostouc\u00ed kvalita prac\u00ed presentovan\u00fdch na na\u0161\u00ed konferenci n\u00e1s pak vede k \u00favah\u00e1m o zm\u011bn\u011b publika\u010dn\u00edho form\u00e1tu konferen\u010dn\u00edho sborn\u00edku. Bli\u017e\u0161\u00ed informace poskytneme v cirkul\u00e1\u0159\u00edch k SVK FPL 6, na kterou v\u00e1s ji\u017e te\u010f srde\u010dn\u011b zveme!<\/p>\t\t\t\t\t\t<\/div>\n\t\t\t\t<\/div>\n\t\t\t\t\t<\/div>\n\t\t<\/div>\n\t\t\t\t\t<\/div>\n\t\t<\/section>\n\t\t\t\t<\/div>","protected":false},"excerpt":{"rendered":"<p>SSCSSP Ohl\u00e9dnut\u00ed za p\u00e1t\u00fdm ro\u010dn\u00edkem Studentsk\u00e9 v\u011bdeck\u00e9 konference FPL Ladislav Kalvoda, vedouc\u00ed KIPL SSCSSP-5 \u00davod &#8211;&gt; Ohl\u00e9dnut\u00ed za p\u00e1t\u00fdm ro\u010dn\u00edkem SSCSSP Fotogalerie M\u00edsto kon\u00e1n\u00ed &#8211; Penzion Kam\u00ednek Registrace (pro studenty FJFI) &#8211; uzav\u0159ena Sborn\u00edk M\u00edstem kon\u00e1n\u00ed konference byl op\u011bt, tak [&hellip;]<\/p>","protected":false},"author":3,"featured_media":0,"parent":0,"menu_order":0,"comment_status":"closed","ping_status":"closed","template":"elementor_header_footer","meta":{"footnotes":""},"folder":[28],"class_list":["post-2463","page","type-page","status-publish","hentry"],"_links":{"self":[{"href":"https:\/\/kiplweb.fjfi.cvut.cz\/web\/en\/wp-json\/wp\/v2\/pages\/2463","targetHints":{"allow":["GET"]}}],"collection":[{"href":"https:\/\/kiplweb.fjfi.cvut.cz\/web\/en\/wp-json\/wp\/v2\/pages"}],"about":[{"href":"https:\/\/kiplweb.fjfi.cvut.cz\/web\/en\/wp-json\/wp\/v2\/types\/page"}],"author":[{"embeddable":true,"href":"https:\/\/kiplweb.fjfi.cvut.cz\/web\/en\/wp-json\/wp\/v2\/users\/3"}],"replies":[{"embeddable":true,"href":"https:\/\/kiplweb.fjfi.cvut.cz\/web\/en\/wp-json\/wp\/v2\/comments?post=2463"}],"version-history":[{"count":13,"href":"https:\/\/kiplweb.fjfi.cvut.cz\/web\/en\/wp-json\/wp\/v2\/pages\/2463\/revisions"}],"predecessor-version":[{"id":2497,"href":"https:\/\/kiplweb.fjfi.cvut.cz\/web\/en\/wp-json\/wp\/v2\/pages\/2463\/revisions\/2497"}],"wp:attachment":[{"href":"https:\/\/kiplweb.fjfi.cvut.cz\/web\/en\/wp-json\/wp\/v2\/media?parent=2463"}],"wp:term":[{"taxonomy":"folder","embeddable":true,"href":"https:\/\/kiplweb.fjfi.cvut.cz\/web\/en\/wp-json\/wp\/v2\/folder?post=2463"}],"curies":[{"name":"wp","href":"https:\/\/api.w.org\/{rel}","templated":true}]}}