{"id":2387,"date":"2021-02-12T10:59:08","date_gmt":"2021-02-12T09:59:08","guid":{"rendered":"https:\/\/kiplweb.fjfi.cvut.cz\/wordpress\/?page_id=2387"},"modified":"2021-02-12T11:30:19","modified_gmt":"2021-02-12T10:30:19","slug":"sscssp-3-ohlednuti","status":"publish","type":"page","link":"https:\/\/kiplweb.fjfi.cvut.cz\/web\/en\/sscssp-3-ohlednuti\/","title":{"rendered":"SSCSSP-3 Ohl\u00e9dnut\u00ed"},"content":{"rendered":"<div data-elementor-type=\"wp-page\" data-elementor-id=\"2387\" class=\"elementor elementor-2387\">\n\t\t\t\t\t\t<section class=\"elementor-section elementor-top-section elementor-element elementor-element-d442a7c elementor-section-boxed elementor-section-height-default elementor-section-height-default\" data-id=\"d442a7c\" data-element_type=\"section\">\n\t\t\t\t\t\t<div class=\"elementor-container elementor-column-gap-default\">\n\t\t\t\t\t<div class=\"elementor-column elementor-col-50 elementor-top-column elementor-element elementor-element-df67519\" data-id=\"df67519\" data-element_type=\"column\">\n\t\t\t<div class=\"elementor-widget-wrap elementor-element-populated\">\n\t\t\t\t\t\t<div class=\"elementor-element elementor-element-934615d elementor-align-justify elementor-widget__width-inherit elementor-widget elementor-widget-button\" data-id=\"934615d\" data-element_type=\"widget\" data-widget_type=\"button.default\">\n\t\t\t\t<div class=\"elementor-widget-container\">\n\t\t\t\t\t<div class=\"elementor-button-wrapper\">\n\t\t\t<a class=\"elementor-button elementor-button-link elementor-size-xs\" href=\"https:\/\/kiplweb.fjfi.cvut.cz\/web\/en\/wordpress\/pracoviste\/\">\n\t\t\t\t\t\t<span class=\"elementor-button-content-wrapper\">\n\t\t\t\t\t\t\t\t\t<span class=\"elementor-button-text\">SSCSSP<\/span>\n\t\t\t\t\t<\/span>\n\t\t\t\t\t<\/a>\n\t\t<\/div>\n\t\t\t\t<\/div>\n\t\t\t\t<\/div>\n\t\t\t\t<div class=\"elementor-element elementor-element-843c8f4 elementor-widget elementor-widget-heading\" data-id=\"843c8f4\" data-element_type=\"widget\" data-widget_type=\"heading.default\">\n\t\t\t\t<div class=\"elementor-widget-container\">\n\t\t\t<h2 class=\"elementor-heading-title elementor-size-default\">T\u0159et\u00ed ro\u010dn\u00edk studentsk\u00e9 v\u011bdeck\u00e9 konference FPL<\/h2>\t\t<\/div>\n\t\t\t\t<\/div>\n\t\t\t\t<div class=\"elementor-element elementor-element-2ca99ef elementor-widget__width-initial elementor-widget elementor-widget-text-editor\" data-id=\"2ca99ef\" data-element_type=\"widget\" data-widget_type=\"text-editor.default\">\n\t\t\t\t<div class=\"elementor-widget-container\">\n\t\t\t\t\t\t\t<h3><a href=\"https:\/\/kiplweb.fjfi.cvut.cz\/web\/en\/wordpress\/kalvoda\/\">Ladislav Kalvoda<\/a>, vedouc\u00ed KIPL<\/h3>\t\t\t\t\t\t<\/div>\n\t\t\t\t<\/div>\n\t\t\t\t<div class=\"elementor-element elementor-element-cbf099e elementor-widget elementor-widget-text-editor\" data-id=\"cbf099e\" data-element_type=\"widget\" data-widget_type=\"text-editor.default\">\n\t\t\t\t<div class=\"elementor-widget-container\">\n\t\t\t\t\t\t\t<p><img fetchpriority=\"high\" decoding=\"async\" class=\"alignnone wp-image-2394 size-full\" src=\"https:\/\/kiplweb.fjfi.cvut.cz\/wordpress\/wp-content\/uploads\/2021\/02\/sscssp3-1-1-e1613125447753.jpg\" alt=\"\" width=\"718\" height=\"273\" srcset=\"https:\/\/kiplweb.fjfi.cvut.cz\/web\/wp-content\/uploads\/2021\/02\/sscssp3-1-1-e1613125447753.jpg 718w, https:\/\/kiplweb.fjfi.cvut.cz\/web\/wp-content\/uploads\/2021\/02\/sscssp3-1-1-e1613125447753-300x114.jpg 300w, https:\/\/kiplweb.fjfi.cvut.cz\/web\/wp-content\/uploads\/2021\/02\/sscssp3-1-1-e1613125447753-16x6.jpg 16w, https:\/\/kiplweb.fjfi.cvut.cz\/web\/wp-content\/uploads\/2021\/02\/sscssp3-1-1-e1613125447753-230x87.jpg 230w, https:\/\/kiplweb.fjfi.cvut.cz\/web\/wp-content\/uploads\/2021\/02\/sscssp3-1-1-e1613125447753-350x133.jpg 350w, https:\/\/kiplweb.fjfi.cvut.cz\/web\/wp-content\/uploads\/2021\/02\/sscssp3-1-1-e1613125447753-480x183.jpg 480w\" sizes=\"(max-width: 718px) 100vw, 718px\" \/><\/p>\t\t\t\t\t\t<\/div>\n\t\t\t\t<\/div>\n\t\t\t\t\t<\/div>\n\t\t<\/div>\n\t\t\t\t<div class=\"elementor-column elementor-col-50 elementor-top-column elementor-element elementor-element-c7ce757\" data-id=\"c7ce757\" data-element_type=\"column\">\n\t\t\t<div class=\"elementor-widget-wrap elementor-element-populated\">\n\t\t\t\t\t\t<div class=\"elementor-element elementor-element-23e1888 elementor-widget elementor-widget-heading\" data-id=\"23e1888\" data-element_type=\"widget\" data-widget_type=\"heading.default\">\n\t\t\t\t<div class=\"elementor-widget-container\">\n\t\t\t<h6 class=\"elementor-heading-title elementor-size-default\"><br>SSCSSP-3<\/h6>\t\t<\/div>\n\t\t\t\t<\/div>\n\t\t\t\t<div class=\"elementor-element elementor-element-f1a7522 elementor-widget-divider--view-line elementor-widget elementor-widget-divider\" data-id=\"f1a7522\" data-element_type=\"widget\" data-widget_type=\"divider.default\">\n\t\t\t\t<div class=\"elementor-widget-container\">\n\t\t\t\t\t<div class=\"elementor-divider\">\n\t\t\t<span class=\"elementor-divider-separator\">\n\t\t\t\t\t\t<\/span>\n\t\t<\/div>\n\t\t\t\t<\/div>\n\t\t\t\t<\/div>\n\t\t\t\t<div class=\"elementor-element elementor-element-fb572e5 elementor-widget elementor-widget-text-editor\" data-id=\"fb572e5\" data-element_type=\"widget\" data-widget_type=\"text-editor.default\">\n\t\t\t\t<div class=\"elementor-widget-container\">\n\t\t\t\t\t\t\t<ol><li><a href=\"https:\/\/kiplweb.fjfi.cvut.cz\/web\/en\/wordpress\/sscssp-3-uvod\/\"><span style=\"color: #336699;\"><b>Home<\/b><\/span><\/a><\/li><li><strong><span style=\"color: #336699;\"><span style=\"color: #000000;\">&#8211;&gt;<\/span><span style=\"color: #000000;\"> Ohl\u00e9dnut\u00ed za t\u0159et\u00edm ro\u010dn\u00edkem SSCSSP<\/span><\/span><\/strong><\/li><li><span style=\"color: #336699;\"><a style=\"font-weight: bold; color: #336699;\" title=\"\" href=\"https:\/\/kiplweb.fjfi.cvut.cz\/web\/en\/wordpress\/sscssp-3-fotogalerie\/\">Fotogalerie<\/a><\/span><\/li><li><span style=\"color: #336699;\"><a style=\"font-weight: bold; color: #336699;\" title=\"\" href=\"https:\/\/www.dvorska-bouda.cz\/cs\/\">M\u00edsto kon\u00e1n\u00ed &#8211; Dvorsk\u00e1 bouda<\/a><\/span><\/li><li><span style=\"color: #336699;\"><strong><a style=\"color: #336699;\" href=\"https:\/\/kiplwww.fjfi.cvut.cz\/files\/SSCSSP3-sbornik.pdf\">Sborn\u00edk<\/a><\/strong><\/span><\/li><\/ol>\t\t\t\t\t\t<\/div>\n\t\t\t\t<\/div>\n\t\t\t\t<div class=\"elementor-element elementor-element-9e03532 elementor-widget-divider--view-line elementor-widget elementor-widget-divider\" data-id=\"9e03532\" data-element_type=\"widget\" data-widget_type=\"divider.default\">\n\t\t\t\t<div class=\"elementor-widget-container\">\n\t\t\t\t\t<div class=\"elementor-divider\">\n\t\t\t<span class=\"elementor-divider-separator\">\n\t\t\t\t\t\t<\/span>\n\t\t<\/div>\n\t\t\t\t<\/div>\n\t\t\t\t<\/div>\n\t\t\t\t\t<\/div>\n\t\t<\/div>\n\t\t\t\t\t<\/div>\n\t\t<\/section>\n\t\t\t\t<section class=\"elementor-section elementor-top-section elementor-element elementor-element-8bc324c elementor-section-boxed elementor-section-height-default elementor-section-height-default\" data-id=\"8bc324c\" data-element_type=\"section\">\n\t\t\t\t\t\t<div class=\"elementor-container elementor-column-gap-default\">\n\t\t\t\t\t<div class=\"elementor-column elementor-col-100 elementor-top-column elementor-element elementor-element-2f5ed09\" data-id=\"2f5ed09\" data-element_type=\"column\">\n\t\t\t<div class=\"elementor-widget-wrap elementor-element-populated\">\n\t\t\t\t\t\t<div class=\"elementor-element elementor-element-1c661c9 elementor-widget-divider--view-line elementor-widget elementor-widget-divider\" data-id=\"1c661c9\" data-element_type=\"widget\" data-widget_type=\"divider.default\">\n\t\t\t\t<div class=\"elementor-widget-container\">\n\t\t\t\t\t<div class=\"elementor-divider\">\n\t\t\t<span class=\"elementor-divider-separator\">\n\t\t\t\t\t\t<\/span>\n\t\t<\/div>\n\t\t\t\t<\/div>\n\t\t\t\t<\/div>\n\t\t\t\t<div class=\"elementor-element elementor-element-b4f8a68 elementor-widget elementor-widget-text-editor\" data-id=\"b4f8a68\" data-element_type=\"widget\" data-widget_type=\"text-editor.default\">\n\t\t\t\t<div class=\"elementor-widget-container\">\n\t\t\t\t\t\t\t<p>Po p\u0159\u00edzniv\u00fdch zku\u0161enostech z\u00a0minul\u00fdch let jsme i letos zachovali term\u00edn na p\u0159elomu \u010dervna a \u010dervence (28.6. \u2013 2.7. 2013) a jako m\u00edsto kon\u00e1n\u00ed napl\u00e1novali osv\u011bd\u010den\u00e9 a pohostinn\u00e9 prost\u0159ed\u00ed rodinn\u00e9ho hotelu na Tet\u0159ev\u00edch boud\u00e1ch v Krkono\u0161\u00edch. Bohu\u017eel, zm\u011bna majitele hotelu rozmetala ji\u017e z\u00a0jara na\u0161e z\u00e1m\u011bry a donutila n\u00e1s hledat pro konferenci n\u00e1hradn\u00ed \u00fato\u010di\u0161t\u011b. Nakonec byla zvolena Dvorsk\u00e1 bouda nach\u00e1zej\u00edc\u00ed se nedaleko od p\u016fvodn\u00ed lokality na Zadn\u00ed Rennerov\u011b louce.<br \/><br \/>A\u0165 u\u017e d\u00edky pozd\u011bj\u0161\u00edmu term\u00ednu rezervace nebo snad p\u016fsoben\u00edm vy\u0161\u0161\u00ed nadmo\u0159sk\u00e9 v\u00fd\u0161ky, Dvorsk\u00e1 bouda se uk\u00e1zala b\u00fdt v porovn\u00e1n\u00ed s \u201eTet\u0159evkami\u201c m\u00edstem spart\u00e1nsk\u00fdm, jak co do ubytovac\u00edch podm\u00ednek, tak co do podm\u00ednek konferen\u010dn\u00edch. Ani\u017e bychom cht\u011bli zab\u00edhat do detail\u016f, posta\u010d\u00ed snad na dokreslen\u00ed situace zm\u00ednit, \u017ee prostory suter\u00e9nn\u00ed \u201evin\u00e1rny\u201c, kter\u00e1 slou\u017eila jako p\u0159edn\u00e1\u0161kov\u00fd s\u00e1l, byly je\u0161t\u011b m\u011bs\u00edc p\u0159ed zah\u00e1jen\u00edm konference (dle sd\u011blen\u00ed person\u00e1lu chaty) zatopeny vodou do v\u00fd\u0161e ca 1,5 metru.. V\u0161echna \u00faskal\u00ed se v\u0161ak nakonec poda\u0159ilo p\u0159ekonat a program konference prob\u011bhl v\u00a0pln\u00e9m rozsahu, za co\u017e pat\u0159\u00ed velk\u00fd d\u00edk p\u0159edev\u0161\u00edm v\u0161em p\u0159edn\u00e1\u0161ej\u00edc\u00edm, student\u016fm i dobrovoln\u00fdm lektor\u016fm (kte\u0159\u00ed potvrdili sv\u00e9 zan\u00edcen\u00ed pro fyziku a tak\u00e9 p\u0159edv\u00eddavost, s\u00a0n\u00ed\u017e si p\u0159ivezli dostatek tepl\u00e9ho oble\u010den\u00ed), \u010dlen\u016fm Organiza\u010dn\u00edho v\u00fdboru (vytrvalost, dobr\u00e9 nervy a rozvinut\u00e9 improviza\u010dn\u00ed schopnosti) a zam\u011bstnanc\u016fm horsk\u00e9ho hotelu (postupn\u011b rostouc\u00ed pochopen\u00ed pro na\u0161e po\u017eadavky).<br \/><br \/>Po\u010det konferen\u010dn\u00edch p\u0159\u00edsp\u011bvk\u016f zaznamenal oproti lo\u0148sk\u00e9mu roku m\u00edrn\u00fd n\u00e1r\u016fst. V r\u00e1mci leto\u0161n\u00edho ro\u010dn\u00edku bylo presentov\u00e1no celkem 21 or\u00e1ln\u00edch studentsk\u00fdch p\u0159\u00edsp\u011bvk\u016f (v roce 2011 to bylo 15 p\u0159\u00edsp\u011bvk\u016f, v\u00a0roce 2012 celkem 19 p\u0159\u00edsp\u011bvk\u016f) a 15 p\u0159\u00edsp\u011bvk\u016f lektorsk\u00fdch. V sekci poster\u016f byly prezentov\u00e1ny celkem 2 p\u0159\u00edsp\u011bvky.<br \/><br \/>Odborn\u00e1 \u00farove\u0148 a kvalita presentac\u00ed si i v\u00a0tomto roce zachovaly sv\u016fj rostouc\u00ed trend. P\u0159ednesen\u00e9 studentsk\u00e9 p\u0159\u00edsp\u011bvky byly v\u011bnov\u00e1ny probl\u00e9m\u016fm difrak\u010dn\u00ed anal\u00fdzy polykrystalick\u00fdch materi\u00e1l\u016f, p\u0159\u00edprav\u011b a charakterizaci polovodi\u010dov\u00fdch, metalick\u00fdch, multi-ferroick\u00fdch a luminiscen\u010dn\u00edch (nano)struktur s\u00a0potenci\u00e1lem vyu\u017eit\u00edm v elektronice, optoelektronice, spinotronice a materi\u00e1lov\u00e9m in\u017een\u00fdrstv\u00ed, d\u00e1le pak v\u00fdvoji a charakterizaci optick\u00fdch vlnovodn\u00fdch senzorick\u00fdch syst\u00e9m\u016f a kone\u010dn\u011b i kvantov\u00fdm i klasick\u00fdm po\u010d\u00edta\u010dov\u00fdm simulac\u00edm struktury a vlastnost\u00ed molekul\u00e1rn\u00edch a polymern\u00edch materi\u00e1l\u016f. V\u0161em p\u0159edn\u00e1\u0161ej\u00edc\u00edm d\u011bkujeme za invenci a p\u00e9\u010di, se kterou sv\u00e9 p\u0159\u00edsp\u011bvky p\u0159ipravili, presentovali a v\u00a0n\u00e1sledn\u00e9, \u010dasto rozs\u00e1hl\u00e9 diskuzi \u00fasp\u011b\u0161n\u011b obhajovali.<br \/><br \/>Doprovodn\u00fd program konference utrp\u011bl chladn\u00fdm po\u010das\u00edm, kter\u00e9 panovalo po celou dobu kon\u00e1n\u00ed. Poko\u0159en\u00ed vrcholu nejvy\u0161\u0161\u00ed \u010desk\u00e9 hory si proto zaslou\u017e\u00ed uzn\u00e1n\u00ed! \ud83d\ude42<br \/><br \/>T\u0159i ro\u010dn\u00edky Studentsk\u00e9 v\u011bdeck\u00e9 konference fyziky pevn\u00fdch l\u00e1tek, kter\u00e9 ji\u017e prob\u011bhly, polo\u017eily solidn\u00ed z\u00e1klad pro vznik plodn\u00e9 tradice. Pevn\u011b douf\u00e1me v\u00a0jej\u00ed stvrzen\u00ed a dal\u0161\u00ed rozv\u00edjen\u00ed a srde\u010dn\u011b T\u011b proto, mil\u00fd p\u0159\u00edteli FPL, ji\u017e nyn\u00ed zveme k \u00fa\u010dasti na ro\u010dn\u00edku \u010dtvrt\u00e9m! Na p\u0159elomu \u010dervna a \u010dervence 2014 se t\u011b\u0161\u00edme na shledanou! \ud83d\ude42<br \/><br \/><strong>Pod\u011bkov\u00e1n\u00ed<\/strong><br \/>Jm\u00e9nem organiz\u00e1tor\u016f i \u00fa\u010dastn\u00edk\u016f konference bych cht\u011bl pod\u011bkovat za grantovou podporou Studentsk\u00e9ho grantov\u00e9ho syst\u00e9mu (SGS) na\u0161\u00ed Alma Mater, bez n\u00ed\u017e by realizace akce nebyla mo\u017en\u00e1.<\/p>\t\t\t\t\t\t<\/div>\n\t\t\t\t<\/div>\n\t\t\t\t\t<\/div>\n\t\t<\/div>\n\t\t\t\t\t<\/div>\n\t\t<\/section>\n\t\t\t\t<section class=\"elementor-section elementor-top-section elementor-element elementor-element-c8d2338 elementor-section-boxed elementor-section-height-default elementor-section-height-default\" data-id=\"c8d2338\" data-element_type=\"section\">\n\t\t\t\t\t\t<div class=\"elementor-container elementor-column-gap-default\">\n\t\t\t\t\t<div class=\"elementor-column elementor-col-100 elementor-top-column elementor-element elementor-element-a87be9f\" data-id=\"a87be9f\" data-element_type=\"column\">\n\t\t\t<div class=\"elementor-widget-wrap\">\n\t\t\t\t\t\t\t<\/div>\n\t\t<\/div>\n\t\t\t\t\t<\/div>\n\t\t<\/section>\n\t\t\t\t<\/div>","protected":false},"excerpt":{"rendered":"<p>SSCSSP T\u0159et\u00ed ro\u010dn\u00edk studentsk\u00e9 v\u011bdeck\u00e9 konference FPL Ladislav Kalvoda, vedouc\u00ed KIPL SSCSSP-3 \u00davod &#8211;&gt; Ohl\u00e9dnut\u00ed za t\u0159et\u00edm ro\u010dn\u00edkem SSCSSP Fotogalerie M\u00edsto kon\u00e1n\u00ed &#8211; Dvorsk\u00e1 bouda Sborn\u00edk Po p\u0159\u00edzniv\u00fdch zku\u0161enostech z\u00a0minul\u00fdch let jsme i letos zachovali term\u00edn na p\u0159elomu \u010dervna a [&hellip;]<\/p>","protected":false},"author":3,"featured_media":0,"parent":0,"menu_order":0,"comment_status":"closed","ping_status":"closed","template":"elementor_header_footer","meta":{"footnotes":""},"folder":[24],"class_list":["post-2387","page","type-page","status-publish","hentry"],"_links":{"self":[{"href":"https:\/\/kiplweb.fjfi.cvut.cz\/web\/en\/wp-json\/wp\/v2\/pages\/2387","targetHints":{"allow":["GET"]}}],"collection":[{"href":"https:\/\/kiplweb.fjfi.cvut.cz\/web\/en\/wp-json\/wp\/v2\/pages"}],"about":[{"href":"https:\/\/kiplweb.fjfi.cvut.cz\/web\/en\/wp-json\/wp\/v2\/types\/page"}],"author":[{"embeddable":true,"href":"https:\/\/kiplweb.fjfi.cvut.cz\/web\/en\/wp-json\/wp\/v2\/users\/3"}],"replies":[{"embeddable":true,"href":"https:\/\/kiplweb.fjfi.cvut.cz\/web\/en\/wp-json\/wp\/v2\/comments?post=2387"}],"version-history":[{"count":7,"href":"https:\/\/kiplweb.fjfi.cvut.cz\/web\/en\/wp-json\/wp\/v2\/pages\/2387\/revisions"}],"predecessor-version":[{"id":2419,"href":"https:\/\/kiplweb.fjfi.cvut.cz\/web\/en\/wp-json\/wp\/v2\/pages\/2387\/revisions\/2419"}],"wp:attachment":[{"href":"https:\/\/kiplweb.fjfi.cvut.cz\/web\/en\/wp-json\/wp\/v2\/media?parent=2387"}],"wp:term":[{"taxonomy":"folder","embeddable":true,"href":"https:\/\/kiplweb.fjfi.cvut.cz\/web\/en\/wp-json\/wp\/v2\/folder?post=2387"}],"curies":[{"name":"wp","href":"https:\/\/api.w.org\/{rel}","templated":true}]}}