{"id":2278,"date":"2021-02-11T11:12:24","date_gmt":"2021-02-11T10:12:24","guid":{"rendered":"https:\/\/kiplweb.fjfi.cvut.cz\/wordpress\/?page_id=2278"},"modified":"2021-02-11T12:11:10","modified_gmt":"2021-02-11T11:11:10","slug":"sscssp-2-ohlednuti-2","status":"publish","type":"page","link":"https:\/\/kiplweb.fjfi.cvut.cz\/web\/en\/sscssp-2-ohlednuti-2\/","title":{"rendered":"SSCSSP-2 Ohl\u00e9dnut\u00ed"},"content":{"rendered":"<div data-elementor-type=\"wp-page\" data-elementor-id=\"2278\" class=\"elementor elementor-2278\">\n\t\t\t\t\t\t<section class=\"elementor-section elementor-top-section elementor-element elementor-element-d442a7c elementor-section-boxed elementor-section-height-default elementor-section-height-default\" data-id=\"d442a7c\" data-element_type=\"section\">\n\t\t\t\t\t\t<div class=\"elementor-container elementor-column-gap-default\">\n\t\t\t\t\t<div class=\"elementor-column elementor-col-50 elementor-top-column elementor-element elementor-element-df67519\" data-id=\"df67519\" data-element_type=\"column\">\n\t\t\t<div class=\"elementor-widget-wrap elementor-element-populated\">\n\t\t\t\t\t\t<div class=\"elementor-element elementor-element-934615d elementor-align-justify elementor-widget__width-inherit elementor-widget elementor-widget-button\" data-id=\"934615d\" data-element_type=\"widget\" data-widget_type=\"button.default\">\n\t\t\t\t<div class=\"elementor-widget-container\">\n\t\t\t\t\t<div class=\"elementor-button-wrapper\">\n\t\t\t<a class=\"elementor-button elementor-button-link elementor-size-xs\" href=\"https:\/\/kiplweb.fjfi.cvut.cz\/web\/en\/wordpress\/pracoviste\/\">\n\t\t\t\t\t\t<span class=\"elementor-button-content-wrapper\">\n\t\t\t\t\t\t\t\t\t<span class=\"elementor-button-text\">SSCSSP<\/span>\n\t\t\t\t\t<\/span>\n\t\t\t\t\t<\/a>\n\t\t<\/div>\n\t\t\t\t<\/div>\n\t\t\t\t<\/div>\n\t\t\t\t<div class=\"elementor-element elementor-element-843c8f4 elementor-widget elementor-widget-heading\" data-id=\"843c8f4\" data-element_type=\"widget\" data-widget_type=\"heading.default\">\n\t\t\t\t<div class=\"elementor-widget-container\">\n\t\t\t<h2 class=\"elementor-heading-title elementor-size-default\">Ohl\u00e9dnut\u00ed za druh\u00fdm ro\u010dn\u00edkem Studentsk\u00e9 v\u011bdeck\u00e9 konference FPL<\/h2>\t\t<\/div>\n\t\t\t\t<\/div>\n\t\t\t\t<div class=\"elementor-element elementor-element-2ca99ef elementor-widget__width-initial elementor-widget elementor-widget-text-editor\" data-id=\"2ca99ef\" data-element_type=\"widget\" data-widget_type=\"text-editor.default\">\n\t\t\t\t<div class=\"elementor-widget-container\">\n\t\t\t\t\t\t\t<h3><a href=\"https:\/\/kiplweb.fjfi.cvut.cz\/web\/en\/wordpress\/kalvoda\/\">Ladislav Kalvoda<\/a>, vedouc\u00ed KIPL<\/h3>\t\t\t\t\t\t<\/div>\n\t\t\t\t<\/div>\n\t\t\t\t<div class=\"elementor-element elementor-element-cbf099e elementor-widget elementor-widget-text-editor\" data-id=\"cbf099e\" data-element_type=\"widget\" data-widget_type=\"text-editor.default\">\n\t\t\t\t<div class=\"elementor-widget-container\">\n\t\t\t\t\t\t\t<p><img fetchpriority=\"high\" decoding=\"async\" class=\"alignnone wp-image-2106 size-full\" src=\"https:\/\/kiplweb.fjfi.cvut.cz\/wordpress\/wp-content\/uploads\/2021\/02\/uvod_2-e1613036632258.jpg\" alt=\"\" width=\"719\" height=\"374\" srcset=\"https:\/\/kiplweb.fjfi.cvut.cz\/web\/wp-content\/uploads\/2021\/02\/uvod_2-e1613036632258.jpg 719w, https:\/\/kiplweb.fjfi.cvut.cz\/web\/wp-content\/uploads\/2021\/02\/uvod_2-e1613036632258-300x156.jpg 300w, https:\/\/kiplweb.fjfi.cvut.cz\/web\/wp-content\/uploads\/2021\/02\/uvod_2-e1613036632258-16x8.jpg 16w, https:\/\/kiplweb.fjfi.cvut.cz\/web\/wp-content\/uploads\/2021\/02\/uvod_2-e1613036632258-230x120.jpg 230w, https:\/\/kiplweb.fjfi.cvut.cz\/web\/wp-content\/uploads\/2021\/02\/uvod_2-e1613036632258-350x182.jpg 350w, https:\/\/kiplweb.fjfi.cvut.cz\/web\/wp-content\/uploads\/2021\/02\/uvod_2-e1613036632258-480x250.jpg 480w\" sizes=\"(max-width: 719px) 100vw, 719px\" \/><\/p>\t\t\t\t\t\t<\/div>\n\t\t\t\t<\/div>\n\t\t\t\t\t<\/div>\n\t\t<\/div>\n\t\t\t\t<div class=\"elementor-column elementor-col-50 elementor-top-column elementor-element elementor-element-c7ce757\" data-id=\"c7ce757\" data-element_type=\"column\">\n\t\t\t<div class=\"elementor-widget-wrap elementor-element-populated\">\n\t\t\t\t\t\t<div class=\"elementor-element elementor-element-23e1888 elementor-widget elementor-widget-heading\" data-id=\"23e1888\" data-element_type=\"widget\" data-widget_type=\"heading.default\">\n\t\t\t\t<div class=\"elementor-widget-container\">\n\t\t\t<h6 class=\"elementor-heading-title elementor-size-default\"><br>SSCSSP-2<\/h6>\t\t<\/div>\n\t\t\t\t<\/div>\n\t\t\t\t<div class=\"elementor-element elementor-element-f1a7522 elementor-widget-divider--view-line elementor-widget elementor-widget-divider\" data-id=\"f1a7522\" data-element_type=\"widget\" data-widget_type=\"divider.default\">\n\t\t\t\t<div class=\"elementor-widget-container\">\n\t\t\t\t\t<div class=\"elementor-divider\">\n\t\t\t<span class=\"elementor-divider-separator\">\n\t\t\t\t\t\t<\/span>\n\t\t<\/div>\n\t\t\t\t<\/div>\n\t\t\t\t<\/div>\n\t\t\t\t<div class=\"elementor-element elementor-element-fb572e5 elementor-widget elementor-widget-text-editor\" data-id=\"fb572e5\" data-element_type=\"widget\" data-widget_type=\"text-editor.default\">\n\t\t\t\t<div class=\"elementor-widget-container\">\n\t\t\t\t\t\t\t<ol><li><a href=\"https:\/\/kiplweb.fjfi.cvut.cz\/web\/en\/wordpress\/sscssp-2-uvod\/\"><span style=\"color: #336699;\"><b>Home<\/b><\/span><\/a><\/li><li><strong><span style=\"color: #336699;\"><span style=\"color: #000000;\">&#8211;&gt;<\/span><span style=\"color: #000000;\"> Ohl\u00e9dnut\u00ed za druh\u00fdm ro\u010dn\u00edkem SSCSSP<\/span><\/span><\/strong><\/li><li><span style=\"color: #336699;\"><a style=\"font-weight: bold; color: #336699;\" title=\"\" href=\"https:\/\/kiplweb.fjfi.cvut.cz\/web\/en\/wordpress\/sscssp-2-fotogalerie\/\">Fotogalerie<\/a><\/span><\/li><li><span style=\"color: #336699;\"><a style=\"font-weight: bold; color: #336699;\" title=\"\" href=\"https:\/\/www.tetreviboudy.com\/\">M\u00edsto kon\u00e1n\u00ed &#8211; Tet\u0159ev\u00ed boudy<\/a><\/span><\/li><li><span style=\"color: #336699;\"><strong><a style=\"color: #336699;\" href=\"https:\/\/kiplwww.fjfi.cvut.cz\/files\/SSCSSP2-sbornik.pdf\">Sborn\u00edk<\/a><\/strong><\/span><\/li><\/ol>\t\t\t\t\t\t<\/div>\n\t\t\t\t<\/div>\n\t\t\t\t<div class=\"elementor-element elementor-element-9e03532 elementor-widget-divider--view-line elementor-widget elementor-widget-divider\" data-id=\"9e03532\" data-element_type=\"widget\" data-widget_type=\"divider.default\">\n\t\t\t\t<div class=\"elementor-widget-container\">\n\t\t\t\t\t<div class=\"elementor-divider\">\n\t\t\t<span class=\"elementor-divider-separator\">\n\t\t\t\t\t\t<\/span>\n\t\t<\/div>\n\t\t\t\t<\/div>\n\t\t\t\t<\/div>\n\t\t\t\t\t<\/div>\n\t\t<\/div>\n\t\t\t\t\t<\/div>\n\t\t<\/section>\n\t\t\t\t<section class=\"elementor-section elementor-top-section elementor-element elementor-element-8bc324c elementor-section-boxed elementor-section-height-default elementor-section-height-default\" data-id=\"8bc324c\" data-element_type=\"section\">\n\t\t\t\t\t\t<div class=\"elementor-container elementor-column-gap-default\">\n\t\t\t\t\t<div class=\"elementor-column elementor-col-100 elementor-top-column elementor-element elementor-element-2f5ed09\" data-id=\"2f5ed09\" data-element_type=\"column\">\n\t\t\t<div class=\"elementor-widget-wrap elementor-element-populated\">\n\t\t\t\t\t\t<div class=\"elementor-element elementor-element-1c661c9 elementor-widget-divider--view-line elementor-widget elementor-widget-divider\" data-id=\"1c661c9\" data-element_type=\"widget\" data-widget_type=\"divider.default\">\n\t\t\t\t<div class=\"elementor-widget-container\">\n\t\t\t\t\t<div class=\"elementor-divider\">\n\t\t\t<span class=\"elementor-divider-separator\">\n\t\t\t\t\t\t<\/span>\n\t\t<\/div>\n\t\t\t\t<\/div>\n\t\t\t\t<\/div>\n\t\t\t\t<div class=\"elementor-element elementor-element-b4f8a68 elementor-widget elementor-widget-text-editor\" data-id=\"b4f8a68\" data-element_type=\"widget\" data-widget_type=\"text-editor.default\">\n\t\t\t\t<div class=\"elementor-widget-container\">\n\t\t\t\t\t\t\t<p>Ve dnech 29.6.2012 a\u017e 3.7.2012 se pod z\u00e1\u0161titou Katedry in\u017een\u00fdrstv\u00ed pevn\u00fdch l\u00e1tek FJFI za laskav\u00e9 grantov\u00e9 podpory ze strany SGS \u010cVUT v Praze uskute\u010dn\u00ed\u00a0<strong>Druh\u00e1 studentsk\u00e1 v\u011bdeck\u00e1 konference fyziky pevn\u00fdch l\u00e1tek<\/strong>\u00a0(2nd Student Scientific Conference on Solid State Physics, SSCSSP-2).<br \/><br \/><cite>Fyzika pevn\u00fdch l\u00e1tek (FPL)<\/cite>\u00a0je z\u00e1kladn\u00edm p\u0159\u00edrodov\u011bdn\u00fdm oborem zam\u011b\u0159en\u00fdm na pochopen\u00ed souvislost\u00ed mezi strukturou kondenzovan\u00fdch l\u00e1tek (charakterizovanou obecn\u011b na mnoha rozm\u011brov\u00fdch \u00farovn\u00edch) a jejich vlastnostmi a tvo\u0159\u00ed v\u00fdznamnou slo\u017eku magistersk\u00e9ho a doktorsk\u00e9ho studijn\u00edho oboru Fyzik\u00e1ln\u00ed in\u017een\u00fdrstv\u00ed na FJFI \u010cVUT v Praze. Poznatky z\u00edskan\u00e9 v r\u00e1mci FPL vytv\u00e1\u0159\u00ed v\u011bdomostn\u00ed z\u00e1kladnu pro rozvoj velmi mnoha sou\u010dasn\u00fdch technick\u00fdch aplikac\u00ed. K hlavn\u00edm, dynamicky se rozv\u00edjej\u00edc\u00edm obor\u016fm FPL pat\u0159\u00ed zejm\u00e9na anal\u00fdza vnit\u0159n\u00edho uspo\u0159\u00e1d\u00e1n\u00ed kondenzovan\u00fdch l\u00e1tek pomoc\u00ed rozmanit\u00fdch difrak\u010dn\u00edch metod, spektroskopick\u00e1 a optick\u00e1 charakterizace fyzik\u00e1ln\u00edch a chemick\u00fdch vlastnost\u00ed kondenzovan\u00fdch l\u00e1tek a slo\u017eit\u011bj\u0161\u00edch funk\u010dn\u00edch super-struktur \u010di aplikace spojen\u00e9 s vyu\u017eit\u00edm specifick\u00fdch polovodi\u010dov\u00fdch materi\u00e1l\u016f. Poznatky FPL se v\u00fdznamn\u011b uplat\u0148uj\u00ed v mezioborov\u00e9m v\u00fdzkumu ozna\u010dovan\u00e9m souhrnn\u011b jako materi\u00e1lov\u00e9 in\u017een\u00fdrstv\u00ed. Kone\u010dn\u011b, d\u016fle\u017eit\u00fdm sou\u010dasn\u00fdm n\u00e1strojem p\u0159i v\u00fdvoji modern\u00edch technologi\u00ed jsou po\u010d\u00edta\u010dov\u00e9 simulace struktury a vlastnost\u00ed kondenzovan\u00fdch l\u00e1tek umo\u017e\u0148uj\u00edc\u00ed rychlou a dostupnou realizaci rozs\u00e1hl\u00fdch studi\u00ed v\u011bnovan\u00fdch praktick\u00e9 aplikaci teoretick\u00fdch model\u016f FPL a jejich verifikaci zalo\u017een\u00e9 na porovn\u00e1n\u00ed simulovan\u00fdch dat s v\u00fdsledky re\u00e1ln\u00fdch experiment\u016f.<br \/><br \/>Navr\u017een\u00fd program studentsk\u00e9 v\u011bdeck\u00e9 konference (navazuj\u00edc\u00ed na lo\u0148skou\u00a0<a href=\"https:\/\/kiplwww.fjfi.cvut.cz\/drupal7\/?q=SSCSSP-1\">\u00fasp\u011b\u0161nou premi\u00e9ru<\/a>)je zam\u011b\u0159en na p\u0159\u00edsp\u011bvky dot\u00fdkaj\u00edc\u00ed se v\u00fd\u0161e uveden\u00fdch aktu\u00e1ln\u00edch t\u00e9mat. C\u00edlem konference je poskytnout student\u016fm mo\u017enost prezentovat sv\u00e9 p\u0159\u00edsp\u011bvky na \u0161ir\u0161\u00edm f\u00f3ru, rozv\u00edjet schopnosti verb\u00e1ln\u00ed v\u011bdeck\u00e9 komunikace a roz\u0161\u00ed\u0159it sv\u016fj odborn\u00fd rozhled o t\u00e9mata prezentovan\u00e1 ostatn\u00edmi \u00fa\u010dastn\u00edky konference v jejich p\u0159\u00edsp\u011bvc\u00edch a prob\u00edran\u00e1 v neform\u00e1ln\u00edch diskuz\u00edch.<br \/><br \/>P\u0159ednesen\u00e9 p\u0159\u00edsp\u011bvky v rozsahu 6-8 stran byly, podobn\u011b jako v p\u0159ede\u0161l\u00e9m roce, publikov\u00e1ny ve sborn\u00edku konference.<\/p>\t\t\t\t\t\t<\/div>\n\t\t\t\t<\/div>\n\t\t\t\t\t<\/div>\n\t\t<\/div>\n\t\t\t\t\t<\/div>\n\t\t<\/section>\n\t\t\t\t<section class=\"elementor-section elementor-top-section elementor-element elementor-element-c8d2338 elementor-section-boxed elementor-section-height-default elementor-section-height-default\" data-id=\"c8d2338\" data-element_type=\"section\">\n\t\t\t\t\t\t<div class=\"elementor-container elementor-column-gap-default\">\n\t\t\t\t\t<div class=\"elementor-column elementor-col-100 elementor-top-column elementor-element elementor-element-a87be9f\" data-id=\"a87be9f\" data-element_type=\"column\">\n\t\t\t<div class=\"elementor-widget-wrap\">\n\t\t\t\t\t\t\t<\/div>\n\t\t<\/div>\n\t\t\t\t\t<\/div>\n\t\t<\/section>\n\t\t\t\t<\/div>","protected":false},"excerpt":{"rendered":"<p>SSCSSP Ohl\u00e9dnut\u00ed za druh\u00fdm ro\u010dn\u00edkem Studentsk\u00e9 v\u011bdeck\u00e9 konference FPL Ladislav Kalvoda, vedouc\u00ed KIPL SSCSSP-2 \u00davod &#8211;&gt; Ohl\u00e9dnut\u00ed za druh\u00fdm ro\u010dn\u00edkem SSCSSP Fotogalerie M\u00edsto kon\u00e1n\u00ed &#8211; Tet\u0159ev\u00ed boudy Sborn\u00edk Ve dnech 29.6.2012 a\u017e 3.7.2012 se pod z\u00e1\u0161titou Katedry in\u017een\u00fdrstv\u00ed pevn\u00fdch l\u00e1tek [&hellip;]<\/p>","protected":false},"author":3,"featured_media":0,"parent":0,"menu_order":0,"comment_status":"closed","ping_status":"closed","template":"elementor_header_footer","meta":{"footnotes":""},"folder":[22],"class_list":["post-2278","page","type-page","status-publish","hentry"],"_links":{"self":[{"href":"https:\/\/kiplweb.fjfi.cvut.cz\/web\/en\/wp-json\/wp\/v2\/pages\/2278","targetHints":{"allow":["GET"]}}],"collection":[{"href":"https:\/\/kiplweb.fjfi.cvut.cz\/web\/en\/wp-json\/wp\/v2\/pages"}],"about":[{"href":"https:\/\/kiplweb.fjfi.cvut.cz\/web\/en\/wp-json\/wp\/v2\/types\/page"}],"author":[{"embeddable":true,"href":"https:\/\/kiplweb.fjfi.cvut.cz\/web\/en\/wp-json\/wp\/v2\/users\/3"}],"replies":[{"embeddable":true,"href":"https:\/\/kiplweb.fjfi.cvut.cz\/web\/en\/wp-json\/wp\/v2\/comments?post=2278"}],"version-history":[{"count":14,"href":"https:\/\/kiplweb.fjfi.cvut.cz\/web\/en\/wp-json\/wp\/v2\/pages\/2278\/revisions"}],"predecessor-version":[{"id":2363,"href":"https:\/\/kiplweb.fjfi.cvut.cz\/web\/en\/wp-json\/wp\/v2\/pages\/2278\/revisions\/2363"}],"wp:attachment":[{"href":"https:\/\/kiplweb.fjfi.cvut.cz\/web\/en\/wp-json\/wp\/v2\/media?parent=2278"}],"wp:term":[{"taxonomy":"folder","embeddable":true,"href":"https:\/\/kiplweb.fjfi.cvut.cz\/web\/en\/wp-json\/wp\/v2\/folder?post=2278"}],"curies":[{"name":"wp","href":"https:\/\/api.w.org\/{rel}","templated":true}]}}