{"id":2244,"date":"2021-02-11T10:29:06","date_gmt":"2021-02-11T09:29:06","guid":{"rendered":"https:\/\/kiplweb.fjfi.cvut.cz\/wordpress\/?page_id=2244"},"modified":"2023-04-26T11:18:27","modified_gmt":"2023-04-26T09:18:27","slug":"sscssp-2-uvod","status":"publish","type":"page","link":"https:\/\/kiplweb.fjfi.cvut.cz\/web\/en\/sscssp-2-uvod\/","title":{"rendered":"SSCSSP-2 \u00davod"},"content":{"rendered":"<div data-elementor-type=\"wp-page\" data-elementor-id=\"2244\" class=\"elementor elementor-2244\">\n\t\t\t\t\t\t<section class=\"elementor-section elementor-top-section elementor-element elementor-element-d442a7c elementor-section-boxed elementor-section-height-default elementor-section-height-default\" data-id=\"d442a7c\" data-element_type=\"section\">\n\t\t\t\t\t\t<div class=\"elementor-container elementor-column-gap-default\">\n\t\t\t\t\t<div class=\"elementor-column elementor-col-50 elementor-top-column elementor-element elementor-element-df67519\" data-id=\"df67519\" data-element_type=\"column\">\n\t\t\t<div class=\"elementor-widget-wrap elementor-element-populated\">\n\t\t\t\t\t\t<div class=\"elementor-element elementor-element-4250db3 elementor-align-justify elementor-widget__width-inherit elementor-widget elementor-widget-button\" data-id=\"4250db3\" data-element_type=\"widget\" data-widget_type=\"button.default\">\n\t\t\t\t<div class=\"elementor-widget-container\">\n\t\t\t\t\t<div class=\"elementor-button-wrapper\">\n\t\t\t<a class=\"elementor-button elementor-button-link elementor-size-xs\" href=\"https:\/\/kiplweb.fjfi.cvut.cz\/web\/en\/wordpress\/sscssp\/\">\n\t\t\t\t\t\t<span class=\"elementor-button-content-wrapper\">\n\t\t\t\t\t\t\t\t\t<span class=\"elementor-button-text\">SSCSSP<\/span>\n\t\t\t\t\t<\/span>\n\t\t\t\t\t<\/a>\n\t\t<\/div>\n\t\t\t\t<\/div>\n\t\t\t\t<\/div>\n\t\t\t\t<div class=\"elementor-element elementor-element-843c8f4 elementor-widget elementor-widget-heading\" data-id=\"843c8f4\" data-element_type=\"widget\" data-widget_type=\"heading.default\">\n\t\t\t\t<div class=\"elementor-widget-container\">\n\t\t\t<h2 class=\"elementor-heading-title elementor-size-default\">Druh\u00e1 studentsk\u00e1 v\u011bdeck\u00e1 konference fyziky pevn\u00fdch l\u00e1tek - SSCSSP-2 (2012)<\/h2>\t\t<\/div>\n\t\t\t\t<\/div>\n\t\t\t\t\t<\/div>\n\t\t<\/div>\n\t\t\t\t<div class=\"elementor-column elementor-col-50 elementor-top-column elementor-element elementor-element-c7ce757\" data-id=\"c7ce757\" data-element_type=\"column\">\n\t\t\t<div class=\"elementor-widget-wrap elementor-element-populated\">\n\t\t\t\t\t\t<div class=\"elementor-element elementor-element-23e1888 elementor-widget elementor-widget-heading\" data-id=\"23e1888\" data-element_type=\"widget\" data-widget_type=\"heading.default\">\n\t\t\t\t<div class=\"elementor-widget-container\">\n\t\t\t<h6 class=\"elementor-heading-title elementor-size-default\"><br>SSCSSP-2<\/h6>\t\t<\/div>\n\t\t\t\t<\/div>\n\t\t\t\t<div class=\"elementor-element elementor-element-9e03532 elementor-widget-divider--view-line elementor-widget elementor-widget-divider\" data-id=\"9e03532\" data-element_type=\"widget\" data-widget_type=\"divider.default\">\n\t\t\t\t<div class=\"elementor-widget-container\">\n\t\t\t\t\t<div class=\"elementor-divider\">\n\t\t\t<span class=\"elementor-divider-separator\">\n\t\t\t\t\t\t<\/span>\n\t\t<\/div>\n\t\t\t\t<\/div>\n\t\t\t\t<\/div>\n\t\t\t\t<div class=\"elementor-element elementor-element-fb572e5 elementor-widget elementor-widget-text-editor\" data-id=\"fb572e5\" data-element_type=\"widget\" data-widget_type=\"text-editor.default\">\n\t\t\t\t<div class=\"elementor-widget-container\">\n\t\t\t\t\t\t\t<ol><li><span style=\"color: #000000;\"><b>&#8211;&gt; \u00davod<\/b><\/span><\/li><li><span style=\"color: #336699;\"><a style=\"font-weight: bold; color: #336699;\" title=\"\" href=\"https:\/\/kiplweb.fjfi.cvut.cz\/web\/en\/wordpress\/sscssp-2-ohlednuti-2\/\">Ohl\u00e9dnut\u00ed za druh\u00fdm ro\u010dn\u00edkem SSCSSP<\/a><\/span><\/li><li><span style=\"color: #336699;\"><a style=\"font-weight: bold; color: #336699;\" title=\"\" href=\"https:\/\/kiplweb.fjfi.cvut.cz\/web\/en\/wordpress\/sscssp-2-fotogalerie\/\">Fotogalerie<\/a><\/span><\/li><li><span style=\"color: #336699;\"><a style=\"font-weight: bold; color: #336699;\" title=\"\" href=\"https:\/\/www.tetreviboudy.com\/\">M\u00edsto kon\u00e1n\u00ed &#8211; Tet\u0159ev\u00ed boudy<\/a><\/span><\/li><li><span style=\"color: #336699;\"><strong><a style=\"color: #336699;\" href=\"https:\/\/kiplweb.fjfi.cvut.cz\/web\/en\/files\/SSCSSP2-2012-sbornik.pdf\/\">Sborn\u00edk<\/a><\/strong><\/span><\/li><\/ol>\t\t\t\t\t\t<\/div>\n\t\t\t\t<\/div>\n\t\t\t\t\t<\/div>\n\t\t<\/div>\n\t\t\t\t\t<\/div>\n\t\t<\/section>\n\t\t\t\t<section class=\"elementor-section elementor-top-section elementor-element elementor-element-8bc324c elementor-section-boxed elementor-section-height-default elementor-section-height-default\" data-id=\"8bc324c\" data-element_type=\"section\">\n\t\t\t\t\t\t<div class=\"elementor-container elementor-column-gap-default\">\n\t\t\t\t\t<div class=\"elementor-column elementor-col-100 elementor-top-column elementor-element elementor-element-2f5ed09\" data-id=\"2f5ed09\" data-element_type=\"column\">\n\t\t\t<div class=\"elementor-widget-wrap elementor-element-populated\">\n\t\t\t\t\t\t<div class=\"elementor-element elementor-element-1c661c9 elementor-widget-divider--view-line elementor-widget elementor-widget-divider\" data-id=\"1c661c9\" data-element_type=\"widget\" data-widget_type=\"divider.default\">\n\t\t\t\t<div class=\"elementor-widget-container\">\n\t\t\t\t\t<div class=\"elementor-divider\">\n\t\t\t<span class=\"elementor-divider-separator\">\n\t\t\t\t\t\t<\/span>\n\t\t<\/div>\n\t\t\t\t<\/div>\n\t\t\t\t<\/div>\n\t\t\t\t<div class=\"elementor-element elementor-element-b4f8a68 elementor-widget elementor-widget-text-editor\" data-id=\"b4f8a68\" data-element_type=\"widget\" data-widget_type=\"text-editor.default\">\n\t\t\t\t<div class=\"elementor-widget-container\">\n\t\t\t\t\t\t\t<p>Ve dnech 29.6.2012 a\u017e 3.7.2012 se pod z\u00e1\u0161titou Katedry in\u017een\u00fdrstv\u00ed pevn\u00fdch l\u00e1tek FJFI za laskav\u00e9 grantov\u00e9 podpory ze strany SGS \u010cVUT v Praze uskute\u010dn\u00ed\u00a0<strong>Druh\u00e1 studentsk\u00e1 v\u011bdeck\u00e1 konference fyziky pevn\u00fdch l\u00e1tek<\/strong>\u00a0(2nd Student Scientific Conference on Solid State Physics, SSCSSP-2).<\/p><p><cite>Fyzika pevn\u00fdch l\u00e1tek (FPL)<\/cite>\u00a0je z\u00e1kladn\u00edm p\u0159\u00edrodov\u011bdn\u00fdm oborem zam\u011b\u0159en\u00fdm na pochopen\u00ed souvislost\u00ed mezi strukturou kondenzovan\u00fdch l\u00e1tek (charakterizovanou obecn\u011b na mnoha rozm\u011brov\u00fdch \u00farovn\u00edch) a jejich vlastnostmi a tvo\u0159\u00ed v\u00fdznamnou slo\u017eku magistersk\u00e9ho a doktorsk\u00e9ho studijn\u00edho oboru Fyzik\u00e1ln\u00ed in\u017een\u00fdrstv\u00ed na FJFI \u010cVUT v Praze. Poznatky z\u00edskan\u00e9 v r\u00e1mci FPL vytv\u00e1\u0159\u00ed v\u011bdomostn\u00ed z\u00e1kladnu pro rozvoj velmi mnoha sou\u010dasn\u00fdch technick\u00fdch aplikac\u00ed. K hlavn\u00edm, dynamicky se rozv\u00edjej\u00edc\u00edm obor\u016fm FPL pat\u0159\u00ed zejm\u00e9na anal\u00fdza vnit\u0159n\u00edho uspo\u0159\u00e1d\u00e1n\u00ed kondenzovan\u00fdch l\u00e1tek pomoc\u00ed rozmanit\u00fdch difrak\u010dn\u00edch metod, spektroskopick\u00e1 a optick\u00e1 charakterizace fyzik\u00e1ln\u00edch a chemick\u00fdch vlastnost\u00ed kondenzovan\u00fdch l\u00e1tek a slo\u017eit\u011bj\u0161\u00edch funk\u010dn\u00edch super-struktur \u010di aplikace spojen\u00e9 s vyu\u017eit\u00edm specifick\u00fdch polovodi\u010dov\u00fdch materi\u00e1l\u016f. Poznatky FPL se v\u00fdznamn\u011b uplat\u0148uj\u00ed v mezioborov\u00e9m v\u00fdzkumu ozna\u010dovan\u00e9m souhrnn\u011b jako materi\u00e1lov\u00e9 in\u017een\u00fdrstv\u00ed. Kone\u010dn\u011b, d\u016fle\u017eit\u00fdm sou\u010dasn\u00fdm n\u00e1strojem p\u0159i v\u00fdvoji modern\u00edch technologi\u00ed jsou po\u010d\u00edta\u010dov\u00e9 simulace struktury a vlastnost\u00ed kondenzovan\u00fdch l\u00e1tek umo\u017e\u0148uj\u00edc\u00ed rychlou a dostupnou realizaci rozs\u00e1hl\u00fdch studi\u00ed v\u011bnovan\u00fdch praktick\u00e9 aplikaci teoretick\u00fdch model\u016f FPL a jejich verifikaci zalo\u017een\u00e9 na porovn\u00e1n\u00ed simulovan\u00fdch dat s v\u00fdsledky re\u00e1ln\u00fdch experiment\u016f.<\/p><p>Navr\u017een\u00fd program studentsk\u00e9 v\u011bdeck\u00e9 konference (navazuj\u00edc\u00ed na lo\u0148skou<strong>\u00a0<a href=\"https:\/\/kiplweb.fjfi.cvut.cz\/web\/en\/wordpress\/sscssp-1\/\">\u00fasp\u011b\u0161nou premi\u00e9ru<\/a><\/strong>) je zam\u011b\u0159en na p\u0159\u00edsp\u011bvky dot\u00fdkaj\u00edc\u00ed se v\u00fd\u0161e uveden\u00fdch aktu\u00e1ln\u00edch t\u00e9mat. C\u00edlem konference je poskytnout student\u016fm mo\u017enost prezentovat sv\u00e9 p\u0159\u00edsp\u011bvky na \u0161ir\u0161\u00edm f\u00f3ru, rozv\u00edjet schopnosti verb\u00e1ln\u00ed v\u011bdeck\u00e9 komunikace a roz\u0161\u00ed\u0159it sv\u016fj odborn\u00fd rozhled o t\u00e9mata prezentovan\u00e1 ostatn\u00edmi \u00fa\u010dastn\u00edky konference v jejich p\u0159\u00edsp\u011bvc\u00edch a prob\u00edran\u00e1 v neform\u00e1ln\u00edch diskuz\u00edch.<\/p><p>P\u0159ednesen\u00e9 p\u0159\u00edsp\u011bvky v rozsahu 6-8 stran byly, podobn\u011b jako v p\u0159ede\u0161l\u00e9m roce, publikov\u00e1ny ve sborn\u00edku konference.<\/p>\t\t\t\t\t\t<\/div>\n\t\t\t\t<\/div>\n\t\t\t\t\t<\/div>\n\t\t<\/div>\n\t\t\t\t\t<\/div>\n\t\t<\/section>\n\t\t\t\t<\/div>","protected":false},"excerpt":{"rendered":"<p>SSCSSP Druh\u00e1 studentsk\u00e1 v\u011bdeck\u00e1 konference fyziky pevn\u00fdch l\u00e1tek &#8211; SSCSSP-2 (2012) SSCSSP-2 &#8211;&gt; \u00davod Ohl\u00e9dnut\u00ed za druh\u00fdm ro\u010dn\u00edkem SSCSSP Fotogalerie M\u00edsto kon\u00e1n\u00ed &#8211; Tet\u0159ev\u00ed boudy Sborn\u00edk Ve dnech 29.6.2012 a\u017e 3.7.2012 se pod z\u00e1\u0161titou Katedry in\u017een\u00fdrstv\u00ed pevn\u00fdch l\u00e1tek FJFI za [&hellip;]<\/p>","protected":false},"author":3,"featured_media":0,"parent":0,"menu_order":0,"comment_status":"closed","ping_status":"closed","template":"elementor_header_footer","meta":{"footnotes":""},"folder":[22],"class_list":["post-2244","page","type-page","status-publish","hentry"],"_links":{"self":[{"href":"https:\/\/kiplweb.fjfi.cvut.cz\/web\/en\/wp-json\/wp\/v2\/pages\/2244","targetHints":{"allow":["GET"]}}],"collection":[{"href":"https:\/\/kiplweb.fjfi.cvut.cz\/web\/en\/wp-json\/wp\/v2\/pages"}],"about":[{"href":"https:\/\/kiplweb.fjfi.cvut.cz\/web\/en\/wp-json\/wp\/v2\/types\/page"}],"author":[{"embeddable":true,"href":"https:\/\/kiplweb.fjfi.cvut.cz\/web\/en\/wp-json\/wp\/v2\/users\/3"}],"replies":[{"embeddable":true,"href":"https:\/\/kiplweb.fjfi.cvut.cz\/web\/en\/wp-json\/wp\/v2\/comments?post=2244"}],"version-history":[{"count":41,"href":"https:\/\/kiplweb.fjfi.cvut.cz\/web\/en\/wp-json\/wp\/v2\/pages\/2244\/revisions"}],"predecessor-version":[{"id":5729,"href":"https:\/\/kiplweb.fjfi.cvut.cz\/web\/en\/wp-json\/wp\/v2\/pages\/2244\/revisions\/5729"}],"wp:attachment":[{"href":"https:\/\/kiplweb.fjfi.cvut.cz\/web\/en\/wp-json\/wp\/v2\/media?parent=2244"}],"wp:term":[{"taxonomy":"folder","embeddable":true,"href":"https:\/\/kiplweb.fjfi.cvut.cz\/web\/en\/wp-json\/wp\/v2\/folder?post=2244"}],"curies":[{"name":"wp","href":"https:\/\/api.w.org\/{rel}","templated":true}]}}