{"id":1998,"date":"2021-02-09T12:58:02","date_gmt":"2021-02-09T11:58:02","guid":{"rendered":"https:\/\/kiplweb.fjfi.cvut.cz\/wordpress\/?page_id=1998"},"modified":"2023-04-26T11:15:26","modified_gmt":"2023-04-26T09:15:26","slug":"sscssp-1","status":"publish","type":"page","link":"https:\/\/kiplweb.fjfi.cvut.cz\/web\/en\/sscssp-1\/","title":{"rendered":"SSCSSP-1 \u00davod"},"content":{"rendered":"<div data-elementor-type=\"wp-page\" data-elementor-id=\"1998\" class=\"elementor elementor-1998\">\n\t\t\t\t\t\t<section class=\"elementor-section elementor-top-section elementor-element elementor-element-d442a7c elementor-section-boxed elementor-section-height-default elementor-section-height-default\" data-id=\"d442a7c\" data-element_type=\"section\">\n\t\t\t\t\t\t<div class=\"elementor-container elementor-column-gap-default\">\n\t\t\t\t\t<div class=\"elementor-column elementor-col-50 elementor-top-column elementor-element elementor-element-df67519\" data-id=\"df67519\" data-element_type=\"column\">\n\t\t\t<div class=\"elementor-widget-wrap elementor-element-populated\">\n\t\t\t\t\t\t<div class=\"elementor-element elementor-element-0ac82b1 elementor-align-justify elementor-widget__width-inherit elementor-widget elementor-widget-button\" data-id=\"0ac82b1\" data-element_type=\"widget\" data-widget_type=\"button.default\">\n\t\t\t\t<div class=\"elementor-widget-container\">\n\t\t\t\t\t<div class=\"elementor-button-wrapper\">\n\t\t\t<a class=\"elementor-button elementor-button-link elementor-size-xs\" href=\"https:\/\/kiplweb.fjfi.cvut.cz\/web\/en\/wordpress\/sscssp\/\">\n\t\t\t\t\t\t<span class=\"elementor-button-content-wrapper\">\n\t\t\t\t\t\t\t\t\t<span class=\"elementor-button-text\">SSCSSP<\/span>\n\t\t\t\t\t<\/span>\n\t\t\t\t\t<\/a>\n\t\t<\/div>\n\t\t\t\t<\/div>\n\t\t\t\t<\/div>\n\t\t\t\t<div class=\"elementor-element elementor-element-843c8f4 elementor-widget elementor-widget-heading\" data-id=\"843c8f4\" data-element_type=\"widget\" data-widget_type=\"heading.default\">\n\t\t\t\t<div class=\"elementor-widget-container\">\n\t\t\t<h2 class=\"elementor-heading-title elementor-size-default\">Prvn\u00ed studentsk\u00e1 v\u011bdeck\u00e1 konference fyziky pevn\u00fdch l\u00e1tek<\/h2>\t\t<\/div>\n\t\t\t\t<\/div>\n\t\t\t\t<div class=\"elementor-element elementor-element-4eefa0d elementor-widget elementor-widget-image\" data-id=\"4eefa0d\" data-element_type=\"widget\" data-widget_type=\"image.default\">\n\t\t\t\t<div class=\"elementor-widget-container\">\n\t\t\t\t\t\t\t\t\t\t\t\t\t<img fetchpriority=\"high\" decoding=\"async\" width=\"450\" height=\"227\" src=\"https:\/\/kiplweb.fjfi.cvut.cz\/web\/wp-content\/uploads\/2021\/02\/jaderka-1.jpg\" class=\"attachment-medium_large size-medium_large wp-image-2006\" alt=\"\" srcset=\"https:\/\/kiplweb.fjfi.cvut.cz\/web\/wp-content\/uploads\/2021\/02\/jaderka-1.jpg 450w, https:\/\/kiplweb.fjfi.cvut.cz\/web\/wp-content\/uploads\/2021\/02\/jaderka-1-300x151.jpg 300w, https:\/\/kiplweb.fjfi.cvut.cz\/web\/wp-content\/uploads\/2021\/02\/jaderka-1-16x8.jpg 16w, https:\/\/kiplweb.fjfi.cvut.cz\/web\/wp-content\/uploads\/2021\/02\/jaderka-1-230x116.jpg 230w, https:\/\/kiplweb.fjfi.cvut.cz\/web\/wp-content\/uploads\/2021\/02\/jaderka-1-350x177.jpg 350w\" sizes=\"(max-width: 450px) 100vw, 450px\" \/>\t\t\t\t\t\t\t\t\t\t\t\t\t<\/div>\n\t\t\t\t<\/div>\n\t\t\t\t\t<\/div>\n\t\t<\/div>\n\t\t\t\t<div class=\"elementor-column elementor-col-50 elementor-top-column elementor-element elementor-element-c7ce757\" data-id=\"c7ce757\" data-element_type=\"column\">\n\t\t\t<div class=\"elementor-widget-wrap elementor-element-populated\">\n\t\t\t\t\t\t<div class=\"elementor-element elementor-element-23e1888 elementor-widget elementor-widget-heading\" data-id=\"23e1888\" data-element_type=\"widget\" data-widget_type=\"heading.default\">\n\t\t\t\t<div class=\"elementor-widget-container\">\n\t\t\t<h6 class=\"elementor-heading-title elementor-size-default\"><br>SSCSSP-1<\/h6>\t\t<\/div>\n\t\t\t\t<\/div>\n\t\t\t\t<div class=\"elementor-element elementor-element-f1a7522 elementor-widget-divider--view-line elementor-widget elementor-widget-divider\" data-id=\"f1a7522\" data-element_type=\"widget\" data-widget_type=\"divider.default\">\n\t\t\t\t<div class=\"elementor-widget-container\">\n\t\t\t\t\t<div class=\"elementor-divider\">\n\t\t\t<span class=\"elementor-divider-separator\">\n\t\t\t\t\t\t<\/span>\n\t\t<\/div>\n\t\t\t\t<\/div>\n\t\t\t\t<\/div>\n\t\t\t\t<div class=\"elementor-element elementor-element-fb572e5 elementor-widget elementor-widget-text-editor\" data-id=\"fb572e5\" data-element_type=\"widget\" data-widget_type=\"text-editor.default\">\n\t\t\t\t<div class=\"elementor-widget-container\">\n\t\t\t\t\t\t\t<ol><li><span style=\"color: #000000;\"><strong>&#8211;&gt; \u00davod<\/strong><\/span><\/li><li><span style=\"color: #336699;\"><a style=\"font-weight: bold; color: #336699;\" title=\"\" href=\"https:\/\/kiplweb.fjfi.cvut.cz\/web\/en\/wordpress\/konference-1-vedouci\/\">Pr\u016fb\u011bh konference <\/a><\/span><strong><a href=\"https:\/\/kiplweb.fjfi.cvut.cz\/web\/en\/wordpress\/konference-1-vedouci\/\"><span style=\"color: #336699;\">o\u010dima vedouc\u00edho katedry<\/span><\/a><\/strong><\/li><li><span style=\"color: #336699;\"><a style=\"font-weight: bold; color: #336699;\" title=\"\" href=\"https:\/\/kiplweb.fjfi.cvut.cz\/web\/en\/wordpress\/sscssp-1-fotogalerie\/\">Fotogalerie<\/a><\/span><\/li><li><a href=\"https:\/\/kiplweb.fjfi.cvut.cz\/web\/en\/wordpress\/sscssp-1-program\/\"><span style=\"color: #336699;\"><strong>Program<\/strong><\/span><\/a><\/li><li><span style=\"color: #336699;\"><strong><a style=\"color: #336699;\" href=\"https:\/\/kiplweb.fjfi.cvut.cz\/web\/en\/files\/SSCSSP1-2011-sbornik.pdf\/\">Sborn\u00edk<\/a><\/strong><\/span><\/li><\/ol>\t\t\t\t\t\t<\/div>\n\t\t\t\t<\/div>\n\t\t\t\t<div class=\"elementor-element elementor-element-9e03532 elementor-widget-divider--view-line elementor-widget elementor-widget-divider\" data-id=\"9e03532\" data-element_type=\"widget\" data-widget_type=\"divider.default\">\n\t\t\t\t<div class=\"elementor-widget-container\">\n\t\t\t\t\t<div class=\"elementor-divider\">\n\t\t\t<span class=\"elementor-divider-separator\">\n\t\t\t\t\t\t<\/span>\n\t\t<\/div>\n\t\t\t\t<\/div>\n\t\t\t\t<\/div>\n\t\t\t\t\t<\/div>\n\t\t<\/div>\n\t\t\t\t\t<\/div>\n\t\t<\/section>\n\t\t\t\t<section class=\"elementor-section elementor-top-section elementor-element elementor-element-8bc324c elementor-section-boxed elementor-section-height-default elementor-section-height-default\" data-id=\"8bc324c\" data-element_type=\"section\">\n\t\t\t\t\t\t<div class=\"elementor-container elementor-column-gap-default\">\n\t\t\t\t\t<div class=\"elementor-column elementor-col-100 elementor-top-column elementor-element elementor-element-2f5ed09\" data-id=\"2f5ed09\" data-element_type=\"column\">\n\t\t\t<div class=\"elementor-widget-wrap elementor-element-populated\">\n\t\t\t\t\t\t<div class=\"elementor-element elementor-element-1c661c9 elementor-widget-divider--view-line elementor-widget elementor-widget-divider\" data-id=\"1c661c9\" data-element_type=\"widget\" data-widget_type=\"divider.default\">\n\t\t\t\t<div class=\"elementor-widget-container\">\n\t\t\t\t\t<div class=\"elementor-divider\">\n\t\t\t<span class=\"elementor-divider-separator\">\n\t\t\t\t\t\t<\/span>\n\t\t<\/div>\n\t\t\t\t<\/div>\n\t\t\t\t<\/div>\n\t\t\t\t<div class=\"elementor-element elementor-element-b4f8a68 elementor-widget elementor-widget-text-editor\" data-id=\"b4f8a68\" data-element_type=\"widget\" data-widget_type=\"text-editor.default\">\n\t\t\t\t<div class=\"elementor-widget-container\">\n\t\t\t\t\t\t\t<p>Ve dnech 30.6.2011 a\u017e 3.7.2011 se pod z\u00e1\u0161titou Katedry in\u017een\u00fdrstv\u00ed pevn\u00fdch l\u00e1tek FJFI za laskav\u00e9 grantov\u00e9 podpory ze strany SGS \u010cVUT v Praze uskute\u010dnila\u00a0<strong>Prvn\u00ed studentsk\u00e1 v\u011bdeck\u00e1 konference fyziky pevn\u00fdch l\u00e1tek<\/strong>\u00a0(1st Student Scientific Conference on Solid State Physics, SSCSSP-1).<\/p><p><cite>Fyzika pevn\u00fdch l\u00e1tek (FPL)<\/cite>, jako sou\u010d\u00e1st fyzik\u00e1ln\u00edho in\u017een\u00fdrstv\u00ed, je z\u00e1kladn\u00edm pil\u00ed\u0159em mnoha p\u0159\u00edrodov\u011bdn\u00fdch obor\u016f, kter\u00fd umo\u017e\u0148uje proniknout k pochopen\u00ed souvislost\u00ed mezi mikrostrukturou materi\u00e1l\u016f a jejich vlastnostmi a, ve sv\u00e9m d\u016fsledku, vytv\u00e1\u0159\u00ed z\u00e1kladnu pro rozvoj mnoha technick\u00fdch aplikac\u00ed. K\u00a0hlavn\u00edm, dynamicky se rozv\u00edjej\u00edc\u00edm obor\u016fm FPL pat\u0159\u00ed zejm\u00e9na anal\u00fdza vnit\u0159n\u00edho uspo\u0159\u00e1d\u00e1n\u00ed kondenzovan\u00fdch l\u00e1tek pomoc\u00ed rozmanit\u00fdch difrak\u010dn\u00edch metod, spektroskopick\u00e1 a optick\u00e1 charakterizace fyzik\u00e1ln\u00edch a chemick\u00fdch vlastnost\u00ed kondenzovan\u00fdch l\u00e1tek a slo\u017eit\u011bj\u0161\u00edch funk\u010dn\u00edch super-struktur \u010di aplikace spojen\u00e9 s\u00a0vyu\u017eit\u00edm specifick\u00fdch polovodi\u010dov\u00fdch materi\u00e1l\u016f. Kone\u010dn\u011b, d\u016fle\u017eit\u00fdm n\u00e1strojem p\u0159i v\u00fdvoji modern\u00edch technologi\u00ed, jeho\u017e v\u00fdznam a vyu\u017eit\u00ed v\u00a0sou\u010dasnosti nab\u00fdv\u00e1 na v\u00fdznamu, jsou po\u010d\u00edta\u010dov\u00e9 simulace kondenzovan\u00fdch l\u00e1tek, kter\u00e9 umo\u017e\u0148uj\u00ed propojen\u00ed teoretick\u00fdch znalost\u00ed s\u00a0v\u00fdsledky experiment\u016f.<\/p><p>Program konference byl zam\u011b\u0159en na p\u0159\u00edsp\u011bvky dot\u00fdkaj\u00edc\u00ed se v\u00fd\u0161e uveden\u00fdch aktu\u00e1ln\u00edch t\u00e9mat. C\u00edlem konference bylo poskytnout student\u016fm mo\u017enost prezentovat sv\u00e9 v\u00fdsledky na \u0161ir\u0161\u00edm f\u00f3ru, rozv\u00edjet sv\u00e9 schopnosti verb\u00e1ln\u00ed v\u011bdeck\u00e9 komunikace a roz\u0161\u00ed\u0159it sv\u016fj odborn\u00fd rozhled o t\u00e9mata prezentovan\u00e1 ostatn\u00edmi \u00fa\u010dastn\u00edky v\u00a0neform\u00e1ln\u00edch a spont\u00e1nn\u00edch diskus\u00edch.<\/p><p>\u00dasp\u011b\u0161n\u00fd pr\u016fb\u011bh prvn\u00edho ro\u010dn\u00edku Studentsk\u00e9 v\u011bdeck\u00e9 konference fyziky pevn\u00fdch l\u00e1tek nasadil vysokou la\u0165ku pro v\u0161echny ro\u010dn\u00edky n\u00e1sleduj\u00edc\u00ed. I v dal\u0161\u00edch letech bychom r\u00e1di zachovali tv\u016fr\u010d\u00ed a konstruktivn\u00ed atmosf\u00e9ru tohoto setk\u00e1n\u00ed. Tento text nech\u0165 je pozv\u00e1nkou pro v\u0161echny studuj\u00edc\u00ed, jejich\u017e v\u00fdzkumn\u00e1 pr\u00e1ce se dot\u00fdk\u00e1 fyziky pevn\u00fdch l\u00e1tek: p\u0159ij\u010fte na p\u0159elomu \u010dervna a \u010dervence 2012 prezentovat sv\u00e9 v\u00fdsledky na\u00a0<a href=\"https:\/\/kiplwww.fjfi.cvut.cz\/drupal7\/?q=SSCSSP-2\">SSCSSP-2<\/a>\u00a0na Tet\u0159ev\u00ed boudy!<\/p>\t\t\t\t\t\t<\/div>\n\t\t\t\t<\/div>\n\t\t\t\t<div class=\"elementor-element elementor-element-46ef094 elementor-widget elementor-widget-image\" data-id=\"46ef094\" data-element_type=\"widget\" data-widget_type=\"image.default\">\n\t\t\t\t<div class=\"elementor-widget-container\">\n\t\t\t\t\t\t\t\t\t\t\t\t\t<img decoding=\"async\" width=\"630\" height=\"909\" src=\"https:\/\/kiplweb.fjfi.cvut.cz\/web\/wp-content\/uploads\/2021\/02\/plakat.png\" class=\"attachment-medium_large size-medium_large wp-image-2037\" alt=\"\" srcset=\"https:\/\/kiplweb.fjfi.cvut.cz\/web\/wp-content\/uploads\/2021\/02\/plakat.png 630w, https:\/\/kiplweb.fjfi.cvut.cz\/web\/wp-content\/uploads\/2021\/02\/plakat-208x300.png 208w, https:\/\/kiplweb.fjfi.cvut.cz\/web\/wp-content\/uploads\/2021\/02\/plakat-8x12.png 8w, https:\/\/kiplweb.fjfi.cvut.cz\/web\/wp-content\/uploads\/2021\/02\/plakat-230x332.png 230w, https:\/\/kiplweb.fjfi.cvut.cz\/web\/wp-content\/uploads\/2021\/02\/plakat-350x505.png 350w, https:\/\/kiplweb.fjfi.cvut.cz\/web\/wp-content\/uploads\/2021\/02\/plakat-480x693.png 480w\" sizes=\"(max-width: 630px) 100vw, 630px\" \/>\t\t\t\t\t\t\t\t\t\t\t\t\t<\/div>\n\t\t\t\t<\/div>\n\t\t\t\t\t<\/div>\n\t\t<\/div>\n\t\t\t\t\t<\/div>\n\t\t<\/section>\n\t\t\t\t<section class=\"elementor-section elementor-top-section elementor-element elementor-element-a0815cf elementor-section-boxed elementor-section-height-default elementor-section-height-default\" data-id=\"a0815cf\" data-element_type=\"section\">\n\t\t\t\t\t\t<div class=\"elementor-container elementor-column-gap-default\">\n\t\t\t\t\t<div class=\"elementor-column elementor-col-100 elementor-top-column elementor-element elementor-element-93db79c\" data-id=\"93db79c\" data-element_type=\"column\">\n\t\t\t<div class=\"elementor-widget-wrap\">\n\t\t\t\t\t\t\t<\/div>\n\t\t<\/div>\n\t\t\t\t\t<\/div>\n\t\t<\/section>\n\t\t\t\t<\/div>","protected":false},"excerpt":{"rendered":"<p>SSCSSP Prvn\u00ed studentsk\u00e1 v\u011bdeck\u00e1 konference fyziky pevn\u00fdch l\u00e1tek SSCSSP-1 &#8211;&gt; \u00davod Pr\u016fb\u011bh konference o\u010dima vedouc\u00edho katedry Fotogalerie Program Sborn\u00edk Ve dnech 30.6.2011 a\u017e 3.7.2011 se pod z\u00e1\u0161titou Katedry in\u017een\u00fdrstv\u00ed pevn\u00fdch l\u00e1tek FJFI za laskav\u00e9 grantov\u00e9 podpory ze strany SGS \u010cVUT [&hellip;]<\/p>","protected":false},"author":3,"featured_media":0,"parent":0,"menu_order":0,"comment_status":"closed","ping_status":"closed","template":"elementor_header_footer","meta":{"footnotes":""},"folder":[17],"class_list":["post-1998","page","type-page","status-publish","hentry"],"_links":{"self":[{"href":"https:\/\/kiplweb.fjfi.cvut.cz\/web\/en\/wp-json\/wp\/v2\/pages\/1998","targetHints":{"allow":["GET"]}}],"collection":[{"href":"https:\/\/kiplweb.fjfi.cvut.cz\/web\/en\/wp-json\/wp\/v2\/pages"}],"about":[{"href":"https:\/\/kiplweb.fjfi.cvut.cz\/web\/en\/wp-json\/wp\/v2\/types\/page"}],"author":[{"embeddable":true,"href":"https:\/\/kiplweb.fjfi.cvut.cz\/web\/en\/wp-json\/wp\/v2\/users\/3"}],"replies":[{"embeddable":true,"href":"https:\/\/kiplweb.fjfi.cvut.cz\/web\/en\/wp-json\/wp\/v2\/comments?post=1998"}],"version-history":[{"count":39,"href":"https:\/\/kiplweb.fjfi.cvut.cz\/web\/en\/wp-json\/wp\/v2\/pages\/1998\/revisions"}],"predecessor-version":[{"id":5726,"href":"https:\/\/kiplweb.fjfi.cvut.cz\/web\/en\/wp-json\/wp\/v2\/pages\/1998\/revisions\/5726"}],"wp:attachment":[{"href":"https:\/\/kiplweb.fjfi.cvut.cz\/web\/en\/wp-json\/wp\/v2\/media?parent=1998"}],"wp:term":[{"taxonomy":"folder","embeddable":true,"href":"https:\/\/kiplweb.fjfi.cvut.cz\/web\/en\/wp-json\/wp\/v2\/folder?post=1998"}],"curies":[{"name":"wp","href":"https:\/\/api.w.org\/{rel}","templated":true}]}}