{"id":1357,"date":"2021-02-08T13:45:31","date_gmt":"2021-02-08T12:45:31","guid":{"rendered":"https:\/\/kiplweb.fjfi.cvut.cz\/wordpress\/?page_id=1357"},"modified":"2023-02-20T14:56:22","modified_gmt":"2023-02-20T13:56:22","slug":"kolarik","status":"publish","type":"page","link":"https:\/\/kiplweb.fjfi.cvut.cz\/web\/en\/kolarik\/","title":{"rendered":"Kamil Kola\u0159\u00edk"},"content":{"rendered":"<div data-elementor-type=\"wp-page\" data-elementor-id=\"1357\" class=\"elementor elementor-1357\">\n\t\t\t\t\t\t<section class=\"elementor-section elementor-top-section elementor-element elementor-element-4407ef2 elementor-section-boxed elementor-section-height-default elementor-section-height-default\" data-id=\"4407ef2\" data-element_type=\"section\">\n\t\t\t\t\t\t<div class=\"elementor-container elementor-column-gap-default\">\n\t\t\t\t\t<div class=\"elementor-column elementor-col-100 elementor-top-column elementor-element elementor-element-2dabfb7\" data-id=\"2dabfb7\" data-element_type=\"column\">\n\t\t\t<div class=\"elementor-widget-wrap elementor-element-populated\">\n\t\t\t\t\t\t<section class=\"elementor-section elementor-inner-section elementor-element elementor-element-3164ccb elementor-section-boxed elementor-section-height-default elementor-section-height-default\" data-id=\"3164ccb\" data-element_type=\"section\">\n\t\t\t\t\t\t<div class=\"elementor-container elementor-column-gap-default\">\n\t\t\t\t\t<div class=\"elementor-column elementor-col-100 elementor-inner-column elementor-element elementor-element-86aa0f3\" data-id=\"86aa0f3\" data-element_type=\"column\">\n\t\t\t<div class=\"elementor-widget-wrap elementor-element-populated\">\n\t\t\t\t\t\t<div class=\"elementor-element elementor-element-a2f238c elementor-widget elementor-widget-heading\" data-id=\"a2f238c\" data-element_type=\"widget\" data-widget_type=\"heading.default\">\n\t\t\t\t<div class=\"elementor-widget-container\">\n\t\t\t<h3 class=\"elementor-heading-title elementor-size-default\">Ing. Kamil Kola\u0159\u00edk, Ph.D.<\/h3>\t\t<\/div>\n\t\t\t\t<\/div>\n\t\t\t\t\t<\/div>\n\t\t<\/div>\n\t\t\t\t\t<\/div>\n\t\t<\/section>\n\t\t\t\t<section class=\"elementor-section elementor-inner-section elementor-element elementor-element-3e15632 elementor-section-boxed elementor-section-height-default elementor-section-height-default\" data-id=\"3e15632\" data-element_type=\"section\">\n\t\t\t\t\t\t<div class=\"elementor-container elementor-column-gap-default\">\n\t\t\t\t\t<div class=\"elementor-column elementor-col-50 elementor-inner-column elementor-element elementor-element-9d508e3\" data-id=\"9d508e3\" data-element_type=\"column\">\n\t\t\t<div class=\"elementor-widget-wrap elementor-element-populated\">\n\t\t\t\t\t\t<div class=\"elementor-element elementor-element-06040c0 elementor-widget elementor-widget-image\" data-id=\"06040c0\" data-element_type=\"widget\" data-widget_type=\"image.default\">\n\t\t\t\t<div class=\"elementor-widget-container\">\n\t\t\t\t\t\t\t\t\t\t\t\t\t<img fetchpriority=\"high\" decoding=\"async\" width=\"259\" height=\"462\" src=\"https:\/\/kiplweb.fjfi.cvut.cz\/web\/wp-content\/uploads\/2021\/02\/kolarik.jpg\" class=\"attachment-large size-large wp-image-1359\" alt=\"\" srcset=\"https:\/\/kiplweb.fjfi.cvut.cz\/web\/wp-content\/uploads\/2021\/02\/kolarik.jpg 259w, https:\/\/kiplweb.fjfi.cvut.cz\/web\/wp-content\/uploads\/2021\/02\/kolarik-168x300.jpg 168w, https:\/\/kiplweb.fjfi.cvut.cz\/web\/wp-content\/uploads\/2021\/02\/kolarik-7x12.jpg 7w, https:\/\/kiplweb.fjfi.cvut.cz\/web\/wp-content\/uploads\/2021\/02\/kolarik-230x410.jpg 230w\" sizes=\"(max-width: 259px) 100vw, 259px\" \/>\t\t\t\t\t\t\t\t\t\t\t\t\t<\/div>\n\t\t\t\t<\/div>\n\t\t\t\t\t<\/div>\n\t\t<\/div>\n\t\t\t\t<div class=\"elementor-column elementor-col-50 elementor-inner-column elementor-element elementor-element-9fead07\" data-id=\"9fead07\" data-element_type=\"column\">\n\t\t\t<div class=\"elementor-widget-wrap elementor-element-populated\">\n\t\t\t\t\t\t<div class=\"elementor-element elementor-element-6b0935d elementor-widget elementor-widget-text-editor\" data-id=\"6b0935d\" data-element_type=\"widget\" data-widget_type=\"text-editor.default\">\n\t\t\t\t<div class=\"elementor-widget-container\">\n\t\t\t\t\t\t\t<p><strong>Address<\/strong> <br><a href=\"https:\/\/goo.gl\/maps\/XPzHD4bwQwVx7KxJ8\">KIPL, FJFI, \u010cVUT<\/a><br><strong>Room:<\/strong><br>379&nbsp;<br><strong>Phone:<\/strong><br><br><strong>e-mail:<\/strong> <br><a title=\"kamil.kolarik@fjfi.cvut.cz\" href=\"mailto:kamil.kolarik@fjfi.cvut.cz\">kamil.kolarik@fjfi.cvut.cz<\/a><\/p>\t\t\t\t\t\t<\/div>\n\t\t\t\t<\/div>\n\t\t\t\t\t<\/div>\n\t\t<\/div>\n\t\t\t\t\t<\/div>\n\t\t<\/section>\n\t\t\t\t\t<\/div>\n\t\t<\/div>\n\t\t\t\t<div class=\"elementor-column elementor-col-100 elementor-top-column elementor-element elementor-element-4831bce\" data-id=\"4831bce\" data-element_type=\"column\">\n\t\t\t<div class=\"elementor-widget-wrap elementor-element-populated\">\n\t\t\t\t\t\t<div class=\"elementor-element elementor-element-71401a0 elementor-widget elementor-widget-heading\" data-id=\"71401a0\" data-element_type=\"widget\" data-widget_type=\"heading.default\">\n\t\t\t\t<div class=\"elementor-widget-container\">\n\t\t\t<h6 class=\"elementor-heading-title elementor-size-default\"><br>Internal staff<\/h6>\t\t<\/div>\n\t\t\t\t<\/div>\n\t\t\t\t<div class=\"elementor-element elementor-element-9e98f54 elementor-widget-divider--view-line elementor-widget elementor-widget-divider\" data-id=\"9e98f54\" data-element_type=\"widget\" data-widget_type=\"divider.default\">\n\t\t\t\t<div class=\"elementor-widget-container\">\n\t\t\t\t\t<div class=\"elementor-divider\">\n\t\t\t<span class=\"elementor-divider-separator\">\n\t\t\t\t\t\t<\/span>\n\t\t<\/div>\n\t\t\t\t<\/div>\n\t\t\t\t<\/div>\n\t\t\t\t<div class=\"elementor-element elementor-element-da1f08e elementor-widget elementor-widget-text-editor\" data-id=\"da1f08e\" data-element_type=\"widget\" data-widget_type=\"text-editor.default\">\n\t\t\t\t<div class=\"elementor-widget-container\">\n\t\t\t\t\t\t\t<ol><li><span style=\"color: #336699;\"><a style=\"color: #336699;\" href=\"https:\/\/kiplweb.fjfi.cvut.cz\/web\/en\/wordpress\/pracovnici\/#vedeni\"><b>Head of the department<\/b><\/a><\/span><\/li><li><span style=\"color: #336699;\"><a style=\"color: #336699;\" href=\"https:\/\/kiplweb.fjfi.cvut.cz\/web\/en\/wordpress\/pracovnici\/#sekretariat\"><b>Secretariat<\/b><\/a><\/span><\/li><li><span style=\"color: #000000;\"><a style=\"color: #000000;\" href=\"https:\/\/kiplweb.fjfi.cvut.cz\/web\/en\/wordpress\/pracovnici\/#akademicti-pracovnici\"><b>&#8211;&gt; Akademi\u010dt\u00ed pracovn\u00edci<\/b><\/a><\/span><\/li><li><a href=\"https:\/\/kiplweb.fjfi.cvut.cz\/web\/en\/wordpress\/pracovnici\/#odborni-pracovnici\"><span style=\"color: #336699;\"><strong>Professional staff<\/strong><\/span><\/a><\/li><li><a href=\"https:\/\/kiplweb.fjfi.cvut.cz\/web\/en\/wordpress\/pracovnici\/#technicti-pracovnici\"><span style=\"color: #336699;\"><b>Techn<span style=\"color: #336699;\">i\u010dt\u00ed pracovn\u00edci<\/span><\/b><\/span><\/a><\/li><\/ol>\t\t\t\t\t\t<\/div>\n\t\t\t\t<\/div>\n\t\t\t\t<div class=\"elementor-element elementor-element-d0e1980 elementor-widget-divider--view-line elementor-widget elementor-widget-divider\" data-id=\"d0e1980\" data-element_type=\"widget\" data-widget_type=\"divider.default\">\n\t\t\t\t<div class=\"elementor-widget-container\">\n\t\t\t\t\t<div class=\"elementor-divider\">\n\t\t\t<span class=\"elementor-divider-separator\">\n\t\t\t\t\t\t<\/span>\n\t\t<\/div>\n\t\t\t\t<\/div>\n\t\t\t\t<\/div>\n\t\t\t\t\t<\/div>\n\t\t<\/div>\n\t\t\t\t\t<\/div>\n\t\t<\/section>\n\t\t\t\t<section class=\"elementor-section elementor-top-section elementor-element elementor-element-9d7b282 elementor-section-boxed elementor-section-height-default elementor-section-height-default\" data-id=\"9d7b282\" data-element_type=\"section\">\n\t\t\t\t\t\t<div class=\"elementor-container elementor-column-gap-default\">\n\t\t\t\t\t<div class=\"elementor-column elementor-col-100 elementor-top-column elementor-element elementor-element-79fdf77\" data-id=\"79fdf77\" data-element_type=\"column\">\n\t\t\t<div class=\"elementor-widget-wrap elementor-element-populated\">\n\t\t\t\t\t\t<div class=\"elementor-element elementor-element-627c95c elementor-widget-divider--view-line elementor-widget elementor-widget-divider\" data-id=\"627c95c\" data-element_type=\"widget\" data-widget_type=\"divider.default\">\n\t\t\t\t<div class=\"elementor-widget-container\">\n\t\t\t\t\t<div class=\"elementor-divider\">\n\t\t\t<span class=\"elementor-divider-separator\">\n\t\t\t\t\t\t<\/span>\n\t\t<\/div>\n\t\t\t\t<\/div>\n\t\t\t\t<\/div>\n\t\t\t\t<section class=\"elementor-section elementor-inner-section elementor-element elementor-element-41860e4 elementor-section-boxed elementor-section-height-default elementor-section-height-default\" data-id=\"41860e4\" data-element_type=\"section\">\n\t\t\t\t\t\t<div class=\"elementor-container elementor-column-gap-default\">\n\t\t\t\t\t<div class=\"elementor-column elementor-col-50 elementor-inner-column elementor-element elementor-element-1b640cf\" data-id=\"1b640cf\" data-element_type=\"column\">\n\t\t\t<div class=\"elementor-widget-wrap elementor-element-populated\">\n\t\t\t\t\t\t<div class=\"elementor-element elementor-element-e09e42b elementor-widget elementor-widget-text-editor\" data-id=\"e09e42b\" data-element_type=\"widget\" data-widget_type=\"text-editor.default\">\n\t\t\t\t<div class=\"elementor-widget-container\">\n\t\t\t\t\t\t\t<p><strong>Job title and functions:<br \/><\/strong>Strojn\u00ed in\u017een\u00fdr ve v\u00fdzkumn\u00e9m v\u00fdvoji<\/p>\t\t\t\t\t\t<\/div>\n\t\t\t\t<\/div>\n\t\t\t\t\t<\/div>\n\t\t<\/div>\n\t\t\t\t<div class=\"elementor-column elementor-col-50 elementor-inner-column elementor-element elementor-element-2cabd2e\" data-id=\"2cabd2e\" data-element_type=\"column\">\n\t\t\t<div class=\"elementor-widget-wrap elementor-element-populated\">\n\t\t\t\t\t\t<div class=\"elementor-element elementor-element-451559a elementor-widget elementor-widget-text-editor\" data-id=\"451559a\" data-element_type=\"widget\" data-widget_type=\"text-editor.default\">\n\t\t\t\t<div class=\"elementor-widget-container\">\n\t\t\t\t\t\t\t<p><strong>Professional focus:<br \/><\/strong>X-ray diffraction of polycrystalline materials, study of residual stresses and phase composition, application of X-ray diffraction methods to study structural and mechanical properties of technical metals. Cooperation with industrial partners and modernization of experimental equipment of the X-ray diffraction laboratory.<br \/>Studium vlivu teplotn\u00edch pol\u00ed a plastick\u00e9 deformace (vznikl\u00fdch p\u0159ev\u00e1\u017en\u011b nekonven\u010dn\u00edmi technologick\u00fdmi procesy) na re\u00e1lnou strukturu materi\u00e1l\u016f vyu\u017e\u00edvan\u00fdch ve stroj\u00edrenstv\u00ed<\/p>\t\t\t\t\t\t<\/div>\n\t\t\t\t<\/div>\n\t\t\t\t\t<\/div>\n\t\t<\/div>\n\t\t\t\t\t<\/div>\n\t\t<\/section>\n\t\t\t\t<section class=\"elementor-section elementor-inner-section elementor-element elementor-element-dd4f0a0 elementor-section-boxed elementor-section-height-default elementor-section-height-default\" data-id=\"dd4f0a0\" data-element_type=\"section\">\n\t\t\t\t\t\t<div class=\"elementor-container elementor-column-gap-default\">\n\t\t\t\t\t<div class=\"elementor-column elementor-col-50 elementor-inner-column elementor-element elementor-element-39a22cc\" data-id=\"39a22cc\" data-element_type=\"column\">\n\t\t\t<div class=\"elementor-widget-wrap elementor-element-populated\">\n\t\t\t\t\t\t<div class=\"elementor-element elementor-element-5c362f5 elementor-widget elementor-widget-text-editor\" data-id=\"5c362f5\" data-element_type=\"widget\" data-widget_type=\"text-editor.default\">\n\t\t\t\t<div class=\"elementor-widget-container\">\n\t\t\t\t\t\t\t<p><strong>Subjects taught:<br \/><\/strong>11PSPL &#8211; Praktikum ze struktury pevn\u00fdch l\u00e1tek<\/p>\t\t\t\t\t\t<\/div>\n\t\t\t\t<\/div>\n\t\t\t\t\t<\/div>\n\t\t<\/div>\n\t\t\t\t<div class=\"elementor-column elementor-col-50 elementor-inner-column elementor-element elementor-element-50be636\" data-id=\"50be636\" data-element_type=\"column\">\n\t\t\t<div class=\"elementor-widget-wrap elementor-element-populated\">\n\t\t\t\t\t\t<div class=\"elementor-element elementor-element-80f3ee4 elementor-widget elementor-widget-text-editor\" data-id=\"80f3ee4\" data-element_type=\"widget\" data-widget_type=\"text-editor.default\">\n\t\t\t\t<div class=\"elementor-widget-container\">\n\t\t\t\t\t\t\t<p><strong>Publications: <a href=\"https:\/\/www.scopus.com\/authid\/detail.uri?authorId=15829630400\">&#8211;&gt; Scopus &lt;&#8211;\u00a0<\/a><\/strong><\/p>\t\t\t\t\t\t<\/div>\n\t\t\t\t<\/div>\n\t\t\t\t\t<\/div>\n\t\t<\/div>\n\t\t\t\t\t<\/div>\n\t\t<\/section>\n\t\t\t\t<section class=\"elementor-section elementor-inner-section elementor-element elementor-element-ad78042 elementor-section-boxed elementor-section-height-default elementor-section-height-default\" data-id=\"ad78042\" data-element_type=\"section\">\n\t\t\t\t\t\t<div class=\"elementor-container elementor-column-gap-default\">\n\t\t\t\t\t<div class=\"elementor-column elementor-col-50 elementor-inner-column elementor-element elementor-element-e96dd0c\" data-id=\"e96dd0c\" data-element_type=\"column\">\n\t\t\t<div class=\"elementor-widget-wrap elementor-element-populated\">\n\t\t\t\t\t\t<div class=\"elementor-element elementor-element-ceef225 elementor-widget elementor-widget-text-editor\" data-id=\"ceef225\" data-element_type=\"widget\" data-widget_type=\"text-editor.default\">\n\t\t\t\t<div class=\"elementor-widget-container\">\n\t\t\t\t\t\t\t<p><strong>Membership in organizations:<br \/><\/strong><\/p><ul><li>Czech and Slovak Crystallographic Association - member<\/li><li>Dr\u017eitelem st\u00e1tn\u00ed zkou\u0161ky UT 1, 2 podle EN 473-STD-101\/E APC (ultrazvukov\u00e1 defektoskopie)<\/li><\/ul>\t\t\t\t\t\t<\/div>\n\t\t\t\t<\/div>\n\t\t\t\t\t<\/div>\n\t\t<\/div>\n\t\t\t\t<div class=\"elementor-column elementor-col-50 elementor-inner-column elementor-element elementor-element-b293dde\" data-id=\"b293dde\" data-element_type=\"column\">\n\t\t\t<div class=\"elementor-widget-wrap elementor-element-populated\">\n\t\t\t\t\t\t\t<\/div>\n\t\t<\/div>\n\t\t\t\t\t<\/div>\n\t\t<\/section>\n\t\t\t\t\t<\/div>\n\t\t<\/div>\n\t\t\t\t\t<\/div>\n\t\t<\/section>\n\t\t\t\t<section class=\"elementor-section elementor-top-section elementor-element elementor-element-3851304 elementor-section-boxed elementor-section-height-default elementor-section-height-default\" data-id=\"3851304\" data-element_type=\"section\">\n\t\t\t\t\t\t<div class=\"elementor-container elementor-column-gap-default\">\n\t\t\t\t\t<div class=\"elementor-column elementor-col-100 elementor-top-column elementor-element elementor-element-92ecd78\" data-id=\"92ecd78\" data-element_type=\"column\">\n\t\t\t<div class=\"elementor-widget-wrap\">\n\t\t\t\t\t\t\t<\/div>\n\t\t<\/div>\n\t\t\t\t\t<\/div>\n\t\t<\/section>\n\t\t\t\t<\/div>","protected":false},"excerpt":{"rendered":"<p>Ing. Kamil Kola\u0159\u00edk, Ph.D. Adresa: KIPL, FJFI, \u010cVUTM\u00edstnost:379&nbsp;Telefon: e-mail: kamil.kolarik@fjfi.cvut.cz Intern\u00ed pracovn\u00edci Veden\u00ed katedry Sekretari\u00e1t &#8211;&gt; Akademi\u010dt\u00ed pracovn\u00edci Odborn\u00ed pracovn\u00edci Techni\u010dt\u00ed pracovn\u00edci Pracovn\u00ed za\u0159azen\u00ed a funkce:Strojn\u00ed in\u017een\u00fdr ve v\u00fdzkumn\u00e9m v\u00fdvoji Odborn\u00e9 zam\u011b\u0159en\u00ed:Rentgenov\u00e1 difrakce polykrystalick\u00fdch materi\u00e1l\u016f, studium zbytkov\u00fdch nap\u011bt\u00ed a f\u00e1zov\u00e9ho [&hellip;]<\/p>","protected":false},"author":3,"featured_media":0,"parent":0,"menu_order":0,"comment_status":"closed","ping_status":"closed","template":"elementor_header_footer","meta":{"footnotes":""},"folder":[8],"class_list":["post-1357","page","type-page","status-publish","hentry"],"_links":{"self":[{"href":"https:\/\/kiplweb.fjfi.cvut.cz\/web\/en\/wp-json\/wp\/v2\/pages\/1357","targetHints":{"allow":["GET"]}}],"collection":[{"href":"https:\/\/kiplweb.fjfi.cvut.cz\/web\/en\/wp-json\/wp\/v2\/pages"}],"about":[{"href":"https:\/\/kiplweb.fjfi.cvut.cz\/web\/en\/wp-json\/wp\/v2\/types\/page"}],"author":[{"embeddable":true,"href":"https:\/\/kiplweb.fjfi.cvut.cz\/web\/en\/wp-json\/wp\/v2\/users\/3"}],"replies":[{"embeddable":true,"href":"https:\/\/kiplweb.fjfi.cvut.cz\/web\/en\/wp-json\/wp\/v2\/comments?post=1357"}],"version-history":[{"count":19,"href":"https:\/\/kiplweb.fjfi.cvut.cz\/web\/en\/wp-json\/wp\/v2\/pages\/1357\/revisions"}],"predecessor-version":[{"id":5442,"href":"https:\/\/kiplweb.fjfi.cvut.cz\/web\/en\/wp-json\/wp\/v2\/pages\/1357\/revisions\/5442"}],"wp:attachment":[{"href":"https:\/\/kiplweb.fjfi.cvut.cz\/web\/en\/wp-json\/wp\/v2\/media?parent=1357"}],"wp:term":[{"taxonomy":"folder","embeddable":true,"href":"https:\/\/kiplweb.fjfi.cvut.cz\/web\/en\/wp-json\/wp\/v2\/folder?post=1357"}],"curies":[{"name":"wp","href":"https:\/\/api.w.org\/{rel}","templated":true}]}}