{"id":1314,"date":"2021-02-08T11:58:40","date_gmt":"2021-02-08T10:58:40","guid":{"rendered":"https:\/\/kiplweb.fjfi.cvut.cz\/wordpress\/?page_id=1314"},"modified":"2023-01-31T10:43:49","modified_gmt":"2023-01-31T09:43:49","slug":"bryknar","status":"publish","type":"page","link":"https:\/\/kiplweb.fjfi.cvut.cz\/web\/en\/bryknar\/","title":{"rendered":"Zden\u011bk Bryknar"},"content":{"rendered":"<div data-elementor-type=\"wp-page\" data-elementor-id=\"1314\" class=\"elementor elementor-1314\">\n\t\t\t\t\t\t<section class=\"elementor-section elementor-top-section elementor-element elementor-element-4407ef2 elementor-section-boxed elementor-section-height-default elementor-section-height-default\" data-id=\"4407ef2\" data-element_type=\"section\">\n\t\t\t\t\t\t<div class=\"elementor-container elementor-column-gap-default\">\n\t\t\t\t\t<div class=\"elementor-column elementor-col-100 elementor-top-column elementor-element elementor-element-2dabfb7\" data-id=\"2dabfb7\" data-element_type=\"column\">\n\t\t\t<div class=\"elementor-widget-wrap elementor-element-populated\">\n\t\t\t\t\t\t<section class=\"elementor-section elementor-inner-section elementor-element elementor-element-3164ccb elementor-section-boxed elementor-section-height-default elementor-section-height-default\" data-id=\"3164ccb\" data-element_type=\"section\">\n\t\t\t\t\t\t<div class=\"elementor-container elementor-column-gap-default\">\n\t\t\t\t\t<div class=\"elementor-column elementor-col-100 elementor-inner-column elementor-element elementor-element-86aa0f3\" data-id=\"86aa0f3\" data-element_type=\"column\">\n\t\t\t<div class=\"elementor-widget-wrap elementor-element-populated\">\n\t\t\t\t\t\t<div class=\"elementor-element elementor-element-a2f238c elementor-widget elementor-widget-heading\" data-id=\"a2f238c\" data-element_type=\"widget\" data-widget_type=\"heading.default\">\n\t\t\t\t<div class=\"elementor-widget-container\">\n\t\t\t<h3 class=\"elementor-heading-title elementor-size-default\">prof. Ing. Zden\u011bk Bryknar, CSc.<\/h3>\t\t<\/div>\n\t\t\t\t<\/div>\n\t\t\t\t\t<\/div>\n\t\t<\/div>\n\t\t\t\t\t<\/div>\n\t\t<\/section>\n\t\t\t\t<section class=\"elementor-section elementor-inner-section elementor-element elementor-element-3e15632 elementor-section-boxed elementor-section-height-default elementor-section-height-default\" data-id=\"3e15632\" data-element_type=\"section\">\n\t\t\t\t\t\t<div class=\"elementor-container elementor-column-gap-default\">\n\t\t\t\t\t<div class=\"elementor-column elementor-col-50 elementor-inner-column elementor-element elementor-element-9d508e3\" data-id=\"9d508e3\" data-element_type=\"column\">\n\t\t\t<div class=\"elementor-widget-wrap elementor-element-populated\">\n\t\t\t\t\t\t<div class=\"elementor-element elementor-element-06040c0 elementor-widget elementor-widget-image\" data-id=\"06040c0\" data-element_type=\"widget\" data-widget_type=\"image.default\">\n\t\t\t\t<div class=\"elementor-widget-container\">\n\t\t\t\t\t\t\t\t\t\t\t\t\t<img fetchpriority=\"high\" decoding=\"async\" width=\"340\" height=\"454\" src=\"https:\/\/kiplweb.fjfi.cvut.cz\/web\/wp-content\/uploads\/2021\/02\/bryknar.jpg\" class=\"attachment-large size-large wp-image-1325\" alt=\"\" srcset=\"https:\/\/kiplweb.fjfi.cvut.cz\/web\/wp-content\/uploads\/2021\/02\/bryknar.jpg 340w, https:\/\/kiplweb.fjfi.cvut.cz\/web\/wp-content\/uploads\/2021\/02\/bryknar-225x300.jpg 225w, https:\/\/kiplweb.fjfi.cvut.cz\/web\/wp-content\/uploads\/2021\/02\/bryknar-9x12.jpg 9w, https:\/\/kiplweb.fjfi.cvut.cz\/web\/wp-content\/uploads\/2021\/02\/bryknar-230x307.jpg 230w\" sizes=\"(max-width: 340px) 100vw, 340px\" \/>\t\t\t\t\t\t\t\t\t\t\t\t\t<\/div>\n\t\t\t\t<\/div>\n\t\t\t\t\t<\/div>\n\t\t<\/div>\n\t\t\t\t<div class=\"elementor-column elementor-col-50 elementor-inner-column elementor-element elementor-element-9fead07\" data-id=\"9fead07\" data-element_type=\"column\">\n\t\t\t<div class=\"elementor-widget-wrap elementor-element-populated\">\n\t\t\t\t\t\t<div class=\"elementor-element elementor-element-6b0935d elementor-widget elementor-widget-text-editor\" data-id=\"6b0935d\" data-element_type=\"widget\" data-widget_type=\"text-editor.default\">\n\t\t\t\t<div class=\"elementor-widget-container\">\n\t\t\t\t\t\t\t<p><strong>Address<\/strong> <br><a href=\"https:\/\/goo.gl\/maps\/XPzHD4bwQwVx7KxJ8\">KIPL, FJFI, \u010cVUT<\/a><br><strong>Room:<\/strong><br>380 (kancel\u00e1\u0159), 222 (laborato\u0159)<br><strong>Phone:<\/strong><br>+420 770 129 727 (kancel\u00e1\u0159)<br>+420 778 531 507 (laborato\u0159)<br><strong>e-mail:<\/strong> <br><a title=\"zdenek.bryknar@fjfi.cvut.cz\" href=\"mailto:zdenek.bryknar@fjfi.cvut.cz\">zdenek.bryknar@fjfi.cvut.cz<\/a><\/p>\t\t\t\t\t\t<\/div>\n\t\t\t\t<\/div>\n\t\t\t\t\t<\/div>\n\t\t<\/div>\n\t\t\t\t\t<\/div>\n\t\t<\/section>\n\t\t\t\t\t<\/div>\n\t\t<\/div>\n\t\t\t\t<div class=\"elementor-column elementor-col-100 elementor-top-column elementor-element elementor-element-4831bce\" data-id=\"4831bce\" data-element_type=\"column\">\n\t\t\t<div class=\"elementor-widget-wrap elementor-element-populated\">\n\t\t\t\t\t\t<div class=\"elementor-element elementor-element-71401a0 elementor-widget elementor-widget-heading\" data-id=\"71401a0\" data-element_type=\"widget\" data-widget_type=\"heading.default\">\n\t\t\t\t<div class=\"elementor-widget-container\">\n\t\t\t<h6 class=\"elementor-heading-title elementor-size-default\"><br>Internal staff<\/h6>\t\t<\/div>\n\t\t\t\t<\/div>\n\t\t\t\t<div class=\"elementor-element elementor-element-9e98f54 elementor-widget-divider--view-line elementor-widget elementor-widget-divider\" data-id=\"9e98f54\" data-element_type=\"widget\" data-widget_type=\"divider.default\">\n\t\t\t\t<div class=\"elementor-widget-container\">\n\t\t\t\t\t<div class=\"elementor-divider\">\n\t\t\t<span class=\"elementor-divider-separator\">\n\t\t\t\t\t\t<\/span>\n\t\t<\/div>\n\t\t\t\t<\/div>\n\t\t\t\t<\/div>\n\t\t\t\t<div class=\"elementor-element elementor-element-7e894d4 elementor-widget elementor-widget-text-editor\" data-id=\"7e894d4\" data-element_type=\"widget\" data-widget_type=\"text-editor.default\">\n\t\t\t\t<div class=\"elementor-widget-container\">\n\t\t\t\t\t\t\t<ol><li><span style=\"color: #336699;\"><a style=\"color: #336699;\" href=\"https:\/\/kiplweb.fjfi.cvut.cz\/web\/en\/wordpress\/pracovnici\/#vedeni\"><b>Head of the department<\/b><\/a><\/span><\/li><li><span style=\"color: #336699;\"><a style=\"color: #336699;\" href=\"https:\/\/kiplweb.fjfi.cvut.cz\/web\/en\/wordpress\/pracovnici\/#sekretariat\"><b>Secretariat<\/b><\/a><\/span><\/li><li><span style=\"color: #000000;\"><a style=\"color: #000000;\" href=\"https:\/\/kiplweb.fjfi.cvut.cz\/web\/en\/wordpress\/pracovnici\/#akademicti-pracovnici\"><b>&#8211;&gt; Akademi\u010dt\u00ed pracovn\u00edci<\/b><\/a><\/span><\/li><li><a href=\"https:\/\/kiplweb.fjfi.cvut.cz\/web\/en\/wordpress\/pracovnici\/#odborni-pracovnici\"><span style=\"color: #336699;\"><strong>Professional staff<\/strong><\/span><\/a><\/li><li><a href=\"https:\/\/kiplweb.fjfi.cvut.cz\/web\/en\/wordpress\/pracovnici\/#technicti-pracovnici\"><span style=\"color: #336699;\"><b>Techn<span style=\"color: #336699;\">i\u010dt\u00ed pracovn\u00edci<\/span><\/b><\/span><\/a><\/li><\/ol>\t\t\t\t\t\t<\/div>\n\t\t\t\t<\/div>\n\t\t\t\t<div class=\"elementor-element elementor-element-d0e1980 elementor-widget-divider--view-line elementor-widget elementor-widget-divider\" data-id=\"d0e1980\" data-element_type=\"widget\" data-widget_type=\"divider.default\">\n\t\t\t\t<div class=\"elementor-widget-container\">\n\t\t\t\t\t<div class=\"elementor-divider\">\n\t\t\t<span class=\"elementor-divider-separator\">\n\t\t\t\t\t\t<\/span>\n\t\t<\/div>\n\t\t\t\t<\/div>\n\t\t\t\t<\/div>\n\t\t\t\t\t<\/div>\n\t\t<\/div>\n\t\t\t\t\t<\/div>\n\t\t<\/section>\n\t\t\t\t<section class=\"elementor-section elementor-top-section elementor-element elementor-element-9d7b282 elementor-section-boxed elementor-section-height-default elementor-section-height-default\" data-id=\"9d7b282\" data-element_type=\"section\">\n\t\t\t\t\t\t<div class=\"elementor-container elementor-column-gap-default\">\n\t\t\t\t\t<div class=\"elementor-column elementor-col-100 elementor-top-column elementor-element elementor-element-79fdf77\" data-id=\"79fdf77\" data-element_type=\"column\">\n\t\t\t<div class=\"elementor-widget-wrap elementor-element-populated\">\n\t\t\t\t\t\t<div class=\"elementor-element elementor-element-627c95c elementor-widget-divider--view-line elementor-widget elementor-widget-divider\" data-id=\"627c95c\" data-element_type=\"widget\" data-widget_type=\"divider.default\">\n\t\t\t\t<div class=\"elementor-widget-container\">\n\t\t\t\t\t<div class=\"elementor-divider\">\n\t\t\t<span class=\"elementor-divider-separator\">\n\t\t\t\t\t\t<\/span>\n\t\t<\/div>\n\t\t\t\t<\/div>\n\t\t\t\t<\/div>\n\t\t\t\t<section class=\"elementor-section elementor-inner-section elementor-element elementor-element-475b7aa elementor-section-boxed elementor-section-height-default elementor-section-height-default\" data-id=\"475b7aa\" data-element_type=\"section\">\n\t\t\t\t\t\t<div class=\"elementor-container elementor-column-gap-default\">\n\t\t\t\t\t<div class=\"elementor-column elementor-col-50 elementor-inner-column elementor-element elementor-element-5068ce5\" data-id=\"5068ce5\" data-element_type=\"column\">\n\t\t\t<div class=\"elementor-widget-wrap elementor-element-populated\">\n\t\t\t\t\t\t<div class=\"elementor-element elementor-element-e09e42b elementor-widget elementor-widget-text-editor\" data-id=\"e09e42b\" data-element_type=\"widget\" data-widget_type=\"text-editor.default\">\n\t\t\t\t<div class=\"elementor-widget-container\">\n\t\t\t\t\t\t\t<p><strong>Job title and functions:<br \/><\/strong>profesor v oboru fyzika<br \/>vedouc\u00ed\u00a0<a href=\"https:\/\/kiplweb.fjfi.cvut.cz\/web\/en\/wordpress\/spektroskopie\/\">Laborato\u0159e optick\u00e9 spektroskopie KIPL FJFI \u010cVUT v Praze<\/a><\/p>\t\t\t\t\t\t<\/div>\n\t\t\t\t<\/div>\n\t\t\t\t\t<\/div>\n\t\t<\/div>\n\t\t\t\t<div class=\"elementor-column elementor-col-50 elementor-inner-column elementor-element elementor-element-2fe4947\" data-id=\"2fe4947\" data-element_type=\"column\">\n\t\t\t<div class=\"elementor-widget-wrap elementor-element-populated\">\n\t\t\t\t\t\t<div class=\"elementor-element elementor-element-451559a elementor-widget elementor-widget-text-editor\" data-id=\"451559a\" data-element_type=\"widget\" data-widget_type=\"text-editor.default\">\n\t\t\t\t<div class=\"elementor-widget-container\">\n\t\t\t\t\t\t\t<p><strong>Professional focus:<br \/><\/strong>Z\u00e1kladn\u00ed a aplikovan\u00fd v\u00fdzkum optick\u00fdch vlastnost\u00ed krystalick\u00fdch, keramick\u00fdch a tenkovrstv\u00fdch dielektrick\u00fdch materi\u00e1l\u016f, kter\u00e9 jsou vhodn\u00e9 pro optoelektroniku, laserovou techniku a detekci elektromagnetick\u00e9ho z\u00e1\u0159en\u00ed (nap\u0159. rtu\u0165n\u00e9 halogenidy, wolframany, perovskity, feroelektrika, incipientn\u00ed feroelektrika, keramika PLZT, vrstvy CNx a SiNx, nanodiamantov\u00e9 vrstvy apod.). C\u00edlem v\u00fdzkumu je objasn\u011bn\u00ed tvorby bodov\u00fdch poruch a elektronov\u00e9 struktury p\u0159\u00edm\u011bs\u00ed a defekt\u016f v t\u011bchto materi\u00e1lech a d\u00e1le pak ur\u010den\u00ed vlivu na vlastnosti a na optimalizaci technologie p\u0159\u00edpravy uveden\u00fdch materi\u00e1l\u016f.<\/p>\t\t\t\t\t\t<\/div>\n\t\t\t\t<\/div>\n\t\t\t\t\t<\/div>\n\t\t<\/div>\n\t\t\t\t\t<\/div>\n\t\t<\/section>\n\t\t\t\t<section class=\"elementor-section elementor-inner-section elementor-element elementor-element-8d61348 elementor-section-boxed elementor-section-height-default elementor-section-height-default\" data-id=\"8d61348\" data-element_type=\"section\">\n\t\t\t\t\t\t<div class=\"elementor-container elementor-column-gap-default\">\n\t\t\t\t\t<div class=\"elementor-column elementor-col-50 elementor-inner-column elementor-element elementor-element-9121f0d\" data-id=\"9121f0d\" data-element_type=\"column\">\n\t\t\t<div class=\"elementor-widget-wrap elementor-element-populated\">\n\t\t\t\t\t\t<div class=\"elementor-element elementor-element-5c362f5 elementor-widget elementor-widget-text-editor\" data-id=\"5c362f5\" data-element_type=\"widget\" data-widget_type=\"text-editor.default\">\n\t\t\t\t<div class=\"elementor-widget-container\">\n\t\t\t\t\t\t\t<p><strong>Subjects taught:<br \/><\/strong>11DIEL &#8211; Fyzika dielektrik<br \/>11OPT &#8211; Optick\u00e9 vlastnosti pevn\u00fdch l\u00e1tek<\/p>\t\t\t\t\t\t<\/div>\n\t\t\t\t<\/div>\n\t\t\t\t\t<\/div>\n\t\t<\/div>\n\t\t\t\t<div class=\"elementor-column elementor-col-50 elementor-inner-column elementor-element elementor-element-192c320\" data-id=\"192c320\" data-element_type=\"column\">\n\t\t\t<div class=\"elementor-widget-wrap elementor-element-populated\">\n\t\t\t\t\t\t<div class=\"elementor-element elementor-element-80f3ee4 elementor-widget elementor-widget-text-editor\" data-id=\"80f3ee4\" data-element_type=\"widget\" data-widget_type=\"text-editor.default\">\n\t\t\t\t<div class=\"elementor-widget-container\">\n\t\t\t\t\t\t\t<p><strong>Publikace: &#8211;&gt; <a href=\"https:\/\/www.scopus.com\/authid\/detail.uri?authorId=6602724337\">Scopus &lt;&#8211;\u00a0<\/a><\/strong><\/p>\t\t\t\t\t\t<\/div>\n\t\t\t\t<\/div>\n\t\t\t\t\t<\/div>\n\t\t<\/div>\n\t\t\t\t\t<\/div>\n\t\t<\/section>\n\t\t\t\t<section class=\"elementor-section elementor-inner-section elementor-element elementor-element-62898a1 elementor-section-boxed elementor-section-height-default elementor-section-height-default\" data-id=\"62898a1\" data-element_type=\"section\">\n\t\t\t\t\t\t<div class=\"elementor-container elementor-column-gap-default\">\n\t\t\t\t\t<div class=\"elementor-column elementor-col-50 elementor-inner-column elementor-element elementor-element-f5d4c90\" data-id=\"f5d4c90\" data-element_type=\"column\">\n\t\t\t<div class=\"elementor-widget-wrap elementor-element-populated\">\n\t\t\t\t\t\t<div class=\"elementor-element elementor-element-4295b65 elementor-widget elementor-widget-text-editor\" data-id=\"4295b65\" data-element_type=\"widget\" data-widget_type=\"text-editor.default\">\n\t\t\t\t<div class=\"elementor-widget-container\">\n\t\t\t\t\t\t\t<p><strong>Membership in organizations:<br \/><\/strong><\/p><ul><li>Jednota \u010desk\u00fdch matematik\u016f a fyzik\u016f<\/li><li>V\u00fdbor odborn\u00e9 skupiny 10 (Optika a kvantov\u00e1 elektronika) FVS J\u010cMF<\/li><li>Spektroskopick\u00e1 spole\u010dnost J. M. Marci<\/li><li>\u010ceskoslovensk\u00e1 spole\u010dnost pro r\u016fst krystal\u016f<\/li><li>European Physical Society<br \/>SPIE-The International Society for Optical Engineering (USA)<\/li><li>Rada Centra nanotechnologi\u00ed a materi\u00e1l\u016f pro nanoelektroniku LC 510<\/li><li>Rada programu Podpora c\u00edlen\u00e9ho v\u00fdzkumu a v\u00fdvoje p\u0159i AV \u010cR<\/li><\/ul>\t\t\t\t\t\t<\/div>\n\t\t\t\t<\/div>\n\t\t\t\t\t<\/div>\n\t\t<\/div>\n\t\t\t\t<div class=\"elementor-column elementor-col-50 elementor-inner-column elementor-element elementor-element-35b9cb4\" data-id=\"35b9cb4\" data-element_type=\"column\">\n\t\t\t<div class=\"elementor-widget-wrap elementor-element-populated\">\n\t\t\t\t\t\t<div class=\"elementor-element elementor-element-b4f7d31 elementor-widget elementor-widget-text-editor\" data-id=\"b4f7d31\" data-element_type=\"widget\" data-widget_type=\"text-editor.default\">\n\t\t\t\t<div class=\"elementor-widget-container\">\n\t\t\t\t\t\t\t<p><strong>Study and work stays:<br \/><\/strong>1978 (3 m\u011bs\u00edce): Universit\u00e4t Stuttgart, SRN<br \/>1978 (1 m\u011bs\u00edc): FIAN Moskva, Rusko<br \/>1990 (3 m\u011bs\u00edce): Universit\u00e4t Giessen, SRN<br \/>1992 (3 m\u011bs\u00edce): FHI der MPG, Berlin, SRN<br \/>1993-1994 (3 m\u011bs\u00edce): FHI a TU Berlin, SRN<br \/>1995 (3 m\u011bs\u00edce): Universit\u00e4t Giessen, SRN<br \/>1997 (3 m\u011bs\u00edce): FHI Berlin, SRN<br \/>2000 (1 t\u00fdden): Tohoku University Sendai, Japonsko<\/p>\t\t\t\t\t\t<\/div>\n\t\t\t\t<\/div>\n\t\t\t\t\t<\/div>\n\t\t<\/div>\n\t\t\t\t\t<\/div>\n\t\t<\/section>\n\t\t\t\t\t<\/div>\n\t\t<\/div>\n\t\t\t\t\t<\/div>\n\t\t<\/section>\n\t\t\t\t<\/div>","protected":false},"excerpt":{"rendered":"<p>prof. Ing. Zden\u011bk Bryknar, CSc. Adresa: KIPL, FJFI, \u010cVUTM\u00edstnost:380 (kancel\u00e1\u0159), 222 (laborato\u0159)Telefon:+420 770 129 727 (kancel\u00e1\u0159)+420 778 531 507 (laborato\u0159)e-mail: zdenek.bryknar@fjfi.cvut.cz Intern\u00ed pracovn\u00edci Veden\u00ed katedry Sekretari\u00e1t &#8211;&gt; Akademi\u010dt\u00ed pracovn\u00edci Odborn\u00ed pracovn\u00edci Techni\u010dt\u00ed pracovn\u00edci Pracovn\u00ed za\u0159azen\u00ed a funkce:profesor v oboru fyzikavedouc\u00ed\u00a0Laborato\u0159e [&hellip;]<\/p>","protected":false},"author":3,"featured_media":0,"parent":0,"menu_order":0,"comment_status":"closed","ping_status":"closed","template":"elementor_header_footer","meta":{"footnotes":""},"folder":[8],"class_list":["post-1314","page","type-page","status-publish","hentry"],"_links":{"self":[{"href":"https:\/\/kiplweb.fjfi.cvut.cz\/web\/en\/wp-json\/wp\/v2\/pages\/1314","targetHints":{"allow":["GET"]}}],"collection":[{"href":"https:\/\/kiplweb.fjfi.cvut.cz\/web\/en\/wp-json\/wp\/v2\/pages"}],"about":[{"href":"https:\/\/kiplweb.fjfi.cvut.cz\/web\/en\/wp-json\/wp\/v2\/types\/page"}],"author":[{"embeddable":true,"href":"https:\/\/kiplweb.fjfi.cvut.cz\/web\/en\/wp-json\/wp\/v2\/users\/3"}],"replies":[{"embeddable":true,"href":"https:\/\/kiplweb.fjfi.cvut.cz\/web\/en\/wp-json\/wp\/v2\/comments?post=1314"}],"version-history":[{"count":22,"href":"https:\/\/kiplweb.fjfi.cvut.cz\/web\/en\/wp-json\/wp\/v2\/pages\/1314\/revisions"}],"predecessor-version":[{"id":5304,"href":"https:\/\/kiplweb.fjfi.cvut.cz\/web\/en\/wp-json\/wp\/v2\/pages\/1314\/revisions\/5304"}],"wp:attachment":[{"href":"https:\/\/kiplweb.fjfi.cvut.cz\/web\/en\/wp-json\/wp\/v2\/media?parent=1314"}],"wp:term":[{"taxonomy":"folder","embeddable":true,"href":"https:\/\/kiplweb.fjfi.cvut.cz\/web\/en\/wp-json\/wp\/v2\/folder?post=1314"}],"curies":[{"name":"wp","href":"https:\/\/api.w.org\/{rel}","templated":true}]}}